{"id":5078,"date":"2023-01-17T11:06:20","date_gmt":"2023-01-17T11:06:20","guid":{"rendered":"https:\/\/bookhut.pt\/?post_type=product&#038;p=5078"},"modified":"2023-01-23T10:05:50","modified_gmt":"2023-01-23T10:05:50","slug":"cataros","status":"publish","type":"product","link":"https:\/\/bookhut.pt\/fr\/produto\/cataros\/","title":{"rendered":"C\u00e1taros"},"content":{"rendered":"<p>[vc_row][vc_column][vc_column_text]Manuel Maria de Andrade e Costa Seromenho da Cunha, investigador de hist\u00f3ria, mergulha no Sec. XII, em plena Idade M\u00e9dia e pesquisa a hist\u00f3ria escondida do maior crime da Igreja, o assassinato nas fogueiras da Santa Inquisi\u00e7\u00e3o, de um n\u00famero incont\u00e1vel de pac\u00edficos crist\u00e3os que denunciaram o fausto do Vaticano, de seus bispos e cardeais e os crimes imensos que praticaram abrigados pela sombra protectora da\u00a0Santa Madre Igreja.<br \/>\nO Investigador e sua companheira, procuram incessantemente as informa\u00e7\u00f5es<br \/>\nque escaparam \u00e0 vontade destruidora da igreja, no seu objectivo de esconder a verdade.<br \/>\nV\u00e1rias tentativas de eliminar os investigadores com o objectivo de evitar que seu segredo seja publicado e a hist\u00f3ria refeita, s\u00e3o executadas.<br \/>\nUm grupo de novos C\u00e1taros surge em aux\u00edlio da dupla e ajuda-os no percurso rumo aos objectivos.<br \/>\nOs subterr\u00e2neos de castelos medievais, o interior de igrejas an\u00f3nimas ou bas\u00edlicas grandiosas, as ruas ou pra\u00e7as de Paris, Mil\u00e3o, Pavia, Toledo ou L\u00e9rida, s\u00e3o os cen\u00e1rios principais do desenvolvimento da trama.[\/vc_column_text][\/vc_column][\/vc_row]<\/p>\n","protected":false},"excerpt":{"rendered":"<p>Manuel Maria de Andrade e Costa Seromenho da Cunha, investigador de hist\u00f3ria, mergulha no Sec. XII, em plena Idade M\u00e9dia e pesquisa a hist\u00f3ria escondida do maior crime da Igreja, o assassinato nas fogueiras da Santa Inquisi\u00e7\u00e3o, de um n\u00famero incont\u00e1vel de pac\u00edficos crist\u00e3os que denunciaram o fausto do Vaticano, de seus bispos e cardeais e os crimes imensos que praticaram abrigados pela sombra protectora da<br \/>\nSanta Madre Igreja.<br \/>\nO Investigador e sua companheira, procuram incessantemente as informa\u00e7\u00f5es<br \/>\nque escaparam \u00e0 vontade destruidora da igreja, no seu objectivo de esconder a verdade.<br \/>\nV\u00e1rias tentativas de eliminar os investigadores com o objectivo de evitar que seu segredo seja publicado e a hist\u00f3ria refeita, s\u00e3o executadas.<br \/>\nUm grupo de novos C\u00e1taros surge em aux\u00edlio da dupla e ajuda-os no percurso rumo aos objectivos.<br \/>\nOs subterr\u00e2neos de castelos medievais, o interior de igrejas an\u00f3nimas ou bas\u00edlicas grandiosas, as ruas ou pra\u00e7as de Paris, Mil\u00e3o, Pavia, Toledo ou L\u00e9rida, s\u00e3o os cen\u00e1rios principais do desenvolvimento da trama.<\/p>\n","protected":false},"featured_media":5079,"template":"","meta":[],"yoast_head":"<!-- This site is optimized with the Yoast SEO plugin v15.6 - https:\/\/yoast.com\/wordpress\/plugins\/seo\/ -->\n<title>C\u00e1taros - Book Hut Editores<\/title>\n<meta name=\"description\" content=\"Manuel Maria de Andrade e Costa Seromenho da Cunha, investigador de hist\u00f3ria, mergulha no Sec. XII, em plena Idade M\u00e9dia e pesquisa a hist\u00f3ria escondida do maior crime da Igreja, o assassinato nas fogueiras da Santa Inquisi\u00e7\u00e3o, de um n\u00famero incont\u00e1vel de pac\u00edficos crist\u00e3os que denunciaram o fausto do Vaticano, de seus bispos e cardeais e os crimes imensos que praticaram abrigados pela sombra protectora daSanta Madre Igreja.O Investigador e sua companheira, procuram incessantemente as informa\u00e7\u00f5esque escaparam \u00e0 vontade destruidora da igreja, no seu objectivo de esconder a verdade.V\u00e1rias tentativas de eliminar os investigadores com o objectivo de evitar que seu segredo seja publicado e a hist\u00f3ria refeita, s\u00e3o executadas.Um grupo de novos C\u00e1taros surge em aux\u00edlio da dupla e ajuda-os no percurso rumo aos objectivos.Os subterr\u00e2neos de castelos medievais, o interior de igrejas an\u00f3nimas ou bas\u00edlicas grandiosas, as ruas ou pra\u00e7as de Paris, Mil\u00e3o, Pavia, Toledo ou L\u00e9rida, s\u00e3o os cen\u00e1rios principais do desenvolvimento da trama.\" \/>\n<meta name=\"robots\" content=\"index, follow, max-snippet:-1, max-image-preview:large, max-video-preview:-1\" \/>\n<link rel=\"canonical\" href=\"https:\/\/bookhut.pt\/fr\/produto\/cataros\/\" \/>\n<meta property=\"og:locale\" content=\"fr_FR\" \/>\n<meta property=\"og:type\" content=\"article\" \/>\n<meta property=\"og:title\" content=\"C\u00e1taros - Book Hut Editores\" \/>\n<meta property=\"og:description\" content=\"Manuel Maria de Andrade e Costa Seromenho da Cunha, investigador de hist\u00f3ria, mergulha no Sec. XII, em plena Idade M\u00e9dia e pesquisa a hist\u00f3ria escondida do maior crime da Igreja, o assassinato nas fogueiras da Santa Inquisi\u00e7\u00e3o, de um n\u00famero incont\u00e1vel de pac\u00edficos crist\u00e3os que denunciaram o fausto do Vaticano, de seus bispos e cardeais e os crimes imensos que praticaram abrigados pela sombra protectora daSanta Madre Igreja.O Investigador e sua companheira, procuram incessantemente as informa\u00e7\u00f5esque escaparam \u00e0 vontade destruidora da igreja, no seu objectivo de esconder a verdade.V\u00e1rias tentativas de eliminar os investigadores com o objectivo de evitar que seu segredo seja publicado e a hist\u00f3ria refeita, s\u00e3o executadas.Um grupo de novos C\u00e1taros surge em aux\u00edlio da dupla e ajuda-os no percurso rumo aos objectivos.Os subterr\u00e2neos de castelos medievais, o interior de igrejas an\u00f3nimas ou bas\u00edlicas grandiosas, as ruas ou pra\u00e7as de Paris, Mil\u00e3o, Pavia, Toledo ou L\u00e9rida, s\u00e3o os cen\u00e1rios principais do desenvolvimento da trama.\" \/>\n<meta property=\"og:url\" content=\"https:\/\/bookhut.pt\/fr\/produto\/cataros\/\" \/>\n<meta property=\"og:site_name\" content=\"Book Hut Editores\" \/>\n<meta property=\"article:publisher\" content=\"https:\/\/www.facebook.com\/thebookhuteditora\/\" \/>\n<meta property=\"article:modified_time\" content=\"2023-01-23T10:05:50+00:00\" \/>\n<meta property=\"og:image\" content=\"https:\/\/bookhut.pt\/wp-content\/uploads\/2023\/01\/CAPA-CAiTAROS.jpg\" \/>\n\t<meta property=\"og:image:width\" content=\"945\" \/>\n\t<meta property=\"og:image:height\" content=\"1359\" \/>\n<meta name=\"twitter:card\" content=\"summary_large_image\" \/>\n<meta name=\"twitter:site\" content=\"@bookhut_editora\" \/>\n<meta name=\"twitter:label1\" content=\"Dur\u00e9e de lecture est.\">\n\t<meta name=\"twitter:data1\" content=\"1 minute\">\n<script type=\"application\/ld+json\" class=\"yoast-schema-graph\">{\"@context\":\"https:\/\/schema.org\",\"@graph\":[{\"@type\":\"WebSite\",\"@id\":\"https:\/\/bookhut.pt\/#website\",\"url\":\"https:\/\/bookhut.pt\/\",\"name\":\"Book Hut Editores\",\"description\":\"\",\"potentialAction\":[{\"@type\":\"SearchAction\",\"target\":\"https:\/\/bookhut.pt\/?s={search_term_string}\",\"query-input\":\"required name=search_term_string\"}],\"inLanguage\":\"fr-FR\"},{\"@type\":\"ImageObject\",\"@id\":\"https:\/\/bookhut.pt\/fr\/produto\/cataros\/#primaryimage\",\"inLanguage\":\"fr-FR\",\"url\":\"https:\/\/bookhut.pt\/wp-content\/uploads\/2023\/01\/CAPA-CAiTAROS.jpg\",\"width\":945,\"height\":1359,\"caption\":\"C\\u00e1taros\"},{\"@type\":\"WebPage\",\"@id\":\"https:\/\/bookhut.pt\/fr\/produto\/cataros\/#webpage\",\"url\":\"https:\/\/bookhut.pt\/fr\/produto\/cataros\/\",\"name\":\"C\\u00e1taros - Book Hut Editores\",\"isPartOf\":{\"@id\":\"https:\/\/bookhut.pt\/#website\"},\"primaryImageOfPage\":{\"@id\":\"https:\/\/bookhut.pt\/fr\/produto\/cataros\/#primaryimage\"},\"datePublished\":\"2023-01-17T11:06:20+00:00\",\"dateModified\":\"2023-01-23T10:05:50+00:00\",\"description\":\"Manuel Maria de Andrade e Costa Seromenho da Cunha, investigador de hist\\u00f3ria, mergulha no Sec. XII, em plena Idade M\\u00e9dia e pesquisa a hist\\u00f3ria escondida do maior crime da Igreja, o assassinato nas fogueiras da Santa Inquisi\\u00e7\\u00e3o, de um n\\u00famero incont\\u00e1vel de pac\\u00edficos crist\\u00e3os que denunciaram o fausto do Vaticano, de seus bispos e cardeais e os crimes imensos que praticaram abrigados pela sombra protectora daSanta Madre Igreja.O Investigador e sua companheira, procuram incessantemente as informa\\u00e7\\u00f5esque escaparam \\u00e0 vontade destruidora da igreja, no seu objectivo de esconder a verdade.V\\u00e1rias tentativas de eliminar os investigadores com o objectivo de evitar que seu segredo seja publicado e a hist\\u00f3ria refeita, s\\u00e3o executadas.Um grupo de novos C\\u00e1taros surge em aux\\u00edlio da dupla e ajuda-os no percurso rumo aos objectivos.Os subterr\\u00e2neos de castelos medievais, o interior de igrejas an\\u00f3nimas ou bas\\u00edlicas grandiosas, as ruas ou pra\\u00e7as de Paris, Mil\\u00e3o, Pavia, Toledo ou L\\u00e9rida, s\\u00e3o os cen\\u00e1rios principais do desenvolvimento da trama.\",\"inLanguage\":\"fr-FR\",\"potentialAction\":[{\"@type\":\"ReadAction\",\"target\":[\"https:\/\/bookhut.pt\/fr\/produto\/cataros\/\"]}]}]}<\/script>\n<!-- \/ Yoast SEO plugin. -->","_links":{"self":[{"href":"https:\/\/bookhut.pt\/fr\/wp-json\/wp\/v2\/product\/5078"}],"collection":[{"href":"https:\/\/bookhut.pt\/fr\/wp-json\/wp\/v2\/product"}],"about":[{"href":"https:\/\/bookhut.pt\/fr\/wp-json\/wp\/v2\/types\/product"}],"wp:featuredmedia":[{"embeddable":true,"href":"https:\/\/bookhut.pt\/fr\/wp-json\/wp\/v2\/media\/5079"}],"wp:attachment":[{"href":"https:\/\/bookhut.pt\/fr\/wp-json\/wp\/v2\/media?parent=5078"}],"curies":[{"name":"wp","href":"https:\/\/api.w.org\/{rel}","templated":true}]}}