{"id":5028,"date":"2022-11-29T11:22:21","date_gmt":"2022-11-29T11:22:21","guid":{"rendered":"https:\/\/bookhut.pt\/?post_type=product&#038;p=5028"},"modified":"2023-01-23T10:07:41","modified_gmt":"2023-01-23T10:07:41","slug":"o-ministro-das-bandidas","status":"publish","type":"product","link":"https:\/\/bookhut.pt\/fr\/produto\/o-ministro-das-bandidas\/","title":{"rendered":"O Ministro das Bandidas"},"content":{"rendered":"<p>[vc_row][vc_column][vc_column_text]O pol\u00edtico que sentaram na presid\u00eancia, era menos manej\u00e1vel do que estimaram, tinham-se descuidado, n\u00e3o era s\u00f3 rabo de saias que procurava, de gatinho virara on\u00e7a, se rodeara de estrategas, de indefect\u00edveis e fi\u00e9is seguidores. No poder, agora, consolidado, punha e dispunha omnipotente: manejando a Presid\u00eancia com ast\u00facia e m\u00e3o f\u00e9rrea, afastou quem n\u00e3o queria, buscou quem lhe fizesse \u201cfalta\u201d. De certa forma de in\u00edcio subestimado, n\u00e3o fora, contudo, sem predicados pol\u00edticos que, ainda em Brazza, o chamavam, j\u00e1, de delfim do Neto.<br \/>\nRelaxando, esquecido fora o faro pela sobreviv\u00eancia, em Lusaka \u2013 onde n\u00e3o comparecera \u2013, e o 27 de Maio.<br \/>\nAfastaram-se os generais, da ribalta, ficaram os submissos puxa-sacos e os sedentos e viciados de expedientes. Afastaram-se? Sim, afastaram-se em acordo t\u00e1cito, para eles e entre eles, eles \u00e9 que tinham ganho a guerra, o Presidente-engenheiro, fora, s\u00f3, o\u00a0\u201carquitecto da paz\u201d.[\/vc_column_text][\/vc_column][\/vc_row]<\/p>\n","protected":false},"excerpt":{"rendered":"<p>O pol\u00edtico que sentaram na presid\u00eancia, era menos manej\u00e1vel do que estimaram, tinham-se descuidado, n\u00e3o era s\u00f3 rabo de saias que procurava, de gatinho virara on\u00e7a, se rodeara de estrategas, de indefect\u00edveis e fi\u00e9is seguidores. No poder, agora, consolidado, punha e dispunha omnipotente: manejando a Presid\u00eancia com ast\u00facia e m\u00e3o f\u00e9rrea, afastou quem n\u00e3o queria, buscou quem lhe fizesse \u201cfalta\u201d. De certa forma de in\u00edcio subestimado, n\u00e3o fora, contudo, sem predicados pol\u00edticos que, ainda em Brazza, o chamavam, j\u00e1, de delfim do Neto.<br \/>\nRelaxando, esquecido fora o faro pela sobreviv\u00eancia, em Lusaka \u2013 onde n\u00e3o comparecera \u2013, e o 27 de Maio.<br \/>\nAfastaram-se os generais, da ribalta, ficaram os submissos puxa-sacos e os sedentos e viciados de expedientes. Afastaram-se? Sim, afastaram-se em acordo t\u00e1cito, para eles e entre eles, eles \u00e9 que tinham ganho a guerra, o Presidente-engenheiro, fora, s\u00f3, o\u00a0\u201carquitecto da paz\u201d.<\/p>\n","protected":false},"featured_media":5029,"template":"","meta":[],"yoast_head":"<!-- This site is optimized with the Yoast SEO plugin v15.6 - https:\/\/yoast.com\/wordpress\/plugins\/seo\/ -->\n<title>O Ministro das Bandidas - Book Hut Editores<\/title>\n<meta name=\"description\" content=\"O pol\u00edtico que sentaram na presid\u00eancia, era menos manej\u00e1vel do que estimaram, tinham-se descuidado, n\u00e3o era s\u00f3 rabo de saias que procurava, de gatinho virara on\u00e7a, se rodeara de estrategas, de indefect\u00edveis e fi\u00e9is seguidores. No poder, agora, consolidado, punha e dispunha omnipotente: manejando a Presid\u00eancia com ast\u00facia e m\u00e3o f\u00e9rrea, afastou quem n\u00e3o queria, buscou quem lhe fizesse \u201cfalta\u201d. De certa forma de in\u00edcio subestimado, n\u00e3o fora, contudo, sem predicados pol\u00edticos que, ainda em Brazza, o chamavam, j\u00e1, de delfim do Neto.Relaxando, esquecido fora o faro pela sobreviv\u00eancia, em Lusaka \u2013 onde n\u00e3o comparecera \u2013, e o 27 de Maio.Afastaram-se os generais, da ribalta, ficaram os submissos puxa-sacos e os sedentos e viciados de expedientes. Afastaram-se? Sim, afastaram-se em acordo t\u00e1cito, para eles e entre eles, eles \u00e9 que tinham ganho a guerra, o Presidente-engenheiro, fora, s\u00f3, o\u201carquitecto da paz\u201d.\" \/>\n<meta name=\"robots\" content=\"index, follow, max-snippet:-1, max-image-preview:large, max-video-preview:-1\" \/>\n<link rel=\"canonical\" href=\"https:\/\/bookhut.pt\/fr\/produto\/o-ministro-das-bandidas\/\" \/>\n<meta property=\"og:locale\" content=\"fr_FR\" \/>\n<meta property=\"og:type\" content=\"article\" \/>\n<meta property=\"og:title\" content=\"O Ministro das Bandidas - Book Hut Editores\" \/>\n<meta property=\"og:description\" content=\"O pol\u00edtico que sentaram na presid\u00eancia, era menos manej\u00e1vel do que estimaram, tinham-se descuidado, n\u00e3o era s\u00f3 rabo de saias que procurava, de gatinho virara on\u00e7a, se rodeara de estrategas, de indefect\u00edveis e fi\u00e9is seguidores. No poder, agora, consolidado, punha e dispunha omnipotente: manejando a Presid\u00eancia com ast\u00facia e m\u00e3o f\u00e9rrea, afastou quem n\u00e3o queria, buscou quem lhe fizesse \u201cfalta\u201d. De certa forma de in\u00edcio subestimado, n\u00e3o fora, contudo, sem predicados pol\u00edticos que, ainda em Brazza, o chamavam, j\u00e1, de delfim do Neto.Relaxando, esquecido fora o faro pela sobreviv\u00eancia, em Lusaka \u2013 onde n\u00e3o comparecera \u2013, e o 27 de Maio.Afastaram-se os generais, da ribalta, ficaram os submissos puxa-sacos e os sedentos e viciados de expedientes. Afastaram-se? Sim, afastaram-se em acordo t\u00e1cito, para eles e entre eles, eles \u00e9 que tinham ganho a guerra, o Presidente-engenheiro, fora, s\u00f3, o\u201carquitecto da paz\u201d.\" \/>\n<meta property=\"og:url\" content=\"https:\/\/bookhut.pt\/fr\/produto\/o-ministro-das-bandidas\/\" \/>\n<meta property=\"og:site_name\" content=\"Book Hut Editores\" \/>\n<meta property=\"article:publisher\" content=\"https:\/\/www.facebook.com\/thebookhuteditora\/\" \/>\n<meta property=\"article:modified_time\" content=\"2023-01-23T10:07:41+00:00\" \/>\n<meta property=\"og:image\" content=\"https:\/\/bookhut.pt\/wp-content\/uploads\/2022\/11\/O-Ministro-das-Bandidas.jpg\" \/>\n\t<meta property=\"og:image:width\" content=\"810\" \/>\n\t<meta property=\"og:image:height\" content=\"1300\" \/>\n<meta name=\"twitter:card\" content=\"summary_large_image\" \/>\n<meta name=\"twitter:site\" content=\"@bookhut_editora\" \/>\n<meta name=\"twitter:label1\" content=\"Dur\u00e9e de lecture est.\">\n\t<meta name=\"twitter:data1\" content=\"1 minute\">\n<script type=\"application\/ld+json\" class=\"yoast-schema-graph\">{\"@context\":\"https:\/\/schema.org\",\"@graph\":[{\"@type\":\"WebSite\",\"@id\":\"https:\/\/bookhut.pt\/#website\",\"url\":\"https:\/\/bookhut.pt\/\",\"name\":\"Book Hut Editores\",\"description\":\"\",\"potentialAction\":[{\"@type\":\"SearchAction\",\"target\":\"https:\/\/bookhut.pt\/?s={search_term_string}\",\"query-input\":\"required name=search_term_string\"}],\"inLanguage\":\"fr-FR\"},{\"@type\":\"ImageObject\",\"@id\":\"https:\/\/bookhut.pt\/fr\/produto\/o-ministro-das-bandidas\/#primaryimage\",\"inLanguage\":\"fr-FR\",\"url\":\"https:\/\/bookhut.pt\/wp-content\/uploads\/2022\/11\/O-Ministro-das-Bandidas.jpg\",\"width\":810,\"height\":1300,\"caption\":\"O Ministro das Bandidas\"},{\"@type\":\"WebPage\",\"@id\":\"https:\/\/bookhut.pt\/fr\/produto\/o-ministro-das-bandidas\/#webpage\",\"url\":\"https:\/\/bookhut.pt\/fr\/produto\/o-ministro-das-bandidas\/\",\"name\":\"O Ministro das Bandidas - Book Hut Editores\",\"isPartOf\":{\"@id\":\"https:\/\/bookhut.pt\/#website\"},\"primaryImageOfPage\":{\"@id\":\"https:\/\/bookhut.pt\/fr\/produto\/o-ministro-das-bandidas\/#primaryimage\"},\"datePublished\":\"2022-11-29T11:22:21+00:00\",\"dateModified\":\"2023-01-23T10:07:41+00:00\",\"description\":\"O pol\\u00edtico que sentaram na presid\\u00eancia, era menos manej\\u00e1vel do que estimaram, tinham-se descuidado, n\\u00e3o era s\\u00f3 rabo de saias que procurava, de gatinho virara on\\u00e7a, se rodeara de estrategas, de indefect\\u00edveis e fi\\u00e9is seguidores. No poder, agora, consolidado, punha e dispunha omnipotente: manejando a Presid\\u00eancia com ast\\u00facia e m\\u00e3o f\\u00e9rrea, afastou quem n\\u00e3o queria, buscou quem lhe fizesse \\u201cfalta\\u201d. De certa forma de in\\u00edcio subestimado, n\\u00e3o fora, contudo, sem predicados pol\\u00edticos que, ainda em Brazza, o chamavam, j\\u00e1, de delfim do Neto.Relaxando, esquecido fora o faro pela sobreviv\\u00eancia, em Lusaka \\u2013 onde n\\u00e3o comparecera \\u2013, e o 27 de Maio.Afastaram-se os generais, da ribalta, ficaram os submissos puxa-sacos e os sedentos e viciados de expedientes. Afastaram-se? Sim, afastaram-se em acordo t\\u00e1cito, para eles e entre eles, eles \\u00e9 que tinham ganho a guerra, o Presidente-engenheiro, fora, s\\u00f3, o\\u201carquitecto da paz\\u201d.\",\"inLanguage\":\"fr-FR\",\"potentialAction\":[{\"@type\":\"ReadAction\",\"target\":[\"https:\/\/bookhut.pt\/fr\/produto\/o-ministro-das-bandidas\/\"]}]}]}<\/script>\n<!-- \/ Yoast SEO plugin. -->","_links":{"self":[{"href":"https:\/\/bookhut.pt\/fr\/wp-json\/wp\/v2\/product\/5028"}],"collection":[{"href":"https:\/\/bookhut.pt\/fr\/wp-json\/wp\/v2\/product"}],"about":[{"href":"https:\/\/bookhut.pt\/fr\/wp-json\/wp\/v2\/types\/product"}],"wp:featuredmedia":[{"embeddable":true,"href":"https:\/\/bookhut.pt\/fr\/wp-json\/wp\/v2\/media\/5029"}],"wp:attachment":[{"href":"https:\/\/bookhut.pt\/fr\/wp-json\/wp\/v2\/media?parent=5028"}],"curies":[{"name":"wp","href":"https:\/\/api.w.org\/{rel}","templated":true}]}}