{"id":4983,"date":"2022-07-05T18:46:37","date_gmt":"2022-07-05T18:46:37","guid":{"rendered":"https:\/\/bookhut.pt\/?post_type=product&#038;p=4983"},"modified":"2022-07-07T14:12:18","modified_gmt":"2022-07-07T14:12:18","slug":"a-trilogia-do-sucesso","status":"publish","type":"product","link":"https:\/\/bookhut.pt\/fr\/produto\/a-trilogia-do-sucesso\/","title":{"rendered":"A Trilogia do Sucesso"},"content":{"rendered":"<p>[vc_row][vc_column][vc_column_text]<\/p>\n<p style=\"font-weight: 400;\">Este \u00e9 um livro que foca dois temas relativamente recentes e que t\u00eam tido uma grande\u00a0divulga\u00e7\u00e3o: Yoga do Riso e Mindfulness. Foca tamb\u00e9m um tema, esse bastante mais antigo\u00a0e j\u00e1 com largas dezenas de anos de difus\u00e3o na Europa: o Yoga Tradicional.<br \/>\nN\u00e3o sendo este livro um tratado sobre os tr\u00eas temas, proporciona ao leitor uma ideia correta\u00a0e precisa de cada um deles, bem como um programa detalhado para come\u00e7ar a praticar\u00a0com seguran\u00e7a qualquer um dos temas expostos.<br \/>\nEstabele\u00e7o tamb\u00e9m as principais diferen\u00e7as e semelhan\u00e7as entre os tr\u00eas dom\u00ednios e um\u00a0plano bem definido para os leitores mais ambiciosos que queiram trabalhar conjuntamente:\u00a0Yoga do Riso, Yoga Tradicional e Mindfulness.<br \/>\nComo em qualquer disciplina, os princ\u00edpios exigem sempre mais esfor\u00e7o. Assim sendo,\u00a0quer para o Yoga do Riso, quer para o Yoga Tradicional ou para o Mindfulness, \u00e9 preciso\u00a0praticar com regularidade e, sobretudo no in\u00edcio, a palavra-chave \u00e9 resili\u00eancia.<\/p>\n<p>[\/vc_column_text][\/vc_column][\/vc_row]<\/p>\n","protected":false},"excerpt":{"rendered":"<p style=\"font-weight: 400;\">Este \u00e9 um livro que foca dois temas relativamente recentes e que t\u00eam tido uma grande\u00a0divulga\u00e7\u00e3o: Yoga do Riso e Mindfulness. Foca tamb\u00e9m um tema, esse bastante mais antigo\u00a0e j\u00e1 com largas dezenas de anos de difus\u00e3o na Europa: o Yoga Tradicional.<br \/>\nN\u00e3o sendo este livro um tratado sobre os tr\u00eas temas, proporciona ao leitor uma ideia correta\u00a0e precisa de cada um deles, bem como um programa detalhado para come\u00e7ar a praticar\u00a0com seguran\u00e7a qualquer um dos temas expostos.<br \/>\nEstabele\u00e7o tamb\u00e9m as principais diferen\u00e7as e semelhan\u00e7as entre os tr\u00eas dom\u00ednios e um\u00a0plano bem definido para os leitores mais ambiciosos que queiram trabalhar conjuntamente:\u00a0Yoga do Riso, Yoga Tradicional e Mindfulness.<br \/>\nComo em qualquer disciplina, os princ\u00edpios exigem sempre mais esfor\u00e7o. Assim sendo,\u00a0quer para o Yoga do Riso, quer para o Yoga Tradicional ou para o Mindfulness, \u00e9 preciso\u00a0praticar com regularidade e, sobretudo no in\u00edcio, a palavra-chave \u00e9 resili\u00eancia.<\/p>\n","protected":false},"featured_media":4975,"template":"","meta":[],"yoast_head":"<!-- This site is optimized with the Yoast SEO plugin v15.6 - https:\/\/yoast.com\/wordpress\/plugins\/seo\/ -->\n<title>A Trilogia do Sucesso - Book Hut Editores<\/title>\n<meta name=\"description\" content=\"Este \u00e9 um livro que foca dois temas relativamente recentes e que t\u00eam tido uma grande divulga\u00e7\u00e3o: Yoga do Riso e Mindfulness. Foca tamb\u00e9m um tema, esse bastante mais antigo e j\u00e1 com largas dezenas de anos de difus\u00e3o na Europa: o Yoga Tradicional. N\u00e3o sendo este livro um tratado sobre os tr\u00eas temas, proporciona ao leitor uma ideia correta e precisa de cada um deles, bem como um programa detalhado para come\u00e7ar a praticar com seguran\u00e7a qualquer um dos temas expostos. Estabele\u00e7o tamb\u00e9m as principais diferen\u00e7as e semelhan\u00e7as entre os tr\u00eas dom\u00ednios e um plano bem definido para os leitores mais ambiciosos que queiram trabalhar conjuntamente: Yoga do Riso, Yoga Tradicional e Mindfulness. Como em qualquer disciplina, os princ\u00edpios exigem sempre mais esfor\u00e7o. Assim sendo, quer para o Yoga do Riso, quer para o Yoga Tradicional ou para o Mindfulness, \u00e9 preciso praticar com regularidade e, sobretudo no in\u00edcio, a palavra-chave \u00e9 resili\u00eancia.\" \/>\n<meta name=\"robots\" content=\"index, follow, max-snippet:-1, max-image-preview:large, max-video-preview:-1\" \/>\n<link rel=\"canonical\" href=\"https:\/\/bookhut.pt\/fr\/produto\/a-trilogia-do-sucesso\/\" \/>\n<meta property=\"og:locale\" content=\"fr_FR\" \/>\n<meta property=\"og:type\" content=\"article\" \/>\n<meta property=\"og:title\" content=\"A Trilogia do Sucesso - Book Hut Editores\" \/>\n<meta property=\"og:description\" content=\"Este \u00e9 um livro que foca dois temas relativamente recentes e que t\u00eam tido uma grande divulga\u00e7\u00e3o: Yoga do Riso e Mindfulness. Foca tamb\u00e9m um tema, esse bastante mais antigo e j\u00e1 com largas dezenas de anos de difus\u00e3o na Europa: o Yoga Tradicional. N\u00e3o sendo este livro um tratado sobre os tr\u00eas temas, proporciona ao leitor uma ideia correta e precisa de cada um deles, bem como um programa detalhado para come\u00e7ar a praticar com seguran\u00e7a qualquer um dos temas expostos. Estabele\u00e7o tamb\u00e9m as principais diferen\u00e7as e semelhan\u00e7as entre os tr\u00eas dom\u00ednios e um plano bem definido para os leitores mais ambiciosos que queiram trabalhar conjuntamente: Yoga do Riso, Yoga Tradicional e Mindfulness. Como em qualquer disciplina, os princ\u00edpios exigem sempre mais esfor\u00e7o. Assim sendo, quer para o Yoga do Riso, quer para o Yoga Tradicional ou para o Mindfulness, \u00e9 preciso praticar com regularidade e, sobretudo no in\u00edcio, a palavra-chave \u00e9 resili\u00eancia.\" \/>\n<meta property=\"og:url\" content=\"https:\/\/bookhut.pt\/fr\/produto\/a-trilogia-do-sucesso\/\" \/>\n<meta property=\"og:site_name\" content=\"Book Hut Editores\" \/>\n<meta property=\"article:publisher\" content=\"https:\/\/www.facebook.com\/thebookhuteditora\/\" \/>\n<meta property=\"article:modified_time\" content=\"2022-07-07T14:12:18+00:00\" \/>\n<meta property=\"og:image\" content=\"https:\/\/bookhut.pt\/wp-content\/uploads\/2021\/10\/Trilogia.002.jpeg\" \/>\n\t<meta property=\"og:image:width\" content=\"679\" \/>\n\t<meta property=\"og:image:height\" content=\"1090\" \/>\n<meta name=\"twitter:card\" content=\"summary_large_image\" \/>\n<meta name=\"twitter:site\" content=\"@bookhut_editora\" \/>\n<meta name=\"twitter:label1\" content=\"Dur\u00e9e de lecture est.\">\n\t<meta name=\"twitter:data1\" content=\"1 minute\">\n<script type=\"application\/ld+json\" class=\"yoast-schema-graph\">{\"@context\":\"https:\/\/schema.org\",\"@graph\":[{\"@type\":\"WebSite\",\"@id\":\"https:\/\/bookhut.pt\/#website\",\"url\":\"https:\/\/bookhut.pt\/\",\"name\":\"Book Hut Editores\",\"description\":\"\",\"potentialAction\":[{\"@type\":\"SearchAction\",\"target\":\"https:\/\/bookhut.pt\/?s={search_term_string}\",\"query-input\":\"required name=search_term_string\"}],\"inLanguage\":\"fr-FR\"},{\"@type\":\"ImageObject\",\"@id\":\"https:\/\/bookhut.pt\/fr\/produto\/a-trilogia-do-sucesso\/#primaryimage\",\"inLanguage\":\"fr-FR\",\"url\":\"https:\/\/bookhut.pt\/wp-content\/uploads\/2021\/10\/Trilogia.002.jpeg\",\"width\":679,\"height\":1090,\"caption\":\"A Trilogia do Sucesso\"},{\"@type\":\"WebPage\",\"@id\":\"https:\/\/bookhut.pt\/fr\/produto\/a-trilogia-do-sucesso\/#webpage\",\"url\":\"https:\/\/bookhut.pt\/fr\/produto\/a-trilogia-do-sucesso\/\",\"name\":\"A Trilogia do Sucesso - Book Hut Editores\",\"isPartOf\":{\"@id\":\"https:\/\/bookhut.pt\/#website\"},\"primaryImageOfPage\":{\"@id\":\"https:\/\/bookhut.pt\/fr\/produto\/a-trilogia-do-sucesso\/#primaryimage\"},\"datePublished\":\"2022-07-05T18:46:37+00:00\",\"dateModified\":\"2022-07-07T14:12:18+00:00\",\"description\":\"Este \\u00e9 um livro que foca dois temas relativamente recentes e que t\\u00eam tido uma grande divulga\\u00e7\\u00e3o: Yoga do Riso e Mindfulness. Foca tamb\\u00e9m um tema, esse bastante mais antigo e j\\u00e1 com largas dezenas de anos de difus\\u00e3o na Europa: o Yoga Tradicional. N\\u00e3o sendo este livro um tratado sobre os tr\\u00eas temas, proporciona ao leitor uma ideia correta e precisa de cada um deles, bem como um programa detalhado para come\\u00e7ar a praticar com seguran\\u00e7a qualquer um dos temas expostos. Estabele\\u00e7o tamb\\u00e9m as principais diferen\\u00e7as e semelhan\\u00e7as entre os tr\\u00eas dom\\u00ednios e um plano bem definido para os leitores mais ambiciosos que queiram trabalhar conjuntamente: Yoga do Riso, Yoga Tradicional e Mindfulness. Como em qualquer disciplina, os princ\\u00edpios exigem sempre mais esfor\\u00e7o. Assim sendo, quer para o Yoga do Riso, quer para o Yoga Tradicional ou para o Mindfulness, \\u00e9 preciso praticar com regularidade e, sobretudo no in\\u00edcio, a palavra-chave \\u00e9 resili\\u00eancia.\",\"inLanguage\":\"fr-FR\",\"potentialAction\":[{\"@type\":\"ReadAction\",\"target\":[\"https:\/\/bookhut.pt\/fr\/produto\/a-trilogia-do-sucesso\/\"]}]}]}<\/script>\n<!-- \/ Yoast SEO plugin. -->","_links":{"self":[{"href":"https:\/\/bookhut.pt\/fr\/wp-json\/wp\/v2\/product\/4983"}],"collection":[{"href":"https:\/\/bookhut.pt\/fr\/wp-json\/wp\/v2\/product"}],"about":[{"href":"https:\/\/bookhut.pt\/fr\/wp-json\/wp\/v2\/types\/product"}],"wp:featuredmedia":[{"embeddable":true,"href":"https:\/\/bookhut.pt\/fr\/wp-json\/wp\/v2\/media\/4975"}],"wp:attachment":[{"href":"https:\/\/bookhut.pt\/fr\/wp-json\/wp\/v2\/media?parent=4983"}],"curies":[{"name":"wp","href":"https:\/\/api.w.org\/{rel}","templated":true}]}}