{"id":4841,"date":"2021-10-19T13:47:06","date_gmt":"2021-10-19T13:47:06","guid":{"rendered":"https:\/\/bookhut.pt\/?post_type=product&#038;p=4841"},"modified":"2022-07-07T14:14:21","modified_gmt":"2022-07-07T14:14:21","slug":"o-pecado-de-conceicao","status":"publish","type":"product","link":"https:\/\/bookhut.pt\/fr\/produto\/o-pecado-de-conceicao\/","title":{"rendered":"O Pecado de Concei\u00e7\u00e3o"},"content":{"rendered":"<p>[vc_row][vc_column][vc_column_text]Um segredo familiar esconde a identidade do av\u00f4 de Mauro, industrial de sucesso que vive em S\u00e3o Paulo. Ele apenas sabe que o seu pai Vasco, nascido em Portugal, era filho ileg\u00edtimo da sua Av\u00f3 Concei\u00e7\u00e3o que rejeitou a crian\u00e7a e a entregou a uma ama.<\/p>\n<p>Para desvendar esse segredo, e descobrir quem foi o seu av\u00f4, Mauro vem a Portugal pedir ajuda ao seu primo Diogo. Este consegue reconstruir a hist\u00f3ria da fam\u00edlia, conciliando mem\u00f3rias difusas com os factos hist\u00f3ricos que caracterizaram os tempos agitados da primeira rep\u00fablica, e dando-nos a conhecer as conting\u00eancias sociais e religiosas em que Concei\u00e7\u00e3o cresceu e os conflitos morais que enfrentou quando, j\u00e1 casada, teve uma paix\u00e3o extraconjugal. O filho rejeitado s\u00f3 conhecer\u00e1 a m\u00e3e em adulto.[\/vc_column_text][\/vc_column][\/vc_row]<\/p>\n","protected":false},"excerpt":{"rendered":"<p>Um segredo familiar esconde a identidade do av\u00f4 de Mauro, industrial de sucesso que vive em S\u00e3o Paulo. Ele apenas sabe que o seu pai Vasco, nascido em Portugal, era filho ileg\u00edtimo da sua Av\u00f3 Concei\u00e7\u00e3o que rejeitou a crian\u00e7a e a entregou a uma ama.<\/p>\n<p>Para desvendar esse segredo, e descobrir quem foi o seu av\u00f4, Mauro vem a Portugal pedir ajuda ao seu primo Diogo. Este consegue reconstruir a hist\u00f3ria da fam\u00edlia, conciliando mem\u00f3rias difusas com os factos hist\u00f3ricos que caracterizaram os tempos agitados da primeira rep\u00fablica, e dando-nos a conhecer as conting\u00eancias sociais e religiosas em que Concei\u00e7\u00e3o cresceu e os conflitos morais que enfrentou quando, j\u00e1 casada, teve uma paix\u00e3o extraconjugal. O filho rejeitado s\u00f3 conhecer\u00e1 a m\u00e3e em adulto.<\/p>\n","protected":false},"featured_media":4967,"template":"","meta":[],"yoast_head":"<!-- This site is optimized with the Yoast SEO plugin v15.6 - https:\/\/yoast.com\/wordpress\/plugins\/seo\/ -->\n<title>O Pecado de Concei\u00e7\u00e3o - Book Hut Editores<\/title>\n<meta name=\"description\" content=\"Um segredo familiar esconde a identidade do av\u00f4 de Mauro, industrial de sucesso que vive em S\u00e3o Paulo. Ele apenas sabe que o seu pai Vasco, nascido em Portugal, era filho ileg\u00edtimo da sua Av\u00f3 Concei\u00e7\u00e3o que rejeitou a crian\u00e7a e a entregou a uma ama. Para desvendar esse segredo, e descobrir quem foi o seu av\u00f4, Mauro vem a Portugal pedir ajuda ao seu primo Diogo. Este consegue reconstruir a hist\u00f3ria da fam\u00edlia, conciliando mem\u00f3rias difusas com os factos hist\u00f3ricos que caracterizaram os tempos agitados da primeira rep\u00fablica, e dando-nos a conhecer as conting\u00eancias sociais e religiosas em que Concei\u00e7\u00e3o cresceu e os conflitos morais que enfrentou quando, j\u00e1 casada, teve uma paix\u00e3o extraconjugal. O filho rejeitado s\u00f3 conhecer\u00e1 a m\u00e3e em adulto.\" \/>\n<meta name=\"robots\" content=\"index, follow, max-snippet:-1, max-image-preview:large, max-video-preview:-1\" \/>\n<link rel=\"canonical\" href=\"https:\/\/bookhut.pt\/fr\/produto\/o-pecado-de-conceicao\/\" \/>\n<meta property=\"og:locale\" content=\"fr_FR\" \/>\n<meta property=\"og:type\" content=\"article\" \/>\n<meta property=\"og:title\" content=\"O Pecado de Concei\u00e7\u00e3o - Book Hut Editores\" \/>\n<meta property=\"og:description\" content=\"Um segredo familiar esconde a identidade do av\u00f4 de Mauro, industrial de sucesso que vive em S\u00e3o Paulo. Ele apenas sabe que o seu pai Vasco, nascido em Portugal, era filho ileg\u00edtimo da sua Av\u00f3 Concei\u00e7\u00e3o que rejeitou a crian\u00e7a e a entregou a uma ama. Para desvendar esse segredo, e descobrir quem foi o seu av\u00f4, Mauro vem a Portugal pedir ajuda ao seu primo Diogo. Este consegue reconstruir a hist\u00f3ria da fam\u00edlia, conciliando mem\u00f3rias difusas com os factos hist\u00f3ricos que caracterizaram os tempos agitados da primeira rep\u00fablica, e dando-nos a conhecer as conting\u00eancias sociais e religiosas em que Concei\u00e7\u00e3o cresceu e os conflitos morais que enfrentou quando, j\u00e1 casada, teve uma paix\u00e3o extraconjugal. O filho rejeitado s\u00f3 conhecer\u00e1 a m\u00e3e em adulto.\" \/>\n<meta property=\"og:url\" content=\"https:\/\/bookhut.pt\/fr\/produto\/o-pecado-de-conceicao\/\" \/>\n<meta property=\"og:site_name\" content=\"Book Hut Editores\" \/>\n<meta property=\"article:publisher\" content=\"https:\/\/www.facebook.com\/thebookhuteditora\/\" \/>\n<meta property=\"article:modified_time\" content=\"2022-07-07T14:14:21+00:00\" \/>\n<meta property=\"og:image\" content=\"https:\/\/bookhut.pt\/wp-content\/uploads\/2021\/10\/Pecado.001.jpeg\" \/>\n\t<meta property=\"og:image:width\" content=\"679\" \/>\n\t<meta property=\"og:image:height\" content=\"1090\" \/>\n<meta name=\"twitter:card\" content=\"summary_large_image\" \/>\n<meta name=\"twitter:site\" content=\"@bookhut_editora\" \/>\n<meta name=\"twitter:label1\" content=\"Dur\u00e9e de lecture est.\">\n\t<meta name=\"twitter:data1\" content=\"1 minute\">\n<script type=\"application\/ld+json\" class=\"yoast-schema-graph\">{\"@context\":\"https:\/\/schema.org\",\"@graph\":[{\"@type\":\"WebSite\",\"@id\":\"https:\/\/bookhut.pt\/#website\",\"url\":\"https:\/\/bookhut.pt\/\",\"name\":\"Book Hut Editores\",\"description\":\"\",\"potentialAction\":[{\"@type\":\"SearchAction\",\"target\":\"https:\/\/bookhut.pt\/?s={search_term_string}\",\"query-input\":\"required name=search_term_string\"}],\"inLanguage\":\"fr-FR\"},{\"@type\":\"ImageObject\",\"@id\":\"https:\/\/bookhut.pt\/fr\/produto\/o-pecado-de-conceicao\/#primaryimage\",\"inLanguage\":\"fr-FR\",\"url\":\"https:\/\/bookhut.pt\/wp-content\/uploads\/2021\/10\/Pecado.001.jpeg\",\"width\":679,\"height\":1090,\"caption\":\"O Pecado de Concei\\u00e7\\u00e3o\"},{\"@type\":\"WebPage\",\"@id\":\"https:\/\/bookhut.pt\/fr\/produto\/o-pecado-de-conceicao\/#webpage\",\"url\":\"https:\/\/bookhut.pt\/fr\/produto\/o-pecado-de-conceicao\/\",\"name\":\"O Pecado de Concei\\u00e7\\u00e3o - Book Hut Editores\",\"isPartOf\":{\"@id\":\"https:\/\/bookhut.pt\/#website\"},\"primaryImageOfPage\":{\"@id\":\"https:\/\/bookhut.pt\/fr\/produto\/o-pecado-de-conceicao\/#primaryimage\"},\"datePublished\":\"2021-10-19T13:47:06+00:00\",\"dateModified\":\"2022-07-07T14:14:21+00:00\",\"description\":\"Um segredo familiar esconde a identidade do av\\u00f4 de Mauro, industrial de sucesso que vive em S\\u00e3o Paulo. Ele apenas sabe que o seu pai Vasco, nascido em Portugal, era filho ileg\\u00edtimo da sua Av\\u00f3 Concei\\u00e7\\u00e3o que rejeitou a crian\\u00e7a e a entregou a uma ama. Para desvendar esse segredo, e descobrir quem foi o seu av\\u00f4, Mauro vem a Portugal pedir ajuda ao seu primo Diogo. Este consegue reconstruir a hist\\u00f3ria da fam\\u00edlia, conciliando mem\\u00f3rias difusas com os factos hist\\u00f3ricos que caracterizaram os tempos agitados da primeira rep\\u00fablica, e dando-nos a conhecer as conting\\u00eancias sociais e religiosas em que Concei\\u00e7\\u00e3o cresceu e os conflitos morais que enfrentou quando, j\\u00e1 casada, teve uma paix\\u00e3o extraconjugal. O filho rejeitado s\\u00f3 conhecer\\u00e1 a m\\u00e3e em adulto.\",\"inLanguage\":\"fr-FR\",\"potentialAction\":[{\"@type\":\"ReadAction\",\"target\":[\"https:\/\/bookhut.pt\/fr\/produto\/o-pecado-de-conceicao\/\"]}]}]}<\/script>\n<!-- \/ Yoast SEO plugin. -->","_links":{"self":[{"href":"https:\/\/bookhut.pt\/fr\/wp-json\/wp\/v2\/product\/4841"}],"collection":[{"href":"https:\/\/bookhut.pt\/fr\/wp-json\/wp\/v2\/product"}],"about":[{"href":"https:\/\/bookhut.pt\/fr\/wp-json\/wp\/v2\/types\/product"}],"wp:featuredmedia":[{"embeddable":true,"href":"https:\/\/bookhut.pt\/fr\/wp-json\/wp\/v2\/media\/4967"}],"wp:attachment":[{"href":"https:\/\/bookhut.pt\/fr\/wp-json\/wp\/v2\/media?parent=4841"}],"curies":[{"name":"wp","href":"https:\/\/api.w.org\/{rel}","templated":true}]}}