{"id":4702,"date":"2021-01-08T12:01:33","date_gmt":"2021-01-08T12:01:33","guid":{"rendered":"https:\/\/bookhut.pt\/?post_type=product&#038;p=4702"},"modified":"2021-01-08T12:03:45","modified_gmt":"2021-01-08T12:03:45","slug":"experiencias-de-poesia","status":"publish","type":"product","link":"https:\/\/bookhut.pt\/fr\/produto\/experiencias-de-poesia\/","title":{"rendered":"Experiencias de poes\u00eda"},"content":{"rendered":"<p>[vc_row][vc_column][vc_column_text]Obra po\u00e9tica que reflete as experi\u00eancias cotidianas do autor vers\u00e1til.[\/vc_column_text][\/vc_column][\/vc_row]<\/p>\n","protected":false},"excerpt":{"rendered":"<p>Obra po\u00e9tica que reflete as experi\u00eancias cotidianas do autor vers\u00e1til.<\/p>\n","protected":false},"featured_media":2154,"template":"","meta":[],"yoast_head":"<!-- This site is optimized with the Yoast SEO plugin v15.6 - https:\/\/yoast.com\/wordpress\/plugins\/seo\/ -->\n<title>Experiencias de poes\u00eda - Book Hut Editores<\/title>\n<meta name=\"robots\" content=\"index, follow, max-snippet:-1, max-image-preview:large, max-video-preview:-1\" \/>\n<link rel=\"canonical\" href=\"https:\/\/bookhut.pt\/fr\/produto\/experiencias-de-poesia\/\" \/>\n<meta property=\"og:locale\" content=\"fr_FR\" \/>\n<meta property=\"og:type\" content=\"article\" \/>\n<meta property=\"og:title\" content=\"Experiencias de poes\u00eda - Book Hut Editores\" \/>\n<meta property=\"og:description\" content=\"Obra po\u00e9tica que reflete as experi\u00eancias cotidianas do autor vers\u00e1til.\" \/>\n<meta property=\"og:url\" content=\"https:\/\/bookhut.pt\/fr\/produto\/experiencias-de-poesia\/\" \/>\n<meta property=\"og:site_name\" content=\"Book Hut Editores\" \/>\n<meta property=\"article:publisher\" content=\"https:\/\/www.facebook.com\/thebookhuteditora\/\" \/>\n<meta property=\"article:modified_time\" content=\"2021-01-08T12:03:45+00:00\" \/>\n<meta property=\"og:image\" content=\"https:\/\/bookhut.pt\/wp-content\/uploads\/2019\/12\/2008-Capa-AGUARELA-NA-ARTE-PORT.jpg\" \/>\n\t<meta property=\"og:image:width\" content=\"2833\" \/>\n\t<meta property=\"og:image:height\" content=\"3542\" \/>\n<meta name=\"twitter:card\" content=\"summary_large_image\" \/>\n<meta name=\"twitter:site\" content=\"@bookhut_editora\" \/>\n<script type=\"application\/ld+json\" class=\"yoast-schema-graph\">{\"@context\":\"https:\/\/schema.org\",\"@graph\":[{\"@type\":\"WebSite\",\"@id\":\"https:\/\/bookhut.pt\/#website\",\"url\":\"https:\/\/bookhut.pt\/\",\"name\":\"Book Hut Editores\",\"description\":\"\",\"potentialAction\":[{\"@type\":\"SearchAction\",\"target\":\"https:\/\/bookhut.pt\/?s={search_term_string}\",\"query-input\":\"required name=search_term_string\"}],\"inLanguage\":\"fr-FR\"},{\"@type\":\"ImageObject\",\"@id\":\"https:\/\/bookhut.pt\/fr\/produto\/experiencias-de-poesia\/#primaryimage\",\"inLanguage\":\"fr-FR\",\"url\":\"https:\/\/bookhut.pt\/wp-content\/uploads\/2019\/12\/2008-Capa-AGUARELA-NA-ARTE-PORT.jpg\",\"width\":2833,\"height\":3542},{\"@type\":\"WebPage\",\"@id\":\"https:\/\/bookhut.pt\/fr\/produto\/experiencias-de-poesia\/#webpage\",\"url\":\"https:\/\/bookhut.pt\/fr\/produto\/experiencias-de-poesia\/\",\"name\":\"Experiencias de poes\\u00eda - Book Hut Editores\",\"isPartOf\":{\"@id\":\"https:\/\/bookhut.pt\/#website\"},\"primaryImageOfPage\":{\"@id\":\"https:\/\/bookhut.pt\/fr\/produto\/experiencias-de-poesia\/#primaryimage\"},\"datePublished\":\"2021-01-08T12:01:33+00:00\",\"dateModified\":\"2021-01-08T12:03:45+00:00\",\"inLanguage\":\"fr-FR\",\"potentialAction\":[{\"@type\":\"ReadAction\",\"target\":[\"https:\/\/bookhut.pt\/fr\/produto\/experiencias-de-poesia\/\"]}]}]}<\/script>\n<!-- \/ Yoast SEO plugin. -->","_links":{"self":[{"href":"https:\/\/bookhut.pt\/fr\/wp-json\/wp\/v2\/product\/4702"}],"collection":[{"href":"https:\/\/bookhut.pt\/fr\/wp-json\/wp\/v2\/product"}],"about":[{"href":"https:\/\/bookhut.pt\/fr\/wp-json\/wp\/v2\/types\/product"}],"wp:featuredmedia":[{"embeddable":true,"href":"https:\/\/bookhut.pt\/fr\/wp-json\/wp\/v2\/media\/2154"}],"wp:attachment":[{"href":"https:\/\/bookhut.pt\/fr\/wp-json\/wp\/v2\/media?parent=4702"}],"curies":[{"name":"wp","href":"https:\/\/api.w.org\/{rel}","templated":true}]}}