{"id":4699,"date":"2021-01-08T11:47:37","date_gmt":"2021-01-08T11:47:37","guid":{"rendered":"https:\/\/bookhut.pt\/?post_type=product&#038;p=4699"},"modified":"2022-12-29T15:02:41","modified_gmt":"2022-12-29T15:02:41","slug":"a-mao-direita-de-d-joao-v-o-arquiteto-mor-do-reino","status":"publish","type":"product","link":"https:\/\/bookhut.pt\/fr\/produto\/a-mao-direita-de-d-joao-v-o-arquiteto-mor-do-reino\/","title":{"rendered":"A M\u00e3o Direita de D. Jo\u00e3o V, o Arquiteto-Mor do Reino"},"content":{"rendered":"<p>[vc_row][vc_column][vc_column_text]Uma obra que revela uma obra ainda pouco vis\u00edvel.<br \/>\nO levantamento do v\u00e9u que o cobre revela aspectos in\u00e9ditos e de import\u00e2ncia primordial em termos acad\u00eamicos, numa an\u00e1lise exeg\u00e9tica do pensamento arquitet\u00f4nico do s\u00e9culo XVIII, que o materializa.<br \/>\nPretende-se assim contribuir para uma melhor compreens\u00e3o da personalidade e obra de Jo\u00e3o Federico Ludovici e da sua import\u00e2ncia no Barroco portugu\u00eas. Isto permitir\u00e1 converter num elemento de informa\u00e7\u00e3o singular, compreender a arquitectura ludoviciana na moderniza\u00e7\u00e3o est\u00e9tica e t\u00e9cnica do barroco joanino a pombalino em Portugal.[\/vc_column_text][\/vc_column][\/vc_row]<\/p>\n","protected":false},"excerpt":{"rendered":"<p>Uma obra que revela uma obra ainda pouco vis\u00edvel.<br \/>\nO levantamento do v\u00e9u que o cobre revela aspectos in\u00e9ditos e de import\u00e2ncia primordial em termos acad\u00eamicos, numa an\u00e1lise exeg\u00e9tica do pensamento arquitet\u00f4nico do s\u00e9culo XVIII, que o materializa.<br \/>\nPretende-se assim contribuir para uma melhor compreens\u00e3o da personalidade e obra de Jo\u00e3o Federico Ludovici e da sua import\u00e2ncia no Barroco portugu\u00eas. Isto permitir\u00e1 converter num elemento de informa\u00e7\u00e3o singular, compreender a arquitectura ludoviciana na moderniza\u00e7\u00e3o est\u00e9tica e t\u00e9cnica do barroco joanino a pombalino em Portugal.<\/p>\n","protected":false},"featured_media":4596,"template":"","meta":[],"yoast_head":"<!-- This site is optimized with the Yoast SEO plugin v15.6 - https:\/\/yoast.com\/wordpress\/plugins\/seo\/ -->\n<title>A M\u00e3o Direita de D. Jo\u00e3o V, o Arquiteto-Mor do Reino - Book Hut Editores<\/title>\n<meta name=\"robots\" content=\"index, follow, max-snippet:-1, max-image-preview:large, max-video-preview:-1\" \/>\n<link rel=\"canonical\" href=\"https:\/\/bookhut.pt\/fr\/produto\/a-mao-direita-de-d-joao-v-o-arquiteto-mor-do-reino\/\" \/>\n<meta property=\"og:locale\" content=\"fr_FR\" \/>\n<meta property=\"og:type\" content=\"article\" \/>\n<meta property=\"og:title\" content=\"A M\u00e3o Direita de D. Jo\u00e3o V, o Arquiteto-Mor do Reino - Book Hut Editores\" \/>\n<meta property=\"og:description\" content=\"Uma obra que revela uma obra ainda pouco vis\u00edvel. O levantamento do v\u00e9u que o cobre revela aspectos in\u00e9ditos e de import\u00e2ncia primordial em termos acad\u00eamicos, numa an\u00e1lise exeg\u00e9tica do pensamento arquitet\u00f4nico do s\u00e9culo XVIII, que o materializa. Pretende-se assim contribuir para uma melhor compreens\u00e3o da personalidade e obra de Jo\u00e3o Federico Ludovici e da sua import\u00e2ncia no Barroco portugu\u00eas. Isto permitir\u00e1 converter num elemento de informa\u00e7\u00e3o singular, compreender a arquitectura ludoviciana na moderniza\u00e7\u00e3o est\u00e9tica e t\u00e9cnica do barroco joanino a pombalino em Portugal.\" \/>\n<meta property=\"og:url\" content=\"https:\/\/bookhut.pt\/fr\/produto\/a-mao-direita-de-d-joao-v-o-arquiteto-mor-do-reino\/\" \/>\n<meta property=\"og:site_name\" content=\"Book Hut Editores\" \/>\n<meta property=\"article:publisher\" content=\"https:\/\/www.facebook.com\/thebookhuteditora\/\" \/>\n<meta property=\"article:modified_time\" content=\"2022-12-29T15:02:41+00:00\" \/>\n<meta property=\"og:image\" content=\"https:\/\/bookhut.pt\/wp-content\/uploads\/2019\/12\/CapaCarlosHargreaves-1-1.jpg\" \/>\n\t<meta property=\"og:image:width\" content=\"663\" \/>\n\t<meta property=\"og:image:height\" content=\"964\" \/>\n<meta name=\"twitter:card\" content=\"summary_large_image\" \/>\n<meta name=\"twitter:site\" content=\"@bookhut_editora\" \/>\n<script type=\"application\/ld+json\" class=\"yoast-schema-graph\">{\"@context\":\"https:\/\/schema.org\",\"@graph\":[{\"@type\":\"WebSite\",\"@id\":\"https:\/\/bookhut.pt\/#website\",\"url\":\"https:\/\/bookhut.pt\/\",\"name\":\"Book Hut Editores\",\"description\":\"\",\"potentialAction\":[{\"@type\":\"SearchAction\",\"target\":\"https:\/\/bookhut.pt\/?s={search_term_string}\",\"query-input\":\"required name=search_term_string\"}],\"inLanguage\":\"fr-FR\"},{\"@type\":\"ImageObject\",\"@id\":\"https:\/\/bookhut.pt\/fr\/produto\/a-mao-direita-de-d-joao-v-o-arquiteto-mor-do-reino\/#primaryimage\",\"inLanguage\":\"fr-FR\",\"url\":\"https:\/\/bookhut.pt\/wp-content\/uploads\/2019\/12\/CapaCarlosHargreaves-1-1.jpg\",\"width\":663,\"height\":964},{\"@type\":\"WebPage\",\"@id\":\"https:\/\/bookhut.pt\/fr\/produto\/a-mao-direita-de-d-joao-v-o-arquiteto-mor-do-reino\/#webpage\",\"url\":\"https:\/\/bookhut.pt\/fr\/produto\/a-mao-direita-de-d-joao-v-o-arquiteto-mor-do-reino\/\",\"name\":\"A M\\u00e3o Direita de D. Jo\\u00e3o V, o Arquiteto-Mor do Reino - Book Hut Editores\",\"isPartOf\":{\"@id\":\"https:\/\/bookhut.pt\/#website\"},\"primaryImageOfPage\":{\"@id\":\"https:\/\/bookhut.pt\/fr\/produto\/a-mao-direita-de-d-joao-v-o-arquiteto-mor-do-reino\/#primaryimage\"},\"datePublished\":\"2021-01-08T11:47:37+00:00\",\"dateModified\":\"2022-12-29T15:02:41+00:00\",\"inLanguage\":\"fr-FR\",\"potentialAction\":[{\"@type\":\"ReadAction\",\"target\":[\"https:\/\/bookhut.pt\/fr\/produto\/a-mao-direita-de-d-joao-v-o-arquiteto-mor-do-reino\/\"]}]}]}<\/script>\n<!-- \/ Yoast SEO plugin. -->","_links":{"self":[{"href":"https:\/\/bookhut.pt\/fr\/wp-json\/wp\/v2\/product\/4699"}],"collection":[{"href":"https:\/\/bookhut.pt\/fr\/wp-json\/wp\/v2\/product"}],"about":[{"href":"https:\/\/bookhut.pt\/fr\/wp-json\/wp\/v2\/types\/product"}],"wp:featuredmedia":[{"embeddable":true,"href":"https:\/\/bookhut.pt\/fr\/wp-json\/wp\/v2\/media\/4596"}],"wp:attachment":[{"href":"https:\/\/bookhut.pt\/fr\/wp-json\/wp\/v2\/media?parent=4699"}],"curies":[{"name":"wp","href":"https:\/\/api.w.org\/{rel}","templated":true}]}}