{"id":3401,"date":"2020-03-09T09:54:51","date_gmt":"2020-03-09T09:54:51","guid":{"rendered":"https:\/\/bookhut.pt\/?post_type=product&#038;p=3401"},"modified":"2023-11-08T21:00:06","modified_gmt":"2023-11-08T21:00:06","slug":"jardim-botanico-jose-do-canto-100-arvores","status":"publish","type":"product","link":"https:\/\/bookhut.pt\/fr\/produto\/jardim-botanico-jose-do-canto-100-arvores\/","title":{"rendered":"Jardim Bot\u00e2nico Jos\u00e9 do Canto &#8211; 100 \u00e1rvores"},"content":{"rendered":"<p>[vc_row][vc_column][vc_column_text]O jardim Bot\u00e2nico Jos\u00e9 do Canto foi a concretiza\u00e7\u00e3o de um sonho de um homem que amava as plantas e conhecia em profundidade os segredos da bot\u00e2nica.<\/p>\n<p>Jos\u00e9 do Canto (1820-1898) manteve contactos com jardins bot\u00e2nicos, naturalistas e viveiristas de todo o mundo, comprando, vendendo e trocando plantas.<\/p>\n<p>Desde os anos 50 do s\u00e9culo XIX fez do seu jardim, no s\u00edtio de Santana, um extraordin\u00e1rio espa\u00e7o de aclimata\u00e7\u00e3o para milhares de esp\u00e9cies.[\/vc_column_text][\/vc_column][\/vc_row]<\/p>\n","protected":false},"excerpt":{"rendered":"<p>O jardim Bot\u00e2nico Jos\u00e9 do Canto foi a concretiza\u00e7\u00e3o de um sonho de um homem que amava as plantas e conhecia em profundidade os segredos da bot\u00e2nica.<\/p>\n<p>Jos\u00e9 do Canto (1820-1898) manteve contactos com jardins bot\u00e2nicos, naturalistas e viveiristas de todo o mundo, comprando, vendendo e trocando plantas.<\/p>\n<p>Desde os anos 50 do s\u00e9culo XIX fez do seu jardim, no s\u00edtio de Santana, um extraordin\u00e1rio espa\u00e7o de aclimata\u00e7\u00e3o para milhares de esp\u00e9cies.<\/p>\n","protected":false},"featured_media":3402,"template":"","meta":[],"yoast_head":"<!-- This site is optimized with the Yoast SEO plugin v15.6 - https:\/\/yoast.com\/wordpress\/plugins\/seo\/ -->\n<title>Jardim Bot\u00e2nico Jos\u00e9 do Canto - 100 \u00e1rvores - Book Hut Editores<\/title>\n<meta name=\"robots\" content=\"index, follow, max-snippet:-1, max-image-preview:large, max-video-preview:-1\" \/>\n<link rel=\"canonical\" href=\"https:\/\/bookhut.pt\/fr\/produto\/jardim-botanico-jose-do-canto-100-arvores\/\" \/>\n<meta property=\"og:locale\" content=\"fr_FR\" \/>\n<meta property=\"og:type\" content=\"article\" \/>\n<meta property=\"og:title\" content=\"Jardim Bot\u00e2nico Jos\u00e9 do Canto - 100 \u00e1rvores - Book Hut Editores\" \/>\n<meta property=\"og:description\" content=\"O jardim Bot\u00e2nico Jos\u00e9 do Canto foi a concretiza\u00e7\u00e3o de um sonho de um homem que amava as plantas e conhecia em profundidade os segredos da bot\u00e2nica.  Jos\u00e9 do Canto (1820-1898) manteve contactos com jardins bot\u00e2nicos, naturalistas e viveiristas de todo o mundo, comprando, vendendo e trocando plantas.  Desde os anos 50 do s\u00e9culo XIX fez do seu jardim, no s\u00edtio de Santana, um extraordin\u00e1rio espa\u00e7o de aclimata\u00e7\u00e3o para milhares de esp\u00e9cies.\" \/>\n<meta property=\"og:url\" content=\"https:\/\/bookhut.pt\/fr\/produto\/jardim-botanico-jose-do-canto-100-arvores\/\" \/>\n<meta property=\"og:site_name\" content=\"Book Hut Editores\" \/>\n<meta property=\"article:publisher\" content=\"https:\/\/www.facebook.com\/thebookhuteditora\/\" \/>\n<meta property=\"article:modified_time\" content=\"2023-11-08T21:00:06+00:00\" \/>\n<meta property=\"og:image\" content=\"https:\/\/bookhut.pt\/wp-content\/uploads\/2020\/03\/Jardim-Bot\u00e2nico-Jos\u00e9-do-Canto.png\" \/>\n\t<meta property=\"og:image:width\" content=\"300\" \/>\n\t<meta property=\"og:image:height\" content=\"393\" \/>\n<meta name=\"twitter:card\" content=\"summary_large_image\" \/>\n<meta name=\"twitter:site\" content=\"@bookhut_editora\" \/>\n<script type=\"application\/ld+json\" class=\"yoast-schema-graph\">{\"@context\":\"https:\/\/schema.org\",\"@graph\":[{\"@type\":\"WebSite\",\"@id\":\"https:\/\/bookhut.pt\/#website\",\"url\":\"https:\/\/bookhut.pt\/\",\"name\":\"Book Hut Editores\",\"description\":\"\",\"potentialAction\":[{\"@type\":\"SearchAction\",\"target\":\"https:\/\/bookhut.pt\/?s={search_term_string}\",\"query-input\":\"required name=search_term_string\"}],\"inLanguage\":\"fr-FR\"},{\"@type\":\"ImageObject\",\"@id\":\"https:\/\/bookhut.pt\/fr\/produto\/jardim-botanico-jose-do-canto-100-arvores\/#primaryimage\",\"inLanguage\":\"fr-FR\",\"url\":\"https:\/\/bookhut.pt\/wp-content\/uploads\/2020\/03\/Jardim-Bot\\u00e2nico-Jos\\u00e9-do-Canto.png\",\"width\":300,\"height\":393},{\"@type\":\"WebPage\",\"@id\":\"https:\/\/bookhut.pt\/fr\/produto\/jardim-botanico-jose-do-canto-100-arvores\/#webpage\",\"url\":\"https:\/\/bookhut.pt\/fr\/produto\/jardim-botanico-jose-do-canto-100-arvores\/\",\"name\":\"Jardim Bot\\u00e2nico Jos\\u00e9 do Canto - 100 \\u00e1rvores - Book Hut Editores\",\"isPartOf\":{\"@id\":\"https:\/\/bookhut.pt\/#website\"},\"primaryImageOfPage\":{\"@id\":\"https:\/\/bookhut.pt\/fr\/produto\/jardim-botanico-jose-do-canto-100-arvores\/#primaryimage\"},\"datePublished\":\"2020-03-09T09:54:51+00:00\",\"dateModified\":\"2023-11-08T21:00:06+00:00\",\"inLanguage\":\"fr-FR\",\"potentialAction\":[{\"@type\":\"ReadAction\",\"target\":[\"https:\/\/bookhut.pt\/fr\/produto\/jardim-botanico-jose-do-canto-100-arvores\/\"]}]}]}<\/script>\n<!-- \/ Yoast SEO plugin. -->","_links":{"self":[{"href":"https:\/\/bookhut.pt\/fr\/wp-json\/wp\/v2\/product\/3401"}],"collection":[{"href":"https:\/\/bookhut.pt\/fr\/wp-json\/wp\/v2\/product"}],"about":[{"href":"https:\/\/bookhut.pt\/fr\/wp-json\/wp\/v2\/types\/product"}],"wp:featuredmedia":[{"embeddable":true,"href":"https:\/\/bookhut.pt\/fr\/wp-json\/wp\/v2\/media\/3402"}],"wp:attachment":[{"href":"https:\/\/bookhut.pt\/fr\/wp-json\/wp\/v2\/media?parent=3401"}],"curies":[{"name":"wp","href":"https:\/\/api.w.org\/{rel}","templated":true}]}}