{"id":1804,"date":"2019-12-03T10:51:41","date_gmt":"2019-12-03T10:51:41","guid":{"rendered":"https:\/\/bookhut.pt\/?post_type=product&#038;p=1804"},"modified":"2023-11-10T20:41:23","modified_gmt":"2023-11-10T20:41:23","slug":"a-tumularia-medieval-abadia-de-alcobaca","status":"publish","type":"product","link":"https:\/\/bookhut.pt\/fr\/produto\/a-tumularia-medieval-abadia-de-alcobaca\/","title":{"rendered":"A Tumul\u00e1ria Medieval &#8211; Abadia de Alcoba\u00e7a"},"content":{"rendered":"<p>[vc_row][vc_column][vc_column_text]A tumul\u00e1ria medieval no Mosteiro de Alcoba\u00e7a estudada por uma das maiores especialistas no monumento.<\/p>\n<p>Os t\u00famulos de Pedro e In\u00eas, curiosidades e muito amis sobre a tomul\u00e1ria neste mosteiro portugu\u00eas.[\/vc_column_text][\/vc_column][\/vc_row]<\/p>\n","protected":false},"excerpt":{"rendered":"<p>A tumul\u00e1ria medieval no Mosteiro de Alcoba\u00e7a estudada por uma das maiores especialistas no monumento.<\/p>\n<p>Os t\u00famulos de Pedro e In\u00eas, curiosidades e muito amis sobre a tomul\u00e1ria neste mosteiro portugu\u00eas.<\/p>\n","protected":false},"featured_media":1816,"template":"","meta":[],"yoast_head":"<!-- This site is optimized with the Yoast SEO plugin v15.6 - https:\/\/yoast.com\/wordpress\/plugins\/seo\/ -->\n<title>A Tumul\u00e1ria Medieval - Abadia de Alcoba\u00e7a - Book Hut Editores<\/title>\n<meta name=\"robots\" content=\"index, follow, max-snippet:-1, max-image-preview:large, max-video-preview:-1\" \/>\n<link rel=\"canonical\" href=\"https:\/\/bookhut.pt\/fr\/produto\/a-tumularia-medieval-abadia-de-alcobaca\/\" \/>\n<meta property=\"og:locale\" content=\"fr_FR\" \/>\n<meta property=\"og:type\" content=\"article\" \/>\n<meta property=\"og:title\" content=\"A Tumul\u00e1ria Medieval - Abadia de Alcoba\u00e7a - Book Hut Editores\" \/>\n<meta property=\"og:description\" content=\"A tumul\u00e1ria medieval no Mosteiro de Alcoba\u00e7a estudada por uma das maiores especialistas no monumento.  Os t\u00famulos de Pedro e In\u00eas, curiosidades e muito amis sobre a tomul\u00e1ria neste mosteiro portugu\u00eas.\" \/>\n<meta property=\"og:url\" content=\"https:\/\/bookhut.pt\/fr\/produto\/a-tumularia-medieval-abadia-de-alcobaca\/\" \/>\n<meta property=\"og:site_name\" content=\"Book Hut Editores\" \/>\n<meta property=\"article:publisher\" content=\"https:\/\/www.facebook.com\/thebookhuteditora\/\" \/>\n<meta property=\"article:modified_time\" content=\"2023-11-10T20:41:23+00:00\" \/>\n<meta property=\"og:image\" content=\"https:\/\/bookhut.pt\/wp-content\/uploads\/2019\/12\/CAPA_Tumularia-1.jpg\" \/>\n\t<meta property=\"og:image:width\" content=\"945\" \/>\n\t<meta property=\"og:image:height\" content=\"1307\" \/>\n<meta name=\"twitter:card\" content=\"summary_large_image\" \/>\n<meta name=\"twitter:site\" content=\"@bookhut_editora\" \/>\n<script type=\"application\/ld+json\" class=\"yoast-schema-graph\">{\"@context\":\"https:\/\/schema.org\",\"@graph\":[{\"@type\":\"WebSite\",\"@id\":\"https:\/\/bookhut.pt\/#website\",\"url\":\"https:\/\/bookhut.pt\/\",\"name\":\"Book Hut Editores\",\"description\":\"\",\"potentialAction\":[{\"@type\":\"SearchAction\",\"target\":\"https:\/\/bookhut.pt\/?s={search_term_string}\",\"query-input\":\"required name=search_term_string\"}],\"inLanguage\":\"fr-FR\"},{\"@type\":\"ImageObject\",\"@id\":\"https:\/\/bookhut.pt\/fr\/produto\/a-tumularia-medieval-abadia-de-alcobaca\/#primaryimage\",\"inLanguage\":\"fr-FR\",\"url\":\"https:\/\/bookhut.pt\/wp-content\/uploads\/2019\/12\/CAPA_Tumularia-1.jpg\",\"width\":945,\"height\":1307},{\"@type\":\"WebPage\",\"@id\":\"https:\/\/bookhut.pt\/fr\/produto\/a-tumularia-medieval-abadia-de-alcobaca\/#webpage\",\"url\":\"https:\/\/bookhut.pt\/fr\/produto\/a-tumularia-medieval-abadia-de-alcobaca\/\",\"name\":\"A Tumul\\u00e1ria Medieval - Abadia de Alcoba\\u00e7a - Book Hut Editores\",\"isPartOf\":{\"@id\":\"https:\/\/bookhut.pt\/#website\"},\"primaryImageOfPage\":{\"@id\":\"https:\/\/bookhut.pt\/fr\/produto\/a-tumularia-medieval-abadia-de-alcobaca\/#primaryimage\"},\"datePublished\":\"2019-12-03T10:51:41+00:00\",\"dateModified\":\"2023-11-10T20:41:23+00:00\",\"inLanguage\":\"fr-FR\",\"potentialAction\":[{\"@type\":\"ReadAction\",\"target\":[\"https:\/\/bookhut.pt\/fr\/produto\/a-tumularia-medieval-abadia-de-alcobaca\/\"]}]}]}<\/script>\n<!-- \/ Yoast SEO plugin. -->","_links":{"self":[{"href":"https:\/\/bookhut.pt\/fr\/wp-json\/wp\/v2\/product\/1804"}],"collection":[{"href":"https:\/\/bookhut.pt\/fr\/wp-json\/wp\/v2\/product"}],"about":[{"href":"https:\/\/bookhut.pt\/fr\/wp-json\/wp\/v2\/types\/product"}],"wp:featuredmedia":[{"embeddable":true,"href":"https:\/\/bookhut.pt\/fr\/wp-json\/wp\/v2\/media\/1816"}],"wp:attachment":[{"href":"https:\/\/bookhut.pt\/fr\/wp-json\/wp\/v2\/media?parent=1804"}],"curies":[{"name":"wp","href":"https:\/\/api.w.org\/{rel}","templated":true}]}}