{"id":1803,"date":"2019-12-03T10:47:52","date_gmt":"2019-12-03T10:47:52","guid":{"rendered":"https:\/\/bookhut.pt\/?post_type=product&#038;p=1803"},"modified":"2025-02-13T21:55:43","modified_gmt":"2025-02-13T21:55:43","slug":"faianca-portuguesa-seculos-xviii-xix","status":"publish","type":"product","link":"https:\/\/bookhut.pt\/fr\/produto\/faianca-portuguesa-seculos-xviii-xix\/","title":{"rendered":"Faian\u00e7a Portuguesa &#8211; S\u00e9culos XVIII-XIX"},"content":{"rendered":"<p>[vc_row][vc_column][vc_column_text]Faian\u00e7a Portuguesa dos s\u00e9culos XVIII e XIX \u00e9 um estudo acerca do que melhor se produziu em faian\u00e7a em Portugal.<\/p>\n<p>Algumas das principais f\u00e1bricas sa\u00eddas das Reformas Pombalinas est\u00e3o aqui amplamente representadas, com especial destaque para a Real F\u00e1brica do Juncal, a Real F\u00e1brica do Cavaquinho no Porto e a produ\u00e7\u00e3o de Domingos Vandelli em Coimbra.<\/p>\n<p>Segundo o historiador de arte Vitor Serr\u00e3o, o presente livro testemunha o significado &#8211; para o patrim\u00f3nio local, para a cultura nacional, e para o investimento nos estudos cient\u00edficos ligados \u00e0 cer\u00e2mica.<\/p>\n<p>O Autor, Jorge Pereira de Sampaio, \u00e9 tamb\u00e9m historiador de arte e autor da primeira tese de doutoramento na \u00e1rea da Hist\u00f3ria da Cer\u00e2mica Portuguesa defendida em qualquer pa\u00eds de L\u00edngua Portuguesa.<\/p>\n<p>Alguns dos principais investigadores desta \u00e1rea escrevem neste livro: Rafael Salinas Calado, Alexandre Nobre Pais, Jo\u00e3o Pedro Monteiro, Margarida Rebelo Correia, Cristina Horta e Jorge Pereira de Sampaio.<\/p>\n<p>O livro apresenta testemunhos de tr\u00eas coleccionadores conhecedores da colec\u00e7\u00e3o: Isabel Silveira Godinho (directora do Pal\u00e1cio Nacional da Ajuda), Embaixador Jos\u00e9 Bouza Serrano (Chefe do Protocolo de Estado) e Ana Maria Botelho, para al\u00e9m de Jos\u00e9 Gon\u00e7alves Sapinho, Presidente da C\u00e2mara Municipal de Alcoba\u00e7a.|Esta publica\u00e7\u00e3o demonstra o interesse que a ACD Edi\u00e7\u00f5es tem na divulga\u00e7\u00e3o do patrim\u00f3nio nacional e nas Artes Decorativas em particular.[\/vc_column_text][\/vc_column][\/vc_row]<\/p>\n","protected":false},"excerpt":{"rendered":"<p>Faian\u00e7a Portuguesa dos s\u00e9culos XVIII e XIX \u00e9 um estudo acerca do que melhor se produziu em faian\u00e7a em Portugal.<\/p>\n<p>Algumas das principais f\u00e1bricas sa\u00eddas das Reformas Pombalinas est\u00e3o aqui amplamente representadas, com especial destaque para a Real F\u00e1brica do Juncal, a Real F\u00e1brica do Cavaquinho no Porto e a produ\u00e7\u00e3o de Domingos Vandelli em Coimbra.<\/p>\n<p>Segundo o historiador de arte Vitor Serr\u00e3o, o presente livro testemunha o significado &#8211; para o patrim\u00f3nio local, para a cultura nacional, e para o investimento nos estudos cient\u00edficos ligados \u00e0 cer\u00e2mica.<\/p>\n<p>O Autor, Jorge Pereira de Sampaio, \u00e9 tamb\u00e9m historiador de arte e autor da primeira tese de doutoramento na \u00e1rea da Hist\u00f3ria da Cer\u00e2mica Portuguesa defendida em qualquer pa\u00eds de L\u00edngua Portuguesa.<\/p>\n<p>Alguns dos principais investigadores desta \u00e1rea escrevem neste livro: Rafael Salinas Calado, Alexandre Nobre Pais, Jo\u00e3o Pedro Monteiro, Margarida Rebelo Correia, Cristina Horta e Jorge Pereira de Sampaio.<\/p>\n<p>O livro apresenta testemunhos de tr\u00eas coleccionadores conhecedores da colec\u00e7\u00e3o: Isabel Silveira Godinho (directora do Pal\u00e1cio Nacional da Ajuda), Embaixador Jos\u00e9 Bouza Serrano (Chefe do Protocolo de Estado) e Ana Maria Botelho, para al\u00e9m de Jos\u00e9 Gon\u00e7alves Sapinho, Presidente da C\u00e2mara Municipal de Alcoba\u00e7a.|Esta publica\u00e7\u00e3o demonstra o interesse que a ACD Edi\u00e7\u00f5es tem na divulga\u00e7\u00e3o do patrim\u00f3nio nacional e nas Artes Decorativas em particular.<\/p>\n","protected":false},"featured_media":2198,"template":"","meta":[],"yoast_head":"<!-- This site is optimized with the Yoast SEO plugin v15.6 - https:\/\/yoast.com\/wordpress\/plugins\/seo\/ -->\n<title>Faian\u00e7a Portuguesa - S\u00e9culos XVIII-XIX - Book Hut Editores<\/title>\n<meta name=\"robots\" content=\"index, follow, max-snippet:-1, max-image-preview:large, max-video-preview:-1\" \/>\n<link rel=\"canonical\" href=\"https:\/\/bookhut.pt\/fr\/produto\/faianca-portuguesa-seculos-xviii-xix\/\" \/>\n<meta property=\"og:locale\" content=\"fr_FR\" \/>\n<meta property=\"og:type\" content=\"article\" \/>\n<meta property=\"og:title\" content=\"Faian\u00e7a Portuguesa - S\u00e9culos XVIII-XIX - Book Hut Editores\" \/>\n<meta property=\"og:description\" content=\"Faian\u00e7a Portuguesa dos s\u00e9culos XVIII e XIX \u00e9 um estudo acerca do que melhor se produziu em faian\u00e7a em Portugal.  Algumas das principais f\u00e1bricas sa\u00eddas das Reformas Pombalinas est\u00e3o aqui amplamente representadas, com especial destaque para a Real F\u00e1brica do Juncal, a Real F\u00e1brica do Cavaquinho no Porto e a produ\u00e7\u00e3o de Domingos Vandelli em Coimbra.  Segundo o historiador de arte Vitor Serr\u00e3o, o presente livro testemunha o significado - para o patrim\u00f3nio local, para a cultura nacional, e para o investimento nos estudos cient\u00edficos ligados \u00e0 cer\u00e2mica.  O Autor, Jorge Pereira de Sampaio, \u00e9 tamb\u00e9m historiador de arte e autor da primeira tese de doutoramento na \u00e1rea da Hist\u00f3ria da Cer\u00e2mica Portuguesa defendida em qualquer pa\u00eds de L\u00edngua Portuguesa.  Alguns dos principais investigadores desta \u00e1rea escrevem neste livro: Rafael Salinas Calado, Alexandre Nobre Pais, Jo\u00e3o Pedro Monteiro, Margarida Rebelo Correia, Cristina Horta e Jorge Pereira de Sampaio.  O livro apresenta testemunhos de tr\u00eas coleccionadores conhecedores da colec\u00e7\u00e3o: Isabel Silveira Godinho (directora do Pal\u00e1cio Nacional da Ajuda), Embaixador Jos\u00e9 Bouza Serrano (Chefe do Protocolo de Estado) e Ana Maria Botelho, para al\u00e9m de Jos\u00e9 Gon\u00e7alves Sapinho, Presidente da C\u00e2mara Municipal de Alcoba\u00e7a.|Esta publica\u00e7\u00e3o demonstra o interesse que a ACD Edi\u00e7\u00f5es tem na divulga\u00e7\u00e3o do patrim\u00f3nio nacional e nas Artes Decorativas em particular.\" \/>\n<meta property=\"og:url\" content=\"https:\/\/bookhut.pt\/fr\/produto\/faianca-portuguesa-seculos-xviii-xix\/\" \/>\n<meta property=\"og:site_name\" content=\"Book Hut Editores\" \/>\n<meta property=\"article:publisher\" content=\"https:\/\/www.facebook.com\/thebookhuteditora\/\" \/>\n<meta property=\"article:modified_time\" content=\"2025-02-13T21:55:43+00:00\" \/>\n<meta property=\"og:image\" content=\"https:\/\/bookhut.pt\/wp-content\/uploads\/2019\/12\/2009-Capa-Faian\u00e7a-Portuguesa.jpg\" \/>\n\t<meta property=\"og:image:width\" content=\"1969\" \/>\n\t<meta property=\"og:image:height\" content=\"2441\" \/>\n<meta name=\"twitter:card\" content=\"summary_large_image\" \/>\n<meta name=\"twitter:site\" content=\"@bookhut_editora\" \/>\n<script type=\"application\/ld+json\" class=\"yoast-schema-graph\">{\"@context\":\"https:\/\/schema.org\",\"@graph\":[{\"@type\":\"WebSite\",\"@id\":\"https:\/\/bookhut.pt\/#website\",\"url\":\"https:\/\/bookhut.pt\/\",\"name\":\"Book Hut Editores\",\"description\":\"\",\"potentialAction\":[{\"@type\":\"SearchAction\",\"target\":\"https:\/\/bookhut.pt\/?s={search_term_string}\",\"query-input\":\"required name=search_term_string\"}],\"inLanguage\":\"fr-FR\"},{\"@type\":\"ImageObject\",\"@id\":\"https:\/\/bookhut.pt\/fr\/produto\/faianca-portuguesa-seculos-xviii-xix\/#primaryimage\",\"inLanguage\":\"fr-FR\",\"url\":\"https:\/\/bookhut.pt\/wp-content\/uploads\/2019\/12\/2009-Capa-Faian\\u00e7a-Portuguesa.jpg\",\"width\":1969,\"height\":2441},{\"@type\":\"WebPage\",\"@id\":\"https:\/\/bookhut.pt\/fr\/produto\/faianca-portuguesa-seculos-xviii-xix\/#webpage\",\"url\":\"https:\/\/bookhut.pt\/fr\/produto\/faianca-portuguesa-seculos-xviii-xix\/\",\"name\":\"Faian\\u00e7a Portuguesa - S\\u00e9culos XVIII-XIX - Book Hut Editores\",\"isPartOf\":{\"@id\":\"https:\/\/bookhut.pt\/#website\"},\"primaryImageOfPage\":{\"@id\":\"https:\/\/bookhut.pt\/fr\/produto\/faianca-portuguesa-seculos-xviii-xix\/#primaryimage\"},\"datePublished\":\"2019-12-03T10:47:52+00:00\",\"dateModified\":\"2025-02-13T21:55:43+00:00\",\"inLanguage\":\"fr-FR\",\"potentialAction\":[{\"@type\":\"ReadAction\",\"target\":[\"https:\/\/bookhut.pt\/fr\/produto\/faianca-portuguesa-seculos-xviii-xix\/\"]}]}]}<\/script>\n<!-- \/ Yoast SEO plugin. -->","_links":{"self":[{"href":"https:\/\/bookhut.pt\/fr\/wp-json\/wp\/v2\/product\/1803"}],"collection":[{"href":"https:\/\/bookhut.pt\/fr\/wp-json\/wp\/v2\/product"}],"about":[{"href":"https:\/\/bookhut.pt\/fr\/wp-json\/wp\/v2\/types\/product"}],"wp:featuredmedia":[{"embeddable":true,"href":"https:\/\/bookhut.pt\/fr\/wp-json\/wp\/v2\/media\/2198"}],"wp:attachment":[{"href":"https:\/\/bookhut.pt\/fr\/wp-json\/wp\/v2\/media?parent=1803"}],"curies":[{"name":"wp","href":"https:\/\/api.w.org\/{rel}","templated":true}]}}