{"id":1802,"date":"2019-12-03T10:45:35","date_gmt":"2019-12-03T10:45:35","guid":{"rendered":"https:\/\/bookhut.pt\/?post_type=product&#038;p=1802"},"modified":"2020-11-17T16:03:34","modified_gmt":"2020-11-17T16:03:34","slug":"santa-maria-de-alcobaca-luz-e-pedra","status":"publish","type":"product","link":"https:\/\/bookhut.pt\/fr\/produto\/santa-maria-de-alcobaca-luz-e-pedra\/","title":{"rendered":"Santa Maria de Alcoba\u00e7a &#8211; Luz e Pedra"},"content":{"rendered":"<p>[vc_row][vc_column][vc_column_text]Este livro re\u00fane uma selec\u00e7\u00e3o de fotos da obra art\u00edstica do autor Jo\u00e3o Daniel, despertando o leitor para pormenores , atrav\u00e9s de imagens, que fazem parte da abadia de Santa Maria de Alcoba\u00e7a, revelando assim a sua beleza e hist\u00f3ria.<\/p>\n<p>O livro \u00e9 o resultado da paix\u00e3o e dedica\u00e7\u00e3o fotogr\u00e1fica do autor, em que ao longo de 35 anos (1975 a 2010), capta imagens de rara beleza do Mosteiro, momentos \u00fanicos retratados nas belas imagens contidas nesta obra.<\/p>\n<p>A Abadia de Santa Maria de Alcoba\u00e7a faz parte da Obra Cisterciense consubstanciada na edifica\u00e7\u00e3o de mais de trezentos mosteiros na Europa e este livro, agora editado, ficar\u00e1 como documento identit\u00e1rio desta grandiosa obra cisterciense.[\/vc_column_text][\/vc_column][\/vc_row]<\/p>\n","protected":false},"excerpt":{"rendered":"<p>Este livro re\u00fane uma selec\u00e7\u00e3o de fotos da obra art\u00edstica do autor Jo\u00e3o Daniel, despertando o leitor para pormenores , atrav\u00e9s de imagens, que fazem parte da abadia de Santa Maria de Alcoba\u00e7a, revelando assim a sua beleza e hist\u00f3ria.<\/p>\n<p>O livro \u00e9 o resultado da paix\u00e3o e dedica\u00e7\u00e3o fotogr\u00e1fica do autor, em que ao longo de 35 anos (1975 a 2010), capta imagens de rara beleza do Mosteiro, momentos \u00fanicos retratados nas belas imagens contidas nesta obra.<\/p>\n<p>A Abadia de Santa Maria de Alcoba\u00e7a faz parte da Obra Cisterciense consubstanciada na edifica\u00e7\u00e3o de mais de trezentos mosteiros na Europa e este livro, agora editado, ficar\u00e1 como documento identit\u00e1rio desta grandiosa obra cisterciense.<\/p>\n","protected":false},"featured_media":2502,"template":"","meta":[],"yoast_head":"<!-- This site is optimized with the Yoast SEO plugin v15.6 - https:\/\/yoast.com\/wordpress\/plugins\/seo\/ -->\n<title>Santa Maria de Alcoba\u00e7a - Luz e Pedra - Book Hut Editores<\/title>\n<meta name=\"robots\" content=\"index, follow, max-snippet:-1, max-image-preview:large, max-video-preview:-1\" \/>\n<link rel=\"canonical\" href=\"https:\/\/bookhut.pt\/fr\/produto\/santa-maria-de-alcobaca-luz-e-pedra\/\" \/>\n<meta property=\"og:locale\" content=\"fr_FR\" \/>\n<meta property=\"og:type\" content=\"article\" \/>\n<meta property=\"og:title\" content=\"Santa Maria de Alcoba\u00e7a - Luz e Pedra - Book Hut Editores\" \/>\n<meta property=\"og:description\" content=\"Este livro re\u00fane uma selec\u00e7\u00e3o de fotos da obra art\u00edstica do autor Jo\u00e3o Daniel, despertando o leitor para pormenores , atrav\u00e9s de imagens, que fazem parte da abadia de Santa Maria de Alcoba\u00e7a, revelando assim a sua beleza e hist\u00f3ria.  O livro \u00e9 o resultado da paix\u00e3o e dedica\u00e7\u00e3o fotogr\u00e1fica do autor, em que ao longo de 35 anos (1975 a 2010), capta imagens de rara beleza do Mosteiro, momentos \u00fanicos retratados nas belas imagens contidas nesta obra.  A Abadia de Santa Maria de Alcoba\u00e7a faz parte da Obra Cisterciense consubstanciada na edifica\u00e7\u00e3o de mais de trezentos mosteiros na Europa e este livro, agora editado, ficar\u00e1 como documento identit\u00e1rio desta grandiosa obra cisterciense.\" \/>\n<meta property=\"og:url\" content=\"https:\/\/bookhut.pt\/fr\/produto\/santa-maria-de-alcobaca-luz-e-pedra\/\" \/>\n<meta property=\"og:site_name\" content=\"Book Hut Editores\" \/>\n<meta property=\"article:publisher\" content=\"https:\/\/www.facebook.com\/thebookhuteditora\/\" \/>\n<meta property=\"article:modified_time\" content=\"2020-11-17T16:03:34+00:00\" \/>\n<meta property=\"og:image\" content=\"https:\/\/bookhut.pt\/wp-content\/uploads\/2019\/12\/image_35_1024x1024-1.jpg\" \/>\n\t<meta property=\"og:image:width\" content=\"400\" \/>\n\t<meta property=\"og:image:height\" content=\"508\" \/>\n<meta name=\"twitter:card\" content=\"summary_large_image\" \/>\n<meta name=\"twitter:site\" content=\"@bookhut_editora\" \/>\n<script type=\"application\/ld+json\" class=\"yoast-schema-graph\">{\"@context\":\"https:\/\/schema.org\",\"@graph\":[{\"@type\":\"WebSite\",\"@id\":\"https:\/\/bookhut.pt\/#website\",\"url\":\"https:\/\/bookhut.pt\/\",\"name\":\"Book Hut Editores\",\"description\":\"\",\"potentialAction\":[{\"@type\":\"SearchAction\",\"target\":\"https:\/\/bookhut.pt\/?s={search_term_string}\",\"query-input\":\"required name=search_term_string\"}],\"inLanguage\":\"fr-FR\"},{\"@type\":\"ImageObject\",\"@id\":\"https:\/\/bookhut.pt\/fr\/produto\/santa-maria-de-alcobaca-luz-e-pedra\/#primaryimage\",\"inLanguage\":\"fr-FR\",\"url\":\"https:\/\/bookhut.pt\/wp-content\/uploads\/2019\/12\/image_35_1024x1024-1.jpg\",\"width\":400,\"height\":508},{\"@type\":\"WebPage\",\"@id\":\"https:\/\/bookhut.pt\/fr\/produto\/santa-maria-de-alcobaca-luz-e-pedra\/#webpage\",\"url\":\"https:\/\/bookhut.pt\/fr\/produto\/santa-maria-de-alcobaca-luz-e-pedra\/\",\"name\":\"Santa Maria de Alcoba\\u00e7a - Luz e Pedra - Book Hut Editores\",\"isPartOf\":{\"@id\":\"https:\/\/bookhut.pt\/#website\"},\"primaryImageOfPage\":{\"@id\":\"https:\/\/bookhut.pt\/fr\/produto\/santa-maria-de-alcobaca-luz-e-pedra\/#primaryimage\"},\"datePublished\":\"2019-12-03T10:45:35+00:00\",\"dateModified\":\"2020-11-17T16:03:34+00:00\",\"inLanguage\":\"fr-FR\",\"potentialAction\":[{\"@type\":\"ReadAction\",\"target\":[\"https:\/\/bookhut.pt\/fr\/produto\/santa-maria-de-alcobaca-luz-e-pedra\/\"]}]}]}<\/script>\n<!-- \/ Yoast SEO plugin. -->","_links":{"self":[{"href":"https:\/\/bookhut.pt\/fr\/wp-json\/wp\/v2\/product\/1802"}],"collection":[{"href":"https:\/\/bookhut.pt\/fr\/wp-json\/wp\/v2\/product"}],"about":[{"href":"https:\/\/bookhut.pt\/fr\/wp-json\/wp\/v2\/types\/product"}],"wp:featuredmedia":[{"embeddable":true,"href":"https:\/\/bookhut.pt\/fr\/wp-json\/wp\/v2\/media\/2502"}],"wp:attachment":[{"href":"https:\/\/bookhut.pt\/fr\/wp-json\/wp\/v2\/media?parent=1802"}],"curies":[{"name":"wp","href":"https:\/\/api.w.org\/{rel}","templated":true}]}}