{"id":1801,"date":"2019-12-03T10:42:07","date_gmt":"2019-12-03T10:42:07","guid":{"rendered":"https:\/\/bookhut.pt\/?post_type=product&#038;p=1801"},"modified":"2020-11-17T16:03:34","modified_gmt":"2020-11-17T16:03:34","slug":"a-explicacao-dos-prodigios","status":"publish","type":"product","link":"https:\/\/bookhut.pt\/fr\/produto\/a-explicacao-dos-prodigios\/","title":{"rendered":"A Explica\u00e7\u00e3o dos Prod\u00edgios"},"content":{"rendered":"<p>[vc_row][vc_column][vc_column_text]Edi\u00e7\u00e3o bilingue portugu\u00eas\/ingl\u00eas.Explica\u00e7\u00e3o dos Prod\u00edgios; nota biogr\u00e1fica de Onik; Dali e Onik; Selec\u00e7\u00e3o de Pintura de 1950-2004; Joalharia e por fim Dan\u00e7a.<\/p>\n<p>Onik Sahakian Nasceu em 1936, na capital do ent\u00e3o Imp\u00e9rio Persa. Em crian\u00e7a, recebeu uma bolsa de estudo para a frequ\u00eancia do Curso de Pintura de Miniaturas Persas, no afamado Honarestan Ziba\u00e9 Keshwar (Instituto de Belas Artes de Teer\u00e3o).<\/p>\n<p>Em 1956 partiu para os EUA, ingressando na Chouniard Arts School de Los Angeles, concluindo o seu Master em 1964, tendo estudado as t\u00e9cnicas dos pintores cl\u00e1ssicos, sendo influenciado pelas escolas francesa, holandesa e italiana, embora numa fase posterior, viesse a interessar-se pelos impressionistas franceses.<\/p>\n<p>Foi consultor da Imperatriz Farah Diba, no \u00e2mbito do Centro Cultural Niavaran.Conheceu Salvador Dali em 1958 e essa amizade perduraria at\u00e9 ao fim da vida do pintor espanhol, inevitavelmente sendo tamb\u00e9m atra\u00eddo por uma certa vis\u00e3o do mundo, plasmada no irresist\u00edvel apelo do Surrealismo Daliniano. Em 1987, Onik estabeleceu-se em Lisboa e aqui realizou a sua primeira exposi\u00e7\u00e3o em territ\u00f3rio nacional, onde o seu multifacetado talento proporciona trabalhos de pintura e joalharia &#8211; algumas das j\u00f3ias de Gala eram de sua autoria -, escultura, cenografia e guarda roupa para ballet.[\/vc_column_text][\/vc_column][\/vc_row]<\/p>\n","protected":false},"excerpt":{"rendered":"<p>Edi\u00e7\u00e3o bilingue portugu\u00eas\/ingl\u00eas.Explica\u00e7\u00e3o dos Prod\u00edgios; nota biogr\u00e1fica de Onik; Dali e Onik; Selec\u00e7\u00e3o de Pintura de 1950-2004; Joalharia e por fim Dan\u00e7a.<\/p>\n<p>Onik Sahakian Nasceu em 1936, na capital do ent\u00e3o Imp\u00e9rio Persa. Em crian\u00e7a, recebeu uma bolsa de estudo para a frequ\u00eancia do Curso de Pintura de Miniaturas Persas, no afamado Honarestan Ziba\u00e9 Keshwar (Instituto de Belas Artes de Teer\u00e3o).<\/p>\n<p>Em 1956 partiu para os EUA, ingressando na Chouniard Arts School de Los Angeles, concluindo o seu Master em 1964, tendo estudado as t\u00e9cnicas dos pintores cl\u00e1ssicos, sendo influenciado pelas escolas francesa, holandesa e italiana, embora numa fase posterior, viesse a interessar-se pelos impressionistas franceses.<\/p>\n<p>Foi consultor da Imperatriz Farah Diba, no \u00e2mbito do Centro Cultural Niavaran.Conheceu Salvador Dali em 1958 e essa amizade perduraria at\u00e9 ao fim da vida do pintor espanhol, inevitavelmente sendo tamb\u00e9m atra\u00eddo por uma certa vis\u00e3o do mundo, plasmada no irresist\u00edvel apelo do Surrealismo Daliniano. Em 1987, Onik estabeleceu-se em Lisboa e aqui realizou a sua primeira exposi\u00e7\u00e3o em territ\u00f3rio nacional, onde o seu multifacetado talento proporciona trabalhos de pintura e joalharia &#8211; algumas das j\u00f3ias de Gala eram de sua autoria -, escultura, cenografia e guarda roupa para ballet.<\/p>\n","protected":false},"featured_media":2506,"template":"","meta":[],"yoast_head":"<!-- This site is optimized with the Yoast SEO plugin v15.6 - https:\/\/yoast.com\/wordpress\/plugins\/seo\/ -->\n<title>A Explica\u00e7\u00e3o dos Prod\u00edgios - Book Hut Editores<\/title>\n<meta name=\"robots\" content=\"index, follow, max-snippet:-1, max-image-preview:large, max-video-preview:-1\" \/>\n<link rel=\"canonical\" href=\"https:\/\/bookhut.pt\/fr\/produto\/a-explicacao-dos-prodigios\/\" \/>\n<meta property=\"og:locale\" content=\"fr_FR\" \/>\n<meta property=\"og:type\" content=\"article\" \/>\n<meta property=\"og:title\" content=\"A Explica\u00e7\u00e3o dos Prod\u00edgios - Book Hut Editores\" \/>\n<meta property=\"og:description\" content=\"Edi\u00e7\u00e3o bilingue portugu\u00eas\/ingl\u00eas.Explica\u00e7\u00e3o dos Prod\u00edgios; nota biogr\u00e1fica de Onik; Dali e Onik; Selec\u00e7\u00e3o de Pintura de 1950-2004; Joalharia e por fim Dan\u00e7a.  Onik Sahakian Nasceu em 1936, na capital do ent\u00e3o Imp\u00e9rio Persa. Em crian\u00e7a, recebeu uma bolsa de estudo para a frequ\u00eancia do Curso de Pintura de Miniaturas Persas, no afamado Honarestan Ziba\u00e9 Keshwar (Instituto de Belas Artes de Teer\u00e3o).  Em 1956 partiu para os EUA, ingressando na Chouniard Arts School de Los Angeles, concluindo o seu Master em 1964, tendo estudado as t\u00e9cnicas dos pintores cl\u00e1ssicos, sendo influenciado pelas escolas francesa, holandesa e italiana, embora numa fase posterior, viesse a interessar-se pelos impressionistas franceses.  Foi consultor da Imperatriz Farah Diba, no \u00e2mbito do Centro Cultural Niavaran.Conheceu Salvador Dali em 1958 e essa amizade perduraria at\u00e9 ao fim da vida do pintor espanhol, inevitavelmente sendo tamb\u00e9m atra\u00eddo por uma certa vis\u00e3o do mundo, plasmada no irresist\u00edvel apelo do Surrealismo Daliniano. Em 1987, Onik estabeleceu-se em Lisboa e aqui realizou a sua primeira exposi\u00e7\u00e3o em territ\u00f3rio nacional, onde o seu multifacetado talento proporciona trabalhos de pintura e joalharia - algumas das j\u00f3ias de Gala eram de sua autoria -, escultura, cenografia e guarda roupa para ballet.\" \/>\n<meta property=\"og:url\" content=\"https:\/\/bookhut.pt\/fr\/produto\/a-explicacao-dos-prodigios\/\" \/>\n<meta property=\"og:site_name\" content=\"Book Hut Editores\" \/>\n<meta property=\"article:publisher\" content=\"https:\/\/www.facebook.com\/thebookhuteditora\/\" \/>\n<meta property=\"article:modified_time\" content=\"2020-11-17T16:03:34+00:00\" \/>\n<meta property=\"og:image\" content=\"https:\/\/bookhut.pt\/wp-content\/uploads\/2019\/12\/31giAKlaAL.jpg\" \/>\n\t<meta property=\"og:image:width\" content=\"350\" \/>\n\t<meta property=\"og:image:height\" content=\"494\" \/>\n<meta name=\"twitter:card\" content=\"summary_large_image\" \/>\n<meta name=\"twitter:site\" content=\"@bookhut_editora\" \/>\n<script type=\"application\/ld+json\" class=\"yoast-schema-graph\">{\"@context\":\"https:\/\/schema.org\",\"@graph\":[{\"@type\":\"WebSite\",\"@id\":\"https:\/\/bookhut.pt\/#website\",\"url\":\"https:\/\/bookhut.pt\/\",\"name\":\"Book Hut Editores\",\"description\":\"\",\"potentialAction\":[{\"@type\":\"SearchAction\",\"target\":\"https:\/\/bookhut.pt\/?s={search_term_string}\",\"query-input\":\"required name=search_term_string\"}],\"inLanguage\":\"fr-FR\"},{\"@type\":\"ImageObject\",\"@id\":\"https:\/\/bookhut.pt\/fr\/produto\/a-explicacao-dos-prodigios\/#primaryimage\",\"inLanguage\":\"fr-FR\",\"url\":\"https:\/\/bookhut.pt\/wp-content\/uploads\/2019\/12\/31giAKlaAL.jpg\",\"width\":350,\"height\":494},{\"@type\":\"WebPage\",\"@id\":\"https:\/\/bookhut.pt\/fr\/produto\/a-explicacao-dos-prodigios\/#webpage\",\"url\":\"https:\/\/bookhut.pt\/fr\/produto\/a-explicacao-dos-prodigios\/\",\"name\":\"A Explica\\u00e7\\u00e3o dos Prod\\u00edgios - Book Hut Editores\",\"isPartOf\":{\"@id\":\"https:\/\/bookhut.pt\/#website\"},\"primaryImageOfPage\":{\"@id\":\"https:\/\/bookhut.pt\/fr\/produto\/a-explicacao-dos-prodigios\/#primaryimage\"},\"datePublished\":\"2019-12-03T10:42:07+00:00\",\"dateModified\":\"2020-11-17T16:03:34+00:00\",\"inLanguage\":\"fr-FR\",\"potentialAction\":[{\"@type\":\"ReadAction\",\"target\":[\"https:\/\/bookhut.pt\/fr\/produto\/a-explicacao-dos-prodigios\/\"]}]}]}<\/script>\n<!-- \/ Yoast SEO plugin. -->","_links":{"self":[{"href":"https:\/\/bookhut.pt\/fr\/wp-json\/wp\/v2\/product\/1801"}],"collection":[{"href":"https:\/\/bookhut.pt\/fr\/wp-json\/wp\/v2\/product"}],"about":[{"href":"https:\/\/bookhut.pt\/fr\/wp-json\/wp\/v2\/types\/product"}],"wp:featuredmedia":[{"embeddable":true,"href":"https:\/\/bookhut.pt\/fr\/wp-json\/wp\/v2\/media\/2506"}],"wp:attachment":[{"href":"https:\/\/bookhut.pt\/fr\/wp-json\/wp\/v2\/media?parent=1801"}],"curies":[{"name":"wp","href":"https:\/\/api.w.org\/{rel}","templated":true}]}}