{"id":1798,"date":"2019-12-03T10:27:28","date_gmt":"2019-12-03T10:27:28","guid":{"rendered":"https:\/\/bookhut.pt\/?post_type=product&#038;p=1798"},"modified":"2023-03-03T18:41:17","modified_gmt":"2023-03-03T18:41:17","slug":"luis-macieira-relacoes-infectadas","status":"publish","type":"product","link":"https:\/\/bookhut.pt\/fr\/produto\/luis-macieira-relacoes-infectadas\/","title":{"rendered":"Lu\u00eds Macieira &#8211; Rela\u00e7\u00f5es Infectadas"},"content":{"rendered":"<p>[vc_row][vc_column][vc_column_text]&#8221;Criar, criar, quantas vezes repeti essa palavra neste texto? Os Ateliers de Arte do Bairro Alto orgulham-se de participar na edi\u00e7\u00e3o deste livro absolutamente arrebatador, mostrando ao mundo que a fala, o grito, o arremesso, o excesso, s\u00e3o elementos que o impedem de amolecer em rotinas de morte.&#8221; &#8211; Jorge Pereira de Almeida[\/vc_column_text][\/vc_column][\/vc_row]<\/p>\n","protected":false},"excerpt":{"rendered":"<p>&#8220;Criar, criar, quantas vezes repeti essa palavra neste texto? Os Ateliers de Arte do Bairro Alto orgulham-se de participar na edi\u00e7\u00e3o deste livro absolutamente arrebatador, mostrando ao mundo que a fala, o grito, o arremesso, o excesso, s\u00e3o elementos que o impedem de amolecer em rotinas de morte.&#8221; &#8211; Jorge Pereira de Almeida<\/p>\n","protected":false},"featured_media":2082,"template":"","meta":[],"yoast_head":"<!-- This site is optimized with the Yoast SEO plugin v15.6 - https:\/\/yoast.com\/wordpress\/plugins\/seo\/ -->\n<title>Lu\u00eds Macieira - Rela\u00e7\u00f5es Infectadas - Book Hut Editores<\/title>\n<meta name=\"robots\" content=\"index, follow, max-snippet:-1, max-image-preview:large, max-video-preview:-1\" \/>\n<link rel=\"canonical\" href=\"https:\/\/bookhut.pt\/fr\/produto\/luis-macieira-relacoes-infectadas\/\" \/>\n<meta property=\"og:locale\" content=\"fr_FR\" \/>\n<meta property=\"og:type\" content=\"article\" \/>\n<meta property=\"og:title\" content=\"Lu\u00eds Macieira - Rela\u00e7\u00f5es Infectadas - Book Hut Editores\" \/>\n<meta property=\"og:description\" content=\"&quot;Criar, criar, quantas vezes repeti essa palavra neste texto? Os Ateliers de Arte do Bairro Alto orgulham-se de participar na edi\u00e7\u00e3o deste livro absolutamente arrebatador, mostrando ao mundo que a fala, o grito, o arremesso, o excesso, s\u00e3o elementos que o impedem de amolecer em rotinas de morte.&quot; - Jorge Pereira de Almeida\" \/>\n<meta property=\"og:url\" content=\"https:\/\/bookhut.pt\/fr\/produto\/luis-macieira-relacoes-infectadas\/\" \/>\n<meta property=\"og:site_name\" content=\"Book Hut Editores\" \/>\n<meta property=\"article:publisher\" content=\"https:\/\/www.facebook.com\/thebookhuteditora\/\" \/>\n<meta property=\"article:modified_time\" content=\"2023-03-03T18:41:17+00:00\" \/>\n<meta property=\"og:image\" content=\"https:\/\/bookhut.pt\/wp-content\/uploads\/2019\/12\/2005-Capa-LUIS-MACIEIRA.jpg\" \/>\n\t<meta property=\"og:image:width\" content=\"595\" \/>\n\t<meta property=\"og:image:height\" content=\"839\" \/>\n<meta name=\"twitter:card\" content=\"summary_large_image\" \/>\n<meta name=\"twitter:site\" content=\"@bookhut_editora\" \/>\n<script type=\"application\/ld+json\" class=\"yoast-schema-graph\">{\"@context\":\"https:\/\/schema.org\",\"@graph\":[{\"@type\":\"WebSite\",\"@id\":\"https:\/\/bookhut.pt\/#website\",\"url\":\"https:\/\/bookhut.pt\/\",\"name\":\"Book Hut Editores\",\"description\":\"\",\"potentialAction\":[{\"@type\":\"SearchAction\",\"target\":\"https:\/\/bookhut.pt\/?s={search_term_string}\",\"query-input\":\"required name=search_term_string\"}],\"inLanguage\":\"fr-FR\"},{\"@type\":\"ImageObject\",\"@id\":\"https:\/\/bookhut.pt\/fr\/produto\/luis-macieira-relacoes-infectadas\/#primaryimage\",\"inLanguage\":\"fr-FR\",\"url\":\"https:\/\/bookhut.pt\/wp-content\/uploads\/2019\/12\/2005-Capa-LUIS-MACIEIRA.jpg\",\"width\":595,\"height\":839},{\"@type\":\"WebPage\",\"@id\":\"https:\/\/bookhut.pt\/fr\/produto\/luis-macieira-relacoes-infectadas\/#webpage\",\"url\":\"https:\/\/bookhut.pt\/fr\/produto\/luis-macieira-relacoes-infectadas\/\",\"name\":\"Lu\\u00eds Macieira - Rela\\u00e7\\u00f5es Infectadas - Book Hut Editores\",\"isPartOf\":{\"@id\":\"https:\/\/bookhut.pt\/#website\"},\"primaryImageOfPage\":{\"@id\":\"https:\/\/bookhut.pt\/fr\/produto\/luis-macieira-relacoes-infectadas\/#primaryimage\"},\"datePublished\":\"2019-12-03T10:27:28+00:00\",\"dateModified\":\"2023-03-03T18:41:17+00:00\",\"inLanguage\":\"fr-FR\",\"potentialAction\":[{\"@type\":\"ReadAction\",\"target\":[\"https:\/\/bookhut.pt\/fr\/produto\/luis-macieira-relacoes-infectadas\/\"]}]}]}<\/script>\n<!-- \/ Yoast SEO plugin. -->","_links":{"self":[{"href":"https:\/\/bookhut.pt\/fr\/wp-json\/wp\/v2\/product\/1798"}],"collection":[{"href":"https:\/\/bookhut.pt\/fr\/wp-json\/wp\/v2\/product"}],"about":[{"href":"https:\/\/bookhut.pt\/fr\/wp-json\/wp\/v2\/types\/product"}],"wp:featuredmedia":[{"embeddable":true,"href":"https:\/\/bookhut.pt\/fr\/wp-json\/wp\/v2\/media\/2082"}],"wp:attachment":[{"href":"https:\/\/bookhut.pt\/fr\/wp-json\/wp\/v2\/media?parent=1798"}],"curies":[{"name":"wp","href":"https:\/\/api.w.org\/{rel}","templated":true}]}}