{"id":1796,"date":"2019-12-03T10:19:28","date_gmt":"2019-12-03T10:19:28","guid":{"rendered":"https:\/\/bookhut.pt\/?post_type=product&#038;p=1796"},"modified":"2024-07-16T16:12:23","modified_gmt":"2024-07-16T16:12:23","slug":"carlos-calvet-60-anos-de-pintura","status":"publish","type":"product","link":"https:\/\/bookhut.pt\/fr\/produto\/carlos-calvet-60-anos-de-pintura\/","title":{"rendered":"Carlos Calvet &#8211; 60 Anos de Pintura"},"content":{"rendered":"<p>[vc_row][vc_column][vc_column_text]A obra de Carlos Calvet \u00e9, na arte moderna portuguesa, uma refer\u00eancia fundamental n\u00e3o apenas por constituir um universo de intensa originalidade, marcado por uma dupla vertente on\u00edrica e surreal, mas tamb\u00e9m e sobretudo por ter vindo a afirmar, como Almada, do qual podemos consider\u00e1-lo brilhante disc\u00edpulo, um pensamento esot\u00e9rico na linha de uma geometria simb\u00f3lica, ao qual deu express\u00e3o em recente livro. Mestre para as futuras gera\u00e7\u00f5es que na sua pintura poder\u00e3o colher simultaneamente uma li\u00e7\u00e3o de mestria pl\u00e1stica e uma sabedoria po\u00e9tica.[\/vc_column_text][\/vc_column][\/vc_row]<\/p>\n","protected":false},"excerpt":{"rendered":"<p>A obra de Carlos Calvet \u00e9, na arte moderna portuguesa, uma refer\u00eancia fundamental n\u00e3o apenas por constituir um universo de intensa originalidade, marcado por uma dupla vertente on\u00edrica e surreal, mas tamb\u00e9m e sobretudo por ter vindo a afirmar, como Almada, do qual podemos consider\u00e1-lo brilhante disc\u00edpulo, um pensamento esot\u00e9rico na linha de uma geometria simb\u00f3lica, ao qual deu express\u00e3o em recente livro. Mestre para as futuras gera\u00e7\u00f5es que na sua pintura poder\u00e3o colher simultaneamente uma li\u00e7\u00e3o de mestria pl\u00e1stica e uma sabedoria po\u00e9tica.<\/p>\n","protected":false},"featured_media":2042,"template":"","meta":[],"yoast_head":"<!-- This site is optimized with the Yoast SEO plugin v15.6 - https:\/\/yoast.com\/wordpress\/plugins\/seo\/ -->\n<title>Carlos Calvet - 60 Anos de Pintura - Book Hut Editores<\/title>\n<meta name=\"robots\" content=\"index, follow, max-snippet:-1, max-image-preview:large, max-video-preview:-1\" \/>\n<link rel=\"canonical\" href=\"https:\/\/bookhut.pt\/fr\/produto\/carlos-calvet-60-anos-de-pintura\/\" \/>\n<meta property=\"og:locale\" content=\"fr_FR\" \/>\n<meta property=\"og:type\" content=\"article\" \/>\n<meta property=\"og:title\" content=\"Carlos Calvet - 60 Anos de Pintura - Book Hut Editores\" \/>\n<meta property=\"og:description\" content=\"A obra de Carlos Calvet \u00e9, na arte moderna portuguesa, uma refer\u00eancia fundamental n\u00e3o apenas por constituir um universo de intensa originalidade, marcado por uma dupla vertente on\u00edrica e surreal, mas tamb\u00e9m e sobretudo por ter vindo a afirmar, como Almada, do qual podemos consider\u00e1-lo brilhante disc\u00edpulo, um pensamento esot\u00e9rico na linha de uma geometria simb\u00f3lica, ao qual deu express\u00e3o em recente livro. Mestre para as futuras gera\u00e7\u00f5es que na sua pintura poder\u00e3o colher simultaneamente uma li\u00e7\u00e3o de mestria pl\u00e1stica e uma sabedoria po\u00e9tica.\" \/>\n<meta property=\"og:url\" content=\"https:\/\/bookhut.pt\/fr\/produto\/carlos-calvet-60-anos-de-pintura\/\" \/>\n<meta property=\"og:site_name\" content=\"Book Hut Editores\" \/>\n<meta property=\"article:publisher\" content=\"https:\/\/www.facebook.com\/thebookhuteditora\/\" \/>\n<meta property=\"article:modified_time\" content=\"2024-07-16T16:12:23+00:00\" \/>\n<meta property=\"og:image\" content=\"https:\/\/bookhut.pt\/wp-content\/uploads\/2019\/12\/2003-Capa-CALVET.jpg\" \/>\n\t<meta property=\"og:image:width\" content=\"595\" \/>\n\t<meta property=\"og:image:height\" content=\"842\" \/>\n<meta name=\"twitter:card\" content=\"summary_large_image\" \/>\n<meta name=\"twitter:site\" content=\"@bookhut_editora\" \/>\n<script type=\"application\/ld+json\" class=\"yoast-schema-graph\">{\"@context\":\"https:\/\/schema.org\",\"@graph\":[{\"@type\":\"WebSite\",\"@id\":\"https:\/\/bookhut.pt\/#website\",\"url\":\"https:\/\/bookhut.pt\/\",\"name\":\"Book Hut Editores\",\"description\":\"\",\"potentialAction\":[{\"@type\":\"SearchAction\",\"target\":\"https:\/\/bookhut.pt\/?s={search_term_string}\",\"query-input\":\"required name=search_term_string\"}],\"inLanguage\":\"fr-FR\"},{\"@type\":\"ImageObject\",\"@id\":\"https:\/\/bookhut.pt\/fr\/produto\/carlos-calvet-60-anos-de-pintura\/#primaryimage\",\"inLanguage\":\"fr-FR\",\"url\":\"https:\/\/bookhut.pt\/wp-content\/uploads\/2019\/12\/2003-Capa-CALVET.jpg\",\"width\":595,\"height\":842},{\"@type\":\"WebPage\",\"@id\":\"https:\/\/bookhut.pt\/fr\/produto\/carlos-calvet-60-anos-de-pintura\/#webpage\",\"url\":\"https:\/\/bookhut.pt\/fr\/produto\/carlos-calvet-60-anos-de-pintura\/\",\"name\":\"Carlos Calvet - 60 Anos de Pintura - Book Hut Editores\",\"isPartOf\":{\"@id\":\"https:\/\/bookhut.pt\/#website\"},\"primaryImageOfPage\":{\"@id\":\"https:\/\/bookhut.pt\/fr\/produto\/carlos-calvet-60-anos-de-pintura\/#primaryimage\"},\"datePublished\":\"2019-12-03T10:19:28+00:00\",\"dateModified\":\"2024-07-16T16:12:23+00:00\",\"inLanguage\":\"fr-FR\",\"potentialAction\":[{\"@type\":\"ReadAction\",\"target\":[\"https:\/\/bookhut.pt\/fr\/produto\/carlos-calvet-60-anos-de-pintura\/\"]}]}]}<\/script>\n<!-- \/ Yoast SEO plugin. -->","_links":{"self":[{"href":"https:\/\/bookhut.pt\/fr\/wp-json\/wp\/v2\/product\/1796"}],"collection":[{"href":"https:\/\/bookhut.pt\/fr\/wp-json\/wp\/v2\/product"}],"about":[{"href":"https:\/\/bookhut.pt\/fr\/wp-json\/wp\/v2\/types\/product"}],"wp:featuredmedia":[{"embeddable":true,"href":"https:\/\/bookhut.pt\/fr\/wp-json\/wp\/v2\/media\/2042"}],"wp:attachment":[{"href":"https:\/\/bookhut.pt\/fr\/wp-json\/wp\/v2\/media?parent=1796"}],"curies":[{"name":"wp","href":"https:\/\/api.w.org\/{rel}","templated":true}]}}