{"id":1791,"date":"2019-12-03T10:03:48","date_gmt":"2019-12-03T10:03:48","guid":{"rendered":"https:\/\/bookhut.pt\/?post_type=product&#038;p=1791"},"modified":"2020-11-17T16:03:36","modified_gmt":"2020-11-17T16:03:36","slug":"cister-e-a-europa-santa-maria-de-alcobaca-alianca-entre-a-espiritualidade-e-o-trabalho-manual","status":"publish","type":"product","link":"https:\/\/bookhut.pt\/fr\/produto\/cister-e-a-europa-santa-maria-de-alcobaca-alianca-entre-a-espiritualidade-e-o-trabalho-manual\/","title":{"rendered":"C\u00edster e a Europa &#8211; Santa maria de Alcoba\u00e7a &#8211; Alian\u00e7a Entre a Espiritualidade e o Trabalho Manual"},"content":{"rendered":"<p>[vc_row][vc_column][vc_column_text]A liga\u00e7\u00e3o entre a espiritualidade e o trabalho manual para a ordem de C\u00edster, analisados por dois reconhecidos historiadores que d\u00e3o a conhecer as determina\u00e7\u00f5es da ordem, a sua rela\u00e7\u00e3o com a Europa, o modo de vida de um convento e dos seus monges, bem como a influ\u00eancia local na agricultura, nas gentes, mas tamb\u00e9m no poder real. Uma obra que d\u00e1 ainda a conhecer a abadia de Santa Maria de Alcoba\u00e7a; igreja, depend\u00eancias e muito mais.[\/vc_column_text][\/vc_column][\/vc_row]<\/p>\n","protected":false},"excerpt":{"rendered":"<p>A liga\u00e7\u00e3o entre a espiritualidade e o trabalho manual para a ordem de C\u00edster, analisados por dois reconhecidos historiadores que d\u00e3o a conhecer as determina\u00e7\u00f5es da ordem, a sua rela\u00e7\u00e3o com a Europa, o modo de vida de um convento e dos seus monges, bem como a influ\u00eancia local na agricultura, nas gentes, mas tamb\u00e9m no poder real. Uma obra que d\u00e1 ainda a conhecer a abadia de Santa Maria de Alcoba\u00e7a; igreja, depend\u00eancias e muito mais.<\/p>\n","protected":false},"featured_media":2142,"template":"","meta":[],"yoast_head":"<!-- This site is optimized with the Yoast SEO plugin v15.6 - https:\/\/yoast.com\/wordpress\/plugins\/seo\/ -->\n<title>C\u00edster e a Europa - Santa maria de Alcoba\u00e7a - Alian\u00e7a Entre a Espiritualidade e o Trabalho Manual - Book Hut Editores<\/title>\n<meta name=\"robots\" content=\"index, follow, max-snippet:-1, max-image-preview:large, max-video-preview:-1\" \/>\n<link rel=\"canonical\" href=\"https:\/\/bookhut.pt\/fr\/produto\/cister-e-a-europa-santa-maria-de-alcobaca-alianca-entre-a-espiritualidade-e-o-trabalho-manual\/\" \/>\n<meta property=\"og:locale\" content=\"fr_FR\" \/>\n<meta property=\"og:type\" content=\"article\" \/>\n<meta property=\"og:title\" content=\"C\u00edster e a Europa - Santa maria de Alcoba\u00e7a - Alian\u00e7a Entre a Espiritualidade e o Trabalho Manual - Book Hut Editores\" \/>\n<meta property=\"og:description\" content=\"A liga\u00e7\u00e3o entre a espiritualidade e o trabalho manual para a ordem de C\u00edster, analisados por dois reconhecidos historiadores que d\u00e3o a conhecer as determina\u00e7\u00f5es da ordem, a sua rela\u00e7\u00e3o com a Europa, o modo de vida de um convento e dos seus monges, bem como a influ\u00eancia local na agricultura, nas gentes, mas tamb\u00e9m no poder real. Uma obra que d\u00e1 ainda a conhecer a abadia de Santa Maria de Alcoba\u00e7a; igreja, depend\u00eancias e muito mais.\" \/>\n<meta property=\"og:url\" content=\"https:\/\/bookhut.pt\/fr\/produto\/cister-e-a-europa-santa-maria-de-alcobaca-alianca-entre-a-espiritualidade-e-o-trabalho-manual\/\" \/>\n<meta property=\"og:site_name\" content=\"Book Hut Editores\" \/>\n<meta property=\"article:publisher\" content=\"https:\/\/www.facebook.com\/thebookhuteditora\/\" \/>\n<meta property=\"article:modified_time\" content=\"2020-11-17T16:03:36+00:00\" \/>\n<meta property=\"og:image\" content=\"https:\/\/bookhut.pt\/wp-content\/uploads\/2019\/12\/2007-Capa-CISTER.jpg\" \/>\n\t<meta property=\"og:image:width\" content=\"595\" \/>\n\t<meta property=\"og:image:height\" content=\"839\" \/>\n<meta name=\"twitter:card\" content=\"summary_large_image\" \/>\n<meta name=\"twitter:site\" content=\"@bookhut_editora\" \/>\n<script type=\"application\/ld+json\" class=\"yoast-schema-graph\">{\"@context\":\"https:\/\/schema.org\",\"@graph\":[{\"@type\":\"WebSite\",\"@id\":\"https:\/\/bookhut.pt\/#website\",\"url\":\"https:\/\/bookhut.pt\/\",\"name\":\"Book Hut Editores\",\"description\":\"\",\"potentialAction\":[{\"@type\":\"SearchAction\",\"target\":\"https:\/\/bookhut.pt\/?s={search_term_string}\",\"query-input\":\"required name=search_term_string\"}],\"inLanguage\":\"fr-FR\"},{\"@type\":\"ImageObject\",\"@id\":\"https:\/\/bookhut.pt\/fr\/produto\/cister-e-a-europa-santa-maria-de-alcobaca-alianca-entre-a-espiritualidade-e-o-trabalho-manual\/#primaryimage\",\"inLanguage\":\"fr-FR\",\"url\":\"https:\/\/bookhut.pt\/wp-content\/uploads\/2019\/12\/2007-Capa-CISTER.jpg\",\"width\":595,\"height\":839},{\"@type\":\"WebPage\",\"@id\":\"https:\/\/bookhut.pt\/fr\/produto\/cister-e-a-europa-santa-maria-de-alcobaca-alianca-entre-a-espiritualidade-e-o-trabalho-manual\/#webpage\",\"url\":\"https:\/\/bookhut.pt\/fr\/produto\/cister-e-a-europa-santa-maria-de-alcobaca-alianca-entre-a-espiritualidade-e-o-trabalho-manual\/\",\"name\":\"C\\u00edster e a Europa - Santa maria de Alcoba\\u00e7a - Alian\\u00e7a Entre a Espiritualidade e o Trabalho Manual - Book Hut Editores\",\"isPartOf\":{\"@id\":\"https:\/\/bookhut.pt\/#website\"},\"primaryImageOfPage\":{\"@id\":\"https:\/\/bookhut.pt\/fr\/produto\/cister-e-a-europa-santa-maria-de-alcobaca-alianca-entre-a-espiritualidade-e-o-trabalho-manual\/#primaryimage\"},\"datePublished\":\"2019-12-03T10:03:48+00:00\",\"dateModified\":\"2020-11-17T16:03:36+00:00\",\"inLanguage\":\"fr-FR\",\"potentialAction\":[{\"@type\":\"ReadAction\",\"target\":[\"https:\/\/bookhut.pt\/fr\/produto\/cister-e-a-europa-santa-maria-de-alcobaca-alianca-entre-a-espiritualidade-e-o-trabalho-manual\/\"]}]}]}<\/script>\n<!-- \/ Yoast SEO plugin. -->","_links":{"self":[{"href":"https:\/\/bookhut.pt\/fr\/wp-json\/wp\/v2\/product\/1791"}],"collection":[{"href":"https:\/\/bookhut.pt\/fr\/wp-json\/wp\/v2\/product"}],"about":[{"href":"https:\/\/bookhut.pt\/fr\/wp-json\/wp\/v2\/types\/product"}],"wp:featuredmedia":[{"embeddable":true,"href":"https:\/\/bookhut.pt\/fr\/wp-json\/wp\/v2\/media\/2142"}],"wp:attachment":[{"href":"https:\/\/bookhut.pt\/fr\/wp-json\/wp\/v2\/media?parent=1791"}],"curies":[{"name":"wp","href":"https:\/\/api.w.org\/{rel}","templated":true}]}}