{"id":1789,"date":"2019-12-03T09:57:40","date_gmt":"2019-12-03T09:57:40","guid":{"rendered":"https:\/\/bookhut.pt\/?post_type=product&#038;p=1789"},"modified":"2022-02-01T14:18:58","modified_gmt":"2022-02-01T14:18:58","slug":"ordem-soberana-e-militar-de-malta-colectanea-de-legislacao","status":"publish","type":"product","link":"https:\/\/bookhut.pt\/fr\/produto\/ordem-soberana-e-militar-de-malta-colectanea-de-legislacao\/","title":{"rendered":"Ordem Soberana e Militar de Malta &#8211; Colect\u00e2nea de Legisla\u00e7\u00e3o"},"content":{"rendered":"<p>[vc_row][vc_column][vc_column_text]Colet\u00e2nea de textos legais sobre a Ordem Militar de malta, com a finalidade de dar a conhecer o essencial do seu regime jur\u00eddico, enquanto sujeito e caso \u00edmpar de direito internacional.[\/vc_column_text][\/vc_column][\/vc_row]<\/p>\n","protected":false},"excerpt":{"rendered":"<p>Colet\u00e2nea de textos legais sobre a Ordem Militar de malta, com a finalidade de dar a conhecer o essencial do seu regime jur\u00eddico, enquanto sujeito e caso \u00edmpar de direito internacional.<\/p>\n","protected":false},"featured_media":2122,"template":"","meta":[],"yoast_head":"<!-- This site is optimized with the Yoast SEO plugin v15.6 - https:\/\/yoast.com\/wordpress\/plugins\/seo\/ -->\n<title>Ordem Soberana e Militar de Malta - Colect\u00e2nea de Legisla\u00e7\u00e3o - Book Hut Editores<\/title>\n<meta name=\"robots\" content=\"index, follow, max-snippet:-1, max-image-preview:large, max-video-preview:-1\" \/>\n<link rel=\"canonical\" href=\"https:\/\/bookhut.pt\/fr\/produto\/ordem-soberana-e-militar-de-malta-colectanea-de-legislacao\/\" \/>\n<meta property=\"og:locale\" content=\"fr_FR\" \/>\n<meta property=\"og:type\" content=\"article\" \/>\n<meta property=\"og:title\" content=\"Ordem Soberana e Militar de Malta - Colect\u00e2nea de Legisla\u00e7\u00e3o - Book Hut Editores\" \/>\n<meta property=\"og:description\" content=\"Colet\u00e2nea de textos legais sobre a Ordem Militar de malta, com a finalidade de dar a conhecer o essencial do seu regime jur\u00eddico, enquanto sujeito e caso \u00edmpar de direito internacional.\" \/>\n<meta property=\"og:url\" content=\"https:\/\/bookhut.pt\/fr\/produto\/ordem-soberana-e-militar-de-malta-colectanea-de-legislacao\/\" \/>\n<meta property=\"og:site_name\" content=\"Book Hut Editores\" \/>\n<meta property=\"article:publisher\" content=\"https:\/\/www.facebook.com\/thebookhuteditora\/\" \/>\n<meta property=\"article:modified_time\" content=\"2022-02-01T14:18:58+00:00\" \/>\n<meta property=\"og:image\" content=\"https:\/\/bookhut.pt\/wp-content\/uploads\/2019\/12\/2006-Capa-Ordem-de-Malta-1.jpg\" \/>\n\t<meta property=\"og:image:width\" content=\"734\" \/>\n\t<meta property=\"og:image:height\" content=\"1020\" \/>\n<meta name=\"twitter:card\" content=\"summary_large_image\" \/>\n<meta name=\"twitter:site\" content=\"@bookhut_editora\" \/>\n<script type=\"application\/ld+json\" class=\"yoast-schema-graph\">{\"@context\":\"https:\/\/schema.org\",\"@graph\":[{\"@type\":\"WebSite\",\"@id\":\"https:\/\/bookhut.pt\/#website\",\"url\":\"https:\/\/bookhut.pt\/\",\"name\":\"Book Hut Editores\",\"description\":\"\",\"potentialAction\":[{\"@type\":\"SearchAction\",\"target\":\"https:\/\/bookhut.pt\/?s={search_term_string}\",\"query-input\":\"required name=search_term_string\"}],\"inLanguage\":\"fr-FR\"},{\"@type\":\"ImageObject\",\"@id\":\"https:\/\/bookhut.pt\/fr\/produto\/ordem-soberana-e-militar-de-malta-colectanea-de-legislacao\/#primaryimage\",\"inLanguage\":\"fr-FR\",\"url\":\"https:\/\/bookhut.pt\/wp-content\/uploads\/2019\/12\/2006-Capa-Ordem-de-Malta-1.jpg\",\"width\":734,\"height\":1020},{\"@type\":\"WebPage\",\"@id\":\"https:\/\/bookhut.pt\/fr\/produto\/ordem-soberana-e-militar-de-malta-colectanea-de-legislacao\/#webpage\",\"url\":\"https:\/\/bookhut.pt\/fr\/produto\/ordem-soberana-e-militar-de-malta-colectanea-de-legislacao\/\",\"name\":\"Ordem Soberana e Militar de Malta - Colect\\u00e2nea de Legisla\\u00e7\\u00e3o - Book Hut Editores\",\"isPartOf\":{\"@id\":\"https:\/\/bookhut.pt\/#website\"},\"primaryImageOfPage\":{\"@id\":\"https:\/\/bookhut.pt\/fr\/produto\/ordem-soberana-e-militar-de-malta-colectanea-de-legislacao\/#primaryimage\"},\"datePublished\":\"2019-12-03T09:57:40+00:00\",\"dateModified\":\"2022-02-01T14:18:58+00:00\",\"inLanguage\":\"fr-FR\",\"potentialAction\":[{\"@type\":\"ReadAction\",\"target\":[\"https:\/\/bookhut.pt\/fr\/produto\/ordem-soberana-e-militar-de-malta-colectanea-de-legislacao\/\"]}]}]}<\/script>\n<!-- \/ Yoast SEO plugin. -->","_links":{"self":[{"href":"https:\/\/bookhut.pt\/fr\/wp-json\/wp\/v2\/product\/1789"}],"collection":[{"href":"https:\/\/bookhut.pt\/fr\/wp-json\/wp\/v2\/product"}],"about":[{"href":"https:\/\/bookhut.pt\/fr\/wp-json\/wp\/v2\/types\/product"}],"wp:featuredmedia":[{"embeddable":true,"href":"https:\/\/bookhut.pt\/fr\/wp-json\/wp\/v2\/media\/2122"}],"wp:attachment":[{"href":"https:\/\/bookhut.pt\/fr\/wp-json\/wp\/v2\/media?parent=1789"}],"curies":[{"name":"wp","href":"https:\/\/api.w.org\/{rel}","templated":true}]}}