{"id":1785,"date":"2019-12-03T09:44:22","date_gmt":"2019-12-03T09:44:22","guid":{"rendered":"https:\/\/bookhut.pt\/?post_type=product&#038;p=1785"},"modified":"2026-03-04T16:50:05","modified_gmt":"2026-03-04T16:50:05","slug":"cargaleiro-obra-gravada-1954-2009","status":"publish","type":"product","link":"https:\/\/bookhut.pt\/fr\/produto\/cargaleiro-obra-gravada-1954-2009\/","title":{"rendered":"Cargaleiro &#8211; Obra Gravada 1954-2009"},"content":{"rendered":"<p>[vc_row][vc_column][vc_column_text]Manuel Cargaleiro \u00e9 uma figura incontorn\u00e1vel no panorama de pintura contempor\u00e2nea. Com uma obra extensa \u00e9 uma personalidade de renome cujo valor art\u00edstico \u00e9 reconhecido internacionalmente. A obra de Manuel Cargaleiro transmite uma imensa alegria de vida que, atrav\u00e9s de m\u00faltiplas combina\u00e7\u00f5es de cores e pelo seu poder comunicativo, nos leva a descobrir a harmonia crom\u00e1tica da natureza. Musicalidade, comunica\u00e7\u00e3o, luminosidade s\u00e3o palavras-chave na pintura de Manuel Cargaleiro. Este livro cujo t\u00edtulo \u00e9 &#8220;Cargaleiro Obra Gravada 1954-2009&#8221; re\u00fane cerca de 200 obras do pintor e representa a mais recente colect\u00e2nea de todo o trabalho de pintura (passada a gravura) do Autor Manuel Cargaleiro, tendo a sua edi\u00e7\u00e3o sido preparada cuidadosamente para estar dispon\u00edvel ao p\u00fablico no Natal de 2009.[\/vc_column_text][\/vc_column][\/vc_row]<\/p>\n","protected":false},"excerpt":{"rendered":"<p>Manuel Cargaleiro \u00e9 uma figura incontorn\u00e1vel no panorama de pintura contempor\u00e2nea. Com uma obra extensa \u00e9 uma personalidade de renome cujo valor art\u00edstico \u00e9 reconhecido internacionalmente. A obra de Manuel Cargaleiro transmite uma imensa alegria de vida que, atrav\u00e9s de m\u00faltiplas combina\u00e7\u00f5es de cores e pelo seu poder comunicativo, nos leva a descobrir a harmonia crom\u00e1tica da natureza. Musicalidade, comunica\u00e7\u00e3o, luminosidade s\u00e3o palavras-chave na pintura de Manuel Cargaleiro. Este livro cujo t\u00edtulo \u00e9 &#8220;Cargaleiro Obra Gravada 1954-2009&#8221; re\u00fane cerca de 200 obras do pintor e representa a mais recente colect\u00e2nea de todo o trabalho de pintura (passada a gravura) do Autor Manuel Cargaleiro, tendo a sua edi\u00e7\u00e3o sido preparada cuidadosamente para estar dispon\u00edvel ao p\u00fablico no Natal de 2009.<\/p>\n","protected":false},"featured_media":2250,"template":"","meta":[],"yoast_head":"<!-- This site is optimized with the Yoast SEO plugin v15.6 - https:\/\/yoast.com\/wordpress\/plugins\/seo\/ -->\n<title>Cargaleiro - Obra Gravada 1954-2009 - Book Hut Editores<\/title>\n<meta name=\"robots\" content=\"index, follow, max-snippet:-1, max-image-preview:large, max-video-preview:-1\" \/>\n<link rel=\"canonical\" href=\"https:\/\/bookhut.pt\/fr\/produto\/cargaleiro-obra-gravada-1954-2009\/\" \/>\n<meta property=\"og:locale\" content=\"fr_FR\" \/>\n<meta property=\"og:type\" content=\"article\" \/>\n<meta property=\"og:title\" content=\"Cargaleiro - Obra Gravada 1954-2009 - Book Hut Editores\" \/>\n<meta property=\"og:description\" content=\"Manuel Cargaleiro \u00e9 uma figura incontorn\u00e1vel no panorama de pintura contempor\u00e2nea. Com uma obra extensa \u00e9 uma personalidade de renome cujo valor art\u00edstico \u00e9 reconhecido internacionalmente. A obra de Manuel Cargaleiro transmite uma imensa alegria de vida que, atrav\u00e9s de m\u00faltiplas combina\u00e7\u00f5es de cores e pelo seu poder comunicativo, nos leva a descobrir a harmonia crom\u00e1tica da natureza. Musicalidade, comunica\u00e7\u00e3o, luminosidade s\u00e3o palavras-chave na pintura de Manuel Cargaleiro. Este livro cujo t\u00edtulo \u00e9 &quot;Cargaleiro Obra Gravada 1954-2009&quot; re\u00fane cerca de 200 obras do pintor e representa a mais recente colect\u00e2nea de todo o trabalho de pintura (passada a gravura) do Autor Manuel Cargaleiro, tendo a sua edi\u00e7\u00e3o sido preparada cuidadosamente para estar dispon\u00edvel ao p\u00fablico no Natal de 2009.\" \/>\n<meta property=\"og:url\" content=\"https:\/\/bookhut.pt\/fr\/produto\/cargaleiro-obra-gravada-1954-2009\/\" \/>\n<meta property=\"og:site_name\" content=\"Book Hut Editores\" \/>\n<meta property=\"article:publisher\" content=\"https:\/\/www.facebook.com\/thebookhuteditora\/\" \/>\n<meta property=\"article:modified_time\" content=\"2026-03-04T16:50:05+00:00\" \/>\n<meta property=\"og:image\" content=\"https:\/\/bookhut.pt\/wp-content\/uploads\/2019\/12\/2009_Capa-Cargaleiro.jpg\" \/>\n\t<meta property=\"og:image:width\" content=\"2965\" \/>\n\t<meta property=\"og:image:height\" content=\"2917\" \/>\n<meta name=\"twitter:card\" content=\"summary_large_image\" \/>\n<meta name=\"twitter:site\" content=\"@bookhut_editora\" \/>\n<script type=\"application\/ld+json\" class=\"yoast-schema-graph\">{\"@context\":\"https:\/\/schema.org\",\"@graph\":[{\"@type\":\"WebSite\",\"@id\":\"https:\/\/bookhut.pt\/#website\",\"url\":\"https:\/\/bookhut.pt\/\",\"name\":\"Book Hut Editores\",\"description\":\"\",\"potentialAction\":[{\"@type\":\"SearchAction\",\"target\":\"https:\/\/bookhut.pt\/?s={search_term_string}\",\"query-input\":\"required name=search_term_string\"}],\"inLanguage\":\"fr-FR\"},{\"@type\":\"ImageObject\",\"@id\":\"https:\/\/bookhut.pt\/fr\/produto\/cargaleiro-obra-gravada-1954-2009\/#primaryimage\",\"inLanguage\":\"fr-FR\",\"url\":\"https:\/\/bookhut.pt\/wp-content\/uploads\/2019\/12\/2009_Capa-Cargaleiro.jpg\",\"width\":2965,\"height\":2917},{\"@type\":\"WebPage\",\"@id\":\"https:\/\/bookhut.pt\/fr\/produto\/cargaleiro-obra-gravada-1954-2009\/#webpage\",\"url\":\"https:\/\/bookhut.pt\/fr\/produto\/cargaleiro-obra-gravada-1954-2009\/\",\"name\":\"Cargaleiro - Obra Gravada 1954-2009 - Book Hut Editores\",\"isPartOf\":{\"@id\":\"https:\/\/bookhut.pt\/#website\"},\"primaryImageOfPage\":{\"@id\":\"https:\/\/bookhut.pt\/fr\/produto\/cargaleiro-obra-gravada-1954-2009\/#primaryimage\"},\"datePublished\":\"2019-12-03T09:44:22+00:00\",\"dateModified\":\"2026-03-04T16:50:05+00:00\",\"inLanguage\":\"fr-FR\",\"potentialAction\":[{\"@type\":\"ReadAction\",\"target\":[\"https:\/\/bookhut.pt\/fr\/produto\/cargaleiro-obra-gravada-1954-2009\/\"]}]}]}<\/script>\n<!-- \/ Yoast SEO plugin. -->","_links":{"self":[{"href":"https:\/\/bookhut.pt\/fr\/wp-json\/wp\/v2\/product\/1785"}],"collection":[{"href":"https:\/\/bookhut.pt\/fr\/wp-json\/wp\/v2\/product"}],"about":[{"href":"https:\/\/bookhut.pt\/fr\/wp-json\/wp\/v2\/types\/product"}],"wp:featuredmedia":[{"embeddable":true,"href":"https:\/\/bookhut.pt\/fr\/wp-json\/wp\/v2\/media\/2250"}],"wp:attachment":[{"href":"https:\/\/bookhut.pt\/fr\/wp-json\/wp\/v2\/media?parent=1785"}],"curies":[{"name":"wp","href":"https:\/\/api.w.org\/{rel}","templated":true}]}}