{"id":1783,"date":"2019-12-03T09:37:51","date_gmt":"2019-12-03T09:37:51","guid":{"rendered":"https:\/\/bookhut.pt\/?post_type=product&#038;p=1783"},"modified":"2024-04-24T09:49:48","modified_gmt":"2024-04-24T09:49:48","slug":"o-meu-nome-e-madalena-iglesias","status":"publish","type":"product","link":"https:\/\/bookhut.pt\/fr\/produto\/o-meu-nome-e-madalena-iglesias\/","title":{"rendered":"O Meu Nome \u00e9 Madalena Igl\u00e9sias"},"content":{"rendered":"<p>[vc_row][vc_column][vc_column_text]Fotobiografia da c\u00e9lebre artista Madalena Igl\u00e9sias, desde o in\u00edcio da sua carreira em Portugal, passando pelos sucessos como cantora no estrangeiro. Livro in\u00e9dito e que representa toda uma carreira art\u00edstica de Madalena Igl\u00e9sias, int\u00e9rprete do famoso tema musical &#8220;Eles e Elas&#8221;.[\/vc_column_text][\/vc_column][\/vc_row]<\/p>\n","protected":false},"excerpt":{"rendered":"<p>Fotobiografia da c\u00e9lebre artista Madalena Igl\u00e9sias, desde o in\u00edcio da sua carreira em Portugal, passando pelos sucessos como cantora no estrangeiro. Livro in\u00e9dito e que representa toda uma carreira art\u00edstica de Madalena Igl\u00e9sias, int\u00e9rprete do famoso tema musical &#8220;Eles e Elas&#8221;.<\/p>\n","protected":false},"featured_media":2238,"template":"","meta":[],"yoast_head":"<!-- This site is optimized with the Yoast SEO plugin v15.6 - https:\/\/yoast.com\/wordpress\/plugins\/seo\/ -->\n<title>O Meu Nome \u00e9 Madalena Igl\u00e9sias - Book Hut Editores<\/title>\n<meta name=\"robots\" content=\"index, follow, max-snippet:-1, max-image-preview:large, max-video-preview:-1\" \/>\n<link rel=\"canonical\" href=\"https:\/\/bookhut.pt\/fr\/produto\/o-meu-nome-e-madalena-iglesias\/\" \/>\n<meta property=\"og:locale\" content=\"fr_FR\" \/>\n<meta property=\"og:type\" content=\"article\" \/>\n<meta property=\"og:title\" content=\"O Meu Nome \u00e9 Madalena Igl\u00e9sias - Book Hut Editores\" \/>\n<meta property=\"og:description\" content=\"Fotobiografia da c\u00e9lebre artista Madalena Igl\u00e9sias, desde o in\u00edcio da sua carreira em Portugal, passando pelos sucessos como cantora no estrangeiro. Livro in\u00e9dito e que representa toda uma carreira art\u00edstica de Madalena Igl\u00e9sias, int\u00e9rprete do famoso tema musical &quot;Eles e Elas&quot;.\" \/>\n<meta property=\"og:url\" content=\"https:\/\/bookhut.pt\/fr\/produto\/o-meu-nome-e-madalena-iglesias\/\" \/>\n<meta property=\"og:site_name\" content=\"Book Hut Editores\" \/>\n<meta property=\"article:publisher\" content=\"https:\/\/www.facebook.com\/thebookhuteditora\/\" \/>\n<meta property=\"article:modified_time\" content=\"2024-04-24T09:49:48+00:00\" \/>\n<meta property=\"og:image\" content=\"https:\/\/bookhut.pt\/wp-content\/uploads\/2019\/12\/2008_Capa-Madalena-Iglesias.jpg\" \/>\n\t<meta property=\"og:image:width\" content=\"2764\" \/>\n\t<meta property=\"og:image:height\" content=\"2858\" \/>\n<meta name=\"twitter:card\" content=\"summary_large_image\" \/>\n<meta name=\"twitter:site\" content=\"@bookhut_editora\" \/>\n<script type=\"application\/ld+json\" class=\"yoast-schema-graph\">{\"@context\":\"https:\/\/schema.org\",\"@graph\":[{\"@type\":\"WebSite\",\"@id\":\"https:\/\/bookhut.pt\/#website\",\"url\":\"https:\/\/bookhut.pt\/\",\"name\":\"Book Hut Editores\",\"description\":\"\",\"potentialAction\":[{\"@type\":\"SearchAction\",\"target\":\"https:\/\/bookhut.pt\/?s={search_term_string}\",\"query-input\":\"required name=search_term_string\"}],\"inLanguage\":\"fr-FR\"},{\"@type\":\"ImageObject\",\"@id\":\"https:\/\/bookhut.pt\/fr\/produto\/o-meu-nome-e-madalena-iglesias\/#primaryimage\",\"inLanguage\":\"fr-FR\",\"url\":\"https:\/\/bookhut.pt\/wp-content\/uploads\/2019\/12\/2008_Capa-Madalena-Iglesias.jpg\",\"width\":2764,\"height\":2858},{\"@type\":\"WebPage\",\"@id\":\"https:\/\/bookhut.pt\/fr\/produto\/o-meu-nome-e-madalena-iglesias\/#webpage\",\"url\":\"https:\/\/bookhut.pt\/fr\/produto\/o-meu-nome-e-madalena-iglesias\/\",\"name\":\"O Meu Nome \\u00e9 Madalena Igl\\u00e9sias - Book Hut Editores\",\"isPartOf\":{\"@id\":\"https:\/\/bookhut.pt\/#website\"},\"primaryImageOfPage\":{\"@id\":\"https:\/\/bookhut.pt\/fr\/produto\/o-meu-nome-e-madalena-iglesias\/#primaryimage\"},\"datePublished\":\"2019-12-03T09:37:51+00:00\",\"dateModified\":\"2024-04-24T09:49:48+00:00\",\"inLanguage\":\"fr-FR\",\"potentialAction\":[{\"@type\":\"ReadAction\",\"target\":[\"https:\/\/bookhut.pt\/fr\/produto\/o-meu-nome-e-madalena-iglesias\/\"]}]}]}<\/script>\n<!-- \/ Yoast SEO plugin. -->","_links":{"self":[{"href":"https:\/\/bookhut.pt\/fr\/wp-json\/wp\/v2\/product\/1783"}],"collection":[{"href":"https:\/\/bookhut.pt\/fr\/wp-json\/wp\/v2\/product"}],"about":[{"href":"https:\/\/bookhut.pt\/fr\/wp-json\/wp\/v2\/types\/product"}],"wp:featuredmedia":[{"embeddable":true,"href":"https:\/\/bookhut.pt\/fr\/wp-json\/wp\/v2\/media\/2238"}],"wp:attachment":[{"href":"https:\/\/bookhut.pt\/fr\/wp-json\/wp\/v2\/media?parent=1783"}],"curies":[{"name":"wp","href":"https:\/\/api.w.org\/{rel}","templated":true}]}}