{"id":1782,"date":"2019-12-03T09:34:49","date_gmt":"2019-12-03T09:34:49","guid":{"rendered":"https:\/\/bookhut.pt\/?post_type=product&#038;p=1782"},"modified":"2020-11-17T16:03:38","modified_gmt":"2020-11-17T16:03:38","slug":"roque-gameiro-o-homem-e-a-obra","status":"publish","type":"product","link":"https:\/\/bookhut.pt\/fr\/produto\/roque-gameiro-o-homem-e-a-obra\/","title":{"rendered":"Roque Gameiro &#8211; O Homem e a Obra"},"content":{"rendered":"<p>[vc_row][vc_column][vc_column_text]O livro re\u00fane obras do grande pintor contempor\u00e2neo Roque Gameiro (1864-1935), disc\u00edpulo de Manuel de Macedo, de Henrique Casanova, de Niepper e da Escola de Artes e Of\u00edcios de Leipzig, que foi frequentar em 1893 como pensionista do Estado. Se como lit\u00f3grafo e ilustrador, Gameiro se notabilizou, foi como aguarelista, que a sua obra se tornou conhecida e admirada no pa\u00eds, com reflexos al\u00e9m fronteiras. Com efeito, desde muito cedo, a cr\u00edtica o apontou como o maior aguarelista portugu\u00eas. Pintor dos bairros pobres, de vielas enviesadas e pr\u00e9dios quinhentistas.[\/vc_column_text][\/vc_column][\/vc_row]<\/p>\n","protected":false},"excerpt":{"rendered":"<p>O livro re\u00fane obras do grande pintor contempor\u00e2neo Roque Gameiro (1864-1935), disc\u00edpulo de Manuel de Macedo, de Henrique Casanova, de Niepper e da Escola de Artes e Of\u00edcios de Leipzig, que foi frequentar em 1893 como pensionista do Estado. Se como lit\u00f3grafo e ilustrador, Gameiro se notabilizou, foi como aguarelista, que a sua obra se tornou conhecida e admirada no pa\u00eds, com reflexos al\u00e9m fronteiras. Com efeito, desde muito cedo, a cr\u00edtica o apontou como o maior aguarelista portugu\u00eas. Pintor dos bairros pobres, de vielas enviesadas e pr\u00e9dios quinhentistas.<\/p>\n","protected":false},"featured_media":2094,"template":"","meta":[],"yoast_head":"<!-- This site is optimized with the Yoast SEO plugin v15.6 - https:\/\/yoast.com\/wordpress\/plugins\/seo\/ -->\n<title>Roque Gameiro - O Homem e a Obra - Book Hut Editores<\/title>\n<meta name=\"robots\" content=\"index, follow, max-snippet:-1, max-image-preview:large, max-video-preview:-1\" \/>\n<link rel=\"canonical\" href=\"https:\/\/bookhut.pt\/fr\/produto\/roque-gameiro-o-homem-e-a-obra\/\" \/>\n<meta property=\"og:locale\" content=\"fr_FR\" \/>\n<meta property=\"og:type\" content=\"article\" \/>\n<meta property=\"og:title\" content=\"Roque Gameiro - O Homem e a Obra - Book Hut Editores\" \/>\n<meta property=\"og:description\" content=\"O livro re\u00fane obras do grande pintor contempor\u00e2neo Roque Gameiro (1864-1935), disc\u00edpulo de Manuel de Macedo, de Henrique Casanova, de Niepper e da Escola de Artes e Of\u00edcios de Leipzig, que foi frequentar em 1893 como pensionista do Estado. Se como lit\u00f3grafo e ilustrador, Gameiro se notabilizou, foi como aguarelista, que a sua obra se tornou conhecida e admirada no pa\u00eds, com reflexos al\u00e9m fronteiras. Com efeito, desde muito cedo, a cr\u00edtica o apontou como o maior aguarelista portugu\u00eas. Pintor dos bairros pobres, de vielas enviesadas e pr\u00e9dios quinhentistas.\" \/>\n<meta property=\"og:url\" content=\"https:\/\/bookhut.pt\/fr\/produto\/roque-gameiro-o-homem-e-a-obra\/\" \/>\n<meta property=\"og:site_name\" content=\"Book Hut Editores\" \/>\n<meta property=\"article:publisher\" content=\"https:\/\/www.facebook.com\/thebookhuteditora\/\" \/>\n<meta property=\"article:modified_time\" content=\"2020-11-17T16:03:38+00:00\" \/>\n<meta property=\"og:image\" content=\"https:\/\/bookhut.pt\/wp-content\/uploads\/2019\/12\/2005-Capa-ROQUE-GAMEIRO.jpg\" \/>\n\t<meta property=\"og:image:width\" content=\"595\" \/>\n\t<meta property=\"og:image:height\" content=\"842\" \/>\n<meta name=\"twitter:card\" content=\"summary_large_image\" \/>\n<meta name=\"twitter:site\" content=\"@bookhut_editora\" \/>\n<script type=\"application\/ld+json\" class=\"yoast-schema-graph\">{\"@context\":\"https:\/\/schema.org\",\"@graph\":[{\"@type\":\"WebSite\",\"@id\":\"https:\/\/bookhut.pt\/#website\",\"url\":\"https:\/\/bookhut.pt\/\",\"name\":\"Book Hut Editores\",\"description\":\"\",\"potentialAction\":[{\"@type\":\"SearchAction\",\"target\":\"https:\/\/bookhut.pt\/?s={search_term_string}\",\"query-input\":\"required name=search_term_string\"}],\"inLanguage\":\"fr-FR\"},{\"@type\":\"ImageObject\",\"@id\":\"https:\/\/bookhut.pt\/fr\/produto\/roque-gameiro-o-homem-e-a-obra\/#primaryimage\",\"inLanguage\":\"fr-FR\",\"url\":\"https:\/\/bookhut.pt\/wp-content\/uploads\/2019\/12\/2005-Capa-ROQUE-GAMEIRO.jpg\",\"width\":595,\"height\":842},{\"@type\":\"WebPage\",\"@id\":\"https:\/\/bookhut.pt\/fr\/produto\/roque-gameiro-o-homem-e-a-obra\/#webpage\",\"url\":\"https:\/\/bookhut.pt\/fr\/produto\/roque-gameiro-o-homem-e-a-obra\/\",\"name\":\"Roque Gameiro - O Homem e a Obra - Book Hut Editores\",\"isPartOf\":{\"@id\":\"https:\/\/bookhut.pt\/#website\"},\"primaryImageOfPage\":{\"@id\":\"https:\/\/bookhut.pt\/fr\/produto\/roque-gameiro-o-homem-e-a-obra\/#primaryimage\"},\"datePublished\":\"2019-12-03T09:34:49+00:00\",\"dateModified\":\"2020-11-17T16:03:38+00:00\",\"inLanguage\":\"fr-FR\",\"potentialAction\":[{\"@type\":\"ReadAction\",\"target\":[\"https:\/\/bookhut.pt\/fr\/produto\/roque-gameiro-o-homem-e-a-obra\/\"]}]}]}<\/script>\n<!-- \/ Yoast SEO plugin. -->","_links":{"self":[{"href":"https:\/\/bookhut.pt\/fr\/wp-json\/wp\/v2\/product\/1782"}],"collection":[{"href":"https:\/\/bookhut.pt\/fr\/wp-json\/wp\/v2\/product"}],"about":[{"href":"https:\/\/bookhut.pt\/fr\/wp-json\/wp\/v2\/types\/product"}],"wp:featuredmedia":[{"embeddable":true,"href":"https:\/\/bookhut.pt\/fr\/wp-json\/wp\/v2\/media\/2094"}],"wp:attachment":[{"href":"https:\/\/bookhut.pt\/fr\/wp-json\/wp\/v2\/media?parent=1782"}],"curies":[{"name":"wp","href":"https:\/\/api.w.org\/{rel}","templated":true}]}}