{"id":1781,"date":"2019-12-03T09:31:41","date_gmt":"2019-12-03T09:31:41","guid":{"rendered":"https:\/\/bookhut.pt\/?post_type=product&#038;p=1781"},"modified":"2020-11-17T16:03:38","modified_gmt":"2020-11-17T16:03:38","slug":"lisboa-os-mitos-da-memoria","status":"publish","type":"product","link":"https:\/\/bookhut.pt\/fr\/produto\/lisboa-os-mitos-da-memoria\/","title":{"rendered":"Lisboa. Os Mitos da Mem\u00f3ria"},"content":{"rendered":"<p>[vc_row][vc_column][vc_column_text]Pinturas sobre Lisboa e os seus mitos do reconhecido pintor Carlos Dugos. &#8220;Participar na edi\u00e7\u00e3o de um Livro de Pintura de Carlos Dugos \u00e9, para os Ateliers de Arte do Bairro Alto, um duplo prazer: por um lado, \u00e9 dar voz a um Autor aut\u00eantico, de inspira\u00e7\u00e3o interior fort\u00edssima; por outro, \u00e9 dar aos leitores deste livro em particular a possibilidade de aprenderem a olhar o mundo de outra forma.&#8221; &#8211; Jorge Pereira de Almeida[\/vc_column_text][\/vc_column][\/vc_row]<\/p>\n","protected":false},"excerpt":{"rendered":"<p>Pinturas sobre Lisboa e os seus mitos do reconhecido pintor Carlos Dugos. &#8220;Participar na edi\u00e7\u00e3o de um Livro de Pintura de Carlos Dugos \u00e9, para os Ateliers de Arte do Bairro Alto, um duplo prazer: por um lado, \u00e9 dar voz a um Autor aut\u00eantico, de inspira\u00e7\u00e3o interior fort\u00edssima; por outro, \u00e9 dar aos leitores deste livro em particular a possibilidade de aprenderem a olhar o mundo de outra forma.&#8221; &#8211; Jorge Pereira de Almeida<\/p>\n","protected":false},"featured_media":2514,"template":"","meta":[],"yoast_head":"<!-- This site is optimized with the Yoast SEO plugin v15.6 - https:\/\/yoast.com\/wordpress\/plugins\/seo\/ -->\n<title>Lisboa. Os Mitos da Mem\u00f3ria - Book Hut Editores<\/title>\n<meta name=\"robots\" content=\"index, follow, max-snippet:-1, max-image-preview:large, max-video-preview:-1\" \/>\n<link rel=\"canonical\" href=\"https:\/\/bookhut.pt\/fr\/produto\/lisboa-os-mitos-da-memoria\/\" \/>\n<meta property=\"og:locale\" content=\"fr_FR\" \/>\n<meta property=\"og:type\" content=\"article\" \/>\n<meta property=\"og:title\" content=\"Lisboa. Os Mitos da Mem\u00f3ria - Book Hut Editores\" \/>\n<meta property=\"og:description\" content=\"Pinturas sobre Lisboa e os seus mitos do reconhecido pintor Carlos Dugos. &quot;Participar na edi\u00e7\u00e3o de um Livro de Pintura de Carlos Dugos \u00e9, para os Ateliers de Arte do Bairro Alto, um duplo prazer: por um lado, \u00e9 dar voz a um Autor aut\u00eantico, de inspira\u00e7\u00e3o interior fort\u00edssima; por outro, \u00e9 dar aos leitores deste livro em particular a possibilidade de aprenderem a olhar o mundo de outra forma.&quot; - Jorge Pereira de Almeida\" \/>\n<meta property=\"og:url\" content=\"https:\/\/bookhut.pt\/fr\/produto\/lisboa-os-mitos-da-memoria\/\" \/>\n<meta property=\"og:site_name\" content=\"Book Hut Editores\" \/>\n<meta property=\"article:publisher\" content=\"https:\/\/www.facebook.com\/thebookhuteditora\/\" \/>\n<meta property=\"article:modified_time\" content=\"2020-11-17T16:03:38+00:00\" \/>\n<meta property=\"og:image\" content=\"https:\/\/bookhut.pt\/wp-content\/uploads\/2019\/12\/501.jpg\" \/>\n\t<meta property=\"og:image:width\" content=\"502\" \/>\n\t<meta property=\"og:image:height\" content=\"625\" \/>\n<meta name=\"twitter:card\" content=\"summary_large_image\" \/>\n<meta name=\"twitter:site\" content=\"@bookhut_editora\" \/>\n<script type=\"application\/ld+json\" class=\"yoast-schema-graph\">{\"@context\":\"https:\/\/schema.org\",\"@graph\":[{\"@type\":\"WebSite\",\"@id\":\"https:\/\/bookhut.pt\/#website\",\"url\":\"https:\/\/bookhut.pt\/\",\"name\":\"Book Hut Editores\",\"description\":\"\",\"potentialAction\":[{\"@type\":\"SearchAction\",\"target\":\"https:\/\/bookhut.pt\/?s={search_term_string}\",\"query-input\":\"required name=search_term_string\"}],\"inLanguage\":\"fr-FR\"},{\"@type\":\"ImageObject\",\"@id\":\"https:\/\/bookhut.pt\/fr\/produto\/lisboa-os-mitos-da-memoria\/#primaryimage\",\"inLanguage\":\"fr-FR\",\"url\":\"https:\/\/bookhut.pt\/wp-content\/uploads\/2019\/12\/501.jpg\",\"width\":502,\"height\":625},{\"@type\":\"WebPage\",\"@id\":\"https:\/\/bookhut.pt\/fr\/produto\/lisboa-os-mitos-da-memoria\/#webpage\",\"url\":\"https:\/\/bookhut.pt\/fr\/produto\/lisboa-os-mitos-da-memoria\/\",\"name\":\"Lisboa. Os Mitos da Mem\\u00f3ria - Book Hut Editores\",\"isPartOf\":{\"@id\":\"https:\/\/bookhut.pt\/#website\"},\"primaryImageOfPage\":{\"@id\":\"https:\/\/bookhut.pt\/fr\/produto\/lisboa-os-mitos-da-memoria\/#primaryimage\"},\"datePublished\":\"2019-12-03T09:31:41+00:00\",\"dateModified\":\"2020-11-17T16:03:38+00:00\",\"inLanguage\":\"fr-FR\",\"potentialAction\":[{\"@type\":\"ReadAction\",\"target\":[\"https:\/\/bookhut.pt\/fr\/produto\/lisboa-os-mitos-da-memoria\/\"]}]}]}<\/script>\n<!-- \/ Yoast SEO plugin. -->","_links":{"self":[{"href":"https:\/\/bookhut.pt\/fr\/wp-json\/wp\/v2\/product\/1781"}],"collection":[{"href":"https:\/\/bookhut.pt\/fr\/wp-json\/wp\/v2\/product"}],"about":[{"href":"https:\/\/bookhut.pt\/fr\/wp-json\/wp\/v2\/types\/product"}],"wp:featuredmedia":[{"embeddable":true,"href":"https:\/\/bookhut.pt\/fr\/wp-json\/wp\/v2\/media\/2514"}],"wp:attachment":[{"href":"https:\/\/bookhut.pt\/fr\/wp-json\/wp\/v2\/media?parent=1781"}],"curies":[{"name":"wp","href":"https:\/\/api.w.org\/{rel}","templated":true}]}}