{"id":1774,"date":"2019-12-03T09:01:50","date_gmt":"2019-12-03T09:01:50","guid":{"rendered":"https:\/\/bookhut.pt\/?post_type=product&#038;p=1774"},"modified":"2025-12-22T17:16:50","modified_gmt":"2025-12-22T17:16:50","slug":"homenagem-a-justino-mendes-de-almeida","status":"publish","type":"product","link":"https:\/\/bookhut.pt\/fr\/produto\/homenagem-a-justino-mendes-de-almeida\/","title":{"rendered":"Homenagem a Justino Mendes de Almeida"},"content":{"rendered":"<p>[vc_row][vc_column][vc_column_text]Homenagem a Justino Mendes de Almeida \u00e9 um volume de tributo a um grande Humanista portugu\u00eas, um verdadeiro Homem de Letras, com um percurso que deixou rasto na Hist\u00f3ria da Educa\u00e7\u00e3o em Portugal.<br \/>\nEste livro dedicado ao Reitor Em\u00e9rito da Universidade Aut\u00f3noma de Lisboa, para al\u00e9m de testemunhos pessoais, cont\u00e9m cap\u00edtulos de Arqueologia e Epigrafia, Hist\u00f3ria Medieval, Moderna, Empresarial, Hist\u00f3ria do Livro, Hist\u00f3ria da Arte e, ainda, uma sec\u00e7\u00e3o de V\u00e1ria.<br \/>\nOs contributos s\u00e3o assinados por um elenco ecl\u00e9ctico das mais distintas proveni\u00eancias acad\u00e9micas: Agostinho Ara\u00fajo, Aline Gallash-Hall de Beauvink, Ant\u00f3nio de Lencastre Bernardo, Ant\u00f3nio Pedro A. Ferreira, Armando Lu\u00eds de Carvalho Homem, Diogo Leite de Campos, Eduardo Costa, Isabel Pestana Moser, Jo\u00e3o Pancada Correia, Jo\u00e3o Silva de Sousa, Jos\u00e9 Amado da Silva, Jos\u00e9 Amado Mendes, Jos\u00e9 d\u2019Encarna\u00e7\u00e3o, Madalena Rom\u00e3o Mira, Margarida Leme, Maria Isabel Mingu\u00e9ns, Miguel Figueira de Faria, Reginaldo Rodrigues de Almeida e Ricardo Gaid\u00e3o.<br \/>\nA profus\u00e3o e diversidade de saberes reflecte uma das caracter\u00edsticas do homenageado, enquanto cidad\u00e3o e investigador da Cultura Portuguesa.[\/vc_column_text][\/vc_column][\/vc_row]<\/p>\n","protected":false},"excerpt":{"rendered":"<p>Homenagem a Justino Mendes de Almeida \u00e9 um volume de tributo a um grande Humanista portugu\u00eas, um verdadeiro Homem de Letras, com um percurso que deixou rasto na Hist\u00f3ria da Educa\u00e7\u00e3o em Portugal.<br \/>\nEste livro dedicado ao Reitor Em\u00e9rito da Universidade Aut\u00f3noma de Lisboa, para al\u00e9m de testemunhos pessoais, cont\u00e9m cap\u00edtulos de Arqueologia e Epigrafia, Hist\u00f3ria Medieval, Moderna, Empresarial, Hist\u00f3ria do Livro, Hist\u00f3ria da Arte e, ainda, uma sec\u00e7\u00e3o de V\u00e1ria.<br \/>\nOs contributos s\u00e3o assinados por um elenco ecl\u00e9ctico das mais distintas proveni\u00eancias acad\u00e9micas: Agostinho Ara\u00fajo, Aline Gallash-Hall de Beauvink, Ant\u00f3nio de Lencastre Bernardo, Ant\u00f3nio Pedro A. Ferreira, Armando Lu\u00eds de Carvalho Homem, Diogo Leite de Campos, Eduardo Costa, Isabel Pestana Moser, Jo\u00e3o Pancada Correia, Jo\u00e3o Silva de Sousa, Jos\u00e9 Amado da Silva, Jos\u00e9 Amado Mendes, Jos\u00e9 d\u2019Encarna\u00e7\u00e3o, Madalena Rom\u00e3o Mira, Margarida Leme, Maria Isabel Mingu\u00e9ns, Miguel Figueira de Faria, Reginaldo Rodrigues de Almeida e Ricardo Gaid\u00e3o.<br \/>\nA profus\u00e3o e diversidade de saberes reflecte uma das caracter\u00edsticas do homenageado, enquanto cidad\u00e3o e investigador da Cultura Portuguesa.<\/p>\n","protected":false},"featured_media":4915,"template":"","meta":[],"yoast_head":"<!-- This site is optimized with the Yoast SEO plugin v15.6 - https:\/\/yoast.com\/wordpress\/plugins\/seo\/ -->\n<title>Homenagem a Justino Mendes de Almeida - Book Hut Editores<\/title>\n<meta name=\"robots\" content=\"index, follow, max-snippet:-1, max-image-preview:large, max-video-preview:-1\" \/>\n<link rel=\"canonical\" href=\"https:\/\/bookhut.pt\/fr\/produto\/homenagem-a-justino-mendes-de-almeida\/\" \/>\n<meta property=\"og:locale\" content=\"fr_FR\" \/>\n<meta property=\"og:type\" content=\"article\" \/>\n<meta property=\"og:title\" content=\"Homenagem a Justino Mendes de Almeida - Book Hut Editores\" \/>\n<meta property=\"og:description\" content=\"Homenagem a Justino Mendes de Almeida \u00e9 um volume de tributo a um grande Humanista portugu\u00eas, um verdadeiro Homem de Letras, com um percurso que deixou rasto na Hist\u00f3ria da Educa\u00e7\u00e3o em Portugal. Este livro dedicado ao Reitor Em\u00e9rito da Universidade Aut\u00f3noma de Lisboa, para al\u00e9m de testemunhos pessoais, cont\u00e9m cap\u00edtulos de Arqueologia e Epigrafia, Hist\u00f3ria Medieval, Moderna, Empresarial, Hist\u00f3ria do Livro, Hist\u00f3ria da Arte e, ainda, uma sec\u00e7\u00e3o de V\u00e1ria. Os contributos s\u00e3o assinados por um elenco ecl\u00e9ctico das mais distintas proveni\u00eancias acad\u00e9micas: Agostinho Ara\u00fajo, Aline Gallash-Hall de Beauvink, Ant\u00f3nio de Lencastre Bernardo, Ant\u00f3nio Pedro A. Ferreira, Armando Lu\u00eds de Carvalho Homem, Diogo Leite de Campos, Eduardo Costa, Isabel Pestana Moser, Jo\u00e3o Pancada Correia, Jo\u00e3o Silva de Sousa, Jos\u00e9 Amado da Silva, Jos\u00e9 Amado Mendes, Jos\u00e9 d\u2019Encarna\u00e7\u00e3o, Madalena Rom\u00e3o Mira, Margarida Leme, Maria Isabel Mingu\u00e9ns, Miguel Figueira de Faria, Reginaldo Rodrigues de Almeida e Ricardo Gaid\u00e3o. A profus\u00e3o e diversidade de saberes reflecte uma das caracter\u00edsticas do homenageado, enquanto cidad\u00e3o e investigador da Cultura Portuguesa.\" \/>\n<meta property=\"og:url\" content=\"https:\/\/bookhut.pt\/fr\/produto\/homenagem-a-justino-mendes-de-almeida\/\" \/>\n<meta property=\"og:site_name\" content=\"Book Hut Editores\" \/>\n<meta property=\"article:publisher\" content=\"https:\/\/www.facebook.com\/thebookhuteditora\/\" \/>\n<meta property=\"article:modified_time\" content=\"2025-12-22T17:16:50+00:00\" \/>\n<meta property=\"og:image\" content=\"https:\/\/bookhut.pt\/wp-content\/uploads\/2019\/12\/Capa_Homenagem-a-Justino-Mendes-de-Almeida.jpg\" \/>\n\t<meta property=\"og:image:width\" content=\"654\" \/>\n\t<meta property=\"og:image:height\" content=\"930\" \/>\n<meta name=\"twitter:card\" content=\"summary_large_image\" \/>\n<meta name=\"twitter:site\" content=\"@bookhut_editora\" \/>\n<script type=\"application\/ld+json\" class=\"yoast-schema-graph\">{\"@context\":\"https:\/\/schema.org\",\"@graph\":[{\"@type\":\"WebSite\",\"@id\":\"https:\/\/bookhut.pt\/#website\",\"url\":\"https:\/\/bookhut.pt\/\",\"name\":\"Book Hut Editores\",\"description\":\"\",\"potentialAction\":[{\"@type\":\"SearchAction\",\"target\":\"https:\/\/bookhut.pt\/?s={search_term_string}\",\"query-input\":\"required name=search_term_string\"}],\"inLanguage\":\"fr-FR\"},{\"@type\":\"ImageObject\",\"@id\":\"https:\/\/bookhut.pt\/fr\/produto\/homenagem-a-justino-mendes-de-almeida\/#primaryimage\",\"inLanguage\":\"fr-FR\",\"url\":\"https:\/\/bookhut.pt\/wp-content\/uploads\/2019\/12\/Capa_Homenagem-a-Justino-Mendes-de-Almeida.jpg\",\"width\":654,\"height\":930},{\"@type\":\"WebPage\",\"@id\":\"https:\/\/bookhut.pt\/fr\/produto\/homenagem-a-justino-mendes-de-almeida\/#webpage\",\"url\":\"https:\/\/bookhut.pt\/fr\/produto\/homenagem-a-justino-mendes-de-almeida\/\",\"name\":\"Homenagem a Justino Mendes de Almeida - Book Hut Editores\",\"isPartOf\":{\"@id\":\"https:\/\/bookhut.pt\/#website\"},\"primaryImageOfPage\":{\"@id\":\"https:\/\/bookhut.pt\/fr\/produto\/homenagem-a-justino-mendes-de-almeida\/#primaryimage\"},\"datePublished\":\"2019-12-03T09:01:50+00:00\",\"dateModified\":\"2025-12-22T17:16:50+00:00\",\"inLanguage\":\"fr-FR\",\"potentialAction\":[{\"@type\":\"ReadAction\",\"target\":[\"https:\/\/bookhut.pt\/fr\/produto\/homenagem-a-justino-mendes-de-almeida\/\"]}]}]}<\/script>\n<!-- \/ Yoast SEO plugin. -->","_links":{"self":[{"href":"https:\/\/bookhut.pt\/fr\/wp-json\/wp\/v2\/product\/1774"}],"collection":[{"href":"https:\/\/bookhut.pt\/fr\/wp-json\/wp\/v2\/product"}],"about":[{"href":"https:\/\/bookhut.pt\/fr\/wp-json\/wp\/v2\/types\/product"}],"wp:featuredmedia":[{"embeddable":true,"href":"https:\/\/bookhut.pt\/fr\/wp-json\/wp\/v2\/media\/4915"}],"wp:attachment":[{"href":"https:\/\/bookhut.pt\/fr\/wp-json\/wp\/v2\/media?parent=1774"}],"curies":[{"name":"wp","href":"https:\/\/api.w.org\/{rel}","templated":true}]}}