{"id":1773,"date":"2019-12-03T08:57:02","date_gmt":"2019-12-03T08:57:02","guid":{"rendered":"https:\/\/bookhut.pt\/?post_type=product&#038;p=1773"},"modified":"2022-02-01T14:16:02","modified_gmt":"2022-02-01T14:16:02","slug":"nunes-da-cunha-botelho-de-lemos-e-buitrago","status":"publish","type":"product","link":"https:\/\/bookhut.pt\/fr\/produto\/nunes-da-cunha-botelho-de-lemos-e-buitrago\/","title":{"rendered":"Nunes da Cunha, Botelho de Lemos e Buitrago"},"content":{"rendered":"<p>[vc_row][vc_column][vc_column_text]Para que os Nunes da Cunha e os vindouros sintam sempre grande orgulho por pertencerem a nobreza torriense e descenderem da pl\u00eaiade de Cavaleiros-fidalgos da Casa Real e da Ordem de Cristo que lhes deram origem, muitos deles com sacrif\u00edcio da pr\u00f3pria vida nos caminhos para a \u00cdndia e em combates marit\u00edmos, em Alc\u00e1cer-Quibir e noutras batalhas, que lutaram no Brasil contra a ocupa\u00e7\u00e3o holandesa, em La Lys na I Grande Guerra, em Angola, Guin\u00e9 ou em Mo\u00e7ambique, onde defenderam com orgulho grandes causas da P\u00e1tria Portuguesa que a Hist\u00f3ria de Portugal jamais esquecer\u00e1. Como dizia em 1934 Armando de Mattos, tamb\u00e9m este trabalho simboliza a recompensa da Na\u00e7\u00e3o para uma Fam\u00edlia que se distinguiu e fez grande o nome de Portugal![\/vc_column_text][\/vc_column][\/vc_row]<\/p>\n","protected":false},"excerpt":{"rendered":"<p>Para que os Nunes da Cunha e os vindouros sintam sempre grande orgulho por pertencerem a nobreza torriense e descenderem da pl\u00eaiade de Cavaleiros-fidalgos da Casa Real e da Ordem de Cristo que lhes deram origem, muitos deles com sacrif\u00edcio da pr\u00f3pria vida nos caminhos para a \u00cdndia e em combates mar\u00edtimos, em Alc\u00e1cer-Quibir e noutras batalhas, que lutaram no Brasil contra a ocupa\u00e7\u00e3o holandesa, em La Lys na I Grande Guerra, em Angola, Guin\u00e9 ou em Mo\u00e7ambique, onde defenderam com orgulho grandes causas da P\u00e1tria Portuguesa que a Hist\u00f3ria de Portugal jamais esquecer\u00e1. Como dizia em 1934 Armando de Mattos, tamb\u00e9m este trabalho simboliza a recompensa da Na\u00e7\u00e3o para uma Fam\u00edlia que se distinguiu e fez grande o nome de Portugal!<\/p>\n","protected":false},"featured_media":2170,"template":"","meta":[],"yoast_head":"<!-- This site is optimized with the Yoast SEO plugin v15.6 - https:\/\/yoast.com\/wordpress\/plugins\/seo\/ -->\n<title>Nunes da Cunha, Botelho de Lemos e Buitrago - Book Hut Editores<\/title>\n<meta name=\"robots\" content=\"index, follow, max-snippet:-1, max-image-preview:large, max-video-preview:-1\" \/>\n<link rel=\"canonical\" href=\"https:\/\/bookhut.pt\/fr\/produto\/nunes-da-cunha-botelho-de-lemos-e-buitrago\/\" \/>\n<meta property=\"og:locale\" content=\"fr_FR\" \/>\n<meta property=\"og:type\" content=\"article\" \/>\n<meta property=\"og:title\" content=\"Nunes da Cunha, Botelho de Lemos e Buitrago - Book Hut Editores\" \/>\n<meta property=\"og:description\" content=\"Para que os Nunes da Cunha e os vindouros sintam sempre grande orgulho por pertencerem a nobreza torriense e descenderem da pl\u00eaiade de Cavaleiros-fidalgos da Casa Real e da Ordem de Cristo que lhes deram origem, muitos deles com sacrif\u00edcio da pr\u00f3pria vida nos caminhos para a \u00cdndia e em combates mar\u00edtimos, em Alc\u00e1cer-Quibir e noutras batalhas, que lutaram no Brasil contra a ocupa\u00e7\u00e3o holandesa, em La Lys na I Grande Guerra, em Angola, Guin\u00e9 ou em Mo\u00e7ambique, onde defenderam com orgulho grandes causas da P\u00e1tria Portuguesa que a Hist\u00f3ria de Portugal jamais esquecer\u00e1. Como dizia em 1934 Armando de Mattos, tamb\u00e9m este trabalho simboliza a recompensa da Na\u00e7\u00e3o para uma Fam\u00edlia que se distinguiu e fez grande o nome de Portugal!\" \/>\n<meta property=\"og:url\" content=\"https:\/\/bookhut.pt\/fr\/produto\/nunes-da-cunha-botelho-de-lemos-e-buitrago\/\" \/>\n<meta property=\"og:site_name\" content=\"Book Hut Editores\" \/>\n<meta property=\"article:publisher\" content=\"https:\/\/www.facebook.com\/thebookhuteditora\/\" \/>\n<meta property=\"article:modified_time\" content=\"2022-02-01T14:16:02+00:00\" \/>\n<meta property=\"og:image\" content=\"https:\/\/bookhut.pt\/wp-content\/uploads\/2019\/12\/2008-Capa-NUNES-DA-CUNHA.jpg\" \/>\n\t<meta property=\"og:image:width\" content=\"1985\" \/>\n\t<meta property=\"og:image:height\" content=\"2855\" \/>\n<meta name=\"twitter:card\" content=\"summary_large_image\" \/>\n<meta name=\"twitter:site\" content=\"@bookhut_editora\" \/>\n<script type=\"application\/ld+json\" class=\"yoast-schema-graph\">{\"@context\":\"https:\/\/schema.org\",\"@graph\":[{\"@type\":\"WebSite\",\"@id\":\"https:\/\/bookhut.pt\/#website\",\"url\":\"https:\/\/bookhut.pt\/\",\"name\":\"Book Hut Editores\",\"description\":\"\",\"potentialAction\":[{\"@type\":\"SearchAction\",\"target\":\"https:\/\/bookhut.pt\/?s={search_term_string}\",\"query-input\":\"required name=search_term_string\"}],\"inLanguage\":\"fr-FR\"},{\"@type\":\"ImageObject\",\"@id\":\"https:\/\/bookhut.pt\/fr\/produto\/nunes-da-cunha-botelho-de-lemos-e-buitrago\/#primaryimage\",\"inLanguage\":\"fr-FR\",\"url\":\"https:\/\/bookhut.pt\/wp-content\/uploads\/2019\/12\/2008-Capa-NUNES-DA-CUNHA.jpg\",\"width\":1985,\"height\":2855},{\"@type\":\"WebPage\",\"@id\":\"https:\/\/bookhut.pt\/fr\/produto\/nunes-da-cunha-botelho-de-lemos-e-buitrago\/#webpage\",\"url\":\"https:\/\/bookhut.pt\/fr\/produto\/nunes-da-cunha-botelho-de-lemos-e-buitrago\/\",\"name\":\"Nunes da Cunha, Botelho de Lemos e Buitrago - Book Hut Editores\",\"isPartOf\":{\"@id\":\"https:\/\/bookhut.pt\/#website\"},\"primaryImageOfPage\":{\"@id\":\"https:\/\/bookhut.pt\/fr\/produto\/nunes-da-cunha-botelho-de-lemos-e-buitrago\/#primaryimage\"},\"datePublished\":\"2019-12-03T08:57:02+00:00\",\"dateModified\":\"2022-02-01T14:16:02+00:00\",\"inLanguage\":\"fr-FR\",\"potentialAction\":[{\"@type\":\"ReadAction\",\"target\":[\"https:\/\/bookhut.pt\/fr\/produto\/nunes-da-cunha-botelho-de-lemos-e-buitrago\/\"]}]}]}<\/script>\n<!-- \/ Yoast SEO plugin. -->","_links":{"self":[{"href":"https:\/\/bookhut.pt\/fr\/wp-json\/wp\/v2\/product\/1773"}],"collection":[{"href":"https:\/\/bookhut.pt\/fr\/wp-json\/wp\/v2\/product"}],"about":[{"href":"https:\/\/bookhut.pt\/fr\/wp-json\/wp\/v2\/types\/product"}],"wp:featuredmedia":[{"embeddable":true,"href":"https:\/\/bookhut.pt\/fr\/wp-json\/wp\/v2\/media\/2170"}],"wp:attachment":[{"href":"https:\/\/bookhut.pt\/fr\/wp-json\/wp\/v2\/media?parent=1773"}],"curies":[{"name":"wp","href":"https:\/\/api.w.org\/{rel}","templated":true}]}}