{"id":1771,"date":"2019-12-03T08:49:47","date_gmt":"2019-12-03T08:49:47","guid":{"rendered":"https:\/\/bookhut.pt\/?post_type=product&#038;p=1771"},"modified":"2022-02-16T12:15:03","modified_gmt":"2022-02-16T12:15:03","slug":"estrada-fora","status":"publish","type":"product","link":"https:\/\/bookhut.pt\/fr\/produto\/estrada-fora\/","title":{"rendered":"Estrada Fora"},"content":{"rendered":"<p>[vc_row][vc_column][vc_column_text]Estrada Fora \u00e9 uma compila\u00e7\u00e3o de alguns dos artigos escritos por Francisco Sande e Castro para os seman\u00e1rios &#8220;O Independente&#8221; e &#8221; Expresso&#8221; no final dos anos 80 e d\u00e9cada de 90. S\u00e3o artigos divertidos que, de uma forma ir\u00f3nica, analisam a nossa mentalidade e o comportamento t\u00edpicos dos portugueses na estrada. O cap\u00edtulo final relata algumas das mais marcantes viagens de carro realizadas pelo autor, principalmente em terras africanas.[\/vc_column_text][\/vc_column][\/vc_row]<\/p>\n","protected":false},"excerpt":{"rendered":"<p>Estrada Fora \u00e9 uma compila\u00e7\u00e3o de alguns dos artigos escritos por Francisco Sande e Castro para os seman\u00e1rios &#8220;O Independente&#8221; e &#8221; Expresso&#8221; no final dos anos 80 e d\u00e9cada de 90. S\u00e3o artigos divertidos que, de uma forma ir\u00f3nica, analisam a nossa mentalidade e o comportamento t\u00edpicos dos portugueses na estrada. O cap\u00edtulo final relata algumas das mais marcantes viagens de carro realizadas pelo autor, principalmente em terras africanas.<\/p>\n","protected":false},"featured_media":4903,"template":"","meta":[],"yoast_head":"<!-- This site is optimized with the Yoast SEO plugin v15.6 - https:\/\/yoast.com\/wordpress\/plugins\/seo\/ -->\n<title>Estrada Fora - Book Hut Editores<\/title>\n<meta name=\"robots\" content=\"index, follow, max-snippet:-1, max-image-preview:large, max-video-preview:-1\" \/>\n<link rel=\"canonical\" href=\"https:\/\/bookhut.pt\/fr\/produto\/estrada-fora\/\" \/>\n<meta property=\"og:locale\" content=\"fr_FR\" \/>\n<meta property=\"og:type\" content=\"article\" \/>\n<meta property=\"og:title\" content=\"Estrada Fora - Book Hut Editores\" \/>\n<meta property=\"og:description\" content=\"Estrada Fora \u00e9 uma compila\u00e7\u00e3o de alguns dos artigos escritos por Francisco Sande e Castro para os seman\u00e1rios &quot;O Independente&quot; e &quot; Expresso&quot; no final dos anos 80 e d\u00e9cada de 90. S\u00e3o artigos divertidos que, de uma forma ir\u00f3nica, analisam a nossa mentalidade e o comportamento t\u00edpicos dos portugueses na estrada. O cap\u00edtulo final relata algumas das mais marcantes viagens de carro realizadas pelo autor, principalmente em terras africanas.\" \/>\n<meta property=\"og:url\" content=\"https:\/\/bookhut.pt\/fr\/produto\/estrada-fora\/\" \/>\n<meta property=\"og:site_name\" content=\"Book Hut Editores\" \/>\n<meta property=\"article:publisher\" content=\"https:\/\/www.facebook.com\/thebookhuteditora\/\" \/>\n<meta property=\"article:modified_time\" content=\"2022-02-16T12:15:03+00:00\" \/>\n<meta property=\"og:image\" content=\"https:\/\/bookhut.pt\/wp-content\/uploads\/2019\/12\/Capa_Estrada-Fora.jpg\" \/>\n\t<meta property=\"og:image:width\" content=\"540\" \/>\n\t<meta property=\"og:image:height\" content=\"794\" \/>\n<meta name=\"twitter:card\" content=\"summary_large_image\" \/>\n<meta name=\"twitter:site\" content=\"@bookhut_editora\" \/>\n<script type=\"application\/ld+json\" class=\"yoast-schema-graph\">{\"@context\":\"https:\/\/schema.org\",\"@graph\":[{\"@type\":\"WebSite\",\"@id\":\"https:\/\/bookhut.pt\/#website\",\"url\":\"https:\/\/bookhut.pt\/\",\"name\":\"Book Hut Editores\",\"description\":\"\",\"potentialAction\":[{\"@type\":\"SearchAction\",\"target\":\"https:\/\/bookhut.pt\/?s={search_term_string}\",\"query-input\":\"required name=search_term_string\"}],\"inLanguage\":\"fr-FR\"},{\"@type\":\"ImageObject\",\"@id\":\"https:\/\/bookhut.pt\/fr\/produto\/estrada-fora\/#primaryimage\",\"inLanguage\":\"fr-FR\",\"url\":\"https:\/\/bookhut.pt\/wp-content\/uploads\/2019\/12\/Capa_Estrada-Fora.jpg\",\"width\":540,\"height\":794},{\"@type\":\"WebPage\",\"@id\":\"https:\/\/bookhut.pt\/fr\/produto\/estrada-fora\/#webpage\",\"url\":\"https:\/\/bookhut.pt\/fr\/produto\/estrada-fora\/\",\"name\":\"Estrada Fora - Book Hut Editores\",\"isPartOf\":{\"@id\":\"https:\/\/bookhut.pt\/#website\"},\"primaryImageOfPage\":{\"@id\":\"https:\/\/bookhut.pt\/fr\/produto\/estrada-fora\/#primaryimage\"},\"datePublished\":\"2019-12-03T08:49:47+00:00\",\"dateModified\":\"2022-02-16T12:15:03+00:00\",\"inLanguage\":\"fr-FR\",\"potentialAction\":[{\"@type\":\"ReadAction\",\"target\":[\"https:\/\/bookhut.pt\/fr\/produto\/estrada-fora\/\"]}]}]}<\/script>\n<!-- \/ Yoast SEO plugin. -->","_links":{"self":[{"href":"https:\/\/bookhut.pt\/fr\/wp-json\/wp\/v2\/product\/1771"}],"collection":[{"href":"https:\/\/bookhut.pt\/fr\/wp-json\/wp\/v2\/product"}],"about":[{"href":"https:\/\/bookhut.pt\/fr\/wp-json\/wp\/v2\/types\/product"}],"wp:featuredmedia":[{"embeddable":true,"href":"https:\/\/bookhut.pt\/fr\/wp-json\/wp\/v2\/media\/4903"}],"wp:attachment":[{"href":"https:\/\/bookhut.pt\/fr\/wp-json\/wp\/v2\/media?parent=1771"}],"curies":[{"name":"wp","href":"https:\/\/api.w.org\/{rel}","templated":true}]}}