{"id":1770,"date":"2019-12-03T08:46:28","date_gmt":"2019-12-03T08:46:28","guid":{"rendered":"https:\/\/bookhut.pt\/?post_type=product&#038;p=1770"},"modified":"2022-02-01T14:09:53","modified_gmt":"2022-02-01T14:09:53","slug":"10-semanas-para-uma-comunicacao-de-excelencia","status":"publish","type":"product","link":"https:\/\/bookhut.pt\/fr\/produto\/10-semanas-para-uma-comunicacao-de-excelencia\/","title":{"rendered":"10 Semanas para uma Comunica\u00e7\u00e3o de Excel\u00eancia"},"content":{"rendered":"<p>[vc_row][vc_column][vc_column_text]Este \u00e9 um livro sobre comunica\u00e7\u00e3o e, sobretudo, como esta pode alterar as nossas vidas atrav\u00e9s dos resultados que com ela obtemos.<br \/>\nEste livro \u00e9 tamb\u00e9m pr\u00e1tico. Assim sendo, criei um programa com exerc\u00edcios espec\u00edficos que o leitor deve executar durante um per\u00edodo de 10 semanas.<br \/>\nEstes exerc\u00edcios, que est\u00e3o descritos e calendarizados ao longo desse per\u00edodo, baseiam-se em mat\u00e9rias diversas tais como: a psicologia cl\u00e1ssica, a programa\u00e7\u00e3o neuro lingu\u00edstica(PNL), t\u00e9cnicas de concentra\u00e7\u00e3o, de relaxamento e de visualiza\u00e7\u00e3o.<br \/>\nO prop\u00f3sito deste livro \u00e9 melhorar substancialmente a sua comunica\u00e7\u00e3o. Como tal, ao fim de o ler e treinar os exerc\u00edcios, deve dar-se conta e sentir os progressos obtidos.<br \/>\nO Autor procurou tamb\u00e9m que o caminho, ao longo das 10 semanas de treino, fosse enriquecedor, frutuoso e, j\u00e1 agora&#8230; divertido.[\/vc_column_text][\/vc_column][\/vc_row]<\/p>\n","protected":false},"excerpt":{"rendered":"<p>Este \u00e9 um livro sobre comunica\u00e7\u00e3o e, sobretudo, como esta pode alterar as nossas vidas atrav\u00e9s dos resultados que com ela obtemos.<br \/>\nEste livro \u00e9 tamb\u00e9m pr\u00e1tico. Assim sendo, criei um programa com exerc\u00edcios espec\u00edficos que o leitor deve executar durante um per\u00edodo de 10 semanas.<br \/>\nEstes exerc\u00edcios, que est\u00e3o descritos e calendarizados ao longo desse per\u00edodo, baseiam-se em mat\u00e9rias diversas tais como: a psicologia cl\u00e1ssica, a programa\u00e7\u00e3o neuro lingu\u00edstica(PNL), t\u00e9cnicas de concentra\u00e7\u00e3o, de relaxamento e de visualiza\u00e7\u00e3o.<br \/>\nO prop\u00f3sito deste livro \u00e9 melhorar substancialmente a sua comunica\u00e7\u00e3o. Como tal, ao fim de o ler e treinar os exerc\u00edcios, deve dar-se conta e sentir os progressos obtidos.<br \/>\nO Autor procurou tamb\u00e9m que o caminho, ao longo das 10 semanas de treino, fosse enriquecedor, frutuoso e, j\u00e1 agora&#8230; divertido.<\/p>\n","protected":false},"featured_media":1820,"template":"","meta":[],"yoast_head":"<!-- This site is optimized with the Yoast SEO plugin v15.6 - https:\/\/yoast.com\/wordpress\/plugins\/seo\/ -->\n<title>10 Semanas para uma Comunica\u00e7\u00e3o de Excel\u00eancia - Book Hut Editores<\/title>\n<meta name=\"robots\" content=\"index, follow, max-snippet:-1, max-image-preview:large, max-video-preview:-1\" \/>\n<link rel=\"canonical\" href=\"https:\/\/bookhut.pt\/fr\/produto\/10-semanas-para-uma-comunicacao-de-excelencia\/\" \/>\n<meta property=\"og:locale\" content=\"fr_FR\" \/>\n<meta property=\"og:type\" content=\"article\" \/>\n<meta property=\"og:title\" content=\"10 Semanas para uma Comunica\u00e7\u00e3o de Excel\u00eancia - Book Hut Editores\" \/>\n<meta property=\"og:description\" content=\"Este \u00e9 um livro sobre comunica\u00e7\u00e3o e, sobretudo, como esta pode alterar as nossas vidas atrav\u00e9s dos resultados que com ela obtemos. Este livro \u00e9 tamb\u00e9m pr\u00e1tico. Assim sendo, criei um programa com exerc\u00edcios espec\u00edficos que o leitor deve executar durante um per\u00edodo de 10 semanas. Estes exerc\u00edcios, que est\u00e3o descritos e calendarizados ao longo desse per\u00edodo, baseiam-se em mat\u00e9rias diversas tais como: a psicologia cl\u00e1ssica, a programa\u00e7\u00e3o neuro lingu\u00edstica(PNL), t\u00e9cnicas de concentra\u00e7\u00e3o, de relaxamento e de visualiza\u00e7\u00e3o. O prop\u00f3sito deste livro \u00e9 melhorar substancialmente a sua comunica\u00e7\u00e3o. Como tal, ao fim de o ler e treinar os exerc\u00edcios, deve dar-se conta e sentir os progressos obtidos. O Autor procurou tamb\u00e9m que o caminho, ao longo das 10 semanas de treino, fosse enriquecedor, frutuoso e, j\u00e1 agora... divertido.\" \/>\n<meta property=\"og:url\" content=\"https:\/\/bookhut.pt\/fr\/produto\/10-semanas-para-uma-comunicacao-de-excelencia\/\" \/>\n<meta property=\"og:site_name\" content=\"Book Hut Editores\" \/>\n<meta property=\"article:publisher\" content=\"https:\/\/www.facebook.com\/thebookhuteditora\/\" \/>\n<meta property=\"article:modified_time\" content=\"2022-02-01T14:09:53+00:00\" \/>\n<meta property=\"og:image\" content=\"https:\/\/bookhut.pt\/wp-content\/uploads\/2019\/12\/CapaCarlosHargreaves-1.jpg\" \/>\n\t<meta property=\"og:image:width\" content=\"679\" \/>\n\t<meta property=\"og:image:height\" content=\"1090\" \/>\n<meta name=\"twitter:card\" content=\"summary_large_image\" \/>\n<meta name=\"twitter:site\" content=\"@bookhut_editora\" \/>\n<script type=\"application\/ld+json\" class=\"yoast-schema-graph\">{\"@context\":\"https:\/\/schema.org\",\"@graph\":[{\"@type\":\"WebSite\",\"@id\":\"https:\/\/bookhut.pt\/#website\",\"url\":\"https:\/\/bookhut.pt\/\",\"name\":\"Book Hut Editores\",\"description\":\"\",\"potentialAction\":[{\"@type\":\"SearchAction\",\"target\":\"https:\/\/bookhut.pt\/?s={search_term_string}\",\"query-input\":\"required name=search_term_string\"}],\"inLanguage\":\"fr-FR\"},{\"@type\":\"ImageObject\",\"@id\":\"https:\/\/bookhut.pt\/fr\/produto\/10-semanas-para-uma-comunicacao-de-excelencia\/#primaryimage\",\"inLanguage\":\"fr-FR\",\"url\":\"https:\/\/bookhut.pt\/wp-content\/uploads\/2019\/12\/CapaCarlosHargreaves-1.jpg\",\"width\":679,\"height\":1090},{\"@type\":\"WebPage\",\"@id\":\"https:\/\/bookhut.pt\/fr\/produto\/10-semanas-para-uma-comunicacao-de-excelencia\/#webpage\",\"url\":\"https:\/\/bookhut.pt\/fr\/produto\/10-semanas-para-uma-comunicacao-de-excelencia\/\",\"name\":\"10 Semanas para uma Comunica\\u00e7\\u00e3o de Excel\\u00eancia - Book Hut Editores\",\"isPartOf\":{\"@id\":\"https:\/\/bookhut.pt\/#website\"},\"primaryImageOfPage\":{\"@id\":\"https:\/\/bookhut.pt\/fr\/produto\/10-semanas-para-uma-comunicacao-de-excelencia\/#primaryimage\"},\"datePublished\":\"2019-12-03T08:46:28+00:00\",\"dateModified\":\"2022-02-01T14:09:53+00:00\",\"inLanguage\":\"fr-FR\",\"potentialAction\":[{\"@type\":\"ReadAction\",\"target\":[\"https:\/\/bookhut.pt\/fr\/produto\/10-semanas-para-uma-comunicacao-de-excelencia\/\"]}]}]}<\/script>\n<!-- \/ Yoast SEO plugin. -->","_links":{"self":[{"href":"https:\/\/bookhut.pt\/fr\/wp-json\/wp\/v2\/product\/1770"}],"collection":[{"href":"https:\/\/bookhut.pt\/fr\/wp-json\/wp\/v2\/product"}],"about":[{"href":"https:\/\/bookhut.pt\/fr\/wp-json\/wp\/v2\/types\/product"}],"wp:featuredmedia":[{"embeddable":true,"href":"https:\/\/bookhut.pt\/fr\/wp-json\/wp\/v2\/media\/1820"}],"wp:attachment":[{"href":"https:\/\/bookhut.pt\/fr\/wp-json\/wp\/v2\/media?parent=1770"}],"curies":[{"name":"wp","href":"https:\/\/api.w.org\/{rel}","templated":true}]}}