{"id":1767,"date":"2019-12-02T17:51:14","date_gmt":"2019-12-02T17:51:14","guid":{"rendered":"https:\/\/bookhut.pt\/?post_type=product&#038;p=1767"},"modified":"2022-02-16T12:22:15","modified_gmt":"2022-02-16T12:22:15","slug":"ha-sempre-um-vapor-acostado-ao-cais","status":"publish","type":"product","link":"https:\/\/bookhut.pt\/fr\/produto\/ha-sempre-um-vapor-acostado-ao-cais\/","title":{"rendered":"H\u00e1 Sempre um Vapor Acostado ao Cais"},"content":{"rendered":"<p>[vc_row][vc_column][vc_column_text]Se, como dizia Teixeira de Pascoaes, ser poeta \u00e9 animar as palavras, Joaquim Chito Rodrigues \u00e9, profundamente, um poeta. Os seus versos n\u00e3o temem a pele do amor concreto, a saudade viva dos amigos que j\u00e1 n\u00e3o vivem, o sabor lento de cada ensinamento, duro ou doce, do tempo que passa.\u00c9 por a\u00ed que come\u00e7a essa perigos\u00edssima actividade de descer \u00e0s grutas mais escuras da alma para lhe sangrar fantasmas, segredos, cores e cambiantes &#8211; \u00e9 essa a for\u00e7a da sua poesia. As suas palavras luminosas, de uma simplicidade pensada, revelam o universal inc\u00eandio dos sentimentos no particuar sentido de cada cora\u00e7\u00e3o. &#8211; In\u00eas Pedrosa[\/vc_column_text][\/vc_column][\/vc_row]<\/p>\n","protected":false},"excerpt":{"rendered":"<p>Se, como dizia Teixeira de Pascoaes, ser poeta \u00e9 animar as palavras, Joaquim Chito Rodrigues \u00e9, profundamente, um poeta. Os seus versos n\u00e3o temem a pele do amor concreto, a saudade viva dos amigos que j\u00e1 n\u00e3o vivem, o sabor lento de cada ensinamento, duro ou doce, do tempo que passa.\u00c9 por a\u00ed que come\u00e7a essa perigos\u00edssima actividade de descer \u00e0s grutas mais escuras da alma para lhe sangrar fantasmas, segredos, cores e cambiantes &#8211; \u00e9 essa a for\u00e7a da sua poesia. As suas palavras luminosas, de uma simplicidade pensada, revelam o universal inc\u00eandio dos sentimentos no particuar sentido de cada cora\u00e7\u00e3o. &#8211; In\u00eas Pedrosa<\/p>\n","protected":false},"featured_media":4911,"template":"","meta":[],"yoast_head":"<!-- This site is optimized with the Yoast SEO plugin v15.6 - https:\/\/yoast.com\/wordpress\/plugins\/seo\/ -->\n<title>H\u00e1 Sempre um Vapor Acostado ao Cais - Book Hut Editores<\/title>\n<meta name=\"robots\" content=\"index, follow, max-snippet:-1, max-image-preview:large, max-video-preview:-1\" \/>\n<link rel=\"canonical\" href=\"https:\/\/bookhut.pt\/fr\/produto\/ha-sempre-um-vapor-acostado-ao-cais\/\" \/>\n<meta property=\"og:locale\" content=\"fr_FR\" \/>\n<meta property=\"og:type\" content=\"article\" \/>\n<meta property=\"og:title\" content=\"H\u00e1 Sempre um Vapor Acostado ao Cais - Book Hut Editores\" \/>\n<meta property=\"og:description\" content=\"Se, como dizia Teixeira de Pascoaes, ser poeta \u00e9 animar as palavras, Joaquim Chito Rodrigues \u00e9, profundamente, um poeta. Os seus versos n\u00e3o temem a pele do amor concreto, a saudade viva dos amigos que j\u00e1 n\u00e3o vivem, o sabor lento de cada ensinamento, duro ou doce, do tempo que passa.\u00c9 por a\u00ed que come\u00e7a essa perigos\u00edssima actividade de descer \u00e0s grutas mais escuras da alma para lhe sangrar fantasmas, segredos, cores e cambiantes - \u00e9 essa a for\u00e7a da sua poesia. As suas palavras luminosas, de uma simplicidade pensada, revelam o universal inc\u00eandio dos sentimentos no particuar sentido de cada cora\u00e7\u00e3o. - In\u00eas Pedrosa\" \/>\n<meta property=\"og:url\" content=\"https:\/\/bookhut.pt\/fr\/produto\/ha-sempre-um-vapor-acostado-ao-cais\/\" \/>\n<meta property=\"og:site_name\" content=\"Book Hut Editores\" \/>\n<meta property=\"article:publisher\" content=\"https:\/\/www.facebook.com\/thebookhuteditora\/\" \/>\n<meta property=\"article:modified_time\" content=\"2022-02-16T12:22:15+00:00\" \/>\n<meta property=\"og:image\" content=\"https:\/\/bookhut.pt\/wp-content\/uploads\/2019\/12\/Capa_Ha-sempre-um-Vapor-acostado-ao-cais.jpg\" \/>\n\t<meta property=\"og:image:width\" content=\"540\" \/>\n\t<meta property=\"og:image:height\" content=\"794\" \/>\n<meta name=\"twitter:card\" content=\"summary_large_image\" \/>\n<meta name=\"twitter:site\" content=\"@bookhut_editora\" \/>\n<script type=\"application\/ld+json\" class=\"yoast-schema-graph\">{\"@context\":\"https:\/\/schema.org\",\"@graph\":[{\"@type\":\"WebSite\",\"@id\":\"https:\/\/bookhut.pt\/#website\",\"url\":\"https:\/\/bookhut.pt\/\",\"name\":\"Book Hut Editores\",\"description\":\"\",\"potentialAction\":[{\"@type\":\"SearchAction\",\"target\":\"https:\/\/bookhut.pt\/?s={search_term_string}\",\"query-input\":\"required name=search_term_string\"}],\"inLanguage\":\"fr-FR\"},{\"@type\":\"ImageObject\",\"@id\":\"https:\/\/bookhut.pt\/fr\/produto\/ha-sempre-um-vapor-acostado-ao-cais\/#primaryimage\",\"inLanguage\":\"fr-FR\",\"url\":\"https:\/\/bookhut.pt\/wp-content\/uploads\/2019\/12\/Capa_Ha-sempre-um-Vapor-acostado-ao-cais.jpg\",\"width\":540,\"height\":794},{\"@type\":\"WebPage\",\"@id\":\"https:\/\/bookhut.pt\/fr\/produto\/ha-sempre-um-vapor-acostado-ao-cais\/#webpage\",\"url\":\"https:\/\/bookhut.pt\/fr\/produto\/ha-sempre-um-vapor-acostado-ao-cais\/\",\"name\":\"H\\u00e1 Sempre um Vapor Acostado ao Cais - Book Hut Editores\",\"isPartOf\":{\"@id\":\"https:\/\/bookhut.pt\/#website\"},\"primaryImageOfPage\":{\"@id\":\"https:\/\/bookhut.pt\/fr\/produto\/ha-sempre-um-vapor-acostado-ao-cais\/#primaryimage\"},\"datePublished\":\"2019-12-02T17:51:14+00:00\",\"dateModified\":\"2022-02-16T12:22:15+00:00\",\"inLanguage\":\"fr-FR\",\"potentialAction\":[{\"@type\":\"ReadAction\",\"target\":[\"https:\/\/bookhut.pt\/fr\/produto\/ha-sempre-um-vapor-acostado-ao-cais\/\"]}]}]}<\/script>\n<!-- \/ Yoast SEO plugin. -->","_links":{"self":[{"href":"https:\/\/bookhut.pt\/fr\/wp-json\/wp\/v2\/product\/1767"}],"collection":[{"href":"https:\/\/bookhut.pt\/fr\/wp-json\/wp\/v2\/product"}],"about":[{"href":"https:\/\/bookhut.pt\/fr\/wp-json\/wp\/v2\/types\/product"}],"wp:featuredmedia":[{"embeddable":true,"href":"https:\/\/bookhut.pt\/fr\/wp-json\/wp\/v2\/media\/4911"}],"wp:attachment":[{"href":"https:\/\/bookhut.pt\/fr\/wp-json\/wp\/v2\/media?parent=1767"}],"curies":[{"name":"wp","href":"https:\/\/api.w.org\/{rel}","templated":true}]}}