{"id":1765,"date":"2019-12-02T17:45:15","date_gmt":"2019-12-02T17:45:15","guid":{"rendered":"https:\/\/bookhut.pt\/?post_type=product&#038;p=1765"},"modified":"2020-11-17T16:03:42","modified_gmt":"2020-11-17T16:03:42","slug":"arquitetura-assim-ou-ao-contrario","status":"publish","type":"product","link":"https:\/\/bookhut.pt\/fr\/produto\/arquitetura-assim-ou-ao-contrario\/","title":{"rendered":"Arquitetura Assim ou ao Contr\u00e1rio?"},"content":{"rendered":"<p>[vc_row][vc_column][vc_column_text]Da primeira \u00e0 \u00faltima p\u00e1gina Jos\u00e9 Charles Monteiro percorre, com uma lucidez quase dolorosa, todo o arco da produ\u00e7\u00e3o dos factos urbanos, da cidade; desde o planeamento territorial (que lhe vai mesmo a car\u00e1cter) at\u00e9 \u00e0 arquitectura, passando pelo projecto urban\u00edstico e a sua gest\u00e3o, sem esquecer a pr\u00f3pria forma\u00e7\u00e3o do arquitecto. Tudo isso numa torrente de argumentos, em que a t\u00e9cnica, a \u00e9tica, a est\u00e9tica e a pol\u00edtica recuperam a sua unidade original como na antiga Gr\u00e9cia.[\/vc_column_text][\/vc_column][\/vc_row]<\/p>\n","protected":false},"excerpt":{"rendered":"<p>Da primeira \u00e0 \u00faltima p\u00e1gina Jos\u00e9 Charles Monteiro percorre, com uma lucidez quase dolorosa, todo o arco da produ\u00e7\u00e3o dos factos urbanos, da cidade; desde o planeamento territorial (que lhe vai mesmo a car\u00e1cter) at\u00e9 \u00e0 arquitectura, passando pelo projecto urban\u00edstico e a sua gest\u00e3o, sem esquecer a pr\u00f3pria forma\u00e7\u00e3o do arquitecto. Tudo isso numa torrente de argumentos, em que a t\u00e9cnica, a \u00e9tica, a est\u00e9tica e a pol\u00edtica recuperam a sua unidade original como na antiga Gr\u00e9cia.<\/p>\n","protected":false},"featured_media":2158,"template":"","meta":[],"yoast_head":"<!-- This site is optimized with the Yoast SEO plugin v15.6 - https:\/\/yoast.com\/wordpress\/plugins\/seo\/ -->\n<title>Arquitetura Assim ou ao Contr\u00e1rio? - Book Hut Editores<\/title>\n<meta name=\"robots\" content=\"index, follow, max-snippet:-1, max-image-preview:large, max-video-preview:-1\" \/>\n<link rel=\"canonical\" href=\"https:\/\/bookhut.pt\/fr\/produto\/arquitetura-assim-ou-ao-contrario\/\" \/>\n<meta property=\"og:locale\" content=\"fr_FR\" \/>\n<meta property=\"og:type\" content=\"article\" \/>\n<meta property=\"og:title\" content=\"Arquitetura Assim ou ao Contr\u00e1rio? - Book Hut Editores\" \/>\n<meta property=\"og:description\" content=\"Da primeira \u00e0 \u00faltima p\u00e1gina Jos\u00e9 Charles Monteiro percorre, com uma lucidez quase dolorosa, todo o arco da produ\u00e7\u00e3o dos factos urbanos, da cidade; desde o planeamento territorial (que lhe vai mesmo a car\u00e1cter) at\u00e9 \u00e0 arquitectura, passando pelo projecto urban\u00edstico e a sua gest\u00e3o, sem esquecer a pr\u00f3pria forma\u00e7\u00e3o do arquitecto. Tudo isso numa torrente de argumentos, em que a t\u00e9cnica, a \u00e9tica, a est\u00e9tica e a pol\u00edtica recuperam a sua unidade original como na antiga Gr\u00e9cia.\" \/>\n<meta property=\"og:url\" content=\"https:\/\/bookhut.pt\/fr\/produto\/arquitetura-assim-ou-ao-contrario\/\" \/>\n<meta property=\"og:site_name\" content=\"Book Hut Editores\" \/>\n<meta property=\"article:publisher\" content=\"https:\/\/www.facebook.com\/thebookhuteditora\/\" \/>\n<meta property=\"article:modified_time\" content=\"2020-11-17T16:03:42+00:00\" \/>\n<meta property=\"og:image\" content=\"https:\/\/bookhut.pt\/wp-content\/uploads\/2019\/12\/2008-Capa-Arquitectura-assimContrario.jpg\" \/>\n\t<meta property=\"og:image:width\" content=\"1836\" \/>\n\t<meta property=\"og:image:height\" content=\"2602\" \/>\n<meta name=\"twitter:card\" content=\"summary_large_image\" \/>\n<meta name=\"twitter:site\" content=\"@bookhut_editora\" \/>\n<script type=\"application\/ld+json\" class=\"yoast-schema-graph\">{\"@context\":\"https:\/\/schema.org\",\"@graph\":[{\"@type\":\"WebSite\",\"@id\":\"https:\/\/bookhut.pt\/#website\",\"url\":\"https:\/\/bookhut.pt\/\",\"name\":\"Book Hut Editores\",\"description\":\"\",\"potentialAction\":[{\"@type\":\"SearchAction\",\"target\":\"https:\/\/bookhut.pt\/?s={search_term_string}\",\"query-input\":\"required name=search_term_string\"}],\"inLanguage\":\"fr-FR\"},{\"@type\":\"ImageObject\",\"@id\":\"https:\/\/bookhut.pt\/fr\/produto\/arquitetura-assim-ou-ao-contrario\/#primaryimage\",\"inLanguage\":\"fr-FR\",\"url\":\"https:\/\/bookhut.pt\/wp-content\/uploads\/2019\/12\/2008-Capa-Arquitectura-assimContrario.jpg\",\"width\":1836,\"height\":2602},{\"@type\":\"WebPage\",\"@id\":\"https:\/\/bookhut.pt\/fr\/produto\/arquitetura-assim-ou-ao-contrario\/#webpage\",\"url\":\"https:\/\/bookhut.pt\/fr\/produto\/arquitetura-assim-ou-ao-contrario\/\",\"name\":\"Arquitetura Assim ou ao Contr\\u00e1rio? - Book Hut Editores\",\"isPartOf\":{\"@id\":\"https:\/\/bookhut.pt\/#website\"},\"primaryImageOfPage\":{\"@id\":\"https:\/\/bookhut.pt\/fr\/produto\/arquitetura-assim-ou-ao-contrario\/#primaryimage\"},\"datePublished\":\"2019-12-02T17:45:15+00:00\",\"dateModified\":\"2020-11-17T16:03:42+00:00\",\"inLanguage\":\"fr-FR\",\"potentialAction\":[{\"@type\":\"ReadAction\",\"target\":[\"https:\/\/bookhut.pt\/fr\/produto\/arquitetura-assim-ou-ao-contrario\/\"]}]}]}<\/script>\n<!-- \/ Yoast SEO plugin. -->","_links":{"self":[{"href":"https:\/\/bookhut.pt\/fr\/wp-json\/wp\/v2\/product\/1765"}],"collection":[{"href":"https:\/\/bookhut.pt\/fr\/wp-json\/wp\/v2\/product"}],"about":[{"href":"https:\/\/bookhut.pt\/fr\/wp-json\/wp\/v2\/types\/product"}],"wp:featuredmedia":[{"embeddable":true,"href":"https:\/\/bookhut.pt\/fr\/wp-json\/wp\/v2\/media\/2158"}],"wp:attachment":[{"href":"https:\/\/bookhut.pt\/fr\/wp-json\/wp\/v2\/media?parent=1765"}],"curies":[{"name":"wp","href":"https:\/\/api.w.org\/{rel}","templated":true}]}}