{"id":1764,"date":"2019-12-02T17:42:53","date_gmt":"2019-12-02T17:42:53","guid":{"rendered":"https:\/\/bookhut.pt\/?post_type=product&#038;p=1764"},"modified":"2020-11-17T16:03:42","modified_gmt":"2020-11-17T16:03:42","slug":"um-cafe-pelo-aqueduto","status":"publish","type":"product","link":"https:\/\/bookhut.pt\/fr\/produto\/um-cafe-pelo-aqueduto\/","title":{"rendered":"Um Caf\u00e9 Pelo Aqueduto"},"content":{"rendered":"<p>[vc_row][vc_column][vc_column_text]Um caf\u00e9 pelo Aqueduto fala-nos e apresenta-nos uma colec\u00e7\u00e3o concebida por Manuel Carmo a partir da sua exposi\u00e7\u00e3o &#8220;Aquae Liberae Triumphalis Ingressus&#8221; (composta por 12 quadros, concebida propositadamente para o Reservat\u00f3rio da M\u00e3e d\u00b4\u00c1gua das Amoreiras, inaugurada no ano de 2004, entretanto patente no Pal\u00e1cio da Bolsa no Porto e actualmente no Museu Nacional de arqueologia em simult\u00e2neo com a exposi\u00e7\u00e3o Aqua Romana do Museu das \u00c1guas de Barcelona) \u00e9 um conjunto de esculturas que contam a hist\u00f3ria da \u00c1gua atrav\u00e9s do Aqueduto das \u00c1guas Livres, trazendo a arte, a frui\u00e7\u00e3o dos sentidos e o sexto sentido do imagin\u00e1rio, o desafio l\u00fadico que revela do conceito do puzzle para atingir a harmonia, para um gesto quotidiano epicurista, mas de grande simplicidade: beber um caf\u00e9.[\/vc_column_text][\/vc_column][\/vc_row]<\/p>\n","protected":false},"excerpt":{"rendered":"<p>Um caf\u00e9 pelo Aqueduto fala-nos e apresenta-nos uma colec\u00e7\u00e3o concebida por Manuel Carmo a partir da sua exposi\u00e7\u00e3o &#8220;Aquae Liberae Triumphalis Ingressus&#8221; (composta por 12 quadros, concebida propositadamente para o Reservat\u00f3rio da M\u00e3e d\u00b4\u00c1gua das Amoreiras, inaugurada no ano de 2004, entretanto patente no Pal\u00e1cio da Bolsa no Porto e actualmente no Museu Nacional de arqueologia em simult\u00e2neo com a exposi\u00e7\u00e3o Aqua Romana do Museu das \u00c1guas de Barcelona) \u00e9 um conjunto de esculturas que contam a hist\u00f3ria da \u00c1gua atrav\u00e9s do Aqueduto das \u00c1guas Livres, trazendo a arte, a frui\u00e7\u00e3o dos sentidos e o sexto sentido do imagin\u00e1rio, o desafio l\u00fadico que revela do conceito do puzzle para atingir a harmonia, para um gesto quotidiano epicurista, mas de grande simplicidade: beber um caf\u00e9.<\/p>\n","protected":false},"featured_media":2098,"template":"","meta":[],"yoast_head":"<!-- This site is optimized with the Yoast SEO plugin v15.6 - https:\/\/yoast.com\/wordpress\/plugins\/seo\/ -->\n<title>Um Caf\u00e9 Pelo Aqueduto - Book Hut Editores<\/title>\n<meta name=\"robots\" content=\"index, follow, max-snippet:-1, max-image-preview:large, max-video-preview:-1\" \/>\n<link rel=\"canonical\" href=\"https:\/\/bookhut.pt\/fr\/produto\/um-cafe-pelo-aqueduto\/\" \/>\n<meta property=\"og:locale\" content=\"fr_FR\" \/>\n<meta property=\"og:type\" content=\"article\" \/>\n<meta property=\"og:title\" content=\"Um Caf\u00e9 Pelo Aqueduto - Book Hut Editores\" \/>\n<meta property=\"og:description\" content=\"Um caf\u00e9 pelo Aqueduto fala-nos e apresenta-nos uma colec\u00e7\u00e3o concebida por Manuel Carmo a partir da sua exposi\u00e7\u00e3o &quot;Aquae Liberae Triumphalis Ingressus&quot; (composta por 12 quadros, concebida propositadamente para o Reservat\u00f3rio da M\u00e3e d\u00b4\u00c1gua das Amoreiras, inaugurada no ano de 2004, entretanto patente no Pal\u00e1cio da Bolsa no Porto e actualmente no Museu Nacional de arqueologia em simult\u00e2neo com a exposi\u00e7\u00e3o Aqua Romana do Museu das \u00c1guas de Barcelona) \u00e9 um conjunto de esculturas que contam a hist\u00f3ria da \u00c1gua atrav\u00e9s do Aqueduto das \u00c1guas Livres, trazendo a arte, a frui\u00e7\u00e3o dos sentidos e o sexto sentido do imagin\u00e1rio, o desafio l\u00fadico que revela do conceito do puzzle para atingir a harmonia, para um gesto quotidiano epicurista, mas de grande simplicidade: beber um caf\u00e9.\" \/>\n<meta property=\"og:url\" content=\"https:\/\/bookhut.pt\/fr\/produto\/um-cafe-pelo-aqueduto\/\" \/>\n<meta property=\"og:site_name\" content=\"Book Hut Editores\" \/>\n<meta property=\"article:publisher\" content=\"https:\/\/www.facebook.com\/thebookhuteditora\/\" \/>\n<meta property=\"article:modified_time\" content=\"2020-11-17T16:03:42+00:00\" \/>\n<meta property=\"og:image\" content=\"https:\/\/bookhut.pt\/wp-content\/uploads\/2019\/12\/2005-um-cafe-pelo-aqueduto.jpg\" \/>\n\t<meta property=\"og:image:width\" content=\"422\" \/>\n\t<meta property=\"og:image:height\" content=\"612\" \/>\n<meta name=\"twitter:card\" content=\"summary_large_image\" \/>\n<meta name=\"twitter:site\" content=\"@bookhut_editora\" \/>\n<script type=\"application\/ld+json\" class=\"yoast-schema-graph\">{\"@context\":\"https:\/\/schema.org\",\"@graph\":[{\"@type\":\"WebSite\",\"@id\":\"https:\/\/bookhut.pt\/#website\",\"url\":\"https:\/\/bookhut.pt\/\",\"name\":\"Book Hut Editores\",\"description\":\"\",\"potentialAction\":[{\"@type\":\"SearchAction\",\"target\":\"https:\/\/bookhut.pt\/?s={search_term_string}\",\"query-input\":\"required name=search_term_string\"}],\"inLanguage\":\"fr-FR\"},{\"@type\":\"ImageObject\",\"@id\":\"https:\/\/bookhut.pt\/fr\/produto\/um-cafe-pelo-aqueduto\/#primaryimage\",\"inLanguage\":\"fr-FR\",\"url\":\"https:\/\/bookhut.pt\/wp-content\/uploads\/2019\/12\/2005-um-cafe-pelo-aqueduto.jpg\",\"width\":422,\"height\":612},{\"@type\":\"WebPage\",\"@id\":\"https:\/\/bookhut.pt\/fr\/produto\/um-cafe-pelo-aqueduto\/#webpage\",\"url\":\"https:\/\/bookhut.pt\/fr\/produto\/um-cafe-pelo-aqueduto\/\",\"name\":\"Um Caf\\u00e9 Pelo Aqueduto - Book Hut Editores\",\"isPartOf\":{\"@id\":\"https:\/\/bookhut.pt\/#website\"},\"primaryImageOfPage\":{\"@id\":\"https:\/\/bookhut.pt\/fr\/produto\/um-cafe-pelo-aqueduto\/#primaryimage\"},\"datePublished\":\"2019-12-02T17:42:53+00:00\",\"dateModified\":\"2020-11-17T16:03:42+00:00\",\"inLanguage\":\"fr-FR\",\"potentialAction\":[{\"@type\":\"ReadAction\",\"target\":[\"https:\/\/bookhut.pt\/fr\/produto\/um-cafe-pelo-aqueduto\/\"]}]}]}<\/script>\n<!-- \/ Yoast SEO plugin. -->","_links":{"self":[{"href":"https:\/\/bookhut.pt\/fr\/wp-json\/wp\/v2\/product\/1764"}],"collection":[{"href":"https:\/\/bookhut.pt\/fr\/wp-json\/wp\/v2\/product"}],"about":[{"href":"https:\/\/bookhut.pt\/fr\/wp-json\/wp\/v2\/types\/product"}],"wp:featuredmedia":[{"embeddable":true,"href":"https:\/\/bookhut.pt\/fr\/wp-json\/wp\/v2\/media\/2098"}],"wp:attachment":[{"href":"https:\/\/bookhut.pt\/fr\/wp-json\/wp\/v2\/media?parent=1764"}],"curies":[{"name":"wp","href":"https:\/\/api.w.org\/{rel}","templated":true}]}}