{"id":1763,"date":"2019-12-02T17:40:24","date_gmt":"2019-12-02T17:40:24","guid":{"rendered":"https:\/\/bookhut.pt\/?post_type=product&#038;p=1763"},"modified":"2020-11-17T16:03:43","modified_gmt":"2020-11-17T16:03:43","slug":"d-joao-vi-do-brasil","status":"publish","type":"product","link":"https:\/\/bookhut.pt\/fr\/produto\/d-joao-vi-do-brasil\/","title":{"rendered":"D. Jo\u00e3o VI do Brasil"},"content":{"rendered":"<p>[vc_row][vc_column][vc_column_text]Lan\u00e7ado originalmente em 1909, este cl\u00e1ssico da historiografia brasileira teve uma segunda edi\u00e7\u00e3o apenas em 1945, e depois ficou mais de meio s\u00e9culo fora das livrarias. Esta obra de Manuel de Oliveira Lima \u00e9 utilizado como base de estudos para a confec\u00e7\u00e3o de obras de \u00e9poca, entre romances, filmes, pe\u00e7as de teatro e seriados de televis\u00e3o, por ser o mais completo e detalhado sobre a chegada da fam\u00edlia real ao Brasil, em 1808, e as mudan\u00e7as que tal fato desencadeou na hist\u00f3ria do pa\u00eds.[\/vc_column_text][\/vc_column][\/vc_row]<\/p>\n","protected":false},"excerpt":{"rendered":"<p>Lan\u00e7ado originalmente em 1909, este cl\u00e1ssico da historiografia brasileira teve uma segunda edi\u00e7\u00e3o apenas em 1945, e depois ficou mais de meio s\u00e9culo fora das livrarias. Esta obra de Manuel de Oliveira Lima \u00e9 utilizado como base de estudos para a confec\u00e7\u00e3o de obras de \u00e9poca, entre romances, filmes, pe\u00e7as de teatro e seriados de televis\u00e3o, por ser o mais completo e detalhado sobre a chegada da fam\u00edlia real ao Brasil, em 1808, e as mudan\u00e7as que tal fato desencadeou na hist\u00f3ria do pa\u00eds.<\/p>\n","protected":false},"featured_media":2182,"template":"","meta":[],"yoast_head":"<!-- This site is optimized with the Yoast SEO plugin v15.6 - https:\/\/yoast.com\/wordpress\/plugins\/seo\/ -->\n<title>D. Jo\u00e3o VI do Brasil - Book Hut Editores<\/title>\n<meta name=\"robots\" content=\"index, follow, max-snippet:-1, max-image-preview:large, max-video-preview:-1\" \/>\n<link rel=\"canonical\" href=\"https:\/\/bookhut.pt\/fr\/produto\/d-joao-vi-do-brasil\/\" \/>\n<meta property=\"og:locale\" content=\"fr_FR\" \/>\n<meta property=\"og:type\" content=\"article\" \/>\n<meta property=\"og:title\" content=\"D. Jo\u00e3o VI do Brasil - Book Hut Editores\" \/>\n<meta property=\"og:description\" content=\"Lan\u00e7ado originalmente em 1909, este cl\u00e1ssico da historiografia brasileira teve uma segunda edi\u00e7\u00e3o apenas em 1945, e depois ficou mais de meio s\u00e9culo fora das livrarias. Esta obra de Manuel de Oliveira Lima \u00e9 utilizado como base de estudos para a confec\u00e7\u00e3o de obras de \u00e9poca, entre romances, filmes, pe\u00e7as de teatro e seriados de televis\u00e3o, por ser o mais completo e detalhado sobre a chegada da fam\u00edlia real ao Brasil, em 1808, e as mudan\u00e7as que tal fato desencadeou na hist\u00f3ria do pa\u00eds.\" \/>\n<meta property=\"og:url\" content=\"https:\/\/bookhut.pt\/fr\/produto\/d-joao-vi-do-brasil\/\" \/>\n<meta property=\"og:site_name\" content=\"Book Hut Editores\" \/>\n<meta property=\"article:publisher\" content=\"https:\/\/www.facebook.com\/thebookhuteditora\/\" \/>\n<meta property=\"article:modified_time\" content=\"2020-11-17T16:03:43+00:00\" \/>\n<meta property=\"og:image\" content=\"https:\/\/bookhut.pt\/wp-content\/uploads\/2019\/12\/2008-DJoaoVI-no-Brasil.jpg\" \/>\n\t<meta property=\"og:image:width\" content=\"376\" \/>\n\t<meta property=\"og:image:height\" content=\"553\" \/>\n<meta name=\"twitter:card\" content=\"summary_large_image\" \/>\n<meta name=\"twitter:site\" content=\"@bookhut_editora\" \/>\n<script type=\"application\/ld+json\" class=\"yoast-schema-graph\">{\"@context\":\"https:\/\/schema.org\",\"@graph\":[{\"@type\":\"WebSite\",\"@id\":\"https:\/\/bookhut.pt\/#website\",\"url\":\"https:\/\/bookhut.pt\/\",\"name\":\"Book Hut Editores\",\"description\":\"\",\"potentialAction\":[{\"@type\":\"SearchAction\",\"target\":\"https:\/\/bookhut.pt\/?s={search_term_string}\",\"query-input\":\"required name=search_term_string\"}],\"inLanguage\":\"fr-FR\"},{\"@type\":\"ImageObject\",\"@id\":\"https:\/\/bookhut.pt\/fr\/produto\/d-joao-vi-do-brasil\/#primaryimage\",\"inLanguage\":\"fr-FR\",\"url\":\"https:\/\/bookhut.pt\/wp-content\/uploads\/2019\/12\/2008-DJoaoVI-no-Brasil.jpg\",\"width\":376,\"height\":553},{\"@type\":\"WebPage\",\"@id\":\"https:\/\/bookhut.pt\/fr\/produto\/d-joao-vi-do-brasil\/#webpage\",\"url\":\"https:\/\/bookhut.pt\/fr\/produto\/d-joao-vi-do-brasil\/\",\"name\":\"D. Jo\\u00e3o VI do Brasil - Book Hut Editores\",\"isPartOf\":{\"@id\":\"https:\/\/bookhut.pt\/#website\"},\"primaryImageOfPage\":{\"@id\":\"https:\/\/bookhut.pt\/fr\/produto\/d-joao-vi-do-brasil\/#primaryimage\"},\"datePublished\":\"2019-12-02T17:40:24+00:00\",\"dateModified\":\"2020-11-17T16:03:43+00:00\",\"inLanguage\":\"fr-FR\",\"potentialAction\":[{\"@type\":\"ReadAction\",\"target\":[\"https:\/\/bookhut.pt\/fr\/produto\/d-joao-vi-do-brasil\/\"]}]}]}<\/script>\n<!-- \/ Yoast SEO plugin. -->","_links":{"self":[{"href":"https:\/\/bookhut.pt\/fr\/wp-json\/wp\/v2\/product\/1763"}],"collection":[{"href":"https:\/\/bookhut.pt\/fr\/wp-json\/wp\/v2\/product"}],"about":[{"href":"https:\/\/bookhut.pt\/fr\/wp-json\/wp\/v2\/types\/product"}],"wp:featuredmedia":[{"embeddable":true,"href":"https:\/\/bookhut.pt\/fr\/wp-json\/wp\/v2\/media\/2182"}],"wp:attachment":[{"href":"https:\/\/bookhut.pt\/fr\/wp-json\/wp\/v2\/media?parent=1763"}],"curies":[{"name":"wp","href":"https:\/\/api.w.org\/{rel}","templated":true}]}}