{"id":1761,"date":"2019-12-02T17:34:09","date_gmt":"2019-12-02T17:34:09","guid":{"rendered":"https:\/\/bookhut.pt\/?post_type=product&#038;p=1761"},"modified":"2020-11-17T16:03:43","modified_gmt":"2020-11-17T16:03:43","slug":"fado-marialva","status":"publish","type":"product","link":"https:\/\/bookhut.pt\/fr\/produto\/fado-marialva\/","title":{"rendered":"Fado Marialva"},"content":{"rendered":"<p>[vc_row][vc_column][vc_column_text]Em 2009, ano da candidatura do Fado a patrim\u00f3nio mundial, foi lan\u00e7ado o livro Fado Marialva, uma obra que representa uma ode ao Fado e \u00e0 Festa Brava. Consta de cerca de 500 p\u00e1ginas com quatrocentos documentos in\u00e9ditos a 4 cores, que ilustram a hist\u00f3ria de cada um dos fados transcritos. Todos eles t\u00eam uma hist\u00f3ria, indicando-se os poetas, os compositores, os int\u00e9rpretes, os editores e as figuras da Festa Brava que os inspiraram. \u00c9 poss\u00edvel encontrar neste livro muita gente importante do Fado como a Severa, O Conde Vimioso, Alfredo Marceneiro, Carlos Ramos, Am\u00e1lia Rodrigues, Herm\u00ednia Silva, e tantos outros. Dentro dos poetas destacam-se D. Maria Manuel Cid, D. Teresa Grave ou Carlos Conde. O Ribatejo e o campino, o toiro e o cavalo, s\u00e3o a base de todo o livro, havendo a preocupa\u00e7\u00e3o do autor em situ\u00e1-los na cultura e tradi\u00e7\u00f5es portuguesas, onde os compositores como Frederico Val\u00e9rio, Jo\u00e3o Nobre, Jaime Santos, Jos\u00e9 Fontes Rocha, Armandino, Jos\u00e9 Marques do Amaral, Ricardo Rocha ou Cust\u00f3dio Castelo, Miguel Ramos ou Martinho D\u00b4Assun\u00e7\u00e3o J\u00fanior, desempenham um papel principal na hist\u00f3ria do Fado, seja ele toureiro ou n\u00e3o. Cidades como Lisboa, Santar\u00e9m, Vila Franca de Xira ou Alcochete s\u00e3o citadas como fonte de inspira\u00e7\u00e3o dos poetas, cantando-as e celebrizando-as como ningu\u00e9m jamais fez. O livro Fado Marialva constitui uma obra in\u00e9dita que corresponde a quase tr\u00eas centenas de fados que t\u00eam como tema a Festa Brava.[\/vc_column_text][\/vc_column][\/vc_row]<\/p>\n","protected":false},"excerpt":{"rendered":"<p>Em 2009, ano da candidatura do Fado a patrim\u00f3nio mundial, foi lan\u00e7ado o livro Fado Marialva, uma obra que representa uma ode ao Fado e \u00e0 Festa Brava. Consta de cerca de 500 p\u00e1ginas com quatrocentos documentos in\u00e9ditos a 4 cores, que ilustram a hist\u00f3ria de cada um dos fados transcritos. Todos eles t\u00eam uma hist\u00f3ria, indicando-se os poetas, os compositores, os int\u00e9rpretes, os editores e as figuras da Festa Brava que os inspiraram. \u00c9 poss\u00edvel encontrar neste livro muita gente importante do Fado como a Severa, O Conde Vimioso, Alfredo Marceneiro, Carlos Ramos, Am\u00e1lia Rodrigues, Herm\u00ednia Silva, e tantos outros. Dentro dos poetas destacam-se D. Maria Manuel Cid, D. Teresa Grave ou Carlos Conde. O Ribatejo e o campino, o toiro e o cavalo, s\u00e3o a base de todo o livro, havendo a preocupa\u00e7\u00e3o do autor em situ\u00e1-los na cultura e tradi\u00e7\u00f5es portuguesas, onde os compositores como Frederico Val\u00e9rio, Jo\u00e3o Nobre, Jaime Santos, Jos\u00e9 Fontes Rocha, Armandino, Jos\u00e9 Marques do Amaral, Ricardo Rocha ou Cust\u00f3dio Castelo, Miguel Ramos ou Martinho D\u00b4Assun\u00e7\u00e3o J\u00fanior, desempenham um papel principal na hist\u00f3ria do Fado, seja ele toureiro ou n\u00e3o. Cidades como Lisboa, Santar\u00e9m, Vila Franca de Xira ou Alcochete s\u00e3o citadas como fonte de inspira\u00e7\u00e3o dos poetas, cantando-as e celebrizando-as como ningu\u00e9m jamais fez. O livro Fado Marialva constitui uma obra in\u00e9dita que corresponde a quase tr\u00eas centenas de fados que t\u00eam como tema a Festa Brava.<\/p>\n","protected":false},"featured_media":2194,"template":"","meta":[],"yoast_head":"<!-- This site is optimized with the Yoast SEO plugin v15.6 - https:\/\/yoast.com\/wordpress\/plugins\/seo\/ -->\n<title>Fado Marialva - Book Hut Editores<\/title>\n<meta name=\"robots\" content=\"index, follow, max-snippet:-1, max-image-preview:large, max-video-preview:-1\" \/>\n<link rel=\"canonical\" href=\"https:\/\/bookhut.pt\/fr\/produto\/fado-marialva\/\" \/>\n<meta property=\"og:locale\" content=\"fr_FR\" \/>\n<meta property=\"og:type\" content=\"article\" \/>\n<meta property=\"og:title\" content=\"Fado Marialva - Book Hut Editores\" \/>\n<meta property=\"og:description\" content=\"Em 2009, ano da candidatura do Fado a patrim\u00f3nio mundial, foi lan\u00e7ado o livro Fado Marialva, uma obra que representa uma ode ao Fado e \u00e0 Festa Brava. Consta de cerca de 500 p\u00e1ginas com quatrocentos documentos in\u00e9ditos a 4 cores, que ilustram a hist\u00f3ria de cada um dos fados transcritos. Todos eles t\u00eam uma hist\u00f3ria, indicando-se os poetas, os compositores, os int\u00e9rpretes, os editores e as figuras da Festa Brava que os inspiraram. \u00c9 poss\u00edvel encontrar neste livro muita gente importante do Fado como a Severa, O Conde Vimioso, Alfredo Marceneiro, Carlos Ramos, Am\u00e1lia Rodrigues, Herm\u00ednia Silva, e tantos outros. Dentro dos poetas destacam-se D. Maria Manuel Cid, D. Teresa Grave ou Carlos Conde. O Ribatejo e o campino, o toiro e o cavalo, s\u00e3o a base de todo o livro, havendo a preocupa\u00e7\u00e3o do autor em situ\u00e1-los na cultura e tradi\u00e7\u00f5es portuguesas, onde os compositores como Frederico Val\u00e9rio, Jo\u00e3o Nobre, Jaime Santos, Jos\u00e9 Fontes Rocha, Armandino, Jos\u00e9 Marques do Amaral, Ricardo Rocha ou Cust\u00f3dio Castelo, Miguel Ramos ou Martinho D\u00b4Assun\u00e7\u00e3o J\u00fanior, desempenham um papel principal na hist\u00f3ria do Fado, seja ele toureiro ou n\u00e3o. Cidades como Lisboa, Santar\u00e9m, Vila Franca de Xira ou Alcochete s\u00e3o citadas como fonte de inspira\u00e7\u00e3o dos poetas, cantando-as e celebrizando-as como ningu\u00e9m jamais fez. O livro Fado Marialva constitui uma obra in\u00e9dita que corresponde a quase tr\u00eas centenas de fados que t\u00eam como tema a Festa Brava.\" \/>\n<meta property=\"og:url\" content=\"https:\/\/bookhut.pt\/fr\/produto\/fado-marialva\/\" \/>\n<meta property=\"og:site_name\" content=\"Book Hut Editores\" \/>\n<meta property=\"article:publisher\" content=\"https:\/\/www.facebook.com\/thebookhuteditora\/\" \/>\n<meta property=\"article:modified_time\" content=\"2020-11-17T16:03:43+00:00\" \/>\n<meta property=\"og:image\" content=\"https:\/\/bookhut.pt\/wp-content\/uploads\/2019\/12\/2009-Capa-FADO-MARIALVA.jpg\" \/>\n\t<meta property=\"og:image:width\" content=\"2379\" \/>\n\t<meta property=\"og:image:height\" content=\"2742\" \/>\n<meta name=\"twitter:card\" content=\"summary_large_image\" \/>\n<meta name=\"twitter:site\" content=\"@bookhut_editora\" \/>\n<script type=\"application\/ld+json\" class=\"yoast-schema-graph\">{\"@context\":\"https:\/\/schema.org\",\"@graph\":[{\"@type\":\"WebSite\",\"@id\":\"https:\/\/bookhut.pt\/#website\",\"url\":\"https:\/\/bookhut.pt\/\",\"name\":\"Book Hut Editores\",\"description\":\"\",\"potentialAction\":[{\"@type\":\"SearchAction\",\"target\":\"https:\/\/bookhut.pt\/?s={search_term_string}\",\"query-input\":\"required name=search_term_string\"}],\"inLanguage\":\"fr-FR\"},{\"@type\":\"ImageObject\",\"@id\":\"https:\/\/bookhut.pt\/fr\/produto\/fado-marialva\/#primaryimage\",\"inLanguage\":\"fr-FR\",\"url\":\"https:\/\/bookhut.pt\/wp-content\/uploads\/2019\/12\/2009-Capa-FADO-MARIALVA.jpg\",\"width\":2379,\"height\":2742},{\"@type\":\"WebPage\",\"@id\":\"https:\/\/bookhut.pt\/fr\/produto\/fado-marialva\/#webpage\",\"url\":\"https:\/\/bookhut.pt\/fr\/produto\/fado-marialva\/\",\"name\":\"Fado Marialva - Book Hut Editores\",\"isPartOf\":{\"@id\":\"https:\/\/bookhut.pt\/#website\"},\"primaryImageOfPage\":{\"@id\":\"https:\/\/bookhut.pt\/fr\/produto\/fado-marialva\/#primaryimage\"},\"datePublished\":\"2019-12-02T17:34:09+00:00\",\"dateModified\":\"2020-11-17T16:03:43+00:00\",\"inLanguage\":\"fr-FR\",\"potentialAction\":[{\"@type\":\"ReadAction\",\"target\":[\"https:\/\/bookhut.pt\/fr\/produto\/fado-marialva\/\"]}]}]}<\/script>\n<!-- \/ Yoast SEO plugin. -->","_links":{"self":[{"href":"https:\/\/bookhut.pt\/fr\/wp-json\/wp\/v2\/product\/1761"}],"collection":[{"href":"https:\/\/bookhut.pt\/fr\/wp-json\/wp\/v2\/product"}],"about":[{"href":"https:\/\/bookhut.pt\/fr\/wp-json\/wp\/v2\/types\/product"}],"wp:featuredmedia":[{"embeddable":true,"href":"https:\/\/bookhut.pt\/fr\/wp-json\/wp\/v2\/media\/2194"}],"wp:attachment":[{"href":"https:\/\/bookhut.pt\/fr\/wp-json\/wp\/v2\/media?parent=1761"}],"curies":[{"name":"wp","href":"https:\/\/api.w.org\/{rel}","templated":true}]}}