{"id":1760,"date":"2019-12-02T17:31:45","date_gmt":"2019-12-02T17:31:45","guid":{"rendered":"https:\/\/bookhut.pt\/?post_type=product&#038;p=1760"},"modified":"2022-02-16T12:18:36","modified_gmt":"2022-02-16T12:18:36","slug":"fontes-rocha-compreende","status":"publish","type":"product","link":"https:\/\/bookhut.pt\/fr\/produto\/fontes-rocha-compreende\/","title":{"rendered":"Fontes Rocha &#8211; Compreende?"},"content":{"rendered":"<p>[vc_row][vc_column][vc_column_text]Um livro dedicado \u00e0 mem\u00f3ria do guitarrista e compositor Jos\u00e9 Fontes Rocha, que descreve e sistematiza com detalhe e rigor a intensa carreira deste guitarrista que atravessou o s\u00e9culo XX, que foi testemunha e interveniente na afirma\u00e7\u00e3o do fado como g\u00e9nero identit\u00e1rio de uma na\u00e7\u00e3o.[\/vc_column_text][\/vc_column][\/vc_row]<\/p>\n","protected":false},"excerpt":{"rendered":"<p>Um livro dedicado \u00e0 mem\u00f3ria do guitarrista e compositor Jos\u00e9 Fontes Rocha, que descreve e sistematiza com detalhe e rigor a intensa carreira deste guitarrista que atravessou o s\u00e9culo XX, que foi testemunha e interveniente na afirma\u00e7\u00e3o do fado como g\u00e9nero identit\u00e1rio de uma na\u00e7\u00e3o.<\/p>\n","protected":false},"featured_media":4907,"template":"","meta":[],"yoast_head":"<!-- This site is optimized with the Yoast SEO plugin v15.6 - https:\/\/yoast.com\/wordpress\/plugins\/seo\/ -->\n<title>Fontes Rocha - Compreende? - Book Hut Editores<\/title>\n<meta name=\"robots\" content=\"index, follow, max-snippet:-1, max-image-preview:large, max-video-preview:-1\" \/>\n<link rel=\"canonical\" href=\"https:\/\/bookhut.pt\/fr\/produto\/fontes-rocha-compreende\/\" \/>\n<meta property=\"og:locale\" content=\"fr_FR\" \/>\n<meta property=\"og:type\" content=\"article\" \/>\n<meta property=\"og:title\" content=\"Fontes Rocha - Compreende? - Book Hut Editores\" \/>\n<meta property=\"og:description\" content=\"Um livro dedicado \u00e0 mem\u00f3ria do guitarrista e compositor Jos\u00e9 Fontes Rocha, que descreve e sistematiza com detalhe e rigor a intensa carreira deste guitarrista que atravessou o s\u00e9culo XX, que foi testemunha e interveniente na afirma\u00e7\u00e3o do fado como g\u00e9nero identit\u00e1rio de uma na\u00e7\u00e3o.\" \/>\n<meta property=\"og:url\" content=\"https:\/\/bookhut.pt\/fr\/produto\/fontes-rocha-compreende\/\" \/>\n<meta property=\"og:site_name\" content=\"Book Hut Editores\" \/>\n<meta property=\"article:publisher\" content=\"https:\/\/www.facebook.com\/thebookhuteditora\/\" \/>\n<meta property=\"article:modified_time\" content=\"2022-02-16T12:18:36+00:00\" \/>\n<meta name=\"twitter:card\" content=\"summary_large_image\" \/>\n<meta name=\"twitter:image\" content=\"https:\/\/bookhut.pt\/wp-content\/uploads\/2019\/12\/Capa_Fontes-Rocha-compreende-pdf.jpg\" \/>\n<meta name=\"twitter:site\" content=\"@bookhut_editora\" \/>\n<script type=\"application\/ld+json\" class=\"yoast-schema-graph\">{\"@context\":\"https:\/\/schema.org\",\"@graph\":[{\"@type\":\"WebSite\",\"@id\":\"https:\/\/bookhut.pt\/#website\",\"url\":\"https:\/\/bookhut.pt\/\",\"name\":\"Book Hut Editores\",\"description\":\"\",\"potentialAction\":[{\"@type\":\"SearchAction\",\"target\":\"https:\/\/bookhut.pt\/?s={search_term_string}\",\"query-input\":\"required name=search_term_string\"}],\"inLanguage\":\"fr-FR\"},{\"@type\":\"ImageObject\",\"@id\":\"https:\/\/bookhut.pt\/fr\/produto\/fontes-rocha-compreende\/#primaryimage\",\"inLanguage\":\"fr-FR\",\"url\":\"https:\/\/bookhut.pt\/wp-content\/uploads\/2019\/12\/Capa_Fontes-Rocha-compreende-pdf.jpg\"},{\"@type\":\"WebPage\",\"@id\":\"https:\/\/bookhut.pt\/fr\/produto\/fontes-rocha-compreende\/#webpage\",\"url\":\"https:\/\/bookhut.pt\/fr\/produto\/fontes-rocha-compreende\/\",\"name\":\"Fontes Rocha - Compreende? - Book Hut Editores\",\"isPartOf\":{\"@id\":\"https:\/\/bookhut.pt\/#website\"},\"primaryImageOfPage\":{\"@id\":\"https:\/\/bookhut.pt\/fr\/produto\/fontes-rocha-compreende\/#primaryimage\"},\"datePublished\":\"2019-12-02T17:31:45+00:00\",\"dateModified\":\"2022-02-16T12:18:36+00:00\",\"inLanguage\":\"fr-FR\",\"potentialAction\":[{\"@type\":\"ReadAction\",\"target\":[\"https:\/\/bookhut.pt\/fr\/produto\/fontes-rocha-compreende\/\"]}]}]}<\/script>\n<!-- \/ Yoast SEO plugin. -->","_links":{"self":[{"href":"https:\/\/bookhut.pt\/fr\/wp-json\/wp\/v2\/product\/1760"}],"collection":[{"href":"https:\/\/bookhut.pt\/fr\/wp-json\/wp\/v2\/product"}],"about":[{"href":"https:\/\/bookhut.pt\/fr\/wp-json\/wp\/v2\/types\/product"}],"wp:featuredmedia":[{"embeddable":true,"href":"https:\/\/bookhut.pt\/fr\/wp-json\/wp\/v2\/media\/4907"}],"wp:attachment":[{"href":"https:\/\/bookhut.pt\/fr\/wp-json\/wp\/v2\/media?parent=1760"}],"curies":[{"name":"wp","href":"https:\/\/api.w.org\/{rel}","templated":true}]}}