{"id":1757,"date":"2019-12-02T17:09:43","date_gmt":"2019-12-02T17:09:43","guid":{"rendered":"https:\/\/bookhut.pt\/?post_type=product&#038;p=1757"},"modified":"2020-11-17T16:03:44","modified_gmt":"2020-11-17T16:03:44","slug":"arquitectura-portuguesa-a-imagem-da-caixa","status":"publish","type":"product","link":"https:\/\/bookhut.pt\/fr\/produto\/arquitectura-portuguesa-a-imagem-da-caixa\/","title":{"rendered":"Arquitectura Portuguesa &#8211; A imagem da Caixa"},"content":{"rendered":"<p>[vc_row][vc_column][vc_column_text]Um livro de um reconhecido professor universit\u00e1rio da Faculdade de Arquitetura de Lisboa, que faz um estudo exaustivo sobre a caixa na arquitetura ao longo dos tempos, como valor est\u00e9tico, culturista de invariante hist\u00f3rico no contexto da arquitetura portuguesa, revelado atrav\u00e9s de obras ilustrativas.[\/vc_column_text][\/vc_column][\/vc_row]<\/p>\n","protected":false},"excerpt":{"rendered":"<p>Um livro de um reconhecido professor universit\u00e1rio da Faculdade de Arquitetura de Lisboa, que faz um estudo exaustivo sobre a caixa na arquitetura ao longo dos tempos, como valor est\u00e9tico, culturista de invariante hist\u00f3rico no contexto da arquitetura portuguesa, revelado atrav\u00e9s de obras ilustrativas.<\/p>\n","protected":false},"featured_media":2230,"template":"","meta":[],"yoast_head":"<!-- This site is optimized with the Yoast SEO plugin v15.6 - https:\/\/yoast.com\/wordpress\/plugins\/seo\/ -->\n<title>Arquitectura Portuguesa - A imagem da Caixa - Book Hut Editores<\/title>\n<meta name=\"robots\" content=\"index, follow, max-snippet:-1, max-image-preview:large, max-video-preview:-1\" \/>\n<link rel=\"canonical\" href=\"https:\/\/bookhut.pt\/fr\/produto\/arquitectura-portuguesa-a-imagem-da-caixa\/\" \/>\n<meta property=\"og:locale\" content=\"fr_FR\" \/>\n<meta property=\"og:type\" content=\"article\" \/>\n<meta property=\"og:title\" content=\"Arquitectura Portuguesa - A imagem da Caixa - Book Hut Editores\" \/>\n<meta property=\"og:description\" content=\"Um livro de um reconhecido professor universit\u00e1rio da Faculdade de Arquitetura de Lisboa, que faz um estudo exaustivo sobre a caixa na arquitetura ao longo dos tempos, como valor est\u00e9tico, culturista de invariante hist\u00f3rico no contexto da arquitetura portuguesa, revelado atrav\u00e9s de obras ilustrativas.\" \/>\n<meta property=\"og:url\" content=\"https:\/\/bookhut.pt\/fr\/produto\/arquitectura-portuguesa-a-imagem-da-caixa\/\" \/>\n<meta property=\"og:site_name\" content=\"Book Hut Editores\" \/>\n<meta property=\"article:publisher\" content=\"https:\/\/www.facebook.com\/thebookhuteditora\/\" \/>\n<meta property=\"article:modified_time\" content=\"2020-11-17T16:03:44+00:00\" \/>\n<meta property=\"og:image\" content=\"https:\/\/bookhut.pt\/wp-content\/uploads\/2019\/12\/2007-Capa-ARQUITECTURA-PORTUGUESA-1.jpg\" \/>\n\t<meta property=\"og:image:width\" content=\"1280\" \/>\n\t<meta property=\"og:image:height\" content=\"1483\" \/>\n<meta name=\"twitter:card\" content=\"summary_large_image\" \/>\n<meta name=\"twitter:site\" content=\"@bookhut_editora\" \/>\n<script type=\"application\/ld+json\" class=\"yoast-schema-graph\">{\"@context\":\"https:\/\/schema.org\",\"@graph\":[{\"@type\":\"WebSite\",\"@id\":\"https:\/\/bookhut.pt\/#website\",\"url\":\"https:\/\/bookhut.pt\/\",\"name\":\"Book Hut Editores\",\"description\":\"\",\"potentialAction\":[{\"@type\":\"SearchAction\",\"target\":\"https:\/\/bookhut.pt\/?s={search_term_string}\",\"query-input\":\"required name=search_term_string\"}],\"inLanguage\":\"fr-FR\"},{\"@type\":\"ImageObject\",\"@id\":\"https:\/\/bookhut.pt\/fr\/produto\/arquitectura-portuguesa-a-imagem-da-caixa\/#primaryimage\",\"inLanguage\":\"fr-FR\",\"url\":\"https:\/\/bookhut.pt\/wp-content\/uploads\/2019\/12\/2007-Capa-ARQUITECTURA-PORTUGUESA-1.jpg\",\"width\":1280,\"height\":1483},{\"@type\":\"WebPage\",\"@id\":\"https:\/\/bookhut.pt\/fr\/produto\/arquitectura-portuguesa-a-imagem-da-caixa\/#webpage\",\"url\":\"https:\/\/bookhut.pt\/fr\/produto\/arquitectura-portuguesa-a-imagem-da-caixa\/\",\"name\":\"Arquitectura Portuguesa - A imagem da Caixa - Book Hut Editores\",\"isPartOf\":{\"@id\":\"https:\/\/bookhut.pt\/#website\"},\"primaryImageOfPage\":{\"@id\":\"https:\/\/bookhut.pt\/fr\/produto\/arquitectura-portuguesa-a-imagem-da-caixa\/#primaryimage\"},\"datePublished\":\"2019-12-02T17:09:43+00:00\",\"dateModified\":\"2020-11-17T16:03:44+00:00\",\"inLanguage\":\"fr-FR\",\"potentialAction\":[{\"@type\":\"ReadAction\",\"target\":[\"https:\/\/bookhut.pt\/fr\/produto\/arquitectura-portuguesa-a-imagem-da-caixa\/\"]}]}]}<\/script>\n<!-- \/ Yoast SEO plugin. -->","_links":{"self":[{"href":"https:\/\/bookhut.pt\/fr\/wp-json\/wp\/v2\/product\/1757"}],"collection":[{"href":"https:\/\/bookhut.pt\/fr\/wp-json\/wp\/v2\/product"}],"about":[{"href":"https:\/\/bookhut.pt\/fr\/wp-json\/wp\/v2\/types\/product"}],"wp:featuredmedia":[{"embeddable":true,"href":"https:\/\/bookhut.pt\/fr\/wp-json\/wp\/v2\/media\/2230"}],"wp:attachment":[{"href":"https:\/\/bookhut.pt\/fr\/wp-json\/wp\/v2\/media?parent=1757"}],"curies":[{"name":"wp","href":"https:\/\/api.w.org\/{rel}","templated":true}]}}