{"id":1755,"date":"2019-12-02T17:06:09","date_gmt":"2019-12-02T17:06:09","guid":{"rendered":"https:\/\/bookhut.pt\/?post_type=product&#038;p=1755"},"modified":"2023-11-10T20:41:23","modified_gmt":"2023-11-10T20:41:23","slug":"apontamentos-sobre-alcobaca","status":"publish","type":"product","link":"https:\/\/bookhut.pt\/fr\/produto\/apontamentos-sobre-alcobaca\/","title":{"rendered":"Apontamentos sobre Alcoba\u00e7a"},"content":{"rendered":"<p>[vc_row][vc_column][vc_column_text]Apontamentos sobre Alcoba\u00e7a \u00e9 um Livro que re\u00fane um conjunto de artigos relacionados com diferentes acontecimentos da hist\u00f3ria de Alcoba\u00e7a. No seu conjunto s\u00e3o importantes para o entendimento das est\u00f3ria da hist\u00f3ria do passado, explicando o encadeamento dos factos e suas consequ\u00eancias no presente.<br \/>\nTendo como subt\u00edtulo &#8220;Patrim\u00f3nio, a Arquitectura, Culto e M\u00fasica&#8221;, o Livro transporta-nos para a mem\u00f3ria do povo, nas suas viv\u00eancias e est\u00f3rias definidoras da sua identidade, a que n\u00e3o podemos ficar indiferentes.<br \/>\nRessalta tamb\u00e9m neste Livro a import\u00e2ncia da vertente organizacional da Ordem de Cister imanada da poderosa Abadia de Santa Maria de Alcoba\u00e7a.[\/vc_column_text][\/vc_column][\/vc_row]<\/p>\n","protected":false},"excerpt":{"rendered":"<p>Apontamentos sobre Alcoba\u00e7a \u00e9 um Livro que re\u00fane um conjunto de artigos relacionados com diferentes acontecimentos da hist\u00f3ria de Alcoba\u00e7a. No seu conjunto s\u00e3o importantes para o entendimento das est\u00f3ria da hist\u00f3ria do passado, explicando o encadeamento dos factos e suas consequ\u00eancias no presente.<br \/>\nTendo como subt\u00edtulo &#8220;Patrim\u00f3nio, a Arquitectura, Culto e M\u00fasica&#8221;, o Livro transporta-nos para a mem\u00f3ria do povo, nas suas viv\u00eancias e est\u00f3rias definidoras da sua identidade, a que n\u00e3o podemos ficar indiferentes.<br \/>\nRessalta tamb\u00e9m neste Livro a import\u00e2ncia da vertente organizacional da Ordem de Cister imanada da poderosa Abadia de Santa Maria de Alcoba\u00e7a.<\/p>\n","protected":false},"featured_media":4939,"template":"","meta":[],"yoast_head":"<!-- This site is optimized with the Yoast SEO plugin v15.6 - https:\/\/yoast.com\/wordpress\/plugins\/seo\/ -->\n<title>Apontamentos sobre Alcoba\u00e7a - Book Hut Editores<\/title>\n<meta name=\"robots\" content=\"index, follow, max-snippet:-1, max-image-preview:large, max-video-preview:-1\" \/>\n<link rel=\"canonical\" href=\"https:\/\/bookhut.pt\/fr\/produto\/apontamentos-sobre-alcobaca\/\" \/>\n<meta property=\"og:locale\" content=\"fr_FR\" \/>\n<meta property=\"og:type\" content=\"article\" \/>\n<meta property=\"og:title\" content=\"Apontamentos sobre Alcoba\u00e7a - Book Hut Editores\" \/>\n<meta property=\"og:description\" content=\"Apontamentos sobre Alcoba\u00e7a \u00e9 um Livro que re\u00fane um conjunto de artigos relacionados com diferentes acontecimentos da hist\u00f3ria de Alcoba\u00e7a. No seu conjunto s\u00e3o importantes para o entendimento das est\u00f3ria da hist\u00f3ria do passado, explicando o encadeamento dos factos e suas consequ\u00eancias no presente. Tendo como subt\u00edtulo &quot;Patrim\u00f3nio, a Arquitectura, Culto e M\u00fasica&quot;, o Livro transporta-nos para a mem\u00f3ria do povo, nas suas viv\u00eancias e est\u00f3rias definidoras da sua identidade, a que n\u00e3o podemos ficar indiferentes. Ressalta tamb\u00e9m neste Livro a import\u00e2ncia da vertente organizacional da Ordem de Cister imanada da poderosa Abadia de Santa Maria de Alcoba\u00e7a.\" \/>\n<meta property=\"og:url\" content=\"https:\/\/bookhut.pt\/fr\/produto\/apontamentos-sobre-alcobaca\/\" \/>\n<meta property=\"og:site_name\" content=\"Book Hut Editores\" \/>\n<meta property=\"article:publisher\" content=\"https:\/\/www.facebook.com\/thebookhuteditora\/\" \/>\n<meta property=\"article:modified_time\" content=\"2023-11-10T20:41:23+00:00\" \/>\n<meta property=\"og:image\" content=\"https:\/\/bookhut.pt\/wp-content\/uploads\/2019\/12\/CAPA_Apontamentos-sobre-Alcobaca.jpg\" \/>\n\t<meta property=\"og:image:width\" content=\"2497\" \/>\n\t<meta property=\"og:image:height\" content=\"2552\" \/>\n<meta name=\"twitter:card\" content=\"summary_large_image\" \/>\n<meta name=\"twitter:site\" content=\"@bookhut_editora\" \/>\n<script type=\"application\/ld+json\" class=\"yoast-schema-graph\">{\"@context\":\"https:\/\/schema.org\",\"@graph\":[{\"@type\":\"WebSite\",\"@id\":\"https:\/\/bookhut.pt\/#website\",\"url\":\"https:\/\/bookhut.pt\/\",\"name\":\"Book Hut Editores\",\"description\":\"\",\"potentialAction\":[{\"@type\":\"SearchAction\",\"target\":\"https:\/\/bookhut.pt\/?s={search_term_string}\",\"query-input\":\"required name=search_term_string\"}],\"inLanguage\":\"fr-FR\"},{\"@type\":\"ImageObject\",\"@id\":\"https:\/\/bookhut.pt\/fr\/produto\/apontamentos-sobre-alcobaca\/#primaryimage\",\"inLanguage\":\"fr-FR\",\"url\":\"https:\/\/bookhut.pt\/wp-content\/uploads\/2019\/12\/CAPA_Apontamentos-sobre-Alcobaca.jpg\",\"width\":2497,\"height\":2552},{\"@type\":\"WebPage\",\"@id\":\"https:\/\/bookhut.pt\/fr\/produto\/apontamentos-sobre-alcobaca\/#webpage\",\"url\":\"https:\/\/bookhut.pt\/fr\/produto\/apontamentos-sobre-alcobaca\/\",\"name\":\"Apontamentos sobre Alcoba\\u00e7a - Book Hut Editores\",\"isPartOf\":{\"@id\":\"https:\/\/bookhut.pt\/#website\"},\"primaryImageOfPage\":{\"@id\":\"https:\/\/bookhut.pt\/fr\/produto\/apontamentos-sobre-alcobaca\/#primaryimage\"},\"datePublished\":\"2019-12-02T17:06:09+00:00\",\"dateModified\":\"2023-11-10T20:41:23+00:00\",\"inLanguage\":\"fr-FR\",\"potentialAction\":[{\"@type\":\"ReadAction\",\"target\":[\"https:\/\/bookhut.pt\/fr\/produto\/apontamentos-sobre-alcobaca\/\"]}]}]}<\/script>\n<!-- \/ Yoast SEO plugin. -->","_links":{"self":[{"href":"https:\/\/bookhut.pt\/fr\/wp-json\/wp\/v2\/product\/1755"}],"collection":[{"href":"https:\/\/bookhut.pt\/fr\/wp-json\/wp\/v2\/product"}],"about":[{"href":"https:\/\/bookhut.pt\/fr\/wp-json\/wp\/v2\/types\/product"}],"wp:featuredmedia":[{"embeddable":true,"href":"https:\/\/bookhut.pt\/fr\/wp-json\/wp\/v2\/media\/4939"}],"wp:attachment":[{"href":"https:\/\/bookhut.pt\/fr\/wp-json\/wp\/v2\/media?parent=1755"}],"curies":[{"name":"wp","href":"https:\/\/api.w.org\/{rel}","templated":true}]}}