{"id":1754,"date":"2019-12-02T17:03:23","date_gmt":"2019-12-02T17:03:23","guid":{"rendered":"https:\/\/bookhut.pt\/?post_type=product&#038;p=1754"},"modified":"2020-11-17T16:03:45","modified_gmt":"2020-11-17T16:03:45","slug":"caderno-de-todos-os-barcos-do-tejo","status":"publish","type":"product","link":"https:\/\/bookhut.pt\/fr\/produto\/caderno-de-todos-os-barcos-do-tejo\/","title":{"rendered":"Caderno de Todos os barcos do Tejo"},"content":{"rendered":"<p>[vc_row][vc_column][vc_column_text]Uma obra que \u00e9 produto de um estudo \u00fanico sobre todo o tipo de embarca\u00e7\u00f5es que navegaram o Tejo com as mais diversas finalidades. Transporte de mercadorias, pessoas ou para pesca, neste livro encontra aguarelas de todos os barcos antigos que navegaram o rio.[\/vc_column_text][\/vc_column][\/vc_row]<\/p>\n","protected":false},"excerpt":{"rendered":"<p>Uma obra que \u00e9 produto de um estudo \u00fanico sobre todo o tipo de embarca\u00e7\u00f5es que navegaram o Tejo com as mais diversas finalidades. Transporte de mercadorias, pessoas ou para pesca, neste livro encontra aguarelas de todos os barcos antigos que navegaram o rio.<\/p>\n","protected":false},"featured_media":2234,"template":"","meta":[],"yoast_head":"<!-- This site is optimized with the Yoast SEO plugin v15.6 - https:\/\/yoast.com\/wordpress\/plugins\/seo\/ -->\n<title>Caderno de Todos os barcos do Tejo - Book Hut Editores<\/title>\n<meta name=\"robots\" content=\"index, follow, max-snippet:-1, max-image-preview:large, max-video-preview:-1\" \/>\n<link rel=\"canonical\" href=\"https:\/\/bookhut.pt\/fr\/produto\/caderno-de-todos-os-barcos-do-tejo\/\" \/>\n<meta property=\"og:locale\" content=\"fr_FR\" \/>\n<meta property=\"og:type\" content=\"article\" \/>\n<meta property=\"og:title\" content=\"Caderno de Todos os barcos do Tejo - Book Hut Editores\" \/>\n<meta property=\"og:description\" content=\"Uma obra que \u00e9 produto de um estudo \u00fanico sobre todo o tipo de embarca\u00e7\u00f5es que navegaram o Tejo com as mais diversas finalidades. Transporte de mercadorias, pessoas ou para pesca, neste livro encontra aguarelas de todos os barcos antigos que navegaram o rio.\" \/>\n<meta property=\"og:url\" content=\"https:\/\/bookhut.pt\/fr\/produto\/caderno-de-todos-os-barcos-do-tejo\/\" \/>\n<meta property=\"og:site_name\" content=\"Book Hut Editores\" \/>\n<meta property=\"article:publisher\" content=\"https:\/\/www.facebook.com\/thebookhuteditora\/\" \/>\n<meta property=\"article:modified_time\" content=\"2020-11-17T16:03:45+00:00\" \/>\n<meta property=\"og:image\" content=\"https:\/\/bookhut.pt\/wp-content\/uploads\/2019\/12\/2007-Capa-CadernoBarcos-Tejo-1.jpg\" \/>\n\t<meta property=\"og:image:width\" content=\"1280\" \/>\n\t<meta property=\"og:image:height\" content=\"1033\" \/>\n<meta name=\"twitter:card\" content=\"summary_large_image\" \/>\n<meta name=\"twitter:site\" content=\"@bookhut_editora\" \/>\n<script type=\"application\/ld+json\" class=\"yoast-schema-graph\">{\"@context\":\"https:\/\/schema.org\",\"@graph\":[{\"@type\":\"WebSite\",\"@id\":\"https:\/\/bookhut.pt\/#website\",\"url\":\"https:\/\/bookhut.pt\/\",\"name\":\"Book Hut Editores\",\"description\":\"\",\"potentialAction\":[{\"@type\":\"SearchAction\",\"target\":\"https:\/\/bookhut.pt\/?s={search_term_string}\",\"query-input\":\"required name=search_term_string\"}],\"inLanguage\":\"fr-FR\"},{\"@type\":\"ImageObject\",\"@id\":\"https:\/\/bookhut.pt\/fr\/produto\/caderno-de-todos-os-barcos-do-tejo\/#primaryimage\",\"inLanguage\":\"fr-FR\",\"url\":\"https:\/\/bookhut.pt\/wp-content\/uploads\/2019\/12\/2007-Capa-CadernoBarcos-Tejo-1.jpg\",\"width\":1280,\"height\":1033},{\"@type\":\"WebPage\",\"@id\":\"https:\/\/bookhut.pt\/fr\/produto\/caderno-de-todos-os-barcos-do-tejo\/#webpage\",\"url\":\"https:\/\/bookhut.pt\/fr\/produto\/caderno-de-todos-os-barcos-do-tejo\/\",\"name\":\"Caderno de Todos os barcos do Tejo - Book Hut Editores\",\"isPartOf\":{\"@id\":\"https:\/\/bookhut.pt\/#website\"},\"primaryImageOfPage\":{\"@id\":\"https:\/\/bookhut.pt\/fr\/produto\/caderno-de-todos-os-barcos-do-tejo\/#primaryimage\"},\"datePublished\":\"2019-12-02T17:03:23+00:00\",\"dateModified\":\"2020-11-17T16:03:45+00:00\",\"inLanguage\":\"fr-FR\",\"potentialAction\":[{\"@type\":\"ReadAction\",\"target\":[\"https:\/\/bookhut.pt\/fr\/produto\/caderno-de-todos-os-barcos-do-tejo\/\"]}]}]}<\/script>\n<!-- \/ Yoast SEO plugin. -->","_links":{"self":[{"href":"https:\/\/bookhut.pt\/fr\/wp-json\/wp\/v2\/product\/1754"}],"collection":[{"href":"https:\/\/bookhut.pt\/fr\/wp-json\/wp\/v2\/product"}],"about":[{"href":"https:\/\/bookhut.pt\/fr\/wp-json\/wp\/v2\/types\/product"}],"wp:featuredmedia":[{"embeddable":true,"href":"https:\/\/bookhut.pt\/fr\/wp-json\/wp\/v2\/media\/2234"}],"wp:attachment":[{"href":"https:\/\/bookhut.pt\/fr\/wp-json\/wp\/v2\/media?parent=1754"}],"curies":[{"name":"wp","href":"https:\/\/api.w.org\/{rel}","templated":true}]}}