{"id":1753,"date":"2019-12-02T17:00:09","date_gmt":"2019-12-02T17:00:09","guid":{"rendered":"https:\/\/bookhut.pt\/?post_type=product&#038;p=1753"},"modified":"2020-11-17T16:03:45","modified_gmt":"2020-11-17T16:03:45","slug":"meu-peito-rasgado-a-fogo","status":"publish","type":"product","link":"https:\/\/bookhut.pt\/fr\/produto\/meu-peito-rasgado-a-fogo\/","title":{"rendered":"Meu Peito Rasgado a Fogo"},"content":{"rendered":"<p>[vc_row][vc_column][vc_column_text]Com pref\u00e1cio de Jos\u00e9 Jorge Letria, \u00e9 um livro com v\u00e1rias dezenas de poemas, alguns dos quais celebrizados por reputadas vozes do fado, como Lu\u00edsa Rocha.[\/vc_column_text][\/vc_column][\/vc_row]<\/p>\n","protected":false},"excerpt":{"rendered":"<p>Com pref\u00e1cio de Jos\u00e9 Jorge Letria, \u00e9 um livro com v\u00e1rias dezenas de poemas, alguns dos quais celebrizados por reputadas vozes do fado, como Lu\u00edsa Rocha.<\/p>\n","protected":false},"featured_media":2262,"template":"","meta":[],"yoast_head":"<!-- This site is optimized with the Yoast SEO plugin v15.6 - https:\/\/yoast.com\/wordpress\/plugins\/seo\/ -->\n<title>Meu Peito Rasgado a Fogo - Book Hut Editores<\/title>\n<meta name=\"robots\" content=\"index, follow, max-snippet:-1, max-image-preview:large, max-video-preview:-1\" \/>\n<link rel=\"canonical\" href=\"https:\/\/bookhut.pt\/fr\/produto\/meu-peito-rasgado-a-fogo\/\" \/>\n<meta property=\"og:locale\" content=\"fr_FR\" \/>\n<meta property=\"og:type\" content=\"article\" \/>\n<meta property=\"og:title\" content=\"Meu Peito Rasgado a Fogo - Book Hut Editores\" \/>\n<meta property=\"og:description\" content=\"Com pref\u00e1cio de Jos\u00e9 Jorge Letria, \u00e9 um livro com v\u00e1rias dezenas de poemas, alguns dos quais celebrizados por reputadas vozes do fado, como Lu\u00edsa Rocha.\" \/>\n<meta property=\"og:url\" content=\"https:\/\/bookhut.pt\/fr\/produto\/meu-peito-rasgado-a-fogo\/\" \/>\n<meta property=\"og:site_name\" content=\"Book Hut Editores\" \/>\n<meta property=\"article:publisher\" content=\"https:\/\/www.facebook.com\/thebookhuteditora\/\" \/>\n<meta property=\"article:modified_time\" content=\"2020-11-17T16:03:45+00:00\" \/>\n<meta property=\"og:image\" content=\"https:\/\/bookhut.pt\/wp-content\/uploads\/2019\/12\/2013_Capa-Meu-Peito-rasgado-a-fogo.jpg\" \/>\n\t<meta property=\"og:image:width\" content=\"1890\" \/>\n\t<meta property=\"og:image:height\" content=\"2705\" \/>\n<meta name=\"twitter:card\" content=\"summary_large_image\" \/>\n<meta name=\"twitter:site\" content=\"@bookhut_editora\" \/>\n<script type=\"application\/ld+json\" class=\"yoast-schema-graph\">{\"@context\":\"https:\/\/schema.org\",\"@graph\":[{\"@type\":\"WebSite\",\"@id\":\"https:\/\/bookhut.pt\/#website\",\"url\":\"https:\/\/bookhut.pt\/\",\"name\":\"Book Hut Editores\",\"description\":\"\",\"potentialAction\":[{\"@type\":\"SearchAction\",\"target\":\"https:\/\/bookhut.pt\/?s={search_term_string}\",\"query-input\":\"required name=search_term_string\"}],\"inLanguage\":\"fr-FR\"},{\"@type\":\"ImageObject\",\"@id\":\"https:\/\/bookhut.pt\/fr\/produto\/meu-peito-rasgado-a-fogo\/#primaryimage\",\"inLanguage\":\"fr-FR\",\"url\":\"https:\/\/bookhut.pt\/wp-content\/uploads\/2019\/12\/2013_Capa-Meu-Peito-rasgado-a-fogo.jpg\",\"width\":1890,\"height\":2705},{\"@type\":\"WebPage\",\"@id\":\"https:\/\/bookhut.pt\/fr\/produto\/meu-peito-rasgado-a-fogo\/#webpage\",\"url\":\"https:\/\/bookhut.pt\/fr\/produto\/meu-peito-rasgado-a-fogo\/\",\"name\":\"Meu Peito Rasgado a Fogo - Book Hut Editores\",\"isPartOf\":{\"@id\":\"https:\/\/bookhut.pt\/#website\"},\"primaryImageOfPage\":{\"@id\":\"https:\/\/bookhut.pt\/fr\/produto\/meu-peito-rasgado-a-fogo\/#primaryimage\"},\"datePublished\":\"2019-12-02T17:00:09+00:00\",\"dateModified\":\"2020-11-17T16:03:45+00:00\",\"inLanguage\":\"fr-FR\",\"potentialAction\":[{\"@type\":\"ReadAction\",\"target\":[\"https:\/\/bookhut.pt\/fr\/produto\/meu-peito-rasgado-a-fogo\/\"]}]}]}<\/script>\n<!-- \/ Yoast SEO plugin. -->","_links":{"self":[{"href":"https:\/\/bookhut.pt\/fr\/wp-json\/wp\/v2\/product\/1753"}],"collection":[{"href":"https:\/\/bookhut.pt\/fr\/wp-json\/wp\/v2\/product"}],"about":[{"href":"https:\/\/bookhut.pt\/fr\/wp-json\/wp\/v2\/types\/product"}],"wp:featuredmedia":[{"embeddable":true,"href":"https:\/\/bookhut.pt\/fr\/wp-json\/wp\/v2\/media\/2262"}],"wp:attachment":[{"href":"https:\/\/bookhut.pt\/fr\/wp-json\/wp\/v2\/media?parent=1753"}],"curies":[{"name":"wp","href":"https:\/\/api.w.org\/{rel}","templated":true}]}}