{"id":1752,"date":"2019-12-02T16:56:27","date_gmt":"2019-12-02T16:56:27","guid":{"rendered":"https:\/\/bookhut.pt\/?post_type=product&#038;p=1752"},"modified":"2023-09-01T11:26:53","modified_gmt":"2023-09-01T11:26:53","slug":"simeao-ii-da-bulgaria-um-destino-singular","status":"publish","type":"product","link":"https:\/\/bookhut.pt\/fr\/produto\/simeao-ii-da-bulgaria-um-destino-singular\/","title":{"rendered":"Sime\u00e3o II da B\u00falgaria &#8211; Um destino singular"},"content":{"rendered":"<p>[vc_row][vc_column][vc_column_text]A autobiografia, editada pela \u2018The Book Hut\u2019 editores, retrata a vida de Sime\u00e3o de Saxe-Coburgo-Gota, conhecido como Rei Sime\u00e3o II da Bulg\u00e1ria, desde crian\u00e7a, at\u00e9 aos dia de hoje.<br \/>\nUma hist\u00f3ria com epis\u00f3dios tr\u00e1gicos, que come\u00e7a logo ap\u00f3s a morte do seu pai, em circunst\u00e2ncias misteriosas. Ent\u00e3o, com apenas seis anos (nascido em 1937), o jovem Sime\u00e3o torna-se rei dos B\u00falgaros.<br \/>\nAnos depois, quando uma parte da fam\u00edlia \u00e9 fuzilada pelos comunistas, foi for\u00e7ado a partir para o ex\u00edlio. Em Setembro de 1946, abandona S\u00f3fia a caminho de Istambul, passando depois pelo Egito, junto dos seus av\u00f3s maternos, Reis de It\u00e1lia, tamb\u00e9m a\u00ed exilados, e, por fim, Espanha, onde a fam\u00edlia real b\u00falgara se instala para se reconstruir.<br \/>\nAp\u00f3s a queda do muro de Berlim, Sime\u00e3o II, que nunca perdera a esperan\u00e7a, volta ao seu pa\u00eds, cinquenta anos depois de ter sido obrigado a deix\u00e1-lo. \u00c9 na sequ\u00eancia do regresso aclamado a S\u00f3fia, em Maio de 1996, que se segue o seu envolvimento pol\u00edtico, que culmina com a vit\u00f3ria do movimento que liderava nas legislativas de 2001.<br \/>\nSime\u00e3o II torna-se assim um caso \u00fanico na hist\u00f3ria. Um monarca deposto, que conseguiu retornar ao poder, j\u00e1 n\u00e3o como rei numa monarquia, mas como chefe de um governo democr\u00e1tico eleito de cariz republicano.<br \/>\nSime\u00e3o II da Bulg\u00e1ria, com quem Isabel II, Franco, o X\u00e1 da P\u00e9rsia, Hassan II, Juan Carlos e muitos outros cruzaram o caminho, atravessou o s\u00e9culo XX e talhou uma hist\u00f3ria singular no mundo.<br \/>\nAs suas mem\u00f3rias, que s\u00e3o tamb\u00e9m as da Europa e dos seus tormentos, s\u00e3o agora partilhadas, em forma de autobiografia, por este monarca e ex-Primeiro Ministro que foi um espetador privilegiado da hist\u00f3ria de mais do que a segunda metade do s\u00e9culo XX e in\u00edcio do s\u00e9culo XXI.[\/vc_column_text][\/vc_column][\/vc_row]<\/p>\n","protected":false},"excerpt":{"rendered":"<p>A autobiografia, editada pela \u2018The Book Hut\u2019 editores, retrata a vida de Sime\u00e3o de Saxe-Coburgo-Gota, conhecido como Rei Sime\u00e3o II da Bulg\u00e1ria, desde crian\u00e7a, at\u00e9 aos dia de hoje.<br \/>\nUma hist\u00f3ria com epis\u00f3dios tr\u00e1gicos, que come\u00e7a logo ap\u00f3s a morte do seu pai, em circunst\u00e2ncias misteriosas. Ent\u00e3o, com apenas seis anos (nascido em 1937), o jovem Sime\u00e3o torna-se rei dos B\u00falgaros.<br \/>\nAnos depois, quando uma parte da fam\u00edlia \u00e9 fuzilada pelos comunistas, foi for\u00e7ado a partir para o ex\u00edlio. Em Setembro de 1946, abandona S\u00f3fia a caminho de Istambul, passando depois pelo Egito, junto dos seus av\u00f3s maternos, Reis de It\u00e1lia, tamb\u00e9m a\u00ed exilados, e, por fim, Espanha, onde a fam\u00edlia real b\u00falgara se instala para se reconstruir.<br \/>\nAp\u00f3s a queda do muro de Berlim, Sime\u00e3o II, que nunca perdera a esperan\u00e7a, volta ao seu pa\u00eds, cinquenta anos depois de ter sido obrigado a deix\u00e1-lo. \u00c9 na sequ\u00eancia do regresso aclamado a S\u00f3fia, em Maio de 1996, que se segue o seu envolvimento pol\u00edtico, que culmina com a vit\u00f3ria do movimento que liderava nas legislativas de 2001.<br \/>\nSime\u00e3o II torna-se assim um caso \u00fanico na hist\u00f3ria. Um monarca deposto, que conseguiu retornar ao poder, j\u00e1 n\u00e3o como rei numa monarquia, mas como chefe de um governo democr\u00e1tico eleito de cariz republicano.<br \/>\nSime\u00e3o II da Bulg\u00e1ria, com quem Isabel II, Franco, o X\u00e1 da P\u00e9rsia, Hassan II, Juan Carlos e muitos outros cruzaram o caminho, atravessou o s\u00e9culo XX e talhou uma hist\u00f3ria singular no mundo.<br \/>\nAs suas mem\u00f3rias, que s\u00e3o tamb\u00e9m as da Europa e dos seus tormentos, s\u00e3o agora partilhadas, em forma de autobiografia, por este monarca e ex-Primeiro Ministro que foi um espetador privilegiado da hist\u00f3ria de mais do que a segunda metade do s\u00e9culo XX e in\u00edcio do s\u00e9culo XXI.<\/p>\n","protected":false},"featured_media":3822,"template":"","meta":[],"yoast_head":"<!-- This site is optimized with the Yoast SEO plugin v15.6 - https:\/\/yoast.com\/wordpress\/plugins\/seo\/ -->\n<title>Sime\u00e3o II da B\u00falgaria - Um destino singular - Book Hut Editores<\/title>\n<meta name=\"robots\" content=\"index, follow, max-snippet:-1, max-image-preview:large, max-video-preview:-1\" \/>\n<link rel=\"canonical\" href=\"https:\/\/bookhut.pt\/fr\/produto\/simeao-ii-da-bulgaria-um-destino-singular\/\" \/>\n<meta property=\"og:locale\" content=\"fr_FR\" \/>\n<meta property=\"og:type\" content=\"article\" \/>\n<meta property=\"og:title\" content=\"Sime\u00e3o II da B\u00falgaria - Um destino singular - Book Hut Editores\" \/>\n<meta property=\"og:description\" content=\"A autobiografia, editada pela \u2018The Book Hut\u2019 editores, retrata a vida de Sime\u00e3o de Saxe-Coburgo-Gota, conhecido como Rei Sime\u00e3o II da Bulg\u00e1ria, desde crian\u00e7a, at\u00e9 aos dia de hoje. Uma hist\u00f3ria com epis\u00f3dios tr\u00e1gicos, que come\u00e7a logo ap\u00f3s a morte do seu pai, em circunst\u00e2ncias misteriosas. Ent\u00e3o, com apenas seis anos (nascido em 1937), o jovem Sime\u00e3o torna-se rei dos B\u00falgaros. Anos depois, quando uma parte da fam\u00edlia \u00e9 fuzilada pelos comunistas, foi for\u00e7ado a partir para o ex\u00edlio. Em Setembro de 1946, abandona S\u00f3fia a caminho de Istambul, passando depois pelo Egito, junto dos seus av\u00f3s maternos, Reis de It\u00e1lia, tamb\u00e9m a\u00ed exilados, e, por fim, Espanha, onde a fam\u00edlia real b\u00falgara se instala para se reconstruir. Ap\u00f3s a queda do muro de Berlim, Sime\u00e3o II, que nunca perdera a esperan\u00e7a, volta ao seu pa\u00eds, cinquenta anos depois de ter sido obrigado a deix\u00e1-lo. \u00c9 na sequ\u00eancia do regresso aclamado a S\u00f3fia, em Maio de 1996, que se segue o seu envolvimento pol\u00edtico, que culmina com a vit\u00f3ria do movimento que liderava nas legislativas de 2001. Sime\u00e3o II torna-se assim um caso \u00fanico na hist\u00f3ria. Um monarca deposto, que conseguiu retornar ao poder, j\u00e1 n\u00e3o como rei numa monarquia, mas como chefe de um governo democr\u00e1tico eleito de cariz republicano. Sime\u00e3o II da Bulg\u00e1ria, com quem Isabel II, Franco, o X\u00e1 da P\u00e9rsia, Hassan II, Juan Carlos e muitos outros cruzaram o caminho, atravessou o s\u00e9culo XX e talhou uma hist\u00f3ria singular no mundo. As suas mem\u00f3rias, que s\u00e3o tamb\u00e9m as da Europa e dos seus tormentos, s\u00e3o agora partilhadas, em forma de autobiografia, por este monarca e ex-Primeiro Ministro que foi um espetador privilegiado da hist\u00f3ria de mais do que a segunda metade do s\u00e9culo XX e in\u00edcio do s\u00e9culo XXI.\" \/>\n<meta property=\"og:url\" content=\"https:\/\/bookhut.pt\/fr\/produto\/simeao-ii-da-bulgaria-um-destino-singular\/\" \/>\n<meta property=\"og:site_name\" content=\"Book Hut Editores\" \/>\n<meta property=\"article:publisher\" content=\"https:\/\/www.facebook.com\/thebookhuteditora\/\" \/>\n<meta property=\"article:modified_time\" content=\"2023-09-01T11:26:53+00:00\" \/>\n<meta property=\"og:image\" content=\"https:\/\/bookhut.pt\/wp-content\/uploads\/2020\/04\/2018_Capa-Sime\u00e3o-II.jpg\" \/>\n\t<meta property=\"og:image:width\" content=\"300\" \/>\n\t<meta property=\"og:image:height\" content=\"393\" \/>\n<meta name=\"twitter:card\" content=\"summary_large_image\" \/>\n<meta name=\"twitter:site\" content=\"@bookhut_editora\" \/>\n<script type=\"application\/ld+json\" class=\"yoast-schema-graph\">{\"@context\":\"https:\/\/schema.org\",\"@graph\":[{\"@type\":\"WebSite\",\"@id\":\"https:\/\/bookhut.pt\/#website\",\"url\":\"https:\/\/bookhut.pt\/\",\"name\":\"Book Hut Editores\",\"description\":\"\",\"potentialAction\":[{\"@type\":\"SearchAction\",\"target\":\"https:\/\/bookhut.pt\/?s={search_term_string}\",\"query-input\":\"required name=search_term_string\"}],\"inLanguage\":\"fr-FR\"},{\"@type\":\"ImageObject\",\"@id\":\"https:\/\/bookhut.pt\/fr\/produto\/simeao-ii-da-bulgaria-um-destino-singular\/#primaryimage\",\"inLanguage\":\"fr-FR\",\"url\":\"https:\/\/bookhut.pt\/wp-content\/uploads\/2020\/04\/2018_Capa-Sime\\u00e3o-II.jpg\",\"width\":300,\"height\":393},{\"@type\":\"WebPage\",\"@id\":\"https:\/\/bookhut.pt\/fr\/produto\/simeao-ii-da-bulgaria-um-destino-singular\/#webpage\",\"url\":\"https:\/\/bookhut.pt\/fr\/produto\/simeao-ii-da-bulgaria-um-destino-singular\/\",\"name\":\"Sime\\u00e3o II da B\\u00falgaria - Um destino singular - Book Hut Editores\",\"isPartOf\":{\"@id\":\"https:\/\/bookhut.pt\/#website\"},\"primaryImageOfPage\":{\"@id\":\"https:\/\/bookhut.pt\/fr\/produto\/simeao-ii-da-bulgaria-um-destino-singular\/#primaryimage\"},\"datePublished\":\"2019-12-02T16:56:27+00:00\",\"dateModified\":\"2023-09-01T11:26:53+00:00\",\"inLanguage\":\"fr-FR\",\"potentialAction\":[{\"@type\":\"ReadAction\",\"target\":[\"https:\/\/bookhut.pt\/fr\/produto\/simeao-ii-da-bulgaria-um-destino-singular\/\"]}]}]}<\/script>\n<!-- \/ Yoast SEO plugin. -->","_links":{"self":[{"href":"https:\/\/bookhut.pt\/fr\/wp-json\/wp\/v2\/product\/1752"}],"collection":[{"href":"https:\/\/bookhut.pt\/fr\/wp-json\/wp\/v2\/product"}],"about":[{"href":"https:\/\/bookhut.pt\/fr\/wp-json\/wp\/v2\/types\/product"}],"wp:featuredmedia":[{"embeddable":true,"href":"https:\/\/bookhut.pt\/fr\/wp-json\/wp\/v2\/media\/3822"}],"wp:attachment":[{"href":"https:\/\/bookhut.pt\/fr\/wp-json\/wp\/v2\/media?parent=1752"}],"curies":[{"name":"wp","href":"https:\/\/api.w.org\/{rel}","templated":true}]}}