{"id":1751,"date":"2019-12-02T16:53:08","date_gmt":"2019-12-02T16:53:08","guid":{"rendered":"https:\/\/bookhut.pt\/?post_type=product&#038;p=1751"},"modified":"2022-02-16T12:28:14","modified_gmt":"2022-02-16T12:28:14","slug":"ines-de-castro-um-tema-portugues-na-europa","status":"publish","type":"product","link":"https:\/\/bookhut.pt\/fr\/produto\/ines-de-castro-um-tema-portugues-na-europa\/","title":{"rendered":"In\u00eas de Castro &#8211; Um tema portugu\u00eas na Europa"},"content":{"rendered":"<p>[vc_row][vc_column][vc_column_text]A par de um estudo da evolu\u00e7\u00e3o e variantes de hist\u00f3ria de In\u00eas de Castro na tradi\u00e7\u00e3o, na hist\u00f3ria e na literatura, este livro apresenta um esbo\u00e7o de antologia, dado que a grande maioria dos textos inesianos est\u00e3o esquecidos ou s\u00e3o de dif\u00edcil acesso. Aqui, s\u00e3o reproduzidos mantendo a ortografia original. Uma obra que d\u00e1 a conhecer a hist\u00f3ria e a lenda que conquista a Europa, o epis\u00f3dio camoniano e as varia\u00e7\u00f5es rom\u00e2nticas, para al\u00e9m do s\u00e9culo XX.[\/vc_column_text][\/vc_column][\/vc_row]<\/p>\n","protected":false},"excerpt":{"rendered":"<p>A par de um estudo da evolu\u00e7\u00e3o e variantes de hist\u00f3ria de In\u00eas de Castro na tradi\u00e7\u00e3o, na hist\u00f3ria e na literatura, este livro apresenta um esbo\u00e7o de antologia, dado que a grande maioria dos textos inesianos est\u00e3o esquecidos ou s\u00e3o de dif\u00edcil acesso. Aqui, s\u00e3o reproduzidos mantendo a ortografia original. Uma obra que d\u00e1 a conhecer a hist\u00f3ria e a lenda que conquista a Europa, o epis\u00f3dio camoniano e as varia\u00e7\u00f5es rom\u00e2nticas, para al\u00e9m do s\u00e9culo XX.<\/p>\n","protected":false},"featured_media":4919,"template":"","meta":[],"yoast_head":"<!-- This site is optimized with the Yoast SEO plugin v15.6 - https:\/\/yoast.com\/wordpress\/plugins\/seo\/ -->\n<title>In\u00eas de Castro - Um tema portugu\u00eas na Europa - Book Hut Editores<\/title>\n<meta name=\"robots\" content=\"index, follow, max-snippet:-1, max-image-preview:large, max-video-preview:-1\" \/>\n<link rel=\"canonical\" href=\"https:\/\/bookhut.pt\/fr\/produto\/ines-de-castro-um-tema-portugues-na-europa\/\" \/>\n<meta property=\"og:locale\" content=\"fr_FR\" \/>\n<meta property=\"og:type\" content=\"article\" \/>\n<meta property=\"og:title\" content=\"In\u00eas de Castro - Um tema portugu\u00eas na Europa - Book Hut Editores\" \/>\n<meta property=\"og:description\" content=\"A par de um estudo da evolu\u00e7\u00e3o e variantes de hist\u00f3ria de In\u00eas de Castro na tradi\u00e7\u00e3o, na hist\u00f3ria e na literatura, este livro apresenta um esbo\u00e7o de antologia, dado que a grande maioria dos textos inesianos est\u00e3o esquecidos ou s\u00e3o de dif\u00edcil acesso. Aqui, s\u00e3o reproduzidos mantendo a ortografia original. Uma obra que d\u00e1 a conhecer a hist\u00f3ria e a lenda que conquista a Europa, o epis\u00f3dio camoniano e as varia\u00e7\u00f5es rom\u00e2nticas, para al\u00e9m do s\u00e9culo XX.\" \/>\n<meta property=\"og:url\" content=\"https:\/\/bookhut.pt\/fr\/produto\/ines-de-castro-um-tema-portugues-na-europa\/\" \/>\n<meta property=\"og:site_name\" content=\"Book Hut Editores\" \/>\n<meta property=\"article:publisher\" content=\"https:\/\/www.facebook.com\/thebookhuteditora\/\" \/>\n<meta property=\"article:modified_time\" content=\"2022-02-16T12:28:14+00:00\" \/>\n<meta property=\"og:image\" content=\"https:\/\/bookhut.pt\/wp-content\/uploads\/2019\/12\/Capa_Ines-de-Castro.jpg\" \/>\n\t<meta property=\"og:image:width\" content=\"552\" \/>\n\t<meta property=\"og:image:height\" content=\"794\" \/>\n<meta name=\"twitter:card\" content=\"summary_large_image\" \/>\n<meta name=\"twitter:site\" content=\"@bookhut_editora\" \/>\n<script type=\"application\/ld+json\" class=\"yoast-schema-graph\">{\"@context\":\"https:\/\/schema.org\",\"@graph\":[{\"@type\":\"WebSite\",\"@id\":\"https:\/\/bookhut.pt\/#website\",\"url\":\"https:\/\/bookhut.pt\/\",\"name\":\"Book Hut Editores\",\"description\":\"\",\"potentialAction\":[{\"@type\":\"SearchAction\",\"target\":\"https:\/\/bookhut.pt\/?s={search_term_string}\",\"query-input\":\"required name=search_term_string\"}],\"inLanguage\":\"fr-FR\"},{\"@type\":\"ImageObject\",\"@id\":\"https:\/\/bookhut.pt\/fr\/produto\/ines-de-castro-um-tema-portugues-na-europa\/#primaryimage\",\"inLanguage\":\"fr-FR\",\"url\":\"https:\/\/bookhut.pt\/wp-content\/uploads\/2019\/12\/Capa_Ines-de-Castro.jpg\",\"width\":552,\"height\":794},{\"@type\":\"WebPage\",\"@id\":\"https:\/\/bookhut.pt\/fr\/produto\/ines-de-castro-um-tema-portugues-na-europa\/#webpage\",\"url\":\"https:\/\/bookhut.pt\/fr\/produto\/ines-de-castro-um-tema-portugues-na-europa\/\",\"name\":\"In\\u00eas de Castro - Um tema portugu\\u00eas na Europa - Book Hut Editores\",\"isPartOf\":{\"@id\":\"https:\/\/bookhut.pt\/#website\"},\"primaryImageOfPage\":{\"@id\":\"https:\/\/bookhut.pt\/fr\/produto\/ines-de-castro-um-tema-portugues-na-europa\/#primaryimage\"},\"datePublished\":\"2019-12-02T16:53:08+00:00\",\"dateModified\":\"2022-02-16T12:28:14+00:00\",\"inLanguage\":\"fr-FR\",\"potentialAction\":[{\"@type\":\"ReadAction\",\"target\":[\"https:\/\/bookhut.pt\/fr\/produto\/ines-de-castro-um-tema-portugues-na-europa\/\"]}]}]}<\/script>\n<!-- \/ Yoast SEO plugin. -->","_links":{"self":[{"href":"https:\/\/bookhut.pt\/fr\/wp-json\/wp\/v2\/product\/1751"}],"collection":[{"href":"https:\/\/bookhut.pt\/fr\/wp-json\/wp\/v2\/product"}],"about":[{"href":"https:\/\/bookhut.pt\/fr\/wp-json\/wp\/v2\/types\/product"}],"wp:featuredmedia":[{"embeddable":true,"href":"https:\/\/bookhut.pt\/fr\/wp-json\/wp\/v2\/media\/4919"}],"wp:attachment":[{"href":"https:\/\/bookhut.pt\/fr\/wp-json\/wp\/v2\/media?parent=1751"}],"curies":[{"name":"wp","href":"https:\/\/api.w.org\/{rel}","templated":true}]}}