{"id":1749,"date":"2019-12-02T16:41:57","date_gmt":"2019-12-02T16:41:57","guid":{"rendered":"https:\/\/bookhut.pt\/?post_type=product&#038;p=1749"},"modified":"2020-11-17T16:03:46","modified_gmt":"2020-11-17T16:03:46","slug":"testemunho-nas-paredes-ensaios-de-azulejaria","status":"publish","type":"product","link":"https:\/\/bookhut.pt\/fr\/produto\/testemunho-nas-paredes-ensaios-de-azulejaria\/","title":{"rendered":"Testemunho nas paredes &#8211; Ensaios de azulejaria"},"content":{"rendered":"<p>[vc_row][vc_column][vc_column_text]A azulejaria estudada nos seus \u00faltimos cinco s\u00e9culos como conceito de arquitetura, decora\u00e7\u00e3o e arte, em Portugal e no mundo. Na segunda parte deste livro encontra a descri\u00e7\u00e3o detalhada, quanto \u00e0 \u00e9poca, tipo aplica\u00e7\u00e3o e assuntos, de monumentos e edif\u00edcios azulejados portugueses.[\/vc_column_text][\/vc_column][\/vc_row]<\/p>\n","protected":false},"excerpt":{"rendered":"<p>A azulejaria estudada nos seus \u00faltimos cinco s\u00e9culos como conceito de arquitetura, decora\u00e7\u00e3o e arte, em Portugal e no mundo. Na segunda parte deste livro encontra a descri\u00e7\u00e3o detalhada, quanto \u00e0 \u00e9poca, tipo aplica\u00e7\u00e3o e assuntos, de monumentos e edif\u00edcios azulejados portugueses.<\/p>\n","protected":false},"featured_media":2214,"template":"","meta":[],"yoast_head":"<!-- This site is optimized with the Yoast SEO plugin v15.6 - https:\/\/yoast.com\/wordpress\/plugins\/seo\/ -->\n<title>Testemunho nas paredes - Ensaios de azulejaria - Book Hut Editores<\/title>\n<meta name=\"robots\" content=\"index, follow, max-snippet:-1, max-image-preview:large, max-video-preview:-1\" \/>\n<link rel=\"canonical\" href=\"https:\/\/bookhut.pt\/fr\/produto\/testemunho-nas-paredes-ensaios-de-azulejaria\/\" \/>\n<meta property=\"og:locale\" content=\"fr_FR\" \/>\n<meta property=\"og:type\" content=\"article\" \/>\n<meta property=\"og:title\" content=\"Testemunho nas paredes - Ensaios de azulejaria - Book Hut Editores\" \/>\n<meta property=\"og:description\" content=\"A azulejaria estudada nos seus \u00faltimos cinco s\u00e9culos como conceito de arquitetura, decora\u00e7\u00e3o e arte, em Portugal e no mundo. Na segunda parte deste livro encontra a descri\u00e7\u00e3o detalhada, quanto \u00e0 \u00e9poca, tipo aplica\u00e7\u00e3o e assuntos, de monumentos e edif\u00edcios azulejados portugueses.\" \/>\n<meta property=\"og:url\" content=\"https:\/\/bookhut.pt\/fr\/produto\/testemunho-nas-paredes-ensaios-de-azulejaria\/\" \/>\n<meta property=\"og:site_name\" content=\"Book Hut Editores\" \/>\n<meta property=\"article:publisher\" content=\"https:\/\/www.facebook.com\/thebookhuteditora\/\" \/>\n<meta property=\"article:modified_time\" content=\"2020-11-17T16:03:46+00:00\" \/>\n<meta property=\"og:image\" content=\"https:\/\/bookhut.pt\/wp-content\/uploads\/2019\/12\/2001-Testemunho-nas-Paredes-2.jpg\" \/>\n\t<meta property=\"og:image:width\" content=\"1280\" \/>\n\t<meta property=\"og:image:height\" content=\"1054\" \/>\n<meta name=\"twitter:card\" content=\"summary_large_image\" \/>\n<meta name=\"twitter:site\" content=\"@bookhut_editora\" \/>\n<script type=\"application\/ld+json\" class=\"yoast-schema-graph\">{\"@context\":\"https:\/\/schema.org\",\"@graph\":[{\"@type\":\"WebSite\",\"@id\":\"https:\/\/bookhut.pt\/#website\",\"url\":\"https:\/\/bookhut.pt\/\",\"name\":\"Book Hut Editores\",\"description\":\"\",\"potentialAction\":[{\"@type\":\"SearchAction\",\"target\":\"https:\/\/bookhut.pt\/?s={search_term_string}\",\"query-input\":\"required name=search_term_string\"}],\"inLanguage\":\"fr-FR\"},{\"@type\":\"ImageObject\",\"@id\":\"https:\/\/bookhut.pt\/fr\/produto\/testemunho-nas-paredes-ensaios-de-azulejaria\/#primaryimage\",\"inLanguage\":\"fr-FR\",\"url\":\"https:\/\/bookhut.pt\/wp-content\/uploads\/2019\/12\/2001-Testemunho-nas-Paredes-2.jpg\",\"width\":1280,\"height\":1054},{\"@type\":\"WebPage\",\"@id\":\"https:\/\/bookhut.pt\/fr\/produto\/testemunho-nas-paredes-ensaios-de-azulejaria\/#webpage\",\"url\":\"https:\/\/bookhut.pt\/fr\/produto\/testemunho-nas-paredes-ensaios-de-azulejaria\/\",\"name\":\"Testemunho nas paredes - Ensaios de azulejaria - Book Hut Editores\",\"isPartOf\":{\"@id\":\"https:\/\/bookhut.pt\/#website\"},\"primaryImageOfPage\":{\"@id\":\"https:\/\/bookhut.pt\/fr\/produto\/testemunho-nas-paredes-ensaios-de-azulejaria\/#primaryimage\"},\"datePublished\":\"2019-12-02T16:41:57+00:00\",\"dateModified\":\"2020-11-17T16:03:46+00:00\",\"inLanguage\":\"fr-FR\",\"potentialAction\":[{\"@type\":\"ReadAction\",\"target\":[\"https:\/\/bookhut.pt\/fr\/produto\/testemunho-nas-paredes-ensaios-de-azulejaria\/\"]}]}]}<\/script>\n<!-- \/ Yoast SEO plugin. -->","_links":{"self":[{"href":"https:\/\/bookhut.pt\/fr\/wp-json\/wp\/v2\/product\/1749"}],"collection":[{"href":"https:\/\/bookhut.pt\/fr\/wp-json\/wp\/v2\/product"}],"about":[{"href":"https:\/\/bookhut.pt\/fr\/wp-json\/wp\/v2\/types\/product"}],"wp:featuredmedia":[{"embeddable":true,"href":"https:\/\/bookhut.pt\/fr\/wp-json\/wp\/v2\/media\/2214"}],"wp:attachment":[{"href":"https:\/\/bookhut.pt\/fr\/wp-json\/wp\/v2\/media?parent=1749"}],"curies":[{"name":"wp","href":"https:\/\/api.w.org\/{rel}","templated":true}]}}