{"id":1748,"date":"2019-12-02T16:36:57","date_gmt":"2019-12-02T16:36:57","guid":{"rendered":"https:\/\/bookhut.pt\/?post_type=product&#038;p=1748"},"modified":"2020-11-17T16:03:46","modified_gmt":"2020-11-17T16:03:46","slug":"d-nuno-de-santa-maria-o-santo","status":"publish","type":"product","link":"https:\/\/bookhut.pt\/fr\/produto\/d-nuno-de-santa-maria-o-santo\/","title":{"rendered":"D. Nuno de Santa Maria &#8211; O Santo"},"content":{"rendered":"<p>[vc_row][vc_column][vc_column_text]Um livro anterior ao t\u00edtulo can\u00f3nico de S. Nuno de Santa Maria, atribu\u00eddo a Nuno \u00c1lvares Pereira em 2009. Uma obra que alude ao popularmente conhecido por Santo Condest\u00e1vel como modelo de miseric\u00f3rdia e generosidade, d\u00e1 a conhecer o culto que gera, as homenagens e festas em sua honra e que, em 2005 descortina o processo can\u00f3nico que haveria de conduzir \u00e0 sua beatifica\u00e7\u00e3o.[\/vc_column_text][\/vc_column][\/vc_row]<\/p>\n","protected":false},"excerpt":{"rendered":"<p>Uma obra sobre a Cidade Imagin\u00e1ria que Charters de Almeida prop\u00f5e tem como objectivo ligar simbolicamente as duas margens do Tejo, no \u201cmar\u201c de Abrantes. Esta liga\u00e7\u00e3o \u00e9 sugerida pelas diversas portas e passagens que comp\u00f5em o trabalho. Procurou tamb\u00e9m propor uma intera\u00e7\u00e3o direta com as pessoas que visitem o espa\u00e7o em causa, o que lhes permitir\u00e1 descobrirem m\u00faltiplas perspectivas do existente e do novo existente.<br \/>\nA Cidade Imagin\u00e1ria pode ser uma imagem das Cidades de Deus de Santo Agostinho, porque assume a pura utilidade que s\u00f3 a arte como utilidade social sabe atingir. Porque a arte tem de fazer parte da vida quotidiana. O que deve durar uma eternidade, deve levar outra a fazer-se.<\/p>\n","protected":false},"featured_media":2078,"template":"","meta":[],"yoast_head":"<!-- This site is optimized with the Yoast SEO plugin v15.6 - https:\/\/yoast.com\/wordpress\/plugins\/seo\/ -->\n<title>D. Nuno de Santa Maria - O Santo - Book Hut Editores<\/title>\n<meta name=\"robots\" content=\"index, follow, max-snippet:-1, max-image-preview:large, max-video-preview:-1\" \/>\n<link rel=\"canonical\" href=\"https:\/\/bookhut.pt\/fr\/produto\/d-nuno-de-santa-maria-o-santo\/\" \/>\n<meta property=\"og:locale\" content=\"fr_FR\" \/>\n<meta property=\"og:type\" content=\"article\" \/>\n<meta property=\"og:title\" content=\"D. Nuno de Santa Maria - O Santo - Book Hut Editores\" \/>\n<meta property=\"og:description\" content=\"Uma obra sobre a Cidade Imagin\u00e1ria que Charters de Almeida prop\u00f5e tem como objectivo ligar simbolicamente as duas margens do Tejo, no \u201cmar\u201c de Abrantes. Esta liga\u00e7\u00e3o \u00e9 sugerida pelas diversas portas e passagens que comp\u00f5em o trabalho. Procurou tamb\u00e9m propor uma intera\u00e7\u00e3o direta com as pessoas que visitem o espa\u00e7o em causa, o que lhes permitir\u00e1 descobrirem m\u00faltiplas perspectivas do existente e do novo existente. A Cidade Imagin\u00e1ria pode ser uma imagem das Cidades de Deus de Santo Agostinho, porque assume a pura utilidade que s\u00f3 a arte como utilidade social sabe atingir. Porque a arte tem de fazer parte da vida quotidiana. O que deve durar uma eternidade, deve levar outra a fazer-se.\" \/>\n<meta property=\"og:url\" content=\"https:\/\/bookhut.pt\/fr\/produto\/d-nuno-de-santa-maria-o-santo\/\" \/>\n<meta property=\"og:site_name\" content=\"Book Hut Editores\" \/>\n<meta property=\"article:publisher\" content=\"https:\/\/www.facebook.com\/thebookhuteditora\/\" \/>\n<meta property=\"article:modified_time\" content=\"2020-11-17T16:03:46+00:00\" \/>\n<meta property=\"og:image\" content=\"https:\/\/bookhut.pt\/wp-content\/uploads\/2019\/12\/2005-Capa-D-NUNO-DE-SANTA-M.jpg\" \/>\n\t<meta property=\"og:image:width\" content=\"496\" \/>\n\t<meta property=\"og:image:height\" content=\"703\" \/>\n<meta name=\"twitter:card\" content=\"summary_large_image\" \/>\n<meta name=\"twitter:site\" content=\"@bookhut_editora\" \/>\n<script type=\"application\/ld+json\" class=\"yoast-schema-graph\">{\"@context\":\"https:\/\/schema.org\",\"@graph\":[{\"@type\":\"WebSite\",\"@id\":\"https:\/\/bookhut.pt\/#website\",\"url\":\"https:\/\/bookhut.pt\/\",\"name\":\"Book Hut Editores\",\"description\":\"\",\"potentialAction\":[{\"@type\":\"SearchAction\",\"target\":\"https:\/\/bookhut.pt\/?s={search_term_string}\",\"query-input\":\"required name=search_term_string\"}],\"inLanguage\":\"fr-FR\"},{\"@type\":\"ImageObject\",\"@id\":\"https:\/\/bookhut.pt\/fr\/produto\/d-nuno-de-santa-maria-o-santo\/#primaryimage\",\"inLanguage\":\"fr-FR\",\"url\":\"https:\/\/bookhut.pt\/wp-content\/uploads\/2019\/12\/2005-Capa-D-NUNO-DE-SANTA-M.jpg\",\"width\":496,\"height\":703},{\"@type\":\"WebPage\",\"@id\":\"https:\/\/bookhut.pt\/fr\/produto\/d-nuno-de-santa-maria-o-santo\/#webpage\",\"url\":\"https:\/\/bookhut.pt\/fr\/produto\/d-nuno-de-santa-maria-o-santo\/\",\"name\":\"D. Nuno de Santa Maria - O Santo - Book Hut Editores\",\"isPartOf\":{\"@id\":\"https:\/\/bookhut.pt\/#website\"},\"primaryImageOfPage\":{\"@id\":\"https:\/\/bookhut.pt\/fr\/produto\/d-nuno-de-santa-maria-o-santo\/#primaryimage\"},\"datePublished\":\"2019-12-02T16:36:57+00:00\",\"dateModified\":\"2020-11-17T16:03:46+00:00\",\"inLanguage\":\"fr-FR\",\"potentialAction\":[{\"@type\":\"ReadAction\",\"target\":[\"https:\/\/bookhut.pt\/fr\/produto\/d-nuno-de-santa-maria-o-santo\/\"]}]}]}<\/script>\n<!-- \/ Yoast SEO plugin. -->","_links":{"self":[{"href":"https:\/\/bookhut.pt\/fr\/wp-json\/wp\/v2\/product\/1748"}],"collection":[{"href":"https:\/\/bookhut.pt\/fr\/wp-json\/wp\/v2\/product"}],"about":[{"href":"https:\/\/bookhut.pt\/fr\/wp-json\/wp\/v2\/types\/product"}],"wp:featuredmedia":[{"embeddable":true,"href":"https:\/\/bookhut.pt\/fr\/wp-json\/wp\/v2\/media\/2078"}],"wp:attachment":[{"href":"https:\/\/bookhut.pt\/fr\/wp-json\/wp\/v2\/media?parent=1748"}],"curies":[{"name":"wp","href":"https:\/\/api.w.org\/{rel}","templated":true}]}}