{"id":1744,"date":"2019-12-02T13:58:45","date_gmt":"2019-12-02T13:58:45","guid":{"rendered":"https:\/\/bookhut.pt\/?post_type=product&#038;p=1744"},"modified":"2020-11-17T16:03:47","modified_gmt":"2020-11-17T16:03:47","slug":"os-desenhos-e-riscos-no-espaco-do-escultor-charters-de-almeida-poetizam-as-cidades","status":"publish","type":"product","link":"https:\/\/bookhut.pt\/fr\/produto\/os-desenhos-e-riscos-no-espaco-do-escultor-charters-de-almeida-poetizam-as-cidades\/","title":{"rendered":"Os desenhos e riscos no espa\u00e7o do escultor Charters de Almeida poetizam as cidades"},"content":{"rendered":"","protected":false},"excerpt":{"rendered":"<p>\u00c9 com certa regularidade que encontramos escultores que pintam e sobretudo que desenham, como \u00e9 o caso do escultor Charters de Almeida. Verifica-se mesmo que, alguns dos escultores, s\u00e3o excelentes desenhadores, dominando perfeitamente as propor\u00e7\u00f5es dos corpos; a movimenta\u00e7\u00e3o sugestionada e conseguida, atrav\u00e9s das linhas e sombreados projetados no papel.<\/p>\n","protected":false},"featured_media":2206,"template":"","meta":[],"yoast_head":"<!-- This site is optimized with the Yoast SEO plugin v15.6 - https:\/\/yoast.com\/wordpress\/plugins\/seo\/ -->\n<title>Os desenhos e riscos no espa\u00e7o do escultor Charters de Almeida poetizam as cidades - Book Hut Editores<\/title>\n<meta name=\"robots\" content=\"index, follow, max-snippet:-1, max-image-preview:large, max-video-preview:-1\" \/>\n<link rel=\"canonical\" href=\"https:\/\/bookhut.pt\/fr\/produto\/os-desenhos-e-riscos-no-espaco-do-escultor-charters-de-almeida-poetizam-as-cidades\/\" \/>\n<meta property=\"og:locale\" content=\"fr_FR\" \/>\n<meta property=\"og:type\" content=\"article\" \/>\n<meta property=\"og:title\" content=\"Os desenhos e riscos no espa\u00e7o do escultor Charters de Almeida poetizam as cidades - Book Hut Editores\" \/>\n<meta property=\"og:description\" content=\"\u00c9 com certa regularidade que encontramos escultores que pintam e sobretudo que desenham, como \u00e9 o caso do escultor Charters de Almeida. Verifica-se mesmo que, alguns dos escultores, s\u00e3o excelentes desenhadores, dominando perfeitamente as propor\u00e7\u00f5es dos corpos; a movimenta\u00e7\u00e3o sugestionada e conseguida, atrav\u00e9s das linhas e sombreados projetados no papel.\" \/>\n<meta property=\"og:url\" content=\"https:\/\/bookhut.pt\/fr\/produto\/os-desenhos-e-riscos-no-espaco-do-escultor-charters-de-almeida-poetizam-as-cidades\/\" \/>\n<meta property=\"og:site_name\" content=\"Book Hut Editores\" \/>\n<meta property=\"article:publisher\" content=\"https:\/\/www.facebook.com\/thebookhuteditora\/\" \/>\n<meta property=\"article:modified_time\" content=\"2020-11-17T16:03:47+00:00\" \/>\n<meta property=\"og:image\" content=\"https:\/\/bookhut.pt\/wp-content\/uploads\/2019\/12\/2000-Capa-ChartersAlmeida-2.jpg\" \/>\n\t<meta property=\"og:image:width\" content=\"1280\" \/>\n\t<meta property=\"og:image:height\" content=\"1067\" \/>\n<meta name=\"twitter:card\" content=\"summary_large_image\" \/>\n<meta name=\"twitter:site\" content=\"@bookhut_editora\" \/>\n<script type=\"application\/ld+json\" class=\"yoast-schema-graph\">{\"@context\":\"https:\/\/schema.org\",\"@graph\":[{\"@type\":\"WebSite\",\"@id\":\"https:\/\/bookhut.pt\/#website\",\"url\":\"https:\/\/bookhut.pt\/\",\"name\":\"Book Hut Editores\",\"description\":\"\",\"potentialAction\":[{\"@type\":\"SearchAction\",\"target\":\"https:\/\/bookhut.pt\/?s={search_term_string}\",\"query-input\":\"required name=search_term_string\"}],\"inLanguage\":\"fr-FR\"},{\"@type\":\"ImageObject\",\"@id\":\"https:\/\/bookhut.pt\/fr\/produto\/os-desenhos-e-riscos-no-espaco-do-escultor-charters-de-almeida-poetizam-as-cidades\/#primaryimage\",\"inLanguage\":\"fr-FR\",\"url\":\"https:\/\/bookhut.pt\/wp-content\/uploads\/2019\/12\/2000-Capa-ChartersAlmeida-2.jpg\",\"width\":1280,\"height\":1067},{\"@type\":\"WebPage\",\"@id\":\"https:\/\/bookhut.pt\/fr\/produto\/os-desenhos-e-riscos-no-espaco-do-escultor-charters-de-almeida-poetizam-as-cidades\/#webpage\",\"url\":\"https:\/\/bookhut.pt\/fr\/produto\/os-desenhos-e-riscos-no-espaco-do-escultor-charters-de-almeida-poetizam-as-cidades\/\",\"name\":\"Os desenhos e riscos no espa\\u00e7o do escultor Charters de Almeida poetizam as cidades - Book Hut Editores\",\"isPartOf\":{\"@id\":\"https:\/\/bookhut.pt\/#website\"},\"primaryImageOfPage\":{\"@id\":\"https:\/\/bookhut.pt\/fr\/produto\/os-desenhos-e-riscos-no-espaco-do-escultor-charters-de-almeida-poetizam-as-cidades\/#primaryimage\"},\"datePublished\":\"2019-12-02T13:58:45+00:00\",\"dateModified\":\"2020-11-17T16:03:47+00:00\",\"inLanguage\":\"fr-FR\",\"potentialAction\":[{\"@type\":\"ReadAction\",\"target\":[\"https:\/\/bookhut.pt\/fr\/produto\/os-desenhos-e-riscos-no-espaco-do-escultor-charters-de-almeida-poetizam-as-cidades\/\"]}]}]}<\/script>\n<!-- \/ Yoast SEO plugin. -->","_links":{"self":[{"href":"https:\/\/bookhut.pt\/fr\/wp-json\/wp\/v2\/product\/1744"}],"collection":[{"href":"https:\/\/bookhut.pt\/fr\/wp-json\/wp\/v2\/product"}],"about":[{"href":"https:\/\/bookhut.pt\/fr\/wp-json\/wp\/v2\/types\/product"}],"wp:featuredmedia":[{"embeddable":true,"href":"https:\/\/bookhut.pt\/fr\/wp-json\/wp\/v2\/media\/2206"}],"wp:attachment":[{"href":"https:\/\/bookhut.pt\/fr\/wp-json\/wp\/v2\/media?parent=1744"}],"curies":[{"name":"wp","href":"https:\/\/api.w.org\/{rel}","templated":true}]}}