{"id":1667,"date":"2019-12-02T09:31:37","date_gmt":"2019-12-02T09:31:37","guid":{"rendered":"https:\/\/bookhut.pt\/the-book-hut-editeur\/"},"modified":"2021-01-07T15:45:05","modified_gmt":"2021-01-07T15:45:05","slug":"book-hut","status":"publish","type":"page","link":"https:\/\/bookhut.pt\/fr\/book-hut\/","title":{"rendered":"\u00c9diteur"},"content":{"rendered":"<p>[vc_row][vc_column]<div class=\"columns_wrap sc_columns columns_nofluid sc_columns_count_1 aboutus margin_bottom_huge\" style=\"text-align:center;\"><div class=\"column-1_1 sc_column_item sc_column_item_1 odd first\" style=\"width: 800px;\"><h4 class=\"sc_title sc_title_underline sc_align_center margin_top_small\" style=\"text-align:center;\"><em>\u00c9crire un livre est votre plaisir<\/em>. Le publier est un cadeau de notre part!<\/h4>[vc_empty_space]<figure class=\"sc_image  sc_image_shape_square\" style=\"margin: 0 auto;\"><img src=\"https:\/\/bookhut.pt\/wp-content\/uploads\/2021\/01\/thebookhut.jpg\" alt=\"\" \/><\/figure>[vc_empty_space][vc_column_text]<strong>Book Hut<\/strong> est un \u00e9diteur sp\u00e9cialis\u00e9 dans l\u2019auto-\u00e9dition depuis plus de 20 ans.<\/p>\n<p>Nous sommes passionn\u00e9s par le contact avec les auteurs et la d\u00e9couverte de nouveaux talents et d\u2019ouvrages qui raviront les lecteurs les plus exigeants est la mission de The Book Hut.<\/p>\n<p>L\u2019\u00e9diteur a pour objectif d\u2019offrir l\u2019opportunit\u00e9 \u00e0 des auteurs inconnus de transformer leurs manuscrits en \u0153uvres \u00e9dit\u00e9es et mises en avant dans les plus prestigieuses librairies du pays.<\/p>\n<p>Et tout cela de fa\u00e7on transparente et \u00e9conomique, avec un contr\u00f4le cr\u00e9atif total sur le livre, tout en b\u00e9n\u00e9ficiant d\u2019une r\u00e9vision, d\u2019une pagination, d\u2019une illustration, d\u2019une \u00e9dition, d\u2019une impression et d\u2019une production hautement professionnelle.<\/p>\n<p>Apr\u00e8s s\u2019\u00eatre tout d\u2019abord consacr\u00e9 \u00e0 des ouvrages de r\u00e9f\u00e9rence dans le domaine des arts, connu dans le milieu artistique sous le nom de \u00ab\u00a0Taschen Portugal\u00a0\u00bb, le concept a consolid\u00e9 sa place sur le march\u00e9 de l\u2019\u00e9dition au Portugal.<\/p>\n<p>Mais le porte-folio de The Book Hut ne se r\u00e9sume pas aux arts. Ces derni\u00e8res ann\u00e9es, l\u2019\u00e9diteur a fortement pari\u00e9 sur la d\u00e9couverte de nouveaux auteurs appartenant \u00e0 d\u2019autres genres litt\u00e9raires, comme la fiction, la non-fiction, les essais, la po\u00e9sie ou la litt\u00e9rature pour enfants, parmi beaucoup d\u2019autres genres.<\/p>\n<p>D\u00e9mocratiser le march\u00e9 de l\u2019\u00e9dition, en respectant des normes d\u2019exigence \u00e9lev\u00e9es, en offrant aux auteurs des opportunit\u00e9s uniques et en proposant aux lecteurs des \u0153uvres \u00e9tonnantes auxquelles ils n\u2019auraient pas acc\u00e8s autrement, est l\u2019un des grands objectifs de The Book Hut.<\/p>\n<p>D\u00e9couvrez notre offre d\u2019ouvrages et laissez-vous surprendre par les \u0153uvres que nous vous r\u00e9servons.[\/vc_column_text]<\/div><\/div>[vc_empty_space][\/vc_column][\/vc_row][vc_row full_width=&#8221;stretch_row&#8221; css=&#8221;.vc_custom_1455289147662{background-color: #f5f5f5 !important;}&#8221;][vc_column]<div class=\"sc_content content_wrap\" style=\"margin-top: 5em;margin-bottom: 4.7em;\"><h4 class=\"sc_title sc_title_underline sc_align_center\" style=\"text-align:center;\">Auteurs les plus populaires<\/h4><div id=\"sc_team_452473353_wrap\" class=\"sc_team_wrap\"><div id=\"sc_team_452473353\" class=\"sc_team sc_team_style_team-3 \" style=\"width:100%;\"><div class=\"sc_columns columns_wrap\"><\/div><\/div><!-- \/.sc_team --><\/div><!-- \/.sc_team_wrap --><a href=\"authors\" class=\"sc_button sc_button_square sc_button_style_filled sc_button_size_small aligncenter\" style=\"width:250px;\">D\u00e9couvrez d\u2019autres auteurs<\/a><\/div>[\/vc_column][\/vc_row][vc_row full_width=&#8221;stretch_row&#8221; css=&#8221;.vc_custom_1456748728532{background-image: url(https:\/\/bookhut.pt\/wp-content\/uploads\/2016\/02\/bg2.jpg?id=339) !important;background-position: center !important;background-repeat: no-repeat !important;background-size: cover !important;}&#8221;][vc_column]<div id=\"sc_testimonials_790183765\" class=\"sc_testimonials sc_testimonials_style_testimonials-1 \" style=\"margin-top: 4.9em;margin-bottom: 3.1em;width:100%;\"><div class=\"sc_slider_swiper swiper-slider-container sc_slider_pagination sc_slider_pagination_bottom sc_slider_nocontrols\" data-interval=\"7042\" data-slides-min-width=\"250\"><div class=\"slides swiper-wrapper\"><div class=\"swiper-slide\" data-style=\"width:100%;\" style=\"width:100%;\">\t\t\t<div id=\"sc_testimonials_790183765_1\" class=\"sc_testimonial_item\">\n\t\t\t\t<div class=\"sc_testimonial_content\"><p>I love read romance books. Is so amazing to have your love story in a book that you can always look back on and never forget how much you love each other.<\/p>\n<\/div>\n\t\t\t\t\t\t\t\t<div class=\"sc_testimonial_avatar\"><img class=\"wp-post-image\" width=\"47\" height=\"47\" alt=\"Joel Morris\" src=\"https:\/\/bookhut.pt\/wp-content\/uploads\/2016\/02\/testimonials-3-47x47.jpg\"><\/div>\n\t\t\t\t\t\t\t\t\t\t\t\t<div class=\"sc_testimonial_author\"><a href=\"#\" class=\"sc_testimonial_author_name\">Joel Morris<\/a><\/div>\n\t\t\t\t\t\t\t<\/div>\n\t\t<\/div><div class=\"swiper-slide\" data-style=\"width:100%;\" style=\"width:100%;\">\t\t\t<div id=\"sc_testimonials_790183765_2\" class=\"sc_testimonial_item\">\n\t\t\t\t<div class=\"sc_testimonial_content\"><p>I just wanted to let you know how pleased I am with your site. I found what I needed easily and the books arrived in a timely manner. Keep up the great work.<\/p>\n<\/div>\n\t\t\t\t\t\t\t\t<div class=\"sc_testimonial_avatar\"><img class=\"wp-post-image\" width=\"47\" height=\"47\" alt=\"Dean White\" src=\"https:\/\/bookhut.pt\/wp-content\/uploads\/2016\/02\/testimonials-2-47x47.jpg\"><\/div>\n\t\t\t\t\t\t\t\t\t\t\t\t<div class=\"sc_testimonial_author\"><a href=\"#\" class=\"sc_testimonial_author_name\">Dean White<\/a><\/div>\n\t\t\t\t\t\t\t<\/div>\n\t\t<\/div><div class=\"swiper-slide\" data-style=\"width:100%;\" style=\"width:100%;\">\t\t\t<div id=\"sc_testimonials_790183765_3\" class=\"sc_testimonial_item\">\n\t\t\t\t<div class=\"sc_testimonial_content\"><p>My husband loves books. I think that book is the perfect gift for all holidays. I would definitely recommend BookLovers to my family and friends.<\/p>\n<\/div>\n\t\t\t\t\t\t\t\t<div class=\"sc_testimonial_avatar\"><img class=\"wp-post-image\" width=\"47\" height=\"47\" alt=\"Laura Priston\" src=\"https:\/\/bookhut.pt\/wp-content\/uploads\/2016\/02\/testimonials-1-47x47.jpg\"><\/div>\n\t\t\t\t\t\t\t\t\t\t\t\t<div class=\"sc_testimonial_author\"><a href=\"#\" class=\"sc_testimonial_author_name\">Laura Priston<\/a><\/div>\n\t\t\t\t\t\t\t<\/div>\n\t\t<\/div><\/div><div class=\"sc_slider_controls_wrap\"><a class=\"sc_slider_prev\" href=\"#\"><\/a><a class=\"sc_slider_next\" href=\"#\"><\/a><\/div><div class=\"sc_slider_pagination_wrap\"><\/div><\/div><\/div>[\/vc_column][\/vc_row][vc_row full_width=&#8221;stretch_row&#8221; css=&#8221;.vc_custom_1455027096364{background-color: #de3242 !important;}&#8221;][vc_column]<div id=\"sc_call_to_action_1649743952\" class=\"sc_call_to_action sc_call_to_action_style_2 sc_call_to_action_align_left\" style=\"width:100%;\"><div class=\"columns_wrap\"><div class=\"sc_call_to_action_info column-3_4\"><h2 class=\"sc_call_to_action_title sc_item_title\">Frais de port offerts<\/h2><h6 class=\"sc_call_to_action_subtitle sc_item_subtitle\">pour tout achat d\u2019un montant sup\u00e9rieur \u00e0 100 \u20ac<\/h6><\/div><div class=\"sc_call_to_action_buttons sc_item_buttons column-1_4\"><div class=\"sc_call_to_action_button sc_item_button\"><a href=\"\/shop\/\" class=\"sc_button sc_button_square sc_button_style_filled sc_button_size_small\">BOUTIQUE<\/a><\/div><\/div><\/div><\/div>[\/vc_column][\/vc_row]<\/p>\n","protected":false},"excerpt":{"rendered":"<p>[vc_row][vc_column][vc_empty_space][\/vc_column][\/vc_row][vc_row full_width=&#8221;stretch_row&#8221; css=&#8221;.vc_custom_1455289147662{background-color: #f5f5f5 !important;}&#8221;][vc_column][\/vc_column][\/vc_row][vc_row full_width=&#8221;stretch_row&#8221; css=&#8221;.vc_custom_1456748728532{background-image: url(https:\/\/bookhut.pt\/wp-content\/uploads\/2016\/02\/bg2.jpg?id=339) !important;background-position: center !important;background-repeat: no-repeat !important;background-size: cover !important;}&#8221;][vc_column][\/vc_column][\/vc_row][vc_row full_width=&#8221;stretch_row&#8221; css=&#8221;.vc_custom_1455027096364{background-color: #de3242 !important;}&#8221;][vc_column][\/vc_column][\/vc_row]<\/p>\n","protected":false},"author":160,"featured_media":0,"parent":0,"menu_order":5,"comment_status":"closed","ping_status":"closed","template":"","meta":[],"yoast_head":"<!-- This site is optimized with the Yoast SEO plugin v15.6 - https:\/\/yoast.com\/wordpress\/plugins\/seo\/ -->\n<title>\u00c9diteur - Book Hut Editores<\/title>\n<meta name=\"robots\" content=\"index, follow, max-snippet:-1, max-image-preview:large, max-video-preview:-1\" \/>\n<link rel=\"canonical\" href=\"https:\/\/bookhut.pt\/fr\/book-hut\/\" \/>\n<meta property=\"og:locale\" content=\"fr_FR\" \/>\n<meta property=\"og:type\" content=\"article\" \/>\n<meta property=\"og:title\" content=\"\u00c9diteur - Book Hut Editores\" \/>\n<meta property=\"og:description\" content=\"[vc_row][vc_column][vc_empty_space][\/vc_column][\/vc_row][vc_row full_width=&#8221;stretch_row&#8221; css=&#8221;.vc_custom_1455289147662{background-color: #f5f5f5 !important;}&#8221;][vc_column][\/vc_column][\/vc_row][vc_row full_width=&#8221;stretch_row&#8221; css=&#8221;.vc_custom_1456748728532{background-image: url(https:\/\/bookhut.pt\/wp-content\/uploads\/2016\/02\/bg2.jpg?id=339) !important;background-position: center !important;background-repeat: no-repeat !important;background-size: cover !important;}&#8221;][vc_column][\/vc_column][\/vc_row][vc_row full_width=&#8221;stretch_row&#8221; css=&#8221;.vc_custom_1455027096364{background-color: #de3242 !important;}&#8221;][vc_column][\/vc_column][\/vc_row]\" \/>\n<meta property=\"og:url\" content=\"https:\/\/bookhut.pt\/fr\/book-hut\/\" \/>\n<meta property=\"og:site_name\" content=\"Book Hut Editores\" \/>\n<meta property=\"article:publisher\" content=\"https:\/\/www.facebook.com\/thebookhuteditora\/\" \/>\n<meta property=\"article:modified_time\" content=\"2021-01-07T15:45:05+00:00\" \/>\n<meta name=\"twitter:card\" content=\"summary_large_image\" \/>\n<meta name=\"twitter:site\" content=\"@bookhut_editora\" \/>\n<script type=\"application\/ld+json\" class=\"yoast-schema-graph\">{\"@context\":\"https:\/\/schema.org\",\"@graph\":[{\"@type\":\"WebSite\",\"@id\":\"https:\/\/bookhut.pt\/#website\",\"url\":\"https:\/\/bookhut.pt\/\",\"name\":\"Book Hut Editores\",\"description\":\"\",\"potentialAction\":[{\"@type\":\"SearchAction\",\"target\":\"https:\/\/bookhut.pt\/?s={search_term_string}\",\"query-input\":\"required name=search_term_string\"}],\"inLanguage\":\"fr-FR\"},{\"@type\":\"WebPage\",\"@id\":\"https:\/\/bookhut.pt\/fr\/book-hut\/#webpage\",\"url\":\"https:\/\/bookhut.pt\/fr\/book-hut\/\",\"name\":\"\\u00c9diteur - Book Hut Editores\",\"isPartOf\":{\"@id\":\"https:\/\/bookhut.pt\/#website\"},\"datePublished\":\"2019-12-02T09:31:37+00:00\",\"dateModified\":\"2021-01-07T15:45:05+00:00\",\"inLanguage\":\"fr-FR\",\"potentialAction\":[{\"@type\":\"ReadAction\",\"target\":[\"https:\/\/bookhut.pt\/fr\/book-hut\/\"]}]}]}<\/script>\n<!-- \/ Yoast SEO plugin. -->","_links":{"self":[{"href":"https:\/\/bookhut.pt\/fr\/wp-json\/wp\/v2\/pages\/1667"}],"collection":[{"href":"https:\/\/bookhut.pt\/fr\/wp-json\/wp\/v2\/pages"}],"about":[{"href":"https:\/\/bookhut.pt\/fr\/wp-json\/wp\/v2\/types\/page"}],"author":[{"embeddable":true,"href":"https:\/\/bookhut.pt\/fr\/wp-json\/wp\/v2\/users\/160"}],"replies":[{"embeddable":true,"href":"https:\/\/bookhut.pt\/fr\/wp-json\/wp\/v2\/comments?post=1667"}],"version-history":[{"count":6,"href":"https:\/\/bookhut.pt\/fr\/wp-json\/wp\/v2\/pages\/1667\/revisions"}],"predecessor-version":[{"id":4567,"href":"https:\/\/bookhut.pt\/fr\/wp-json\/wp\/v2\/pages\/1667\/revisions\/4567"}],"wp:attachment":[{"href":"https:\/\/bookhut.pt\/fr\/wp-json\/wp\/v2\/media?parent=1667"}],"curies":[{"name":"wp","href":"https:\/\/api.w.org\/{rel}","templated":true}]}}