{"id":5046,"date":"2022-12-23T11:25:18","date_gmt":"2022-12-23T11:25:18","guid":{"rendered":"https:\/\/bookhut.pt\/?post_type=product&#038;p=5046"},"modified":"2023-02-01T00:00:42","modified_gmt":"2023-02-01T00:00:42","slug":"nao-esquecer-de-ser-feliz","status":"publish","type":"product","link":"https:\/\/bookhut.pt\/es\/produto\/nao-esquecer-de-ser-feliz\/","title":{"rendered":"N\u00e3o Esquecer de Ser Feliz"},"content":{"rendered":"<p>[vc_row][vc_column][vc_column_text]Nas livrarias, nos supermercados, na internet, na m\u00e3o de amigos\u2026 por todo o lado encontramos livros de autoajuda. E todos gritam frases feitas como se fossem verdades de uma vida: \u201cSer positivo \u00e9 a chave do sucesso\u201c, \u201cA depress\u00e3o \u00e9 resultado de baixa auto-estima\u201c, \u201cRespirar combate a ansiedade\u201c, \u201cExpulsa a tua raiva\u201c&#8230; &#8211;<br \/>\nEstas e outras express\u00f5es tornaram-se lugares-comuns, mas, a verdade, \u00e9 que continuamos a sentirmo-nos sem sa\u00fade, sem tranquilidade, sem inspira\u00e7\u00e3o, sem alegria, sem\u2026 felicidade.<br \/>\nE porqu\u00ea?<br \/>\nSer\u00e1 porque somos todos diferentes? Ou porque, naquele dia, n\u00e3o sei o que me faz feliz? Ou infeliz? Ser\u00e1 porque, apesar da auto-estima, tenho depress\u00e3o na mesma? Ou porque dizerem-me \u2018Respira\u2018 deixa-me ainda mais irritada?<br \/>\nTalvez algumas, assumidas, verdades absolutas, n\u00e3o o sejam.<br \/>\nPor vezes ser negativo e desistir, pode ser a melhor forma de recome\u00e7ar; uma elevada auto-estima pode criar um bully ou um psicopata; libertar-se da sua raiva pode trazer graves consequ\u00eancias para si e para os outros.<br \/>\nA verdade para cada um de n\u00f3s est\u00e1 em cada um de n\u00f3s.<br \/>\n\u00c9 importante \u2018respirar\u2018 sim, mas, talvez ainda mais importante que isso, seja suster a respira\u00e7\u00e3o e \u2018mergulhar\u2018 bem FUNDO na nossa ess\u00eancia e descobrirmos o que realmente nos faz felizes![\/vc_column_text][\/vc_column][\/vc_row]<\/p>\n","protected":false},"excerpt":{"rendered":"<p>Nas livrarias, nos supermercados, na internet, na m\u00e3o de amigos\u2026 por todo o lado encontramos livros de autoajuda. E todos gritam frases feitas como se fossem verdades de uma vida: \u201cSer positivo \u00e9 a chave do sucesso\u201c, \u201cA depress\u00e3o \u00e9 resultado de baixa auto-estima\u201c, \u201cRespirar combate a ansiedade\u201c, \u201cExpulsa a tua raiva\u201c&#8230; &#8211;<br \/>\nEstas e outras express\u00f5es tornaram-se lugares-comuns, mas, a verdade, \u00e9 que continuamos a sentirmo-nos sem sa\u00fade, sem tranquilidade, sem inspira\u00e7\u00e3o, sem alegria, sem\u2026 felicidade.<br \/>\nE porqu\u00ea?<br \/>\nSer\u00e1 porque somos todos diferentes? Ou porque, naquele dia, n\u00e3o sei o que me faz feliz? Ou infeliz? Ser\u00e1 porque, apesar da auto-estima, tenho depress\u00e3o na mesma? Ou porque dizerem-me \u2018Respira\u2018 deixa-me ainda mais irritada?<br \/>\nTalvez algumas, assumidas, verdades absolutas, n\u00e3o o sejam.<br \/>\nPor vezes ser negativo e desistir, pode ser a melhor forma de recome\u00e7ar; uma elevada auto-estima pode criar um bully ou um psicopata; libertar-se da sua raiva pode trazer graves consequ\u00eancias para si e para os outros.<br \/>\nA verdade para cada um de n\u00f3s est\u00e1 em cada um de n\u00f3s.<br \/>\n\u00c9 importante \u2018respirar\u2018 sim, mas, talvez ainda mais importante que isso, seja suster a respira\u00e7\u00e3o e \u2018mergulhar\u2018 bem FUNDO na nossa ess\u00eancia e descobrirmos o que realmente nos faz felizes!<\/p>\n","protected":false},"featured_media":5047,"template":"","meta":[],"yoast_head":"<!-- This site is optimized with the Yoast SEO plugin v15.6 - https:\/\/yoast.com\/wordpress\/plugins\/seo\/ -->\n<title>N\u00e3o Esquecer de Ser Feliz - Book Hut Editores<\/title>\n<meta name=\"description\" content=\"Nas livrarias, nos supermercados, na internet, na m\u00e3o de amigos\u2026 por todo o lado encontramos livros de autoajuda. E todos gritam frases feitas como se fossem verdades de uma vida: \u201cSer positivo \u00e9 a chave do sucesso\u201c, \u201cA depress\u00e3o \u00e9 resultado de baixa auto-estima\u201c, \u201cRespirar combate a ansiedade\u201c, \u201cExpulsa a tua raiva\u201c... -Estas e outras express\u00f5es tornaram-se lugares-comuns, mas, a verdade, \u00e9 que continuamos a sentirmo-nos sem sa\u00fade, sem tranquilidade, sem inspira\u00e7\u00e3o, sem alegria, sem\u2026 felicidade.E porqu\u00ea?Ser\u00e1 porque somos todos diferentes? Ou porque, naquele dia, n\u00e3o sei o que me faz feliz? Ou infeliz? Ser\u00e1 porque, apesar da auto-estima, tenho depress\u00e3o na mesma? Ou porque dizerem-me \u2018Respira\u2018 deixa-me ainda mais irritada?Talvez algumas, assumidas, verdades absolutas, n\u00e3o o sejam.Por vezes ser negativo e desistir, pode ser a melhor forma de recome\u00e7ar; uma elevada auto-estima pode criar um bully ou um psicopata; libertar-se da sua raiva pode trazer graves consequ\u00eancias para si e para os outros.A verdade para cada um de n\u00f3s est\u00e1 em cada um de n\u00f3s. \u00c9 importante \u2018respirar\u2018 sim, mas, talvez ainda mais importante que isso, seja suster a respira\u00e7\u00e3o e \u2018mergulhar\u2018 bem FUNDO na nossa ess\u00eancia e descobrirmos o que realmente nos faz felizes!\" \/>\n<meta name=\"robots\" content=\"index, follow, max-snippet:-1, max-image-preview:large, max-video-preview:-1\" \/>\n<link rel=\"canonical\" href=\"https:\/\/bookhut.pt\/es\/produto\/nao-esquecer-de-ser-feliz\/\" \/>\n<meta property=\"og:locale\" content=\"es_ES\" \/>\n<meta property=\"og:type\" content=\"article\" \/>\n<meta property=\"og:title\" content=\"N\u00e3o Esquecer de Ser Feliz - Book Hut Editores\" \/>\n<meta property=\"og:description\" content=\"Nas livrarias, nos supermercados, na internet, na m\u00e3o de amigos\u2026 por todo o lado encontramos livros de autoajuda. E todos gritam frases feitas como se fossem verdades de uma vida: \u201cSer positivo \u00e9 a chave do sucesso\u201c, \u201cA depress\u00e3o \u00e9 resultado de baixa auto-estima\u201c, \u201cRespirar combate a ansiedade\u201c, \u201cExpulsa a tua raiva\u201c... -Estas e outras express\u00f5es tornaram-se lugares-comuns, mas, a verdade, \u00e9 que continuamos a sentirmo-nos sem sa\u00fade, sem tranquilidade, sem inspira\u00e7\u00e3o, sem alegria, sem\u2026 felicidade.E porqu\u00ea?Ser\u00e1 porque somos todos diferentes? Ou porque, naquele dia, n\u00e3o sei o que me faz feliz? Ou infeliz? Ser\u00e1 porque, apesar da auto-estima, tenho depress\u00e3o na mesma? Ou porque dizerem-me \u2018Respira\u2018 deixa-me ainda mais irritada?Talvez algumas, assumidas, verdades absolutas, n\u00e3o o sejam.Por vezes ser negativo e desistir, pode ser a melhor forma de recome\u00e7ar; uma elevada auto-estima pode criar um bully ou um psicopata; libertar-se da sua raiva pode trazer graves consequ\u00eancias para si e para os outros.A verdade para cada um de n\u00f3s est\u00e1 em cada um de n\u00f3s. \u00c9 importante \u2018respirar\u2018 sim, mas, talvez ainda mais importante que isso, seja suster a respira\u00e7\u00e3o e \u2018mergulhar\u2018 bem FUNDO na nossa ess\u00eancia e descobrirmos o que realmente nos faz felizes!\" \/>\n<meta property=\"og:url\" content=\"https:\/\/bookhut.pt\/es\/produto\/nao-esquecer-de-ser-feliz\/\" \/>\n<meta property=\"og:site_name\" content=\"Book Hut Editores\" \/>\n<meta property=\"article:publisher\" content=\"https:\/\/www.facebook.com\/thebookhuteditora\/\" \/>\n<meta property=\"article:modified_time\" content=\"2023-02-01T00:00:42+00:00\" \/>\n<meta property=\"og:image\" content=\"https:\/\/bookhut.pt\/wp-content\/uploads\/2022\/12\/CAPA-promocao_page-0001.jpg\" \/>\n\t<meta property=\"og:image:width\" content=\"945\" \/>\n\t<meta property=\"og:image:height\" content=\"1359\" \/>\n<meta name=\"twitter:card\" content=\"summary_large_image\" \/>\n<meta name=\"twitter:site\" content=\"@bookhut_editora\" \/>\n<meta name=\"twitter:label1\" content=\"Tiempo de lectura\">\n\t<meta name=\"twitter:data1\" content=\"1 minuto\">\n<script type=\"application\/ld+json\" class=\"yoast-schema-graph\">{\"@context\":\"https:\/\/schema.org\",\"@graph\":[{\"@type\":\"WebSite\",\"@id\":\"https:\/\/bookhut.pt\/#website\",\"url\":\"https:\/\/bookhut.pt\/\",\"name\":\"Book Hut Editores\",\"description\":\"\",\"potentialAction\":[{\"@type\":\"SearchAction\",\"target\":\"https:\/\/bookhut.pt\/?s={search_term_string}\",\"query-input\":\"required name=search_term_string\"}],\"inLanguage\":\"es\"},{\"@type\":\"ImageObject\",\"@id\":\"https:\/\/bookhut.pt\/es\/produto\/nao-esquecer-de-ser-feliz\/#primaryimage\",\"inLanguage\":\"es\",\"url\":\"https:\/\/bookhut.pt\/wp-content\/uploads\/2022\/12\/CAPA-promocao_page-0001.jpg\",\"width\":945,\"height\":1359,\"caption\":\"N\\u00e3o Esquecer de Ser Feliz\"},{\"@type\":\"WebPage\",\"@id\":\"https:\/\/bookhut.pt\/es\/produto\/nao-esquecer-de-ser-feliz\/#webpage\",\"url\":\"https:\/\/bookhut.pt\/es\/produto\/nao-esquecer-de-ser-feliz\/\",\"name\":\"N\\u00e3o Esquecer de Ser Feliz - Book Hut Editores\",\"isPartOf\":{\"@id\":\"https:\/\/bookhut.pt\/#website\"},\"primaryImageOfPage\":{\"@id\":\"https:\/\/bookhut.pt\/es\/produto\/nao-esquecer-de-ser-feliz\/#primaryimage\"},\"datePublished\":\"2022-12-23T11:25:18+00:00\",\"dateModified\":\"2023-02-01T00:00:42+00:00\",\"description\":\"Nas livrarias, nos supermercados, na internet, na m\\u00e3o de amigos\\u2026 por todo o lado encontramos livros de autoajuda. E todos gritam frases feitas como se fossem verdades de uma vida: \\u201cSer positivo \\u00e9 a chave do sucesso\\u201c, \\u201cA depress\\u00e3o \\u00e9 resultado de baixa auto-estima\\u201c, \\u201cRespirar combate a ansiedade\\u201c, \\u201cExpulsa a tua raiva\\u201c... -Estas e outras express\\u00f5es tornaram-se lugares-comuns, mas, a verdade, \\u00e9 que continuamos a sentirmo-nos sem sa\\u00fade, sem tranquilidade, sem inspira\\u00e7\\u00e3o, sem alegria, sem\\u2026 felicidade.E porqu\\u00ea?Ser\\u00e1 porque somos todos diferentes? Ou porque, naquele dia, n\\u00e3o sei o que me faz feliz? Ou infeliz? Ser\\u00e1 porque, apesar da auto-estima, tenho depress\\u00e3o na mesma? Ou porque dizerem-me \\u2018Respira\\u2018 deixa-me ainda mais irritada?Talvez algumas, assumidas, verdades absolutas, n\\u00e3o o sejam.Por vezes ser negativo e desistir, pode ser a melhor forma de recome\\u00e7ar; uma elevada auto-estima pode criar um bully ou um psicopata; libertar-se da sua raiva pode trazer graves consequ\\u00eancias para si e para os outros.A verdade para cada um de n\\u00f3s est\\u00e1 em cada um de n\\u00f3s. \\u00c9 importante \\u2018respirar\\u2018 sim, mas, talvez ainda mais importante que isso, seja suster a respira\\u00e7\\u00e3o e \\u2018mergulhar\\u2018 bem FUNDO na nossa ess\\u00eancia e descobrirmos o que realmente nos faz felizes!\",\"inLanguage\":\"es\",\"potentialAction\":[{\"@type\":\"ReadAction\",\"target\":[\"https:\/\/bookhut.pt\/es\/produto\/nao-esquecer-de-ser-feliz\/\"]}]}]}<\/script>\n<!-- \/ Yoast SEO plugin. -->","_links":{"self":[{"href":"https:\/\/bookhut.pt\/es\/wp-json\/wp\/v2\/product\/5046"}],"collection":[{"href":"https:\/\/bookhut.pt\/es\/wp-json\/wp\/v2\/product"}],"about":[{"href":"https:\/\/bookhut.pt\/es\/wp-json\/wp\/v2\/types\/product"}],"wp:featuredmedia":[{"embeddable":true,"href":"https:\/\/bookhut.pt\/es\/wp-json\/wp\/v2\/media\/5047"}],"wp:attachment":[{"href":"https:\/\/bookhut.pt\/es\/wp-json\/wp\/v2\/media?parent=5046"}],"curies":[{"name":"wp","href":"https:\/\/api.w.org\/{rel}","templated":true}]}}