{"id":4703,"date":"2021-01-08T12:01:33","date_gmt":"2021-01-08T12:01:33","guid":{"rendered":"https:\/\/bookhut.pt\/?post_type=product&#038;p=4703"},"modified":"2021-01-08T12:07:57","modified_gmt":"2021-01-08T12:07:57","slug":"acuarela-en-el-arte-portugues-copia","status":"publish","type":"product","link":"https:\/\/bookhut.pt\/es\/produto\/acuarela-en-el-arte-portugues-copia\/","title":{"rendered":"Experiencias de poes\u00eda"},"content":{"rendered":"<p>[vc_row][vc_column][vc_column_text]Obra po\u00e9tica que refleja las experiencias cotidianas del autor polifac\u00e9tico.[\/vc_column_text][\/vc_column][\/vc_row]<\/p>\n","protected":false},"excerpt":{"rendered":"<p>Obra po\u00e9tica que refleja las experiencias cotidianas del autor polifac\u00e9tico.<\/p>\n","protected":false},"featured_media":2157,"template":"","meta":[],"yoast_head":"<!-- This site is optimized with the Yoast SEO plugin v15.6 - https:\/\/yoast.com\/wordpress\/plugins\/seo\/ -->\n<title>Experiencias de poes\u00eda - Book Hut Editores<\/title>\n<meta name=\"robots\" content=\"index, follow, max-snippet:-1, max-image-preview:large, max-video-preview:-1\" \/>\n<link rel=\"canonical\" href=\"https:\/\/bookhut.pt\/es\/produto\/acuarela-en-el-arte-portugues-copia\/\" \/>\n<meta property=\"og:locale\" content=\"es_ES\" \/>\n<meta property=\"og:type\" content=\"article\" \/>\n<meta property=\"og:title\" content=\"Experiencias de poes\u00eda - Book Hut Editores\" \/>\n<meta property=\"og:description\" content=\"Obra po\u00e9tica que refleja las experiencias cotidianas del autor polifac\u00e9tico.\" \/>\n<meta property=\"og:url\" content=\"https:\/\/bookhut.pt\/es\/produto\/acuarela-en-el-arte-portugues-copia\/\" \/>\n<meta property=\"og:site_name\" content=\"Book Hut Editores\" \/>\n<meta property=\"article:publisher\" content=\"https:\/\/www.facebook.com\/thebookhuteditora\/\" \/>\n<meta property=\"article:modified_time\" content=\"2021-01-08T12:07:57+00:00\" \/>\n<meta property=\"og:image\" content=\"https:\/\/bookhut.pt\/wp-content\/uploads\/2019\/12\/2008-Capa-AGUARELA-NA-ARTE-PORT.jpg\" \/>\n\t<meta property=\"og:image:width\" content=\"2833\" \/>\n\t<meta property=\"og:image:height\" content=\"3542\" \/>\n<meta name=\"twitter:card\" content=\"summary_large_image\" \/>\n<meta name=\"twitter:site\" content=\"@bookhut_editora\" \/>\n<script type=\"application\/ld+json\" class=\"yoast-schema-graph\">{\"@context\":\"https:\/\/schema.org\",\"@graph\":[{\"@type\":\"WebSite\",\"@id\":\"https:\/\/bookhut.pt\/#website\",\"url\":\"https:\/\/bookhut.pt\/\",\"name\":\"Book Hut Editores\",\"description\":\"\",\"potentialAction\":[{\"@type\":\"SearchAction\",\"target\":\"https:\/\/bookhut.pt\/?s={search_term_string}\",\"query-input\":\"required name=search_term_string\"}],\"inLanguage\":\"es\"},{\"@type\":\"ImageObject\",\"@id\":\"https:\/\/bookhut.pt\/es\/produto\/acuarela-en-el-arte-portugues-copia\/#primaryimage\",\"inLanguage\":\"es\",\"url\":\"https:\/\/bookhut.pt\/wp-content\/uploads\/2019\/12\/2008-Capa-AGUARELA-NA-ARTE-PORT.jpg\",\"width\":2833,\"height\":3542},{\"@type\":\"WebPage\",\"@id\":\"https:\/\/bookhut.pt\/es\/produto\/acuarela-en-el-arte-portugues-copia\/#webpage\",\"url\":\"https:\/\/bookhut.pt\/es\/produto\/acuarela-en-el-arte-portugues-copia\/\",\"name\":\"Experiencias de poes\\u00eda - Book Hut Editores\",\"isPartOf\":{\"@id\":\"https:\/\/bookhut.pt\/#website\"},\"primaryImageOfPage\":{\"@id\":\"https:\/\/bookhut.pt\/es\/produto\/acuarela-en-el-arte-portugues-copia\/#primaryimage\"},\"datePublished\":\"2021-01-08T12:01:33+00:00\",\"dateModified\":\"2021-01-08T12:07:57+00:00\",\"inLanguage\":\"es\",\"potentialAction\":[{\"@type\":\"ReadAction\",\"target\":[\"https:\/\/bookhut.pt\/es\/produto\/acuarela-en-el-arte-portugues-copia\/\"]}]}]}<\/script>\n<!-- \/ Yoast SEO plugin. -->","_links":{"self":[{"href":"https:\/\/bookhut.pt\/es\/wp-json\/wp\/v2\/product\/4703"}],"collection":[{"href":"https:\/\/bookhut.pt\/es\/wp-json\/wp\/v2\/product"}],"about":[{"href":"https:\/\/bookhut.pt\/es\/wp-json\/wp\/v2\/types\/product"}],"wp:featuredmedia":[{"embeddable":true,"href":"https:\/\/bookhut.pt\/es\/wp-json\/wp\/v2\/media\/2157"}],"wp:attachment":[{"href":"https:\/\/bookhut.pt\/es\/wp-json\/wp\/v2\/media?parent=4703"}],"curies":[{"name":"wp","href":"https:\/\/api.w.org\/{rel}","templated":true}]}}