{"id":4701,"date":"2021-01-08T11:47:37","date_gmt":"2021-01-08T11:47:38","guid":{"rendered":"https:\/\/bookhut.pt\/?post_type=product&#038;p=4701"},"modified":"2021-01-08T11:57:14","modified_gmt":"2021-01-08T11:57:14","slug":"la-mano-derecha-de-d-joao-v-arquitecto-jefe-del-reino","status":"publish","type":"product","link":"https:\/\/bookhut.pt\/es\/produto\/la-mano-derecha-de-d-joao-v-arquitecto-jefe-del-reino\/","title":{"rendered":"La mano derecha de D. Jo\u00e3o V, arquitecto jefe del reino"},"content":{"rendered":"<p>[vc_row][vc_column][vc_column_text]Una obra que da a conocer una obra a\u00fan apenas visible.<br \/>\nEl levantamiento del velo que lo cubre revela aspectos in\u00e9ditos que son de la mayor importancia en t\u00e9rminos acad\u00e9micos, en un an\u00e1lisis exeg\u00e9tico del pensamiento arquitect\u00f3nico del siglo XVIII, que lo materializa.<br \/>\nDe esta manera, pretende contribuir a una mejor comprensi\u00f3n de la personalidad y el trabajo de Jo\u00e3o Federico Ludovici y su importancia en el barroco portugu\u00e9s. Esto permitir\u00e1 convertirlo en un elemento de informaci\u00f3n singular, para comprender la arquitectura ludov\u00edcica en la modernizaci\u00f3n est\u00e9tica y t\u00e9cnica del barroco Joanino a Pombalino en Portugal.[\/vc_column_text][\/vc_column][\/vc_row]<\/p>\n","protected":false},"excerpt":{"rendered":"<p>Una obra que da a conocer una obra a\u00fan apenas visible.<\/p>\n<p>El levantamiento del velo que lo cubre revela aspectos in\u00e9ditos que son de la mayor importancia en t\u00e9rminos acad\u00e9micos, en un an\u00e1lisis exeg\u00e9tico del pensamiento arquitect\u00f3nico del siglo XVIII, que lo materializa.<\/p>\n<p>De esta manera, pretende contribuir a una mejor comprensi\u00f3n de la personalidad y el trabajo de Jo\u00e3o Federico Ludovici y su importancia en el barroco portugu\u00e9s. Esto permitir\u00e1 convertirlo en un elemento de informaci\u00f3n singular, para comprender la arquitectura ludov\u00edcica en la modernizaci\u00f3n est\u00e9tica y t\u00e9cnica del barroco Joanino a Pombalino en Portugal.<\/p>\n","protected":false},"featured_media":4599,"template":"","meta":[],"yoast_head":"<!-- This site is optimized with the Yoast SEO plugin v15.6 - https:\/\/yoast.com\/wordpress\/plugins\/seo\/ -->\n<title>La mano derecha de D. Jo\u00e3o V, arquitecto jefe del reino - Book Hut Editores<\/title>\n<meta name=\"robots\" content=\"index, follow, max-snippet:-1, max-image-preview:large, max-video-preview:-1\" \/>\n<link rel=\"canonical\" href=\"https:\/\/bookhut.pt\/es\/produto\/la-mano-derecha-de-d-joao-v-arquitecto-jefe-del-reino\/\" \/>\n<meta property=\"og:locale\" content=\"es_ES\" \/>\n<meta property=\"og:type\" content=\"article\" \/>\n<meta property=\"og:title\" content=\"La mano derecha de D. Jo\u00e3o V, arquitecto jefe del reino - Book Hut Editores\" \/>\n<meta property=\"og:description\" content=\"Una obra que da a conocer una obra a\u00fan apenas visible.  El levantamiento del velo que lo cubre revela aspectos in\u00e9ditos que son de la mayor importancia en t\u00e9rminos acad\u00e9micos, en un an\u00e1lisis exeg\u00e9tico del pensamiento arquitect\u00f3nico del siglo XVIII, que lo materializa.  De esta manera, pretende contribuir a una mejor comprensi\u00f3n de la personalidad y el trabajo de Jo\u00e3o Federico Ludovici y su importancia en el barroco portugu\u00e9s. Esto permitir\u00e1 convertirlo en un elemento de informaci\u00f3n singular, para comprender la arquitectura ludov\u00edcica en la modernizaci\u00f3n est\u00e9tica y t\u00e9cnica del barroco Joanino a Pombalino en Portugal.\" \/>\n<meta property=\"og:url\" content=\"https:\/\/bookhut.pt\/es\/produto\/la-mano-derecha-de-d-joao-v-arquitecto-jefe-del-reino\/\" \/>\n<meta property=\"og:site_name\" content=\"Book Hut Editores\" \/>\n<meta property=\"article:publisher\" content=\"https:\/\/www.facebook.com\/thebookhuteditora\/\" \/>\n<meta property=\"article:modified_time\" content=\"2021-01-08T11:57:14+00:00\" \/>\n<meta property=\"og:image\" content=\"https:\/\/bookhut.pt\/wp-content\/uploads\/2019\/12\/CapaCarlosHargreaves-1-1.jpg\" \/>\n\t<meta property=\"og:image:width\" content=\"663\" \/>\n\t<meta property=\"og:image:height\" content=\"964\" \/>\n<meta name=\"twitter:card\" content=\"summary_large_image\" \/>\n<meta name=\"twitter:site\" content=\"@bookhut_editora\" \/>\n<script type=\"application\/ld+json\" class=\"yoast-schema-graph\">{\"@context\":\"https:\/\/schema.org\",\"@graph\":[{\"@type\":\"WebSite\",\"@id\":\"https:\/\/bookhut.pt\/#website\",\"url\":\"https:\/\/bookhut.pt\/\",\"name\":\"Book Hut Editores\",\"description\":\"\",\"potentialAction\":[{\"@type\":\"SearchAction\",\"target\":\"https:\/\/bookhut.pt\/?s={search_term_string}\",\"query-input\":\"required name=search_term_string\"}],\"inLanguage\":\"es\"},{\"@type\":\"ImageObject\",\"@id\":\"https:\/\/bookhut.pt\/es\/produto\/la-mano-derecha-de-d-joao-v-arquitecto-jefe-del-reino\/#primaryimage\",\"inLanguage\":\"es\",\"url\":\"https:\/\/bookhut.pt\/wp-content\/uploads\/2019\/12\/CapaCarlosHargreaves-1-1.jpg\",\"width\":663,\"height\":964},{\"@type\":\"WebPage\",\"@id\":\"https:\/\/bookhut.pt\/es\/produto\/la-mano-derecha-de-d-joao-v-arquitecto-jefe-del-reino\/#webpage\",\"url\":\"https:\/\/bookhut.pt\/es\/produto\/la-mano-derecha-de-d-joao-v-arquitecto-jefe-del-reino\/\",\"name\":\"La mano derecha de D. Jo\\u00e3o V, arquitecto jefe del reino - Book Hut Editores\",\"isPartOf\":{\"@id\":\"https:\/\/bookhut.pt\/#website\"},\"primaryImageOfPage\":{\"@id\":\"https:\/\/bookhut.pt\/es\/produto\/la-mano-derecha-de-d-joao-v-arquitecto-jefe-del-reino\/#primaryimage\"},\"datePublished\":\"2021-01-08T11:47:38+00:00\",\"dateModified\":\"2021-01-08T11:57:14+00:00\",\"inLanguage\":\"es\",\"potentialAction\":[{\"@type\":\"ReadAction\",\"target\":[\"https:\/\/bookhut.pt\/es\/produto\/la-mano-derecha-de-d-joao-v-arquitecto-jefe-del-reino\/\"]}]}]}<\/script>\n<!-- \/ Yoast SEO plugin. -->","_links":{"self":[{"href":"https:\/\/bookhut.pt\/es\/wp-json\/wp\/v2\/product\/4701"}],"collection":[{"href":"https:\/\/bookhut.pt\/es\/wp-json\/wp\/v2\/product"}],"about":[{"href":"https:\/\/bookhut.pt\/es\/wp-json\/wp\/v2\/types\/product"}],"wp:featuredmedia":[{"embeddable":true,"href":"https:\/\/bookhut.pt\/es\/wp-json\/wp\/v2\/media\/4599"}],"wp:attachment":[{"href":"https:\/\/bookhut.pt\/es\/wp-json\/wp\/v2\/media?parent=4701"}],"curies":[{"name":"wp","href":"https:\/\/api.w.org\/{rel}","templated":true}]}}