{"id":4694,"date":"2019-12-03T11:03:01","date_gmt":"2019-12-03T11:03:01","guid":{"rendered":"https:\/\/bookhut.pt\/produto\/porcelana-china-en-la-epoca-del-imperio\/"},"modified":"2021-01-08T11:43:33","modified_gmt":"2021-01-08T11:43:33","slug":"porcelana-china-en-la-epoca-del-imperio","status":"publish","type":"product","link":"https:\/\/bookhut.pt\/es\/produto\/porcelana-china-en-la-epoca-del-imperio\/","title":{"rendered":"Porcelana china en la \u00e9poca del Imperio"},"content":{"rendered":"<p>[vc_row][vc_column][vc_column_text]El resultado de m\u00e1s de 20 a\u00f1os de investigaci\u00f3n. Una obra completa sobre la historia de la porcelana china en poder de coleccionistas y propietarios, donde se descubrieron piezas desconocidas o que se atribuyeron err\u00f3neamente a otros pa\u00edses.[\/vc_column_text][\/vc_column][\/vc_row]<\/p>\n","protected":false},"excerpt":{"rendered":"<p>El resultado de m\u00e1s de 20 a\u00f1os de investigaci\u00f3n. Una obra completa sobre la historia de la porcelana china en poder de coleccionistas y propietarios, donde se descubrieron piezas desconocidas o que se atribuyeron err\u00f3neamente a otros pa\u00edses.<\/p>\n","protected":false},"featured_media":2153,"template":"","meta":[],"yoast_head":"<!-- This site is optimized with the Yoast SEO plugin v15.6 - https:\/\/yoast.com\/wordpress\/plugins\/seo\/ -->\n<title>Porcelana china en la \u00e9poca del Imperio - Book Hut Editores<\/title>\n<meta name=\"robots\" content=\"index, follow, max-snippet:-1, max-image-preview:large, max-video-preview:-1\" \/>\n<link rel=\"canonical\" href=\"https:\/\/bookhut.pt\/es\/produto\/porcelana-china-en-la-epoca-del-imperio\/\" \/>\n<meta property=\"og:locale\" content=\"es_ES\" \/>\n<meta property=\"og:type\" content=\"article\" \/>\n<meta property=\"og:title\" content=\"Porcelana china en la \u00e9poca del Imperio - Book Hut Editores\" \/>\n<meta property=\"og:description\" content=\"El resultado de m\u00e1s de 20 a\u00f1os de investigaci\u00f3n. Una obra completa sobre la historia de la porcelana china en poder de coleccionistas y propietarios, donde se descubrieron piezas desconocidas o que se atribuyeron err\u00f3neamente a otros pa\u00edses.\" \/>\n<meta property=\"og:url\" content=\"https:\/\/bookhut.pt\/es\/produto\/porcelana-china-en-la-epoca-del-imperio\/\" \/>\n<meta property=\"og:site_name\" content=\"Book Hut Editores\" \/>\n<meta property=\"article:publisher\" content=\"https:\/\/www.facebook.com\/thebookhuteditora\/\" \/>\n<meta property=\"article:modified_time\" content=\"2021-01-08T11:43:33+00:00\" \/>\n<meta property=\"og:image\" content=\"https:\/\/bookhut.pt\/wp-content\/uploads\/2019\/12\/2007-Capa-PORCELANA-CHINESA.jpg\" \/>\n\t<meta property=\"og:image:width\" content=\"2480\" \/>\n\t<meta property=\"og:image:height\" content=\"3507\" \/>\n<meta name=\"twitter:card\" content=\"summary_large_image\" \/>\n<meta name=\"twitter:site\" content=\"@bookhut_editora\" \/>\n<script type=\"application\/ld+json\" class=\"yoast-schema-graph\">{\"@context\":\"https:\/\/schema.org\",\"@graph\":[{\"@type\":\"WebSite\",\"@id\":\"https:\/\/bookhut.pt\/#website\",\"url\":\"https:\/\/bookhut.pt\/\",\"name\":\"Book Hut Editores\",\"description\":\"\",\"potentialAction\":[{\"@type\":\"SearchAction\",\"target\":\"https:\/\/bookhut.pt\/?s={search_term_string}\",\"query-input\":\"required name=search_term_string\"}],\"inLanguage\":\"es\"},{\"@type\":\"ImageObject\",\"@id\":\"https:\/\/bookhut.pt\/es\/produto\/porcelana-china-en-la-epoca-del-imperio\/#primaryimage\",\"inLanguage\":\"es\",\"url\":\"https:\/\/bookhut.pt\/wp-content\/uploads\/2019\/12\/2007-Capa-PORCELANA-CHINESA.jpg\",\"width\":2480,\"height\":3507},{\"@type\":\"WebPage\",\"@id\":\"https:\/\/bookhut.pt\/es\/produto\/porcelana-china-en-la-epoca-del-imperio\/#webpage\",\"url\":\"https:\/\/bookhut.pt\/es\/produto\/porcelana-china-en-la-epoca-del-imperio\/\",\"name\":\"Porcelana china en la \\u00e9poca del Imperio - Book Hut Editores\",\"isPartOf\":{\"@id\":\"https:\/\/bookhut.pt\/#website\"},\"primaryImageOfPage\":{\"@id\":\"https:\/\/bookhut.pt\/es\/produto\/porcelana-china-en-la-epoca-del-imperio\/#primaryimage\"},\"datePublished\":\"2019-12-03T11:03:01+00:00\",\"dateModified\":\"2021-01-08T11:43:33+00:00\",\"inLanguage\":\"es\",\"potentialAction\":[{\"@type\":\"ReadAction\",\"target\":[\"https:\/\/bookhut.pt\/es\/produto\/porcelana-china-en-la-epoca-del-imperio\/\"]}]}]}<\/script>\n<!-- \/ Yoast SEO plugin. -->","_links":{"self":[{"href":"https:\/\/bookhut.pt\/es\/wp-json\/wp\/v2\/product\/4694"}],"collection":[{"href":"https:\/\/bookhut.pt\/es\/wp-json\/wp\/v2\/product"}],"about":[{"href":"https:\/\/bookhut.pt\/es\/wp-json\/wp\/v2\/types\/product"}],"wp:featuredmedia":[{"embeddable":true,"href":"https:\/\/bookhut.pt\/es\/wp-json\/wp\/v2\/media\/2153"}],"wp:attachment":[{"href":"https:\/\/bookhut.pt\/es\/wp-json\/wp\/v2\/media?parent=4694"}],"curies":[{"name":"wp","href":"https:\/\/api.w.org\/{rel}","templated":true}]}}