{"id":4692,"date":"2019-12-03T10:58:36","date_gmt":"2019-12-03T10:58:36","guid":{"rendered":"https:\/\/bookhut.pt\/produto\/acuarela-en-el-arte-portugues\/"},"modified":"2021-01-08T11:40:35","modified_gmt":"2021-01-08T11:40:35","slug":"acuarela-en-el-arte-portugues","status":"publish","type":"product","link":"https:\/\/bookhut.pt\/es\/produto\/acuarela-en-el-arte-portugues\/","title":{"rendered":"Acuarela en el arte portugu\u00e9s"},"content":{"rendered":"<p>[vc_row][vc_column][vc_column_text]El libro &#8220;A Aguarela na Arte Portuguesa&#8221; tiene como objetivo trazar el curso del proceso pict\u00f3rico de la acuarela con un alcance cronol\u00f3gico que va desde el siglo XVI hasta mediados del siglo XX. Este tema se estudia de dos formas complementarias: el per\u00edodo que se llam\u00f3 &#8220;antecedentes de la acuarela&#8221; (entre los siglos XVI y finales del siglo XVIII) y el per\u00edodo de la &#8220;acuarela art\u00edstica&#8221; (desde principios del siglo XIX). En esta gu\u00eda, se le pide al lector que aprenda sobre diferentes circunstancias, abarcando diferentes sectores. El enfoque del tema se basa en la investigaci\u00f3n que involucra contextos hist\u00f3ricos y art\u00edsticos. En este estudio, se realiza un estudio sobre la vida y obra de algunos artistas de la acuarela nacidos en el curso del siglo XIX y cuyas obras contribuyeron al prestigio alcanzado por la acuarela: Ricardo Hogan, D. Carlos de Bragan\u00e7a, Alfredo Roque Gameiro, Alfredo Janu\u00e1rio de Morais, Jo\u00e3o Alves de S\u00e1, Alberto de Sousa, Raquel Roque Gameiro, Helena Roque Game[\/vc_column_text][\/vc_column][\/vc_row]<\/p>\n","protected":false},"excerpt":{"rendered":"<p>El libro &#8220;A Aguarela na Arte Portuguesa&#8221; tiene como objetivo trazar el curso del proceso pict\u00f3rico de la acuarela con un alcance cronol\u00f3gico que va desde el siglo XVI hasta mediados del siglo XX. Este tema se estudia de dos formas complementarias: el per\u00edodo que se llam\u00f3 &#8220;antecedentes de la acuarela&#8221; (entre los siglos XVI y finales del siglo XVIII) y el per\u00edodo de la &#8220;acuarela art\u00edstica&#8221; (desde principios del siglo XIX). En esta gu\u00eda, se le pide al lector que aprenda sobre diferentes circunstancias, abarcando diferentes sectores. El enfoque del tema se basa en la investigaci\u00f3n que involucra contextos hist\u00f3ricos y art\u00edsticos. En este estudio, se realiza un estudio sobre la vida y obra de algunos artistas de la acuarela nacidos en el curso del siglo XIX y cuyas obras contribuyeron al prestigio alcanzado por la acuarela: Ricardo Hogan, D. Carlos de Bragan\u00e7a, Alfredo Roque Gameiro, Alfredo Janu\u00e1rio de Morais, Jo\u00e3o Alves de S\u00e1, Alberto de Sousa, Raquel Roque Gameiro, Helena Roque Game<\/p>\n","protected":false},"featured_media":2157,"template":"","meta":[],"yoast_head":"<!-- This site is optimized with the Yoast SEO plugin v15.6 - https:\/\/yoast.com\/wordpress\/plugins\/seo\/ -->\n<title>Acuarela en el arte portugu\u00e9s - Book Hut Editores<\/title>\n<meta name=\"robots\" content=\"index, follow, max-snippet:-1, max-image-preview:large, max-video-preview:-1\" \/>\n<link rel=\"canonical\" href=\"https:\/\/bookhut.pt\/es\/produto\/acuarela-en-el-arte-portugues\/\" \/>\n<meta property=\"og:locale\" content=\"es_ES\" \/>\n<meta property=\"og:type\" content=\"article\" \/>\n<meta property=\"og:title\" content=\"Acuarela en el arte portugu\u00e9s - Book Hut Editores\" \/>\n<meta property=\"og:description\" content=\"El libro &quot;A Aguarela na Arte Portuguesa&quot; tiene como objetivo trazar el curso del proceso pict\u00f3rico de la acuarela con un alcance cronol\u00f3gico que va desde el siglo XVI hasta mediados del siglo XX. Este tema se estudia de dos formas complementarias: el per\u00edodo que se llam\u00f3 &quot;antecedentes de la acuarela&quot; (entre los siglos XVI y finales del siglo XVIII) y el per\u00edodo de la &quot;acuarela art\u00edstica&quot; (desde principios del siglo XIX). En esta gu\u00eda, se le pide al lector que aprenda sobre diferentes circunstancias, abarcando diferentes sectores. El enfoque del tema se basa en la investigaci\u00f3n que involucra contextos hist\u00f3ricos y art\u00edsticos. En este estudio, se realiza un estudio sobre la vida y obra de algunos artistas de la acuarela nacidos en el curso del siglo XIX y cuyas obras contribuyeron al prestigio alcanzado por la acuarela: Ricardo Hogan, D. Carlos de Bragan\u00e7a, Alfredo Roque Gameiro, Alfredo Janu\u00e1rio de Morais, Jo\u00e3o Alves de S\u00e1, Alberto de Sousa, Raquel Roque Gameiro, Helena Roque Game\" \/>\n<meta property=\"og:url\" content=\"https:\/\/bookhut.pt\/es\/produto\/acuarela-en-el-arte-portugues\/\" \/>\n<meta property=\"og:site_name\" content=\"Book Hut Editores\" \/>\n<meta property=\"article:publisher\" content=\"https:\/\/www.facebook.com\/thebookhuteditora\/\" \/>\n<meta property=\"article:modified_time\" content=\"2021-01-08T11:40:35+00:00\" \/>\n<meta property=\"og:image\" content=\"https:\/\/bookhut.pt\/wp-content\/uploads\/2019\/12\/2008-Capa-AGUARELA-NA-ARTE-PORT.jpg\" \/>\n\t<meta property=\"og:image:width\" content=\"2833\" \/>\n\t<meta property=\"og:image:height\" content=\"3542\" \/>\n<meta name=\"twitter:card\" content=\"summary_large_image\" \/>\n<meta name=\"twitter:site\" content=\"@bookhut_editora\" \/>\n<script type=\"application\/ld+json\" class=\"yoast-schema-graph\">{\"@context\":\"https:\/\/schema.org\",\"@graph\":[{\"@type\":\"WebSite\",\"@id\":\"https:\/\/bookhut.pt\/#website\",\"url\":\"https:\/\/bookhut.pt\/\",\"name\":\"Book Hut Editores\",\"description\":\"\",\"potentialAction\":[{\"@type\":\"SearchAction\",\"target\":\"https:\/\/bookhut.pt\/?s={search_term_string}\",\"query-input\":\"required name=search_term_string\"}],\"inLanguage\":\"es\"},{\"@type\":\"ImageObject\",\"@id\":\"https:\/\/bookhut.pt\/es\/produto\/acuarela-en-el-arte-portugues\/#primaryimage\",\"inLanguage\":\"es\",\"url\":\"https:\/\/bookhut.pt\/wp-content\/uploads\/2019\/12\/2008-Capa-AGUARELA-NA-ARTE-PORT.jpg\",\"width\":2833,\"height\":3542},{\"@type\":\"WebPage\",\"@id\":\"https:\/\/bookhut.pt\/es\/produto\/acuarela-en-el-arte-portugues\/#webpage\",\"url\":\"https:\/\/bookhut.pt\/es\/produto\/acuarela-en-el-arte-portugues\/\",\"name\":\"Acuarela en el arte portugu\\u00e9s - Book Hut Editores\",\"isPartOf\":{\"@id\":\"https:\/\/bookhut.pt\/#website\"},\"primaryImageOfPage\":{\"@id\":\"https:\/\/bookhut.pt\/es\/produto\/acuarela-en-el-arte-portugues\/#primaryimage\"},\"datePublished\":\"2019-12-03T10:58:36+00:00\",\"dateModified\":\"2021-01-08T11:40:35+00:00\",\"inLanguage\":\"es\",\"potentialAction\":[{\"@type\":\"ReadAction\",\"target\":[\"https:\/\/bookhut.pt\/es\/produto\/acuarela-en-el-arte-portugues\/\"]}]}]}<\/script>\n<!-- \/ Yoast SEO plugin. -->","_links":{"self":[{"href":"https:\/\/bookhut.pt\/es\/wp-json\/wp\/v2\/product\/4692"}],"collection":[{"href":"https:\/\/bookhut.pt\/es\/wp-json\/wp\/v2\/product"}],"about":[{"href":"https:\/\/bookhut.pt\/es\/wp-json\/wp\/v2\/types\/product"}],"wp:featuredmedia":[{"embeddable":true,"href":"https:\/\/bookhut.pt\/es\/wp-json\/wp\/v2\/media\/2157"}],"wp:attachment":[{"href":"https:\/\/bookhut.pt\/es\/wp-json\/wp\/v2\/media?parent=4692"}],"curies":[{"name":"wp","href":"https:\/\/api.w.org\/{rel}","templated":true}]}}