{"id":4688,"date":"2019-12-03T10:47:52","date_gmt":"2019-12-03T10:47:52","guid":{"rendered":"https:\/\/bookhut.pt\/produto\/fayenza-portuguesa-siglos-xviii-xix\/"},"modified":"2021-01-08T11:29:56","modified_gmt":"2021-01-08T11:29:56","slug":"fayenza-portuguesa-siglos-xviii-xix","status":"publish","type":"product","link":"https:\/\/bookhut.pt\/es\/produto\/fayenza-portuguesa-siglos-xviii-xix\/","title":{"rendered":"Fayenza portuguesa &#8211; siglos XVIII-XIX"},"content":{"rendered":"<p>[vc_row][vc_column][vc_column_text]Fayenza portuguesa de los siglos XVIII y XIX es un estudio de lo que se produjo mejor en loza en Portugal. Algunas de las principales f\u00e1bricas que surgieron de las Reformas Pombalinas est\u00e1n aqu\u00ed ampliamente representadas, con especial \u00e9nfasis en la Real F\u00e1brica do Juncal, la Real F\u00e1brica do Cavaquinho en Oporto y la producci\u00f3n de Domingos Vandelli en Coimbra. Seg\u00fan el historiador de arte Vitor Serr\u00e3o, este libro da testimonio del significado: para el patrimonio local, para la cultura nacional y para la inversi\u00f3n en estudios cient\u00edficos relacionados con la cer\u00e1mica. El autor, Jorge Pereira de Sampaio, tambi\u00e9n es historiador de arte y autor de la primera tesis doctoral en el \u00e1rea de la Historia de la cer\u00e1mica portuguesa defendida en cualquier pa\u00eds de habla portuguesa. Algunos de los principales investigadores en esta \u00e1rea escriben en este libro: Rafael Salinas Calado, Alexandre Nobre Pais, Jo\u00e3o Pedro Monteiro, Margarida Rebelo Correia, Cristina Horta y Jorge Pereira de Sampaio. El libro presenta testimonios de tres coleccionistas que conocen la colecci\u00f3n: Isabel Silveira Godinho (directora del Palacio Nacional de Ajuda), el embajador Jos\u00e9 Bouza Serrano (Jefe del Protocolo del Estado) y Ana Maria Botelho, adem\u00e1s de Jos\u00e9 Gon\u00e7alves Sapinho, alcalde de Alcoba\u00e7a. | Esta publicaci\u00f3n demuestra el inter\u00e9s que ACD Edi\u00e7\u00f5es tiene la promoci\u00f3n del patrimonio nacional y las artes decorativas en particular.[\/vc_column_text][\/vc_column][\/vc_row]<\/p>\n","protected":false},"excerpt":{"rendered":"<p>[vc_row][vc_column][vc_column_text]Fayenza portuguesa de los siglos XVIII y XIX es un estudio de lo que se produjo mejor en loza en Portugal. Algunas de las principales f\u00e1bricas que surgieron de las Reformas Pombalinas est\u00e1n aqu\u00ed ampliamente representadas, con especial \u00e9nfasis en la Real F\u00e1brica do Juncal, la Real F\u00e1brica do Cavaquinho en Oporto y la producci\u00f3n [&hellip;]<\/p>\n","protected":false},"featured_media":2201,"template":"","meta":[],"yoast_head":"<!-- This site is optimized with the Yoast SEO plugin v15.6 - https:\/\/yoast.com\/wordpress\/plugins\/seo\/ -->\n<title>Fayenza portuguesa - siglos XVIII-XIX - Book Hut Editores<\/title>\n<meta name=\"robots\" content=\"index, follow, max-snippet:-1, max-image-preview:large, max-video-preview:-1\" \/>\n<link rel=\"canonical\" href=\"https:\/\/bookhut.pt\/es\/produto\/fayenza-portuguesa-siglos-xviii-xix\/\" \/>\n<meta property=\"og:locale\" content=\"es_ES\" \/>\n<meta property=\"og:type\" content=\"article\" \/>\n<meta property=\"og:title\" content=\"Fayenza portuguesa - siglos XVIII-XIX - Book Hut Editores\" \/>\n<meta property=\"og:description\" content=\"[vc_row][vc_column][vc_column_text]Fayenza portuguesa de los siglos XVIII y XIX es un estudio de lo que se produjo mejor en loza en Portugal. Algunas de las principales f\u00e1bricas que surgieron de las Reformas Pombalinas est\u00e1n aqu\u00ed ampliamente representadas, con especial \u00e9nfasis en la Real F\u00e1brica do Juncal, la Real F\u00e1brica do Cavaquinho en Oporto y la producci\u00f3n [&hellip;]\" \/>\n<meta property=\"og:url\" content=\"https:\/\/bookhut.pt\/es\/produto\/fayenza-portuguesa-siglos-xviii-xix\/\" \/>\n<meta property=\"og:site_name\" content=\"Book Hut Editores\" \/>\n<meta property=\"article:publisher\" content=\"https:\/\/www.facebook.com\/thebookhuteditora\/\" \/>\n<meta property=\"article:modified_time\" content=\"2021-01-08T11:29:56+00:00\" \/>\n<meta property=\"og:image\" content=\"https:\/\/bookhut.pt\/wp-content\/uploads\/2019\/12\/2009-Capa-Faian\u00e7a-Portuguesa.jpg\" \/>\n\t<meta property=\"og:image:width\" content=\"1969\" \/>\n\t<meta property=\"og:image:height\" content=\"2441\" \/>\n<meta name=\"twitter:card\" content=\"summary_large_image\" \/>\n<meta name=\"twitter:site\" content=\"@bookhut_editora\" \/>\n<script type=\"application\/ld+json\" class=\"yoast-schema-graph\">{\"@context\":\"https:\/\/schema.org\",\"@graph\":[{\"@type\":\"WebSite\",\"@id\":\"https:\/\/bookhut.pt\/#website\",\"url\":\"https:\/\/bookhut.pt\/\",\"name\":\"Book Hut Editores\",\"description\":\"\",\"potentialAction\":[{\"@type\":\"SearchAction\",\"target\":\"https:\/\/bookhut.pt\/?s={search_term_string}\",\"query-input\":\"required name=search_term_string\"}],\"inLanguage\":\"es\"},{\"@type\":\"ImageObject\",\"@id\":\"https:\/\/bookhut.pt\/es\/produto\/fayenza-portuguesa-siglos-xviii-xix\/#primaryimage\",\"inLanguage\":\"es\",\"url\":\"https:\/\/bookhut.pt\/wp-content\/uploads\/2019\/12\/2009-Capa-Faian\\u00e7a-Portuguesa.jpg\",\"width\":1969,\"height\":2441},{\"@type\":\"WebPage\",\"@id\":\"https:\/\/bookhut.pt\/es\/produto\/fayenza-portuguesa-siglos-xviii-xix\/#webpage\",\"url\":\"https:\/\/bookhut.pt\/es\/produto\/fayenza-portuguesa-siglos-xviii-xix\/\",\"name\":\"Fayenza portuguesa - siglos XVIII-XIX - Book Hut Editores\",\"isPartOf\":{\"@id\":\"https:\/\/bookhut.pt\/#website\"},\"primaryImageOfPage\":{\"@id\":\"https:\/\/bookhut.pt\/es\/produto\/fayenza-portuguesa-siglos-xviii-xix\/#primaryimage\"},\"datePublished\":\"2019-12-03T10:47:52+00:00\",\"dateModified\":\"2021-01-08T11:29:56+00:00\",\"inLanguage\":\"es\",\"potentialAction\":[{\"@type\":\"ReadAction\",\"target\":[\"https:\/\/bookhut.pt\/es\/produto\/fayenza-portuguesa-siglos-xviii-xix\/\"]}]}]}<\/script>\n<!-- \/ Yoast SEO plugin. -->","_links":{"self":[{"href":"https:\/\/bookhut.pt\/es\/wp-json\/wp\/v2\/product\/4688"}],"collection":[{"href":"https:\/\/bookhut.pt\/es\/wp-json\/wp\/v2\/product"}],"about":[{"href":"https:\/\/bookhut.pt\/es\/wp-json\/wp\/v2\/types\/product"}],"wp:featuredmedia":[{"embeddable":true,"href":"https:\/\/bookhut.pt\/es\/wp-json\/wp\/v2\/media\/2201"}],"wp:attachment":[{"href":"https:\/\/bookhut.pt\/es\/wp-json\/wp\/v2\/media?parent=4688"}],"curies":[{"name":"wp","href":"https:\/\/api.w.org\/{rel}","templated":true}]}}