{"id":4686,"date":"2019-12-03T10:45:35","date_gmt":"2019-12-03T10:45:35","guid":{"rendered":"https:\/\/bookhut.pt\/produto\/santa-maria-de-alcobaca-luz-y-piedra\/"},"modified":"2021-01-08T11:26:45","modified_gmt":"2021-01-08T11:26:45","slug":"santa-maria-de-alcobaca-luz-y-piedra","status":"publish","type":"product","link":"https:\/\/bookhut.pt\/es\/produto\/santa-maria-de-alcobaca-luz-y-piedra\/","title":{"rendered":"Santa Mar\u00eda de Alcoba\u00e7a &#8211; Luz y Piedra"},"content":{"rendered":"<p>[vc_row][vc_column][vc_column_text]Este libro re\u00fane una selecci\u00f3n de fotos de la obra art\u00edstica del autor Jo\u00e3o Daniel, despertando al lector a los detalles, a trav\u00e9s de im\u00e1genes, que forman parte de la abad\u00eda de Santa Mar\u00eda de Alcoba\u00e7a, revelando as\u00ed su belleza e historia. El libro es el resultado de pasi\u00f3n y dedicaci\u00f3n fotogr\u00e1fica del autor, en el que durante 35 a\u00f1os (1975 a 2010), captura im\u00e1genes de inusitada belleza del Monasterio, momentos \u00fanicos retratados en las bellas im\u00e1genes contenidas en esta obra. La Abad\u00eda de Santa Mar\u00eda de Alcoba\u00e7a es parte de la Obra cisterciense encarnado en la construcci\u00f3n de m\u00e1s de trescientos monasterios en Europa y este libro, ahora editado, seguir\u00e1 siendo el documento de identidad de esta gran obra cisterciense.[\/vc_column_text][\/vc_column][\/vc_row]<\/p>\n","protected":false},"excerpt":{"rendered":"<p>Este libro re\u00fane una selecci\u00f3n de fotos de la obra art\u00edstica del autor Jo\u00e3o Daniel, despertando al lector a los detalles, a trav\u00e9s de im\u00e1genes, que forman parte de la abad\u00eda de Santa Mar\u00eda de Alcoba\u00e7a, revelando as\u00ed su belleza e historia. El libro es el resultado de pasi\u00f3n y dedicaci\u00f3n fotogr\u00e1fica del autor, en el que durante 35 a\u00f1os (1975 a 2010), captura im\u00e1genes de inusitada belleza del Monasterio, momentos \u00fanicos retratados en las bellas im\u00e1genes contenidas en esta obra. La Abad\u00eda de Santa Mar\u00eda de Alcoba\u00e7a es parte de la Obra cisterciense encarnado en la construcci\u00f3n de m\u00e1s de trescientos monasterios en Europa y este libro, ahora editado, seguir\u00e1 siendo el documento de identidad de esta gran obra cisterciense.<\/p>\n","protected":false},"featured_media":2505,"template":"","meta":[],"yoast_head":"<!-- This site is optimized with the Yoast SEO plugin v15.6 - https:\/\/yoast.com\/wordpress\/plugins\/seo\/ -->\n<title>Santa Mar\u00eda de Alcoba\u00e7a - Luz y Piedra - Book Hut Editores<\/title>\n<meta name=\"robots\" content=\"index, follow, max-snippet:-1, max-image-preview:large, max-video-preview:-1\" \/>\n<link rel=\"canonical\" href=\"https:\/\/bookhut.pt\/es\/produto\/santa-maria-de-alcobaca-luz-y-piedra\/\" \/>\n<meta property=\"og:locale\" content=\"es_ES\" \/>\n<meta property=\"og:type\" content=\"article\" \/>\n<meta property=\"og:title\" content=\"Santa Mar\u00eda de Alcoba\u00e7a - Luz y Piedra - Book Hut Editores\" \/>\n<meta property=\"og:description\" content=\"Este libro re\u00fane una selecci\u00f3n de fotos de la obra art\u00edstica del autor Jo\u00e3o Daniel, despertando al lector a los detalles, a trav\u00e9s de im\u00e1genes, que forman parte de la abad\u00eda de Santa Mar\u00eda de Alcoba\u00e7a, revelando as\u00ed su belleza e historia. El libro es el resultado de pasi\u00f3n y dedicaci\u00f3n fotogr\u00e1fica del autor, en el que durante 35 a\u00f1os (1975 a 2010), captura im\u00e1genes de inusitada belleza del Monasterio, momentos \u00fanicos retratados en las bellas im\u00e1genes contenidas en esta obra. La Abad\u00eda de Santa Mar\u00eda de Alcoba\u00e7a es parte de la Obra cisterciense encarnado en la construcci\u00f3n de m\u00e1s de trescientos monasterios en Europa y este libro, ahora editado, seguir\u00e1 siendo el documento de identidad de esta gran obra cisterciense.\" \/>\n<meta property=\"og:url\" content=\"https:\/\/bookhut.pt\/es\/produto\/santa-maria-de-alcobaca-luz-y-piedra\/\" \/>\n<meta property=\"og:site_name\" content=\"Book Hut Editores\" \/>\n<meta property=\"article:publisher\" content=\"https:\/\/www.facebook.com\/thebookhuteditora\/\" \/>\n<meta property=\"article:modified_time\" content=\"2021-01-08T11:26:45+00:00\" \/>\n<meta property=\"og:image\" content=\"https:\/\/bookhut.pt\/wp-content\/uploads\/2019\/12\/image_35_1024x1024-1.jpg\" \/>\n\t<meta property=\"og:image:width\" content=\"400\" \/>\n\t<meta property=\"og:image:height\" content=\"508\" \/>\n<meta name=\"twitter:card\" content=\"summary_large_image\" \/>\n<meta name=\"twitter:site\" content=\"@bookhut_editora\" \/>\n<script type=\"application\/ld+json\" class=\"yoast-schema-graph\">{\"@context\":\"https:\/\/schema.org\",\"@graph\":[{\"@type\":\"WebSite\",\"@id\":\"https:\/\/bookhut.pt\/#website\",\"url\":\"https:\/\/bookhut.pt\/\",\"name\":\"Book Hut Editores\",\"description\":\"\",\"potentialAction\":[{\"@type\":\"SearchAction\",\"target\":\"https:\/\/bookhut.pt\/?s={search_term_string}\",\"query-input\":\"required name=search_term_string\"}],\"inLanguage\":\"es\"},{\"@type\":\"ImageObject\",\"@id\":\"https:\/\/bookhut.pt\/es\/produto\/santa-maria-de-alcobaca-luz-y-piedra\/#primaryimage\",\"inLanguage\":\"es\",\"url\":\"https:\/\/bookhut.pt\/wp-content\/uploads\/2019\/12\/image_35_1024x1024-1.jpg\",\"width\":400,\"height\":508},{\"@type\":\"WebPage\",\"@id\":\"https:\/\/bookhut.pt\/es\/produto\/santa-maria-de-alcobaca-luz-y-piedra\/#webpage\",\"url\":\"https:\/\/bookhut.pt\/es\/produto\/santa-maria-de-alcobaca-luz-y-piedra\/\",\"name\":\"Santa Mar\\u00eda de Alcoba\\u00e7a - Luz y Piedra - Book Hut Editores\",\"isPartOf\":{\"@id\":\"https:\/\/bookhut.pt\/#website\"},\"primaryImageOfPage\":{\"@id\":\"https:\/\/bookhut.pt\/es\/produto\/santa-maria-de-alcobaca-luz-y-piedra\/#primaryimage\"},\"datePublished\":\"2019-12-03T10:45:35+00:00\",\"dateModified\":\"2021-01-08T11:26:45+00:00\",\"inLanguage\":\"es\",\"potentialAction\":[{\"@type\":\"ReadAction\",\"target\":[\"https:\/\/bookhut.pt\/es\/produto\/santa-maria-de-alcobaca-luz-y-piedra\/\"]}]}]}<\/script>\n<!-- \/ Yoast SEO plugin. -->","_links":{"self":[{"href":"https:\/\/bookhut.pt\/es\/wp-json\/wp\/v2\/product\/4686"}],"collection":[{"href":"https:\/\/bookhut.pt\/es\/wp-json\/wp\/v2\/product"}],"about":[{"href":"https:\/\/bookhut.pt\/es\/wp-json\/wp\/v2\/types\/product"}],"wp:featuredmedia":[{"embeddable":true,"href":"https:\/\/bookhut.pt\/es\/wp-json\/wp\/v2\/media\/2505"}],"wp:attachment":[{"href":"https:\/\/bookhut.pt\/es\/wp-json\/wp\/v2\/media?parent=4686"}],"curies":[{"name":"wp","href":"https:\/\/api.w.org\/{rel}","templated":true}]}}