{"id":4684,"date":"2019-12-03T10:42:07","date_gmt":"2019-12-03T10:42:07","guid":{"rendered":"https:\/\/bookhut.pt\/produto\/explicacion-de-los-prodigios\/"},"modified":"2021-01-08T11:23:37","modified_gmt":"2021-01-08T11:23:37","slug":"explicacion-de-los-prodigios","status":"publish","type":"product","link":"https:\/\/bookhut.pt\/es\/produto\/explicacion-de-los-prodigios\/","title":{"rendered":"Explicaci\u00f3n de los prodigios"},"content":{"rendered":"<p>[vc_row][vc_column][vc_column_text]Edici\u00f3n biling\u00fce portugu\u00e9s \/ ingl\u00e9s. Explicaci\u00f3n de los prodigios; nota biogr\u00e1fica de Onik; Dali y Onik; 1950-2004; Selecci\u00f3n+C52+C53[\/vc_column_text][\/vc_column][\/vc_row]<\/p>\n","protected":false},"excerpt":{"rendered":"<p>Edici\u00f3n biling\u00fce portugu\u00e9s \/ ingl\u00e9s. Explicaci\u00f3n de los prodigios; nota biogr\u00e1fica de Onik; Dali y Onik; 1950-2004; Selecci\u00f3n+C52+C53<\/p>\n","protected":false},"featured_media":2509,"template":"","meta":[],"yoast_head":"<!-- This site is optimized with the Yoast SEO plugin v15.6 - https:\/\/yoast.com\/wordpress\/plugins\/seo\/ -->\n<title>Explicaci\u00f3n de los prodigios - Book Hut Editores<\/title>\n<meta name=\"robots\" content=\"index, follow, max-snippet:-1, max-image-preview:large, max-video-preview:-1\" \/>\n<link rel=\"canonical\" href=\"https:\/\/bookhut.pt\/es\/produto\/explicacion-de-los-prodigios\/\" \/>\n<meta property=\"og:locale\" content=\"es_ES\" \/>\n<meta property=\"og:type\" content=\"article\" \/>\n<meta property=\"og:title\" content=\"Explicaci\u00f3n de los prodigios - Book Hut Editores\" \/>\n<meta property=\"og:description\" content=\"Edici\u00f3n biling\u00fce portugu\u00e9s \/ ingl\u00e9s. Explicaci\u00f3n de los prodigios; nota biogr\u00e1fica de Onik; Dali y Onik; 1950-2004; Selecci\u00f3n+C52+C53\" \/>\n<meta property=\"og:url\" content=\"https:\/\/bookhut.pt\/es\/produto\/explicacion-de-los-prodigios\/\" \/>\n<meta property=\"og:site_name\" content=\"Book Hut Editores\" \/>\n<meta property=\"article:publisher\" content=\"https:\/\/www.facebook.com\/thebookhuteditora\/\" \/>\n<meta property=\"article:modified_time\" content=\"2021-01-08T11:23:37+00:00\" \/>\n<meta property=\"og:image\" content=\"https:\/\/bookhut.pt\/wp-content\/uploads\/2019\/12\/31giAKlaAL.jpg\" \/>\n\t<meta property=\"og:image:width\" content=\"350\" \/>\n\t<meta property=\"og:image:height\" content=\"494\" \/>\n<meta name=\"twitter:card\" content=\"summary_large_image\" \/>\n<meta name=\"twitter:site\" content=\"@bookhut_editora\" \/>\n<script type=\"application\/ld+json\" class=\"yoast-schema-graph\">{\"@context\":\"https:\/\/schema.org\",\"@graph\":[{\"@type\":\"WebSite\",\"@id\":\"https:\/\/bookhut.pt\/#website\",\"url\":\"https:\/\/bookhut.pt\/\",\"name\":\"Book Hut Editores\",\"description\":\"\",\"potentialAction\":[{\"@type\":\"SearchAction\",\"target\":\"https:\/\/bookhut.pt\/?s={search_term_string}\",\"query-input\":\"required name=search_term_string\"}],\"inLanguage\":\"es\"},{\"@type\":\"ImageObject\",\"@id\":\"https:\/\/bookhut.pt\/es\/produto\/explicacion-de-los-prodigios\/#primaryimage\",\"inLanguage\":\"es\",\"url\":\"https:\/\/bookhut.pt\/wp-content\/uploads\/2019\/12\/31giAKlaAL.jpg\",\"width\":350,\"height\":494},{\"@type\":\"WebPage\",\"@id\":\"https:\/\/bookhut.pt\/es\/produto\/explicacion-de-los-prodigios\/#webpage\",\"url\":\"https:\/\/bookhut.pt\/es\/produto\/explicacion-de-los-prodigios\/\",\"name\":\"Explicaci\\u00f3n de los prodigios - Book Hut Editores\",\"isPartOf\":{\"@id\":\"https:\/\/bookhut.pt\/#website\"},\"primaryImageOfPage\":{\"@id\":\"https:\/\/bookhut.pt\/es\/produto\/explicacion-de-los-prodigios\/#primaryimage\"},\"datePublished\":\"2019-12-03T10:42:07+00:00\",\"dateModified\":\"2021-01-08T11:23:37+00:00\",\"inLanguage\":\"es\",\"potentialAction\":[{\"@type\":\"ReadAction\",\"target\":[\"https:\/\/bookhut.pt\/es\/produto\/explicacion-de-los-prodigios\/\"]}]}]}<\/script>\n<!-- \/ Yoast SEO plugin. -->","_links":{"self":[{"href":"https:\/\/bookhut.pt\/es\/wp-json\/wp\/v2\/product\/4684"}],"collection":[{"href":"https:\/\/bookhut.pt\/es\/wp-json\/wp\/v2\/product"}],"about":[{"href":"https:\/\/bookhut.pt\/es\/wp-json\/wp\/v2\/types\/product"}],"wp:featuredmedia":[{"embeddable":true,"href":"https:\/\/bookhut.pt\/es\/wp-json\/wp\/v2\/media\/2509"}],"wp:attachment":[{"href":"https:\/\/bookhut.pt\/es\/wp-json\/wp\/v2\/media?parent=4684"}],"curies":[{"name":"wp","href":"https:\/\/api.w.org\/{rel}","templated":true}]}}