{"id":4678,"date":"2019-12-03T10:27:28","date_gmt":"2019-12-03T10:27:28","guid":{"rendered":"https:\/\/bookhut.pt\/produto\/luis-macieira-relaciones-infectadas\/"},"modified":"2021-01-08T10:54:21","modified_gmt":"2021-01-08T10:54:21","slug":"luis-macieira-relaciones-infectadas","status":"publish","type":"product","link":"https:\/\/bookhut.pt\/es\/produto\/luis-macieira-relaciones-infectadas\/","title":{"rendered":"Lu\u00eds Macieira &#8211; Relaciones infectadas"},"content":{"rendered":"<p>[vc_row][vc_column][vc_column_text]&#8221;Crear, crear, \u00bfcu\u00e1ntas veces repet\u00ed esa palabra en este texto? Los talleres de arte de Bairro Alto se enorgullecen de participar en la edici\u00f3n de este libro absolutamente impresionante, que le muestra al mundo que el habla, los gritos, la osad\u00eda y el exceso son elementos que evitan que de sucumbir en las rutinas de la muerte &#8220;. &#8211; Jorge Pereira de Almeida[\/vc_column_text][\/vc_column][\/vc_row]<\/p>\n","protected":false},"excerpt":{"rendered":"<p>&#8220;Crear, crear, \u00bfcu\u00e1ntas veces repet\u00ed esa palabra en este texto? Los talleres de arte de Bairro Alto se enorgullecen de participar en la edici\u00f3n de este libro absolutamente impresionante, que le muestra al mundo que el habla, los gritos, la osad\u00eda y el exceso son elementos que evitan que de sucumbir en las rutinas de la muerte &#8220;. &#8211; Jorge Pereira de Almeida<\/p>\n","protected":false},"featured_media":2085,"template":"","meta":[],"yoast_head":"<!-- This site is optimized with the Yoast SEO plugin v15.6 - https:\/\/yoast.com\/wordpress\/plugins\/seo\/ -->\n<title>Lu\u00eds Macieira - Relaciones infectadas - Book Hut Editores<\/title>\n<meta name=\"robots\" content=\"index, follow, max-snippet:-1, max-image-preview:large, max-video-preview:-1\" \/>\n<link rel=\"canonical\" href=\"https:\/\/bookhut.pt\/es\/produto\/luis-macieira-relaciones-infectadas\/\" \/>\n<meta property=\"og:locale\" content=\"es_ES\" \/>\n<meta property=\"og:type\" content=\"article\" \/>\n<meta property=\"og:title\" content=\"Lu\u00eds Macieira - Relaciones infectadas - Book Hut Editores\" \/>\n<meta property=\"og:description\" content=\"&quot;Crear, crear, \u00bfcu\u00e1ntas veces repet\u00ed esa palabra en este texto? Los talleres de arte de Bairro Alto se enorgullecen de participar en la edici\u00f3n de este libro absolutamente impresionante, que le muestra al mundo que el habla, los gritos, la osad\u00eda y el exceso son elementos que evitan que de sucumbir en las rutinas de la muerte &quot;. - Jorge Pereira de Almeida\" \/>\n<meta property=\"og:url\" content=\"https:\/\/bookhut.pt\/es\/produto\/luis-macieira-relaciones-infectadas\/\" \/>\n<meta property=\"og:site_name\" content=\"Book Hut Editores\" \/>\n<meta property=\"article:publisher\" content=\"https:\/\/www.facebook.com\/thebookhuteditora\/\" \/>\n<meta property=\"article:modified_time\" content=\"2021-01-08T10:54:21+00:00\" \/>\n<meta property=\"og:image\" content=\"https:\/\/bookhut.pt\/wp-content\/uploads\/2019\/12\/2005-Capa-LUIS-MACIEIRA.jpg\" \/>\n\t<meta property=\"og:image:width\" content=\"595\" \/>\n\t<meta property=\"og:image:height\" content=\"839\" \/>\n<meta name=\"twitter:card\" content=\"summary_large_image\" \/>\n<meta name=\"twitter:site\" content=\"@bookhut_editora\" \/>\n<script type=\"application\/ld+json\" class=\"yoast-schema-graph\">{\"@context\":\"https:\/\/schema.org\",\"@graph\":[{\"@type\":\"WebSite\",\"@id\":\"https:\/\/bookhut.pt\/#website\",\"url\":\"https:\/\/bookhut.pt\/\",\"name\":\"Book Hut Editores\",\"description\":\"\",\"potentialAction\":[{\"@type\":\"SearchAction\",\"target\":\"https:\/\/bookhut.pt\/?s={search_term_string}\",\"query-input\":\"required name=search_term_string\"}],\"inLanguage\":\"es\"},{\"@type\":\"ImageObject\",\"@id\":\"https:\/\/bookhut.pt\/es\/produto\/luis-macieira-relaciones-infectadas\/#primaryimage\",\"inLanguage\":\"es\",\"url\":\"https:\/\/bookhut.pt\/wp-content\/uploads\/2019\/12\/2005-Capa-LUIS-MACIEIRA.jpg\",\"width\":595,\"height\":839},{\"@type\":\"WebPage\",\"@id\":\"https:\/\/bookhut.pt\/es\/produto\/luis-macieira-relaciones-infectadas\/#webpage\",\"url\":\"https:\/\/bookhut.pt\/es\/produto\/luis-macieira-relaciones-infectadas\/\",\"name\":\"Lu\\u00eds Macieira - Relaciones infectadas - Book Hut Editores\",\"isPartOf\":{\"@id\":\"https:\/\/bookhut.pt\/#website\"},\"primaryImageOfPage\":{\"@id\":\"https:\/\/bookhut.pt\/es\/produto\/luis-macieira-relaciones-infectadas\/#primaryimage\"},\"datePublished\":\"2019-12-03T10:27:28+00:00\",\"dateModified\":\"2021-01-08T10:54:21+00:00\",\"inLanguage\":\"es\",\"potentialAction\":[{\"@type\":\"ReadAction\",\"target\":[\"https:\/\/bookhut.pt\/es\/produto\/luis-macieira-relaciones-infectadas\/\"]}]}]}<\/script>\n<!-- \/ Yoast SEO plugin. -->","_links":{"self":[{"href":"https:\/\/bookhut.pt\/es\/wp-json\/wp\/v2\/product\/4678"}],"collection":[{"href":"https:\/\/bookhut.pt\/es\/wp-json\/wp\/v2\/product"}],"about":[{"href":"https:\/\/bookhut.pt\/es\/wp-json\/wp\/v2\/types\/product"}],"wp:featuredmedia":[{"embeddable":true,"href":"https:\/\/bookhut.pt\/es\/wp-json\/wp\/v2\/media\/2085"}],"wp:attachment":[{"href":"https:\/\/bookhut.pt\/es\/wp-json\/wp\/v2\/media?parent=4678"}],"curies":[{"name":"wp","href":"https:\/\/api.w.org\/{rel}","templated":true}]}}