{"id":4676,"date":"2019-12-03T10:22:53","date_gmt":"2019-12-03T10:22:53","guid":{"rendered":"https:\/\/bookhut.pt\/produto\/carlos-reis\/"},"modified":"2021-01-08T10:51:31","modified_gmt":"2021-01-08T10:51:31","slug":"carlos-reis","status":"publish","type":"product","link":"https:\/\/bookhut.pt\/es\/produto\/carlos-reis\/","title":{"rendered":"Carlos Reis"},"content":{"rendered":"<p>[vc_row][vc_column][vc_column_text]&#8221;&#8230;A Hist\u00f3ria faz-se todos os dias, mas as muitas omiss\u00f5es de informa\u00e7\u00e3o devem-se \u00e0 n\u00e3o divulga\u00e7\u00e3o de factos que s\u00e3o importantes.&#8221;<br \/>\n&#8220;&#8230; Carlos Reis teve a oportunidade de dar azo ao seu enorme talento gra\u00e7as \u00e0 generosidade da Fam\u00edlia Real, nomeadamente D. Carlos. \u00c9 uma hist\u00f3ria linda, de um pintor de estirpe real, que quis proporcionar os estudos necess\u00e1rios para Carlos Reis aprender, estudar e pintar, e n\u00e3o ter de se dedicar a outra profiss\u00e3o para ajudar a sustentar a fam\u00edlia.&#8221;<br \/>\n&#8220;&#8230;O Pal\u00e1cio Nacional da Ajuda acolhe, assim, o esp\u00f3lio do pintor, e a colabora\u00e7\u00e3o que foi dada \u00e9 tamb\u00e9m um acto de reconhecimento pelo gesto nobre do seu neto em querer perpetuar a mem\u00f3ria do Av\u00f4 junto de quem o ajudou a pintar e a viver.&#8221;<br \/>\nIsabel Silveira Godinho[\/vc_column_text][\/vc_column][\/vc_row]<\/p>\n","protected":false},"excerpt":{"rendered":"<p>[vc_row][vc_column][vc_column_text]&#8221;&#8230;A Hist\u00f3ria faz-se todos os dias, mas as muitas omiss\u00f5es de informa\u00e7\u00e3o devem-se \u00e0 n\u00e3o divulga\u00e7\u00e3o de factos que s\u00e3o importantes.&#8221; &#8220;&#8230; Carlos Reis teve a oportunidade de dar azo ao seu enorme talento gra\u00e7as \u00e0 generosidade da Fam\u00edlia Real, nomeadamente D. Carlos. \u00c9 uma hist\u00f3ria linda, de um pintor de estirpe real, que quis [&hellip;]<\/p>\n","protected":false},"featured_media":2113,"template":"","meta":[],"yoast_head":"<!-- This site is optimized with the Yoast SEO plugin v15.6 - https:\/\/yoast.com\/wordpress\/plugins\/seo\/ -->\n<title>Carlos Reis - Book Hut Editores<\/title>\n<meta name=\"robots\" content=\"index, follow, max-snippet:-1, max-image-preview:large, max-video-preview:-1\" \/>\n<link rel=\"canonical\" href=\"https:\/\/bookhut.pt\/es\/produto\/carlos-reis\/\" \/>\n<meta property=\"og:locale\" content=\"es_ES\" \/>\n<meta property=\"og:type\" content=\"article\" \/>\n<meta property=\"og:title\" content=\"Carlos Reis - Book Hut Editores\" \/>\n<meta property=\"og:description\" content=\"[vc_row][vc_column][vc_column_text]&#8221;&#8230;A Hist\u00f3ria faz-se todos os dias, mas as muitas omiss\u00f5es de informa\u00e7\u00e3o devem-se \u00e0 n\u00e3o divulga\u00e7\u00e3o de factos que s\u00e3o importantes.&#8221; &#8220;&#8230; Carlos Reis teve a oportunidade de dar azo ao seu enorme talento gra\u00e7as \u00e0 generosidade da Fam\u00edlia Real, nomeadamente D. Carlos. \u00c9 uma hist\u00f3ria linda, de um pintor de estirpe real, que quis [&hellip;]\" \/>\n<meta property=\"og:url\" content=\"https:\/\/bookhut.pt\/es\/produto\/carlos-reis\/\" \/>\n<meta property=\"og:site_name\" content=\"Book Hut Editores\" \/>\n<meta property=\"article:publisher\" content=\"https:\/\/www.facebook.com\/thebookhuteditora\/\" \/>\n<meta property=\"article:modified_time\" content=\"2021-01-08T10:51:31+00:00\" \/>\n<meta property=\"og:image\" content=\"https:\/\/bookhut.pt\/wp-content\/uploads\/2019\/12\/2006-Capa-CARLOS-REIS.jpg\" \/>\n\t<meta property=\"og:image:width\" content=\"595\" \/>\n\t<meta property=\"og:image:height\" content=\"842\" \/>\n<meta name=\"twitter:card\" content=\"summary_large_image\" \/>\n<meta name=\"twitter:site\" content=\"@bookhut_editora\" \/>\n<script type=\"application\/ld+json\" class=\"yoast-schema-graph\">{\"@context\":\"https:\/\/schema.org\",\"@graph\":[{\"@type\":\"WebSite\",\"@id\":\"https:\/\/bookhut.pt\/#website\",\"url\":\"https:\/\/bookhut.pt\/\",\"name\":\"Book Hut Editores\",\"description\":\"\",\"potentialAction\":[{\"@type\":\"SearchAction\",\"target\":\"https:\/\/bookhut.pt\/?s={search_term_string}\",\"query-input\":\"required name=search_term_string\"}],\"inLanguage\":\"es\"},{\"@type\":\"ImageObject\",\"@id\":\"https:\/\/bookhut.pt\/es\/produto\/carlos-reis\/#primaryimage\",\"inLanguage\":\"es\",\"url\":\"https:\/\/bookhut.pt\/wp-content\/uploads\/2019\/12\/2006-Capa-CARLOS-REIS.jpg\",\"width\":595,\"height\":842},{\"@type\":\"WebPage\",\"@id\":\"https:\/\/bookhut.pt\/es\/produto\/carlos-reis\/#webpage\",\"url\":\"https:\/\/bookhut.pt\/es\/produto\/carlos-reis\/\",\"name\":\"Carlos Reis - Book Hut Editores\",\"isPartOf\":{\"@id\":\"https:\/\/bookhut.pt\/#website\"},\"primaryImageOfPage\":{\"@id\":\"https:\/\/bookhut.pt\/es\/produto\/carlos-reis\/#primaryimage\"},\"datePublished\":\"2019-12-03T10:22:53+00:00\",\"dateModified\":\"2021-01-08T10:51:31+00:00\",\"inLanguage\":\"es\",\"potentialAction\":[{\"@type\":\"ReadAction\",\"target\":[\"https:\/\/bookhut.pt\/es\/produto\/carlos-reis\/\"]}]}]}<\/script>\n<!-- \/ Yoast SEO plugin. -->","_links":{"self":[{"href":"https:\/\/bookhut.pt\/es\/wp-json\/wp\/v2\/product\/4676"}],"collection":[{"href":"https:\/\/bookhut.pt\/es\/wp-json\/wp\/v2\/product"}],"about":[{"href":"https:\/\/bookhut.pt\/es\/wp-json\/wp\/v2\/types\/product"}],"wp:featuredmedia":[{"embeddable":true,"href":"https:\/\/bookhut.pt\/es\/wp-json\/wp\/v2\/media\/2113"}],"wp:attachment":[{"href":"https:\/\/bookhut.pt\/es\/wp-json\/wp\/v2\/media?parent=4676"}],"curies":[{"name":"wp","href":"https:\/\/api.w.org\/{rel}","templated":true}]}}