{"id":4675,"date":"2019-12-03T10:19:28","date_gmt":"2019-12-03T10:19:28","guid":{"rendered":"https:\/\/bookhut.pt\/produto\/carlos-calvet-60-anos-de-pintura\/"},"modified":"2021-01-08T10:49:59","modified_gmt":"2021-01-08T10:49:59","slug":"carlos-calvet-60-anos-de-pintura","status":"publish","type":"product","link":"https:\/\/bookhut.pt\/es\/produto\/carlos-calvet-60-anos-de-pintura\/","title":{"rendered":"Carlos Calvet &#8211; 60 a\u00f1os de pintura"},"content":{"rendered":"<p>[vc_row][vc_column][vc_column_text]La obra de Carlos Calvet es, en el arte portugu\u00e9s moderno, una referencia fundamental no solo porque constituye un universo de intensa originalidad, marcado por un doble aspecto on\u00edrico y surrealista, sino tambi\u00e9n y sobre todo porque ha estado afirmando, como Almada, del cual podemos considerarlo como brillante disc\u00edpulo, un pensamiento esot\u00e9rico en l\u00ednea con una geometr\u00eda simb\u00f3lica, que se expresa en este libro reciente. Maestro para generaciones futuras que en su pintura podr\u00e1n tener una lecci\u00f3n de dominio pl\u00e1stico y sabidur\u00eda pr\u00e1ctica a la vez.[\/vc_column_text][\/vc_column][\/vc_row]<\/p>\n","protected":false},"excerpt":{"rendered":"<p>[vc_row][vc_column][vc_column_text]La obra de Carlos Calvet es, en el arte portugu\u00e9s moderno, una referencia fundamental no solo porque constituye un universo de intensa originalidad, marcado por un doble aspecto on\u00edrico y surrealista, sino tambi\u00e9n y sobre todo porque ha estado afirmando, como Almada, del cual podemos considerarlo como brillante disc\u00edpulo, un pensamiento esot\u00e9rico en l\u00ednea con [&hellip;]<\/p>\n","protected":false},"featured_media":2045,"template":"","meta":[],"yoast_head":"<!-- This site is optimized with the Yoast SEO plugin v15.6 - https:\/\/yoast.com\/wordpress\/plugins\/seo\/ -->\n<title>Carlos Calvet - 60 a\u00f1os de pintura - Book Hut Editores<\/title>\n<meta name=\"robots\" content=\"index, follow, max-snippet:-1, max-image-preview:large, max-video-preview:-1\" \/>\n<link rel=\"canonical\" href=\"https:\/\/bookhut.pt\/es\/produto\/carlos-calvet-60-anos-de-pintura\/\" \/>\n<meta property=\"og:locale\" content=\"es_ES\" \/>\n<meta property=\"og:type\" content=\"article\" \/>\n<meta property=\"og:title\" content=\"Carlos Calvet - 60 a\u00f1os de pintura - Book Hut Editores\" \/>\n<meta property=\"og:description\" content=\"[vc_row][vc_column][vc_column_text]La obra de Carlos Calvet es, en el arte portugu\u00e9s moderno, una referencia fundamental no solo porque constituye un universo de intensa originalidad, marcado por un doble aspecto on\u00edrico y surrealista, sino tambi\u00e9n y sobre todo porque ha estado afirmando, como Almada, del cual podemos considerarlo como brillante disc\u00edpulo, un pensamiento esot\u00e9rico en l\u00ednea con [&hellip;]\" \/>\n<meta property=\"og:url\" content=\"https:\/\/bookhut.pt\/es\/produto\/carlos-calvet-60-anos-de-pintura\/\" \/>\n<meta property=\"og:site_name\" content=\"Book Hut Editores\" \/>\n<meta property=\"article:publisher\" content=\"https:\/\/www.facebook.com\/thebookhuteditora\/\" \/>\n<meta property=\"article:modified_time\" content=\"2021-01-08T10:49:59+00:00\" \/>\n<meta property=\"og:image\" content=\"https:\/\/bookhut.pt\/wp-content\/uploads\/2019\/12\/2003-Capa-CALVET.jpg\" \/>\n\t<meta property=\"og:image:width\" content=\"595\" \/>\n\t<meta property=\"og:image:height\" content=\"842\" \/>\n<meta name=\"twitter:card\" content=\"summary_large_image\" \/>\n<meta name=\"twitter:site\" content=\"@bookhut_editora\" \/>\n<script type=\"application\/ld+json\" class=\"yoast-schema-graph\">{\"@context\":\"https:\/\/schema.org\",\"@graph\":[{\"@type\":\"WebSite\",\"@id\":\"https:\/\/bookhut.pt\/#website\",\"url\":\"https:\/\/bookhut.pt\/\",\"name\":\"Book Hut Editores\",\"description\":\"\",\"potentialAction\":[{\"@type\":\"SearchAction\",\"target\":\"https:\/\/bookhut.pt\/?s={search_term_string}\",\"query-input\":\"required name=search_term_string\"}],\"inLanguage\":\"es\"},{\"@type\":\"ImageObject\",\"@id\":\"https:\/\/bookhut.pt\/es\/produto\/carlos-calvet-60-anos-de-pintura\/#primaryimage\",\"inLanguage\":\"es\",\"url\":\"https:\/\/bookhut.pt\/wp-content\/uploads\/2019\/12\/2003-Capa-CALVET.jpg\",\"width\":595,\"height\":842},{\"@type\":\"WebPage\",\"@id\":\"https:\/\/bookhut.pt\/es\/produto\/carlos-calvet-60-anos-de-pintura\/#webpage\",\"url\":\"https:\/\/bookhut.pt\/es\/produto\/carlos-calvet-60-anos-de-pintura\/\",\"name\":\"Carlos Calvet - 60 a\\u00f1os de pintura - Book Hut Editores\",\"isPartOf\":{\"@id\":\"https:\/\/bookhut.pt\/#website\"},\"primaryImageOfPage\":{\"@id\":\"https:\/\/bookhut.pt\/es\/produto\/carlos-calvet-60-anos-de-pintura\/#primaryimage\"},\"datePublished\":\"2019-12-03T10:19:28+00:00\",\"dateModified\":\"2021-01-08T10:49:59+00:00\",\"inLanguage\":\"es\",\"potentialAction\":[{\"@type\":\"ReadAction\",\"target\":[\"https:\/\/bookhut.pt\/es\/produto\/carlos-calvet-60-anos-de-pintura\/\"]}]}]}<\/script>\n<!-- \/ Yoast SEO plugin. -->","_links":{"self":[{"href":"https:\/\/bookhut.pt\/es\/wp-json\/wp\/v2\/product\/4675"}],"collection":[{"href":"https:\/\/bookhut.pt\/es\/wp-json\/wp\/v2\/product"}],"about":[{"href":"https:\/\/bookhut.pt\/es\/wp-json\/wp\/v2\/types\/product"}],"wp:featuredmedia":[{"embeddable":true,"href":"https:\/\/bookhut.pt\/es\/wp-json\/wp\/v2\/media\/2045"}],"wp:attachment":[{"href":"https:\/\/bookhut.pt\/es\/wp-json\/wp\/v2\/media?parent=4675"}],"curies":[{"name":"wp","href":"https:\/\/api.w.org\/{rel}","templated":true}]}}